{"id":2750,"date":"2020-09-18T08:07:57","date_gmt":"2020-09-18T08:07:57","guid":{"rendered":"https:\/\/fmjf.stagingservers.net\/?page_id=2750"},"modified":"2020-09-29T13:34:24","modified_gmt":"2020-09-29T17:34:24","slug":"our-staff-fr","status":"publish","type":"page","link":"https:\/\/fmjf.stagingservers.net\/fr\/a-propos-de-nous\/our-staff-fr\/","title":{"rendered":"Nos collaborateurs"},"content":{"rendered":"\r\n\r\n\r\n\r\n\r\n<section class=\"fmjf_theme_image_caption   hasImgBg alignfull \" style=\"background-image: url(https:\/\/fmjf.stagingservers.net\/wp-content\/uploads\/2020\/09\/tim-mossholder-bo3SHP58C3g-unsplash-scaled.jpg);\">\r\n\r\n  <div class=\"collorBg\" style=\"background-color: rgba(10,10,10,0.5);\">\r\n    <div class=\"wrapper ac_left text_light columns_one\">\r\n\r\n                <h1 class=\"title\">Nos collaborateurs<\/h1>                    \r\n    <\/div>\r\n  <\/div>\r\n\r\n\r\n<\/section>\r\n\r\n\r\n\n\n\n<div class=\"wp-block-group\"><div class=\"wp-block-group__inner-container is-layout-flow wp-block-group-is-layout-flow\">\n<p class=\"has-medium-font-size\">La Fondation Micha\u00eblle Jean Foundation, c\u2019est d\u2019abord une \u00e9quipe de professionnels d\u00e9vou\u00e9s \u00e0 la cause des jeunes en situation d\u2019exclusion et de marginalisation. Nos collaborateurs et nos collaboratrices partagent une passion pour la jeunesse, les arts et le changement social, et ils consacrent leurs effort \u00e0 faire en sorte que notre organisation et nos programmes r\u00e9ussissent le mieux possible \u00e0 transformer la vie des jeunes.<\/p>\n\n\n\r\n\r\n\r\n\r\n<section class=\"fmjf_theme_team  \">\r\n\r\n\r\n\r\n<div class=\"fmjf_theme_team_wrap  align-justify\">\r\n\r\n          \r\n            \r\n            <div class=\"fmjf_theme_team_item \">\r\n\r\n            \r\n            <div class=\"fmjf_theme_team_inner\">\r\n            \r\n            <\/div>\r\n\r\n           <div class=\"fmjf_theme_team_inner\">\r\n                <div class=\"fmjf_theme_team_item_title\">Jean-Daniel Lafond<\/div>\r\n                <div class=\"fmjf_theme_team_item_position\">Cofondateur, Copr\u00e9sident directeur g\u00e9n\u00e9ral <\/div>\r\n           <\/div>\r\n            <\/div>\r\n\r\n            \r\n          \r\n            \r\n            <div class=\"fmjf_theme_team_item \">\r\n\r\n            \r\n            <div class=\"fmjf_theme_team_inner\">\r\n            \r\n            <\/div>\r\n\r\n           <div class=\"fmjf_theme_team_inner\">\r\n                <div class=\"fmjf_theme_team_item_title\">Paul Cormier<\/div>\r\n                <div class=\"fmjf_theme_team_item_position\">Co-Gestion des partenariats et<br>des programmes <\/div>\r\n           <\/div>\r\n            <\/div>\r\n\r\n            \r\n          \r\n            \r\n            <div class=\"fmjf_theme_team_item \">\r\n\r\n            \r\n            <div class=\"fmjf_theme_team_inner\">\r\n            \r\n            <\/div>\r\n\r\n           <div class=\"fmjf_theme_team_inner\">\r\n                <div class=\"fmjf_theme_team_item_title\">Alice Mutezintare<\/div>\r\n                <div class=\"fmjf_theme_team_item_position\">Adjointe de direction <\/div>\r\n           <\/div>\r\n            <\/div>\r\n\r\n                        <div class=\"break\"><\/div>\r\n            \r\n          \r\n            \r\n            <div class=\"fmjf_theme_team_item \">\r\n\r\n            \r\n            <div class=\"fmjf_theme_team_inner\">\r\n            \r\n            <\/div>\r\n\r\n           <div class=\"fmjf_theme_team_inner\">\r\n                <div class=\"fmjf_theme_team_item_title\">\u00c0 venir <\/div>\r\n                <div class=\"fmjf_theme_team_item_position\">Charg\u00e9 des programmes  <\/div>\r\n           <\/div>\r\n            <\/div>\r\n\r\n            \r\n          \r\n            \r\n            <div class=\"fmjf_theme_team_item \">\r\n\r\n            \r\n            <div class=\"fmjf_theme_team_inner\">\r\n            \r\n            <\/div>\r\n\r\n           <div class=\"fmjf_theme_team_inner\">\r\n                <div class=\"fmjf_theme_team_item_title\">\u00c0 venir <\/div>\r\n                <div class=\"fmjf_theme_team_item_position\">Charg\u00e9 des communications <\/div>\r\n           <\/div>\r\n            <\/div>\r\n\r\n            \r\n          \r\n            \r\n            <div class=\"fmjf_theme_team_item \">\r\n\r\n            \r\n            <div class=\"fmjf_theme_team_inner\">\r\n            \r\n            <\/div>\r\n\r\n           <div class=\"fmjf_theme_team_inner\">\r\n                <div class=\"fmjf_theme_team_item_title\"><\/div>\r\n                <div class=\"fmjf_theme_team_item_position\"> <\/div>\r\n           <\/div>\r\n            <\/div>\r\n\r\n                        <div class=\"break\"><\/div>\r\n            \r\n          \r\n<\/div>\r\n\r\n\r\n<\/section>\r\n<\/div><\/div>\n\n\n\n<div class=\"wp-block-group\"><div class=\"wp-block-group__inner-container is-layout-flow wp-block-group-is-layout-flow\">\n<p><\/p>\n<\/div><\/div>\n\n\n\n<div class=\"wp-block-group\"><div class=\"wp-block-group__inner-container is-layout-flow wp-block-group-is-layout-flow\">\n<h2 class=\"is-style-long-line-yellow wp-block-heading\"><\/h2>\n<\/div><\/div>\n","protected":false},"excerpt":{"rendered":"<p>La Fondation Micha\u00eblle Jean Foundation, c\u2019est d\u2019abord une \u00e9quipe de professionnels d\u00e9vou\u00e9s \u00e0 la cause des jeunes en situation d\u2019exclusion et de marginalisation. Nos collaborateurs et nos collaboratrices partagent une passion pour la jeunesse, les arts et le changement social, et ils consacrent leurs effort \u00e0 faire en sorte que notre organisation et nos programmes [&hellip;]<\/p>\n","protected":false},"author":1,"featured_media":0,"parent":1406,"menu_order":0,"comment_status":"closed","ping_status":"closed","template":"","meta":{"_acf_changed":false,"footnotes":""},"class_list":["post-2750","page","type-page","status-publish","hentry"],"acf":[],"yoast_head":"<!-- This site is optimized with the Yoast SEO plugin v27.5 - https:\/\/yoast.com\/product\/yoast-seo-wordpress\/ -->\n<title>Nos collaborateurs - Fondation Micha\u00eblle Jean Foundation<\/title>\n<meta name=\"robots\" content=\"noindex, follow, max-snippet:-1, max-image-preview:large, max-video-preview:-1\" \/>\n<meta property=\"og:locale\" content=\"fr_FR\" \/>\n<meta property=\"og:type\" content=\"article\" \/>\n<meta property=\"og:title\" content=\"Nos collaborateurs - Fondation Micha\u00eblle Jean Foundation\" \/>\n<meta property=\"og:description\" content=\"La Fondation Micha\u00eblle Jean Foundation, c\u2019est d\u2019abord une \u00e9quipe de professionnels d\u00e9vou\u00e9s \u00e0 la cause des jeunes en situation d\u2019exclusion et de marginalisation. Nos collaborateurs et nos collaboratrices partagent une passion pour la jeunesse, les arts et le changement social, et ils consacrent leurs effort \u00e0 faire en sorte que notre organisation et nos programmes [&hellip;]\" \/>\n<meta property=\"og:url\" content=\"https:\/\/fmjf.stagingservers.net\/fr\/a-propos-de-nous\/our-staff-fr\/\" \/>\n<meta property=\"og:site_name\" content=\"Fondation Micha\u00eblle Jean Foundation\" \/>\n<meta property=\"article:modified_time\" content=\"2020-09-29T17:34:24+00:00\" \/>\n<meta name=\"twitter:card\" content=\"summary_large_image\" \/>\n<script type=\"application\/ld+json\" class=\"yoast-schema-graph\">{\"@context\":\"https:\\\/\\\/schema.org\",\"@graph\":[{\"@type\":\"WebPage\",\"@id\":\"https:\\\/\\\/fmjf.stagingservers.net\\\/fr\\\/a-propos-de-nous\\\/our-staff-fr\\\/\",\"url\":\"https:\\\/\\\/fmjf.stagingservers.net\\\/fr\\\/a-propos-de-nous\\\/our-staff-fr\\\/\",\"name\":\"Nos collaborateurs - Fondation Micha\u00eblle Jean Foundation\",\"isPartOf\":{\"@id\":\"https:\\\/\\\/fmjf.stagingservers.net\\\/fr\\\/#website\"},\"datePublished\":\"2020-09-18T08:07:57+00:00\",\"dateModified\":\"2020-09-29T17:34:24+00:00\",\"breadcrumb\":{\"@id\":\"https:\\\/\\\/fmjf.stagingservers.net\\\/fr\\\/a-propos-de-nous\\\/our-staff-fr\\\/#breadcrumb\"},\"inLanguage\":\"fr-FR\",\"potentialAction\":[{\"@type\":\"ReadAction\",\"target\":[\"https:\\\/\\\/fmjf.stagingservers.net\\\/fr\\\/a-propos-de-nous\\\/our-staff-fr\\\/\"]}]},{\"@type\":\"BreadcrumbList\",\"@id\":\"https:\\\/\\\/fmjf.stagingservers.net\\\/fr\\\/a-propos-de-nous\\\/our-staff-fr\\\/#breadcrumb\",\"itemListElement\":[{\"@type\":\"ListItem\",\"position\":1,\"name\":\"Home\",\"item\":\"https:\\\/\\\/fmjf.stagingservers.net\\\/fr\\\/\"},{\"@type\":\"ListItem\",\"position\":2,\"name\":\"\u00c0 propos de nous\",\"item\":\"https:\\\/\\\/fmjf.stagingservers.net\\\/fr\\\/a-propos-de-nous\\\/\"},{\"@type\":\"ListItem\",\"position\":3,\"name\":\"Nos collaborateurs\"}]},{\"@type\":\"WebSite\",\"@id\":\"https:\\\/\\\/fmjf.stagingservers.net\\\/fr\\\/#website\",\"url\":\"https:\\\/\\\/fmjf.stagingservers.net\\\/fr\\\/\",\"name\":\"Fondation Micha\u00eblle Jean Foundation\",\"description\":\"Les jeunes sont l\u2019une des ressources les plus pr\u00e9cieuses du Canada, affirment les confondateurs et copr\u00e9sidents. Lorsqu\u2019on leur en donne l\u2019occasion, ils r\u00e9ussissent \u00e0 exprimer leurs id\u00e9es, leur cr\u00e9ativit\u00e9 et leur capacit\u00e9 \u00e0 innover, qui toutes ont le pouvoir de transformer notre soci\u00e9t\u00e9.\",\"publisher\":{\"@id\":\"https:\\\/\\\/fmjf.stagingservers.net\\\/fr\\\/#organization\"},\"potentialAction\":[{\"@type\":\"SearchAction\",\"target\":{\"@type\":\"EntryPoint\",\"urlTemplate\":\"https:\\\/\\\/fmjf.stagingservers.net\\\/fr\\\/?s={search_term_string}\"},\"query-input\":{\"@type\":\"PropertyValueSpecification\",\"valueRequired\":true,\"valueName\":\"search_term_string\"}}],\"inLanguage\":\"fr-FR\"},{\"@type\":\"Organization\",\"@id\":\"https:\\\/\\\/fmjf.stagingservers.net\\\/fr\\\/#organization\",\"name\":\"Fondation Micha\u00eblle Jean Foundation\",\"url\":\"https:\\\/\\\/fmjf.stagingservers.net\\\/fr\\\/\",\"logo\":{\"@type\":\"ImageObject\",\"inLanguage\":\"fr-FR\",\"@id\":\"https:\\\/\\\/fmjf.stagingservers.net\\\/fr\\\/#\\\/schema\\\/logo\\\/image\\\/\",\"url\":\"https:\\\/\\\/fmjf.stagingservers.net\\\/wp-content\\\/uploads\\\/2020\\\/05\\\/Logo.png\",\"contentUrl\":\"https:\\\/\\\/fmjf.stagingservers.net\\\/wp-content\\\/uploads\\\/2020\\\/05\\\/Logo.png\",\"width\":310,\"height\":96,\"caption\":\"Fondation Micha\u00eblle Jean Foundation\"},\"image\":{\"@id\":\"https:\\\/\\\/fmjf.stagingservers.net\\\/fr\\\/#\\\/schema\\\/logo\\\/image\\\/\"}}]}<\/script>\n<!-- \/ Yoast SEO plugin. -->","yoast_head_json":{"title":"Nos collaborateurs - Fondation Micha\u00eblle Jean Foundation","robots":{"index":"noindex","follow":"follow","max-snippet":"max-snippet:-1","max-image-preview":"max-image-preview:large","max-video-preview":"max-video-preview:-1"},"og_locale":"fr_FR","og_type":"article","og_title":"Nos collaborateurs - Fondation Micha\u00eblle Jean Foundation","og_description":"La Fondation Micha\u00eblle Jean Foundation, c\u2019est d\u2019abord une \u00e9quipe de professionnels d\u00e9vou\u00e9s \u00e0 la cause des jeunes en situation d\u2019exclusion et de marginalisation. Nos collaborateurs et nos collaboratrices partagent une passion pour la jeunesse, les arts et le changement social, et ils consacrent leurs effort \u00e0 faire en sorte que notre organisation et nos programmes [&hellip;]","og_url":"https:\/\/fmjf.stagingservers.net\/fr\/a-propos-de-nous\/our-staff-fr\/","og_site_name":"Fondation Micha\u00eblle Jean Foundation","article_modified_time":"2020-09-29T17:34:24+00:00","twitter_card":"summary_large_image","schema":{"@context":"https:\/\/schema.org","@graph":[{"@type":"WebPage","@id":"https:\/\/fmjf.stagingservers.net\/fr\/a-propos-de-nous\/our-staff-fr\/","url":"https:\/\/fmjf.stagingservers.net\/fr\/a-propos-de-nous\/our-staff-fr\/","name":"Nos collaborateurs - Fondation Micha\u00eblle Jean Foundation","isPartOf":{"@id":"https:\/\/fmjf.stagingservers.net\/fr\/#website"},"datePublished":"2020-09-18T08:07:57+00:00","dateModified":"2020-09-29T17:34:24+00:00","breadcrumb":{"@id":"https:\/\/fmjf.stagingservers.net\/fr\/a-propos-de-nous\/our-staff-fr\/#breadcrumb"},"inLanguage":"fr-FR","potentialAction":[{"@type":"ReadAction","target":["https:\/\/fmjf.stagingservers.net\/fr\/a-propos-de-nous\/our-staff-fr\/"]}]},{"@type":"BreadcrumbList","@id":"https:\/\/fmjf.stagingservers.net\/fr\/a-propos-de-nous\/our-staff-fr\/#breadcrumb","itemListElement":[{"@type":"ListItem","position":1,"name":"Home","item":"https:\/\/fmjf.stagingservers.net\/fr\/"},{"@type":"ListItem","position":2,"name":"\u00c0 propos de nous","item":"https:\/\/fmjf.stagingservers.net\/fr\/a-propos-de-nous\/"},{"@type":"ListItem","position":3,"name":"Nos collaborateurs"}]},{"@type":"WebSite","@id":"https:\/\/fmjf.stagingservers.net\/fr\/#website","url":"https:\/\/fmjf.stagingservers.net\/fr\/","name":"Fondation Micha\u00eblle Jean Foundation","description":"Les jeunes sont l\u2019une des ressources les plus pr\u00e9cieuses du Canada, affirment les confondateurs et copr\u00e9sidents. Lorsqu\u2019on leur en donne l\u2019occasion, ils r\u00e9ussissent \u00e0 exprimer leurs id\u00e9es, leur cr\u00e9ativit\u00e9 et leur capacit\u00e9 \u00e0 innover, qui toutes ont le pouvoir de transformer notre soci\u00e9t\u00e9.","publisher":{"@id":"https:\/\/fmjf.stagingservers.net\/fr\/#organization"},"potentialAction":[{"@type":"SearchAction","target":{"@type":"EntryPoint","urlTemplate":"https:\/\/fmjf.stagingservers.net\/fr\/?s={search_term_string}"},"query-input":{"@type":"PropertyValueSpecification","valueRequired":true,"valueName":"search_term_string"}}],"inLanguage":"fr-FR"},{"@type":"Organization","@id":"https:\/\/fmjf.stagingservers.net\/fr\/#organization","name":"Fondation Micha\u00eblle Jean Foundation","url":"https:\/\/fmjf.stagingservers.net\/fr\/","logo":{"@type":"ImageObject","inLanguage":"fr-FR","@id":"https:\/\/fmjf.stagingservers.net\/fr\/#\/schema\/logo\/image\/","url":"https:\/\/fmjf.stagingservers.net\/wp-content\/uploads\/2020\/05\/Logo.png","contentUrl":"https:\/\/fmjf.stagingservers.net\/wp-content\/uploads\/2020\/05\/Logo.png","width":310,"height":96,"caption":"Fondation Micha\u00eblle Jean Foundation"},"image":{"@id":"https:\/\/fmjf.stagingservers.net\/fr\/#\/schema\/logo\/image\/"}}]}},"_links":{"self":[{"href":"https:\/\/fmjf.stagingservers.net\/fr\/wp-json\/wp\/v2\/pages\/2750","targetHints":{"allow":["GET"]}}],"collection":[{"href":"https:\/\/fmjf.stagingservers.net\/fr\/wp-json\/wp\/v2\/pages"}],"about":[{"href":"https:\/\/fmjf.stagingservers.net\/fr\/wp-json\/wp\/v2\/types\/page"}],"author":[{"embeddable":true,"href":"https:\/\/fmjf.stagingservers.net\/fr\/wp-json\/wp\/v2\/users\/1"}],"replies":[{"embeddable":true,"href":"https:\/\/fmjf.stagingservers.net\/fr\/wp-json\/wp\/v2\/comments?post=2750"}],"version-history":[{"count":34,"href":"https:\/\/fmjf.stagingservers.net\/fr\/wp-json\/wp\/v2\/pages\/2750\/revisions"}],"predecessor-version":[{"id":4067,"href":"https:\/\/fmjf.stagingservers.net\/fr\/wp-json\/wp\/v2\/pages\/2750\/revisions\/4067"}],"up":[{"embeddable":true,"href":"https:\/\/fmjf.stagingservers.net\/fr\/wp-json\/wp\/v2\/pages\/1406"}],"wp:attachment":[{"href":"https:\/\/fmjf.stagingservers.net\/fr\/wp-json\/wp\/v2\/media?parent=2750"}],"curies":[{"name":"wp","href":"https:\/\/api.w.org\/{rel}","templated":true}]}}