{"id":2562,"date":"2020-09-17T08:42:49","date_gmt":"2020-09-17T08:42:49","guid":{"rendered":"https:\/\/fmjf.stagingservers.net\/?page_id=2562"},"modified":"2020-09-30T12:45:25","modified_gmt":"2020-09-30T16:45:25","slug":"notre-conseil-dadministration","status":"publish","type":"page","link":"https:\/\/fmjf.stagingservers.net\/fr\/a-propos-de-nous\/notre-histoire\/notre-conseil-dadministration\/","title":{"rendered":"Notre conseil d\u2019administration"},"content":{"rendered":"\r\n\r\n\r\n\r\n\r\n<section class=\"fmjf_theme_image_caption   hasImgBg alignfull \" style=\"background-image: url(https:\/\/fmjf.stagingservers.net\/wp-content\/uploads\/2020\/09\/ABOUTUS_Multiple.jpg);\">\r\n\r\n  <div class=\"collorBg\" style=\"background-color: rgba(10,10,10,0.5);\">\r\n    <div class=\"wrapper ac_left text_light columns_one\">\r\n\r\n                <h1 class=\"title\">Notre conseil d\u2019administration<\/h1>                    \r\n    <\/div>\r\n  <\/div>\r\n\r\n\r\n<\/section>\r\n\r\n\r\n\n\n\n<div class=\"wp-block-group\"><div class=\"wp-block-group__inner-container is-layout-flow wp-block-group-is-layout-flow\">\r\n\r\n\r\n\r\n<section class=\"fmjf_theme_team  \">\r\n\r\n\r\n\r\n<div class=\"fmjf_theme_team_wrap  align-justify\">\r\n\r\n          \r\n            \r\n            <div class=\"fmjf_theme_team_item hasUrl\">\r\n\r\n                           <a target=\"_blank\" href=\"https:\/\/fmjf.stagingservers.net\/fr\/a-propos-de-nous\/notre-histoire\/nos-cofondateurs\/michelle-douglas\/\"><span class=\"screen-reader-text\">Michelle Douglas <\/span><\/a>\r\n            \r\n            <div class=\"fmjf_theme_team_inner\">\r\n            \r\n              <div class=\"fmjf_theme_team_item_img\">\r\n              <img loading=\"lazy\" decoding=\"async\" width=\"690\" height=\"1000\" src=\"https:\/\/fmjf.stagingservers.net\/wp-content\/uploads\/2020\/09\/32ED690B-607D-433E-BA16-45F59144FF6D-e1600395900636.jpeg\" class=\"attachment-full size-full lazyload\" alt=\"Michelle Douglas \" \/>              <\/div>\r\n              \r\n            <\/div>\r\n\r\n           <div class=\"fmjf_theme_team_inner\">\r\n                <div class=\"fmjf_theme_team_item_title\">Michelle Douglas <\/div>\r\n                <div class=\"fmjf_theme_team_item_position\">Tr\u00e9sori\u00e8re<br>Membre du Comit\u00e9 de gouvernance<br>Membre du Comit\u00e9 d\u2019audit et des finances <\/div>\r\n           <\/div>\r\n            <\/div>\r\n\r\n            \r\n          \r\n            \r\n            <div class=\"fmjf_theme_team_item hasUrl\">\r\n\r\n                           <a target=\"_blank\" href=\"https:\/\/fmjf.stagingservers.net\/fr\/a-propos-de-nous\/notre-histoire\/nos-cofondateurs\/malcolm-mckechnie-2\/\"><span class=\"screen-reader-text\">Malcom McKechnie<\/span><\/a>\r\n            \r\n            <div class=\"fmjf_theme_team_inner\">\r\n            \r\n              <div class=\"fmjf_theme_team_item_img\">\r\n              <img loading=\"lazy\" decoding=\"async\" width=\"326\" height=\"415\" src=\"https:\/\/fmjf.stagingservers.net\/wp-content\/uploads\/2020\/09\/357D59E6-70A4-49DB-ABE8-F420FA0E23ED-e1600395289326.jpeg\" class=\"attachment-full size-full lazyload\" alt=\"Malcom McKechnie\" \/>              <\/div>\r\n              \r\n            <\/div>\r\n\r\n           <div class=\"fmjf_theme_team_inner\">\r\n                <div class=\"fmjf_theme_team_item_title\">Malcom McKechnie<\/div>\r\n                <div class=\"fmjf_theme_team_item_position\">Administrateur<br>Membre du Comit\u00e9 de d\u00e9veloppement et de financement <\/div>\r\n           <\/div>\r\n            <\/div>\r\n\r\n            \r\n          \r\n            \r\n            <div class=\"fmjf_theme_team_item hasUrl\">\r\n\r\n                           <a target=\"_blank\" href=\"https:\/\/fmjf.stagingservers.net\/fr\/a-propos-de-nous\/notre-histoire\/nos-cofondateurs\/zainab-muse\/\"><span class=\"screen-reader-text\">Zainab Muse<\/span><\/a>\r\n            \r\n            <div class=\"fmjf_theme_team_inner\">\r\n            \r\n              <div class=\"fmjf_theme_team_item_img\">\r\n              <img loading=\"lazy\" decoding=\"async\" width=\"627\" height=\"860\" src=\"https:\/\/fmjf.stagingservers.net\/wp-content\/uploads\/2020\/09\/07D0E9AB-A57E-4BE8-B928-4066CF89060B-e1601251724214.jpeg\" class=\"attachment-full size-full lazyload\" alt=\"Zainab Muse\" \/>              <\/div>\r\n              \r\n            <\/div>\r\n\r\n           <div class=\"fmjf_theme_team_inner\">\r\n                <div class=\"fmjf_theme_team_item_title\">Zainab Muse<\/div>\r\n                <div class=\"fmjf_theme_team_item_position\">Administratrice<br>Membre du Comit\u00e9 strat\u00e9gique <\/div>\r\n           <\/div>\r\n            <\/div>\r\n\r\n                        <div class=\"break\"><\/div>\r\n            \r\n          \r\n            \r\n            <div class=\"fmjf_theme_team_item hasUrl\">\r\n\r\n                           <a target=\"_blank\" href=\"https:\/\/fmjf.stagingservers.net\/fr\/a-propos-de-nous\/notre-histoire\/nos-cofondateurs\/robert-william-peck-2\/\"><span class=\"screen-reader-text\">Robert Willam Peck <\/span><\/a>\r\n            \r\n            <div class=\"fmjf_theme_team_inner\">\r\n            \r\n              <div class=\"fmjf_theme_team_item_img\">\r\n              <img loading=\"lazy\" decoding=\"async\" width=\"318\" height=\"455\" src=\"https:\/\/fmjf.stagingservers.net\/wp-content\/uploads\/2020\/09\/876A2F0D-5B15-4E92-BF5D-7FB174F6207A-e1600394892950.jpeg\" class=\"attachment-full size-full lazyload\" alt=\"Robert Willam Peck \" \/>              <\/div>\r\n              \r\n            <\/div>\r\n\r\n           <div class=\"fmjf_theme_team_inner\">\r\n                <div class=\"fmjf_theme_team_item_title\">Robert Willam Peck <\/div>\r\n                <div class=\"fmjf_theme_team_item_position\">Administrateur<br>Membre du Comit\u00e9 de gouvernance<br>Membre du Comit\u00e9 de d\u00e9veloppement et de financement <\/div>\r\n           <\/div>\r\n            <\/div>\r\n\r\n            \r\n          \r\n            \r\n            <div class=\"fmjf_theme_team_item hasUrl\">\r\n\r\n                           <a target=\"_blank\" href=\"https:\/\/fmjf.stagingservers.net\/fr\/a-propos-de-nous\/notre-histoire\/nos-cofondateurs\/jean-pascal-simard-2\/\"><span class=\"screen-reader-text\">Jean-Pascal Simard<\/span><\/a>\r\n            \r\n            <div class=\"fmjf_theme_team_inner\">\r\n            \r\n              <div class=\"fmjf_theme_team_item_img\">\r\n              <img loading=\"lazy\" decoding=\"async\" width=\"480\" height=\"558\" src=\"https:\/\/fmjf.stagingservers.net\/wp-content\/uploads\/2020\/08\/Directors_3.png\" class=\"attachment-full size-full lazyload\" alt=\"Jean-Pascal Simard\" \/>              <\/div>\r\n              \r\n            <\/div>\r\n\r\n           <div class=\"fmjf_theme_team_inner\">\r\n                <div class=\"fmjf_theme_team_item_title\">Jean-Pascal Simard<\/div>\r\n                <div class=\"fmjf_theme_team_item_position\">Administrateur<br>Membre du Comit\u00e9 de d\u00e9veloppement et de financement<br>Membre du Comit\u00e9 d&rsquo;audit et des finances <\/div>\r\n           <\/div>\r\n            <\/div>\r\n\r\n            \r\n          \r\n            \r\n            <div class=\"fmjf_theme_team_item hasUrl\">\r\n\r\n                           <a target=\"_blank\" href=\"https:\/\/fmjf.stagingservers.net\/fr\/a-propos-de-nous\/notre-histoire\/nos-cofondateurs\/arni-c-thorsteinson-cfa-ll-d-2\/\"><span class=\"screen-reader-text\">Arni C. Thorsteinson, CFA, LL.D<\/span><\/a>\r\n            \r\n            <div class=\"fmjf_theme_team_inner\">\r\n            \r\n              <div class=\"fmjf_theme_team_item_img\">\r\n              <img loading=\"lazy\" decoding=\"async\" width=\"480\" height=\"558\" src=\"https:\/\/fmjf.stagingservers.net\/wp-content\/uploads\/2020\/08\/Directors_1.png\" class=\"attachment-full size-full lazyload\" alt=\"Arni C. Thorsteinson, CFA, LL.D\" \/>              <\/div>\r\n              \r\n            <\/div>\r\n\r\n           <div class=\"fmjf_theme_team_inner\">\r\n                <div class=\"fmjf_theme_team_item_title\">Arni C. Thorsteinson, CFA, LL.D<\/div>\r\n                <div class=\"fmjf_theme_team_item_position\">Administrateur<br>Membre du Comit\u00e9 de gouvernance <\/div>\r\n           <\/div>\r\n            <\/div>\r\n\r\n                        <div class=\"break\"><\/div>\r\n            \r\n          \r\n            \r\n            <div class=\"fmjf_theme_team_item hasUrl\">\r\n\r\n                           <a target=\"_blank\" href=\"https:\/\/fmjf.stagingservers.net\/fr\/a-propos-de-nous\/notre-histoire\/nos-cofondateurs\/peter-tielmann-2\/\"><span class=\"screen-reader-text\">Peter Tielmann<\/span><\/a>\r\n            \r\n            <div class=\"fmjf_theme_team_inner\">\r\n            \r\n              <div class=\"fmjf_theme_team_item_img\">\r\n              <img loading=\"lazy\" decoding=\"async\" width=\"480\" height=\"558\" src=\"https:\/\/fmjf.stagingservers.net\/wp-content\/uploads\/2020\/08\/Directors_2.png\" class=\"attachment-full size-full lazyload\" alt=\"Peter Tielmann\" \/>              <\/div>\r\n              \r\n            <\/div>\r\n\r\n           <div class=\"fmjf_theme_team_inner\">\r\n                <div class=\"fmjf_theme_team_item_title\">Peter Tielmann<\/div>\r\n                <div class=\"fmjf_theme_team_item_position\">Administrateur<br>Membre du Comit\u00e9 d\u2019audit et finances <br>Membre du Comit\u00e9 strat\u00e9gique <\/div>\r\n           <\/div>\r\n            <\/div>\r\n\r\n            \r\n          \r\n<\/div>\r\n\r\n\r\n<\/section>\r\n<\/div><\/div>\n\n\n\n<div class=\"wp-block-group\"><div class=\"wp-block-group__inner-container is-layout-flow wp-block-group-is-layout-flow\">\n<h2 class=\"is-style-long-line-yellow wp-block-heading\">Nos membres associ\u00e9s<\/h2>\n\n\n\r\n\r\n\r\n\r\n<section class=\"fmjf_theme_team  \">\r\n\r\n\r\n\r\n<div class=\"fmjf_theme_team_wrap  align-justify\">\r\n\r\n          \r\n            \r\n            <div class=\"fmjf_theme_team_item \">\r\n\r\n            \r\n            <div class=\"fmjf_theme_team_inner\">\r\n            \r\n            <\/div>\r\n\r\n           <div class=\"fmjf_theme_team_inner\">\r\n                <div class=\"fmjf_theme_team_item_title\">Lance Carlson<br>Los Angeles<\/div>\r\n                <div class=\"fmjf_theme_team_item_position\">Directeur principal des strat\u00e9gies<br>Taylor\/Carlson Strategy Group <\/div>\r\n           <\/div>\r\n            <\/div>\r\n\r\n            \r\n          \r\n            \r\n            <div class=\"fmjf_theme_team_item \">\r\n\r\n            \r\n            <div class=\"fmjf_theme_team_inner\">\r\n            \r\n            <\/div>\r\n\r\n           <div class=\"fmjf_theme_team_inner\">\r\n                <div class=\"fmjf_theme_team_item_title\">John Van Burek<br>Toronto<\/div>\r\n                <div class=\"fmjf_theme_team_item_position\">Directeur artistique<br>Pleiades Theatre <\/div>\r\n           <\/div>\r\n            <\/div>\r\n\r\n            \r\n          \r\n            \r\n            <div class=\"fmjf_theme_team_item \">\r\n\r\n            \r\n            <div class=\"fmjf_theme_team_inner\">\r\n            \r\n            <\/div>\r\n\r\n           <div class=\"fmjf_theme_team_inner\">\r\n                <div class=\"fmjf_theme_team_item_title\">Valerie Pike<br>St.John&rsquo;s <\/div>\r\n                <div class=\"fmjf_theme_team_item_position\">\u00c9ducatrice dans le secteur de l&rsquo;apprentissage en langue seconde est les relations interculturelles <\/div>\r\n           <\/div>\r\n            <\/div>\r\n\r\n                        <div class=\"break\"><\/div>\r\n            \r\n          \r\n            \r\n            <div class=\"fmjf_theme_team_item \">\r\n\r\n            \r\n            <div class=\"fmjf_theme_team_inner\">\r\n            \r\n            <\/div>\r\n\r\n           <div class=\"fmjf_theme_team_inner\">\r\n                <div class=\"fmjf_theme_team_item_title\">Stephen Wilson<br>Winnipeg<\/div>\r\n                <div class=\"fmjf_theme_team_item_position\">Co-fondateur et directeur ex\u00e9cutif<br>Graffiti Art Programming Inc. <\/div>\r\n           <\/div>\r\n            <\/div>\r\n\r\n            \r\n          \r\n<\/div>\r\n\r\n\r\n<\/section>\r\n<\/div><\/div>\n\n\n\n<div class=\"wp-block-group\"><div class=\"wp-block-group__inner-container is-layout-flow wp-block-group-is-layout-flow\">\n<h2 class=\"is-style-long-line-yellow wp-block-heading\">Membres honoraires<\/h2>\n\n\n\r\n\r\n\r\n\r\n<section class=\"fmjf_theme_team  \">\r\n\r\n\r\n\r\n<div class=\"fmjf_theme_team_wrap  align-justify\">\r\n\r\n          \r\n            \r\n            <div class=\"fmjf_theme_team_item \">\r\n\r\n            \r\n            <div class=\"fmjf_theme_team_inner\">\r\n            \r\n            <\/div>\r\n\r\n           <div class=\"fmjf_theme_team_inner\">\r\n                <div class=\"fmjf_theme_team_item_title\">L&rsquo;honourable Doug Black<br>S\u00e9nateur<\/div>\r\n                <div class=\"fmjf_theme_team_item_position\"> <\/div>\r\n           <\/div>\r\n            <\/div>\r\n\r\n            \r\n          \r\n            \r\n            <div class=\"fmjf_theme_team_item \">\r\n\r\n            \r\n            <div class=\"fmjf_theme_team_inner\">\r\n            \r\n            <\/div>\r\n\r\n           <div class=\"fmjf_theme_team_inner\">\r\n                <div class=\"fmjf_theme_team_item_title\">Marc Jolic\u0153ur <\/div>\r\n                <div class=\"fmjf_theme_team_item_position\"> <\/div>\r\n           <\/div>\r\n            <\/div>\r\n\r\n            \r\n          \r\n            \r\n            <div class=\"fmjf_theme_team_item \">\r\n\r\n            \r\n            <div class=\"fmjf_theme_team_inner\">\r\n            \r\n            <\/div>\r\n\r\n           <div class=\"fmjf_theme_team_inner\">\r\n                <div class=\"fmjf_theme_team_item_title\">Claude G\u00e9n\u00e9reux<\/div>\r\n                <div class=\"fmjf_theme_team_item_position\"> <\/div>\r\n           <\/div>\r\n            <\/div>\r\n\r\n                        <div class=\"break\"><\/div>\r\n            \r\n          \r\n            \r\n            <div class=\"fmjf_theme_team_item \">\r\n\r\n            \r\n            <div class=\"fmjf_theme_team_inner\">\r\n            \r\n            <\/div>\r\n\r\n           <div class=\"fmjf_theme_team_inner\">\r\n                <div class=\"fmjf_theme_team_item_title\">Calvin Gutkin<\/div>\r\n                <div class=\"fmjf_theme_team_item_position\"> <\/div>\r\n           <\/div>\r\n            <\/div>\r\n\r\n            \r\n          \r\n            \r\n            <div class=\"fmjf_theme_team_item \">\r\n\r\n            \r\n            <div class=\"fmjf_theme_team_inner\">\r\n            \r\n            <\/div>\r\n\r\n           <div class=\"fmjf_theme_team_inner\">\r\n                <div class=\"fmjf_theme_team_item_title\">Elaine Dobbin<\/div>\r\n                <div class=\"fmjf_theme_team_item_position\"> <\/div>\r\n           <\/div>\r\n            <\/div>\r\n\r\n            \r\n          \r\n            \r\n            <div class=\"fmjf_theme_team_item \">\r\n\r\n            \r\n            <div class=\"fmjf_theme_team_inner\">\r\n            \r\n            <\/div>\r\n\r\n           <div class=\"fmjf_theme_team_inner\">\r\n                <div class=\"fmjf_theme_team_item_title\"><\/div>\r\n                <div class=\"fmjf_theme_team_item_position\"> <\/div>\r\n           <\/div>\r\n            <\/div>\r\n\r\n                        <div class=\"break\"><\/div>\r\n            \r\n          \r\n<\/div>\r\n\r\n\r\n<\/section>\r\n<\/div><\/div>\n","protected":false},"excerpt":{"rendered":"<p>Nos membres associ\u00e9s Membres honoraires<\/p>\n","protected":false},"author":1,"featured_media":0,"parent":1417,"menu_order":0,"comment_status":"closed","ping_status":"closed","template":"","meta":{"_acf_changed":false,"footnotes":""},"class_list":["post-2562","page","type-page","status-publish","hentry"],"acf":[],"yoast_head":"<!-- This site is optimized with the Yoast SEO plugin v27.5 - https:\/\/yoast.com\/product\/yoast-seo-wordpress\/ -->\n<title>Notre conseil d\u2019administration - Fondation Micha\u00eblle Jean Foundation<\/title>\n<meta name=\"robots\" content=\"noindex, follow, max-snippet:-1, max-image-preview:large, max-video-preview:-1\" \/>\n<meta property=\"og:locale\" content=\"fr_FR\" \/>\n<meta property=\"og:type\" content=\"article\" \/>\n<meta property=\"og:title\" content=\"Notre conseil d\u2019administration - Fondation Micha\u00eblle Jean Foundation\" \/>\n<meta property=\"og:description\" content=\"Nos membres associ\u00e9s Membres honoraires\" \/>\n<meta property=\"og:url\" content=\"https:\/\/fmjf.stagingservers.net\/fr\/a-propos-de-nous\/notre-histoire\/notre-conseil-dadministration\/\" \/>\n<meta property=\"og:site_name\" content=\"Fondation Micha\u00eblle Jean Foundation\" \/>\n<meta property=\"article:modified_time\" content=\"2020-09-30T16:45:25+00:00\" \/>\n<meta name=\"twitter:card\" content=\"summary_large_image\" \/>\n<script type=\"application\/ld+json\" class=\"yoast-schema-graph\">{\"@context\":\"https:\\\/\\\/schema.org\",\"@graph\":[{\"@type\":\"WebPage\",\"@id\":\"https:\\\/\\\/fmjf.stagingservers.net\\\/fr\\\/a-propos-de-nous\\\/notre-histoire\\\/notre-conseil-dadministration\\\/\",\"url\":\"https:\\\/\\\/fmjf.stagingservers.net\\\/fr\\\/a-propos-de-nous\\\/notre-histoire\\\/notre-conseil-dadministration\\\/\",\"name\":\"Notre conseil d\u2019administration - Fondation Micha\u00eblle Jean Foundation\",\"isPartOf\":{\"@id\":\"https:\\\/\\\/fmjf.stagingservers.net\\\/fr\\\/#website\"},\"datePublished\":\"2020-09-17T08:42:49+00:00\",\"dateModified\":\"2020-09-30T16:45:25+00:00\",\"breadcrumb\":{\"@id\":\"https:\\\/\\\/fmjf.stagingservers.net\\\/fr\\\/a-propos-de-nous\\\/notre-histoire\\\/notre-conseil-dadministration\\\/#breadcrumb\"},\"inLanguage\":\"fr-FR\",\"potentialAction\":[{\"@type\":\"ReadAction\",\"target\":[\"https:\\\/\\\/fmjf.stagingservers.net\\\/fr\\\/a-propos-de-nous\\\/notre-histoire\\\/notre-conseil-dadministration\\\/\"]}]},{\"@type\":\"BreadcrumbList\",\"@id\":\"https:\\\/\\\/fmjf.stagingservers.net\\\/fr\\\/a-propos-de-nous\\\/notre-histoire\\\/notre-conseil-dadministration\\\/#breadcrumb\",\"itemListElement\":[{\"@type\":\"ListItem\",\"position\":1,\"name\":\"Home\",\"item\":\"https:\\\/\\\/fmjf.stagingservers.net\\\/fr\\\/\"},{\"@type\":\"ListItem\",\"position\":2,\"name\":\"\u00c0 propos de nous\",\"item\":\"https:\\\/\\\/fmjf.stagingservers.net\\\/fr\\\/a-propos-de-nous\\\/\"},{\"@type\":\"ListItem\",\"position\":3,\"name\":\"Notre histoire\",\"item\":\"https:\\\/\\\/fmjf.stagingservers.net\\\/fr\\\/a-propos-de-nous\\\/notre-histoire\\\/\"},{\"@type\":\"ListItem\",\"position\":4,\"name\":\"Notre conseil d\u2019administration\"}]},{\"@type\":\"WebSite\",\"@id\":\"https:\\\/\\\/fmjf.stagingservers.net\\\/fr\\\/#website\",\"url\":\"https:\\\/\\\/fmjf.stagingservers.net\\\/fr\\\/\",\"name\":\"Fondation Micha\u00eblle Jean Foundation\",\"description\":\"Les jeunes sont l\u2019une des ressources les plus pr\u00e9cieuses du Canada, affirment les confondateurs et copr\u00e9sidents. Lorsqu\u2019on leur en donne l\u2019occasion, ils r\u00e9ussissent \u00e0 exprimer leurs id\u00e9es, leur cr\u00e9ativit\u00e9 et leur capacit\u00e9 \u00e0 innover, qui toutes ont le pouvoir de transformer notre soci\u00e9t\u00e9.\",\"publisher\":{\"@id\":\"https:\\\/\\\/fmjf.stagingservers.net\\\/fr\\\/#organization\"},\"potentialAction\":[{\"@type\":\"SearchAction\",\"target\":{\"@type\":\"EntryPoint\",\"urlTemplate\":\"https:\\\/\\\/fmjf.stagingservers.net\\\/fr\\\/?s={search_term_string}\"},\"query-input\":{\"@type\":\"PropertyValueSpecification\",\"valueRequired\":true,\"valueName\":\"search_term_string\"}}],\"inLanguage\":\"fr-FR\"},{\"@type\":\"Organization\",\"@id\":\"https:\\\/\\\/fmjf.stagingservers.net\\\/fr\\\/#organization\",\"name\":\"Fondation Micha\u00eblle Jean Foundation\",\"url\":\"https:\\\/\\\/fmjf.stagingservers.net\\\/fr\\\/\",\"logo\":{\"@type\":\"ImageObject\",\"inLanguage\":\"fr-FR\",\"@id\":\"https:\\\/\\\/fmjf.stagingservers.net\\\/fr\\\/#\\\/schema\\\/logo\\\/image\\\/\",\"url\":\"https:\\\/\\\/fmjf.stagingservers.net\\\/wp-content\\\/uploads\\\/2020\\\/05\\\/Logo.png\",\"contentUrl\":\"https:\\\/\\\/fmjf.stagingservers.net\\\/wp-content\\\/uploads\\\/2020\\\/05\\\/Logo.png\",\"width\":310,\"height\":96,\"caption\":\"Fondation Micha\u00eblle Jean Foundation\"},\"image\":{\"@id\":\"https:\\\/\\\/fmjf.stagingservers.net\\\/fr\\\/#\\\/schema\\\/logo\\\/image\\\/\"}}]}<\/script>\n<!-- \/ Yoast SEO plugin. -->","yoast_head_json":{"title":"Notre conseil d\u2019administration - Fondation Micha\u00eblle Jean Foundation","robots":{"index":"noindex","follow":"follow","max-snippet":"max-snippet:-1","max-image-preview":"max-image-preview:large","max-video-preview":"max-video-preview:-1"},"og_locale":"fr_FR","og_type":"article","og_title":"Notre conseil d\u2019administration - Fondation Micha\u00eblle Jean Foundation","og_description":"Nos membres associ\u00e9s Membres honoraires","og_url":"https:\/\/fmjf.stagingservers.net\/fr\/a-propos-de-nous\/notre-histoire\/notre-conseil-dadministration\/","og_site_name":"Fondation Micha\u00eblle Jean Foundation","article_modified_time":"2020-09-30T16:45:25+00:00","twitter_card":"summary_large_image","schema":{"@context":"https:\/\/schema.org","@graph":[{"@type":"WebPage","@id":"https:\/\/fmjf.stagingservers.net\/fr\/a-propos-de-nous\/notre-histoire\/notre-conseil-dadministration\/","url":"https:\/\/fmjf.stagingservers.net\/fr\/a-propos-de-nous\/notre-histoire\/notre-conseil-dadministration\/","name":"Notre conseil d\u2019administration - Fondation Micha\u00eblle Jean Foundation","isPartOf":{"@id":"https:\/\/fmjf.stagingservers.net\/fr\/#website"},"datePublished":"2020-09-17T08:42:49+00:00","dateModified":"2020-09-30T16:45:25+00:00","breadcrumb":{"@id":"https:\/\/fmjf.stagingservers.net\/fr\/a-propos-de-nous\/notre-histoire\/notre-conseil-dadministration\/#breadcrumb"},"inLanguage":"fr-FR","potentialAction":[{"@type":"ReadAction","target":["https:\/\/fmjf.stagingservers.net\/fr\/a-propos-de-nous\/notre-histoire\/notre-conseil-dadministration\/"]}]},{"@type":"BreadcrumbList","@id":"https:\/\/fmjf.stagingservers.net\/fr\/a-propos-de-nous\/notre-histoire\/notre-conseil-dadministration\/#breadcrumb","itemListElement":[{"@type":"ListItem","position":1,"name":"Home","item":"https:\/\/fmjf.stagingservers.net\/fr\/"},{"@type":"ListItem","position":2,"name":"\u00c0 propos de nous","item":"https:\/\/fmjf.stagingservers.net\/fr\/a-propos-de-nous\/"},{"@type":"ListItem","position":3,"name":"Notre histoire","item":"https:\/\/fmjf.stagingservers.net\/fr\/a-propos-de-nous\/notre-histoire\/"},{"@type":"ListItem","position":4,"name":"Notre conseil d\u2019administration"}]},{"@type":"WebSite","@id":"https:\/\/fmjf.stagingservers.net\/fr\/#website","url":"https:\/\/fmjf.stagingservers.net\/fr\/","name":"Fondation Micha\u00eblle Jean Foundation","description":"Les jeunes sont l\u2019une des ressources les plus pr\u00e9cieuses du Canada, affirment les confondateurs et copr\u00e9sidents. Lorsqu\u2019on leur en donne l\u2019occasion, ils r\u00e9ussissent \u00e0 exprimer leurs id\u00e9es, leur cr\u00e9ativit\u00e9 et leur capacit\u00e9 \u00e0 innover, qui toutes ont le pouvoir de transformer notre soci\u00e9t\u00e9.","publisher":{"@id":"https:\/\/fmjf.stagingservers.net\/fr\/#organization"},"potentialAction":[{"@type":"SearchAction","target":{"@type":"EntryPoint","urlTemplate":"https:\/\/fmjf.stagingservers.net\/fr\/?s={search_term_string}"},"query-input":{"@type":"PropertyValueSpecification","valueRequired":true,"valueName":"search_term_string"}}],"inLanguage":"fr-FR"},{"@type":"Organization","@id":"https:\/\/fmjf.stagingservers.net\/fr\/#organization","name":"Fondation Micha\u00eblle Jean Foundation","url":"https:\/\/fmjf.stagingservers.net\/fr\/","logo":{"@type":"ImageObject","inLanguage":"fr-FR","@id":"https:\/\/fmjf.stagingservers.net\/fr\/#\/schema\/logo\/image\/","url":"https:\/\/fmjf.stagingservers.net\/wp-content\/uploads\/2020\/05\/Logo.png","contentUrl":"https:\/\/fmjf.stagingservers.net\/wp-content\/uploads\/2020\/05\/Logo.png","width":310,"height":96,"caption":"Fondation Micha\u00eblle Jean Foundation"},"image":{"@id":"https:\/\/fmjf.stagingservers.net\/fr\/#\/schema\/logo\/image\/"}}]}},"_links":{"self":[{"href":"https:\/\/fmjf.stagingservers.net\/fr\/wp-json\/wp\/v2\/pages\/2562","targetHints":{"allow":["GET"]}}],"collection":[{"href":"https:\/\/fmjf.stagingservers.net\/fr\/wp-json\/wp\/v2\/pages"}],"about":[{"href":"https:\/\/fmjf.stagingservers.net\/fr\/wp-json\/wp\/v2\/types\/page"}],"author":[{"embeddable":true,"href":"https:\/\/fmjf.stagingservers.net\/fr\/wp-json\/wp\/v2\/users\/1"}],"replies":[{"embeddable":true,"href":"https:\/\/fmjf.stagingservers.net\/fr\/wp-json\/wp\/v2\/comments?post=2562"}],"version-history":[{"count":58,"href":"https:\/\/fmjf.stagingservers.net\/fr\/wp-json\/wp\/v2\/pages\/2562\/revisions"}],"predecessor-version":[{"id":4224,"href":"https:\/\/fmjf.stagingservers.net\/fr\/wp-json\/wp\/v2\/pages\/2562\/revisions\/4224"}],"up":[{"embeddable":true,"href":"https:\/\/fmjf.stagingservers.net\/fr\/wp-json\/wp\/v2\/pages\/1417"}],"wp:attachment":[{"href":"https:\/\/fmjf.stagingservers.net\/fr\/wp-json\/wp\/v2\/media?parent=2562"}],"curies":[{"name":"wp","href":"https:\/\/api.w.org\/{rel}","templated":true}]}}