{"id":2537,"date":"2020-09-17T07:27:52","date_gmt":"2020-09-17T07:27:52","guid":{"rendered":"https:\/\/fmjf.stagingservers.net\/?page_id=2537"},"modified":"2020-09-29T15:44:39","modified_gmt":"2020-09-29T19:44:39","slug":"zainab-muse","status":"publish","type":"page","link":"https:\/\/fmjf.stagingservers.net\/fr\/a-propos-de-nous\/notre-histoire\/nos-cofondateurs\/zainab-muse\/","title":{"rendered":"Zainab Muse"},"content":{"rendered":"\r\n\r\n\r\n\r\n\r\n<section class=\"fmjf_theme_image_caption   hasImgBg alignfull \" style=\"background-image: url(https:\/\/fmjf.stagingservers.net\/wp-content\/uploads\/2020\/08\/person_hero.jpg);\">\r\n\r\n  <div class=\"collorBg\" style=\"background-color: rgba(10,10,10,0.5);\">\r\n    <div class=\"wrapper ac_left text_light columns_one\">\r\n\r\n                <h1 class=\"title\">Zainab Muse<\/h1>                    \r\n    <\/div>\r\n  <\/div>\r\n\r\n\r\n<\/section>\r\n\r\n\r\n\n\n\n<div class=\"wp-block-columns is-layout-flex wp-container-core-columns-is-layout-9d6595d7 wp-block-columns-is-layout-flex\">\n<div class=\"wp-block-column is-layout-flow wp-block-column-is-layout-flow\" style=\"flex-basis:33.33%\">\n<figure class=\"wp-block-image size-large is-style-default\"><img decoding=\"async\" src=\"https:\/\/fmjf.stagingservers.net\/wp-content\/uploads\/2020\/09\/07D0E9AB-A57E-4BE8-B928-4066CF89060B-e1601251724214.jpeg\" alt=\"\" class=\"wp-image-3874 lazyload\"\/><\/figure>\n\n\n\n<h5 class=\"wp-block-heading\" style=\"font-size:22px\">Zainab Muse<\/h5>\n\n\n\n<p>Administratrice<br><br>Membre du Comit\u00e9 strat\u00e9gique<br><br>Ottawa, Ontario<\/p>\n<\/div>\n\n\n\n<div class=\"wp-block-column is-layout-flow wp-block-column-is-layout-flow\" style=\"flex-basis:66.66%\">\n<p>Zainab Muse est une strat\u00e8ge, experte en m\u00e9dias num\u00e9riques interactifs et entrepreneure sociale. Elle est la fondatrice et PDG de Wingd Inc et de Creatorland. Parmi ses principaux mandats, elle a notamment milit\u00e9 pour le leadership des jeunes, l\u2019entrepreneuriat pour les femmes et nouveaux arrivants, les nouvelles technologies et la diversit\u00e9 en milieu du travail.<br><\/p>\n\n\n\n<p>En tant qu\u2019entrepreneure ind\u00e9pendante, elle introduit des strat\u00e9gies in- novantes et de nouvelles technologies interactives aupr\u00e8s des entreprises et organisations avec lesquelles elle travaille, et se distingue par ses connaissances et comp\u00e9tences transversales. Sa capacit\u00e9 de cr\u00e9er des projets qui lui ont permis de franchir certaines barri\u00e8res, l\u2019a amen\u00e9e dans plusieurs espaces en tant que productrice de documentaires en partenariat avec Bell M\u00e9dia et CBC Ottawa, auteure du guide du mill\u00e9naire de Ottawa intitul\u00e9 \u00ab Un guide de la capitale du Canada \u00bb, cr\u00e9atrice de \u00ab Winston \u00bb \u2013 un outil de conciergerie num\u00e9rique pour les h\u00f4tels de luxe en partenariat avec Alt hotel, le conseil d\u2019administration de RBC Bluefest et l\u2019Initiative La ville pour toutes les femmes (CAWI). Elle est aussi r\u00e9put\u00e9e v\u00e9n\u00e9rable strat\u00e8ge de croissance pour diverses entreprises et organisations sociales \u00e0 Ottawa. Elle est actuellement en train de lancer le premier programme d\u2019incubation pr\u00e9paratoire destin\u00e9 aux entrepreneurs en d\u00e9but de carri\u00e8re, dirig\u00e9 par une \u00e9quipe de femmes talentueuses et diversifi\u00e9es.<\/p>\n\n\n\n<p>Zainab est souvent reconnue comme une ardente militante pour la pens\u00e9e conceptuelle et l\u2019entrepreneuriat. Elle a anim\u00e9 de nombreux d\u00e9bats, a \u00e9t\u00e9 conf\u00e9renci\u00e8re invit\u00e9e et a anim\u00e9 des ateliers portant sur ce sujet. Ses \u0153uvres ont \u00e9t\u00e9 appuy\u00e9es par divers m\u00e9dias et repr\u00e9sentants cl\u00e9s du secteur public \u00e0 tous les niveaux du gouvernement canadien. Non seulement a-t-elle \u00e9t\u00e9 reconnue comme ambassadrice \u00e0 Ottawa, mais elle a r\u00e9cemment \u00e9t\u00e9 nomm\u00e9e l\u2019une des \u00ab10 meilleurs agents de changement \u00e0 Ottawa\u00bb en 2018 et, en 2019, a \u00e9t\u00e9 nomm\u00e9e \u00abentrepreneure de l\u2019ann\u00e9e\u00bb par Women in Communications &amp; Technology. \u00c9galement en 2019, elle est devenue la premi\u00e8re responsable de la section canadienne de la SoGal Foundation, organisation bas\u00e9e \u00e0 Singapour et \u00e0 New York, dont la mission est de promouvoir la diversit\u00e9 dans entreprenariat.<\/p>\n<\/div>\n<\/div>\n","protected":false},"excerpt":{"rendered":"<p>Zainab Muse Administratrice Membre du Comit\u00e9 strat\u00e9gique Ottawa, Ontario Zainab Muse est une strat\u00e8ge, experte en m\u00e9dias num\u00e9riques interactifs et entrepreneure sociale. Elle est la fondatrice et PDG de Wingd Inc et de Creatorland. Parmi ses principaux mandats, elle a notamment milit\u00e9 pour le leadership des jeunes, l\u2019entrepreneuriat pour les femmes et nouveaux arrivants, les [&hellip;]<\/p>\n","protected":false},"author":1,"featured_media":0,"parent":1886,"menu_order":0,"comment_status":"closed","ping_status":"closed","template":"","meta":{"_acf_changed":false,"footnotes":""},"class_list":["post-2537","page","type-page","status-publish","hentry"],"acf":[],"yoast_head":"<!-- This site is optimized with the Yoast SEO plugin v27.5 - https:\/\/yoast.com\/product\/yoast-seo-wordpress\/ -->\n<title>Zainab Muse - Fondation Micha\u00eblle Jean Foundation<\/title>\n<meta name=\"robots\" content=\"noindex, follow, max-snippet:-1, max-image-preview:large, max-video-preview:-1\" \/>\n<meta property=\"og:locale\" content=\"fr_FR\" \/>\n<meta property=\"og:type\" content=\"article\" \/>\n<meta property=\"og:title\" content=\"Zainab Muse - Fondation Micha\u00eblle Jean Foundation\" \/>\n<meta property=\"og:description\" content=\"Zainab Muse Administratrice Membre du Comit\u00e9 strat\u00e9gique Ottawa, Ontario Zainab Muse est une strat\u00e8ge, experte en m\u00e9dias num\u00e9riques interactifs et entrepreneure sociale. Elle est la fondatrice et PDG de Wingd Inc et de Creatorland. Parmi ses principaux mandats, elle a notamment milit\u00e9 pour le leadership des jeunes, l\u2019entrepreneuriat pour les femmes et nouveaux arrivants, les [&hellip;]\" \/>\n<meta property=\"og:url\" content=\"https:\/\/fmjf.stagingservers.net\/fr\/a-propos-de-nous\/notre-histoire\/nos-cofondateurs\/zainab-muse\/\" \/>\n<meta property=\"og:site_name\" content=\"Fondation Micha\u00eblle Jean Foundation\" \/>\n<meta property=\"article:modified_time\" content=\"2020-09-29T19:44:39+00:00\" \/>\n<meta property=\"og:image\" content=\"https:\/\/fmjf.stagingservers.net\/wp-content\/uploads\/2020\/09\/07D0E9AB-A57E-4BE8-B928-4066CF89060B-e1601251724214.jpeg\" \/>\n<meta name=\"twitter:card\" content=\"summary_large_image\" \/>\n<meta name=\"twitter:label1\" content=\"Dur\u00e9e de lecture estim\u00e9e\" \/>\n\t<meta name=\"twitter:data1\" content=\"2 minutes\" \/>\n<script type=\"application\/ld+json\" class=\"yoast-schema-graph\">{\"@context\":\"https:\\\/\\\/schema.org\",\"@graph\":[{\"@type\":\"WebPage\",\"@id\":\"https:\\\/\\\/fmjf.stagingservers.net\\\/fr\\\/a-propos-de-nous\\\/notre-histoire\\\/nos-cofondateurs\\\/zainab-muse\\\/\",\"url\":\"https:\\\/\\\/fmjf.stagingservers.net\\\/fr\\\/a-propos-de-nous\\\/notre-histoire\\\/nos-cofondateurs\\\/zainab-muse\\\/\",\"name\":\"Zainab Muse - Fondation Micha\u00eblle Jean Foundation\",\"isPartOf\":{\"@id\":\"https:\\\/\\\/fmjf.stagingservers.net\\\/fr\\\/#website\"},\"primaryImageOfPage\":{\"@id\":\"https:\\\/\\\/fmjf.stagingservers.net\\\/fr\\\/a-propos-de-nous\\\/notre-histoire\\\/nos-cofondateurs\\\/zainab-muse\\\/#primaryimage\"},\"image\":{\"@id\":\"https:\\\/\\\/fmjf.stagingservers.net\\\/fr\\\/a-propos-de-nous\\\/notre-histoire\\\/nos-cofondateurs\\\/zainab-muse\\\/#primaryimage\"},\"thumbnailUrl\":\"https:\\\/\\\/fmjf.stagingservers.net\\\/wp-content\\\/uploads\\\/2020\\\/09\\\/07D0E9AB-A57E-4BE8-B928-4066CF89060B-e1601251724214.jpeg\",\"datePublished\":\"2020-09-17T07:27:52+00:00\",\"dateModified\":\"2020-09-29T19:44:39+00:00\",\"breadcrumb\":{\"@id\":\"https:\\\/\\\/fmjf.stagingservers.net\\\/fr\\\/a-propos-de-nous\\\/notre-histoire\\\/nos-cofondateurs\\\/zainab-muse\\\/#breadcrumb\"},\"inLanguage\":\"fr-FR\",\"potentialAction\":[{\"@type\":\"ReadAction\",\"target\":[\"https:\\\/\\\/fmjf.stagingservers.net\\\/fr\\\/a-propos-de-nous\\\/notre-histoire\\\/nos-cofondateurs\\\/zainab-muse\\\/\"]}]},{\"@type\":\"ImageObject\",\"inLanguage\":\"fr-FR\",\"@id\":\"https:\\\/\\\/fmjf.stagingservers.net\\\/fr\\\/a-propos-de-nous\\\/notre-histoire\\\/nos-cofondateurs\\\/zainab-muse\\\/#primaryimage\",\"url\":\"https:\\\/\\\/fmjf.stagingservers.net\\\/wp-content\\\/uploads\\\/2020\\\/09\\\/07D0E9AB-A57E-4BE8-B928-4066CF89060B-e1601251724214.jpeg\",\"contentUrl\":\"https:\\\/\\\/fmjf.stagingservers.net\\\/wp-content\\\/uploads\\\/2020\\\/09\\\/07D0E9AB-A57E-4BE8-B928-4066CF89060B-e1601251724214.jpeg\"},{\"@type\":\"BreadcrumbList\",\"@id\":\"https:\\\/\\\/fmjf.stagingservers.net\\\/fr\\\/a-propos-de-nous\\\/notre-histoire\\\/nos-cofondateurs\\\/zainab-muse\\\/#breadcrumb\",\"itemListElement\":[{\"@type\":\"ListItem\",\"position\":1,\"name\":\"Home\",\"item\":\"https:\\\/\\\/fmjf.stagingservers.net\\\/fr\\\/\"},{\"@type\":\"ListItem\",\"position\":2,\"name\":\"\u00c0 propos de nous\",\"item\":\"https:\\\/\\\/fmjf.stagingservers.net\\\/fr\\\/a-propos-de-nous\\\/\"},{\"@type\":\"ListItem\",\"position\":3,\"name\":\"Notre histoire\",\"item\":\"https:\\\/\\\/fmjf.stagingservers.net\\\/fr\\\/a-propos-de-nous\\\/notre-histoire\\\/\"},{\"@type\":\"ListItem\",\"position\":4,\"name\":\"Nos cofondateurs\",\"item\":\"https:\\\/\\\/fmjf.stagingservers.net\\\/fr\\\/a-propos-de-nous\\\/notre-histoire\\\/nos-cofondateurs\\\/\"},{\"@type\":\"ListItem\",\"position\":5,\"name\":\"Zainab Muse\"}]},{\"@type\":\"WebSite\",\"@id\":\"https:\\\/\\\/fmjf.stagingservers.net\\\/fr\\\/#website\",\"url\":\"https:\\\/\\\/fmjf.stagingservers.net\\\/fr\\\/\",\"name\":\"Fondation Micha\u00eblle Jean Foundation\",\"description\":\"Les jeunes sont l\u2019une des ressources les plus pr\u00e9cieuses du Canada, affirment les confondateurs et copr\u00e9sidents. Lorsqu\u2019on leur en donne l\u2019occasion, ils r\u00e9ussissent \u00e0 exprimer leurs id\u00e9es, leur cr\u00e9ativit\u00e9 et leur capacit\u00e9 \u00e0 innover, qui toutes ont le pouvoir de transformer notre soci\u00e9t\u00e9.\",\"publisher\":{\"@id\":\"https:\\\/\\\/fmjf.stagingservers.net\\\/fr\\\/#organization\"},\"potentialAction\":[{\"@type\":\"SearchAction\",\"target\":{\"@type\":\"EntryPoint\",\"urlTemplate\":\"https:\\\/\\\/fmjf.stagingservers.net\\\/fr\\\/?s={search_term_string}\"},\"query-input\":{\"@type\":\"PropertyValueSpecification\",\"valueRequired\":true,\"valueName\":\"search_term_string\"}}],\"inLanguage\":\"fr-FR\"},{\"@type\":\"Organization\",\"@id\":\"https:\\\/\\\/fmjf.stagingservers.net\\\/fr\\\/#organization\",\"name\":\"Fondation Micha\u00eblle Jean Foundation\",\"url\":\"https:\\\/\\\/fmjf.stagingservers.net\\\/fr\\\/\",\"logo\":{\"@type\":\"ImageObject\",\"inLanguage\":\"fr-FR\",\"@id\":\"https:\\\/\\\/fmjf.stagingservers.net\\\/fr\\\/#\\\/schema\\\/logo\\\/image\\\/\",\"url\":\"https:\\\/\\\/fmjf.stagingservers.net\\\/wp-content\\\/uploads\\\/2020\\\/05\\\/Logo.png\",\"contentUrl\":\"https:\\\/\\\/fmjf.stagingservers.net\\\/wp-content\\\/uploads\\\/2020\\\/05\\\/Logo.png\",\"width\":310,\"height\":96,\"caption\":\"Fondation Micha\u00eblle Jean Foundation\"},\"image\":{\"@id\":\"https:\\\/\\\/fmjf.stagingservers.net\\\/fr\\\/#\\\/schema\\\/logo\\\/image\\\/\"}}]}<\/script>\n<!-- \/ Yoast SEO plugin. -->","yoast_head_json":{"title":"Zainab Muse - Fondation Micha\u00eblle Jean Foundation","robots":{"index":"noindex","follow":"follow","max-snippet":"max-snippet:-1","max-image-preview":"max-image-preview:large","max-video-preview":"max-video-preview:-1"},"og_locale":"fr_FR","og_type":"article","og_title":"Zainab Muse - Fondation Micha\u00eblle Jean Foundation","og_description":"Zainab Muse Administratrice Membre du Comit\u00e9 strat\u00e9gique Ottawa, Ontario Zainab Muse est une strat\u00e8ge, experte en m\u00e9dias num\u00e9riques interactifs et entrepreneure sociale. Elle est la fondatrice et PDG de Wingd Inc et de Creatorland. Parmi ses principaux mandats, elle a notamment milit\u00e9 pour le leadership des jeunes, l\u2019entrepreneuriat pour les femmes et nouveaux arrivants, les [&hellip;]","og_url":"https:\/\/fmjf.stagingservers.net\/fr\/a-propos-de-nous\/notre-histoire\/nos-cofondateurs\/zainab-muse\/","og_site_name":"Fondation Micha\u00eblle Jean Foundation","article_modified_time":"2020-09-29T19:44:39+00:00","og_image":[{"url":"https:\/\/fmjf.stagingservers.net\/wp-content\/uploads\/2020\/09\/07D0E9AB-A57E-4BE8-B928-4066CF89060B-e1601251724214.jpeg","type":"","width":"","height":""}],"twitter_card":"summary_large_image","twitter_misc":{"Dur\u00e9e de lecture estim\u00e9e":"2 minutes"},"schema":{"@context":"https:\/\/schema.org","@graph":[{"@type":"WebPage","@id":"https:\/\/fmjf.stagingservers.net\/fr\/a-propos-de-nous\/notre-histoire\/nos-cofondateurs\/zainab-muse\/","url":"https:\/\/fmjf.stagingservers.net\/fr\/a-propos-de-nous\/notre-histoire\/nos-cofondateurs\/zainab-muse\/","name":"Zainab Muse - Fondation Micha\u00eblle Jean Foundation","isPartOf":{"@id":"https:\/\/fmjf.stagingservers.net\/fr\/#website"},"primaryImageOfPage":{"@id":"https:\/\/fmjf.stagingservers.net\/fr\/a-propos-de-nous\/notre-histoire\/nos-cofondateurs\/zainab-muse\/#primaryimage"},"image":{"@id":"https:\/\/fmjf.stagingservers.net\/fr\/a-propos-de-nous\/notre-histoire\/nos-cofondateurs\/zainab-muse\/#primaryimage"},"thumbnailUrl":"https:\/\/fmjf.stagingservers.net\/wp-content\/uploads\/2020\/09\/07D0E9AB-A57E-4BE8-B928-4066CF89060B-e1601251724214.jpeg","datePublished":"2020-09-17T07:27:52+00:00","dateModified":"2020-09-29T19:44:39+00:00","breadcrumb":{"@id":"https:\/\/fmjf.stagingservers.net\/fr\/a-propos-de-nous\/notre-histoire\/nos-cofondateurs\/zainab-muse\/#breadcrumb"},"inLanguage":"fr-FR","potentialAction":[{"@type":"ReadAction","target":["https:\/\/fmjf.stagingservers.net\/fr\/a-propos-de-nous\/notre-histoire\/nos-cofondateurs\/zainab-muse\/"]}]},{"@type":"ImageObject","inLanguage":"fr-FR","@id":"https:\/\/fmjf.stagingservers.net\/fr\/a-propos-de-nous\/notre-histoire\/nos-cofondateurs\/zainab-muse\/#primaryimage","url":"https:\/\/fmjf.stagingservers.net\/wp-content\/uploads\/2020\/09\/07D0E9AB-A57E-4BE8-B928-4066CF89060B-e1601251724214.jpeg","contentUrl":"https:\/\/fmjf.stagingservers.net\/wp-content\/uploads\/2020\/09\/07D0E9AB-A57E-4BE8-B928-4066CF89060B-e1601251724214.jpeg"},{"@type":"BreadcrumbList","@id":"https:\/\/fmjf.stagingservers.net\/fr\/a-propos-de-nous\/notre-histoire\/nos-cofondateurs\/zainab-muse\/#breadcrumb","itemListElement":[{"@type":"ListItem","position":1,"name":"Home","item":"https:\/\/fmjf.stagingservers.net\/fr\/"},{"@type":"ListItem","position":2,"name":"\u00c0 propos de nous","item":"https:\/\/fmjf.stagingservers.net\/fr\/a-propos-de-nous\/"},{"@type":"ListItem","position":3,"name":"Notre histoire","item":"https:\/\/fmjf.stagingservers.net\/fr\/a-propos-de-nous\/notre-histoire\/"},{"@type":"ListItem","position":4,"name":"Nos cofondateurs","item":"https:\/\/fmjf.stagingservers.net\/fr\/a-propos-de-nous\/notre-histoire\/nos-cofondateurs\/"},{"@type":"ListItem","position":5,"name":"Zainab Muse"}]},{"@type":"WebSite","@id":"https:\/\/fmjf.stagingservers.net\/fr\/#website","url":"https:\/\/fmjf.stagingservers.net\/fr\/","name":"Fondation Micha\u00eblle Jean Foundation","description":"Les jeunes sont l\u2019une des ressources les plus pr\u00e9cieuses du Canada, affirment les confondateurs et copr\u00e9sidents. Lorsqu\u2019on leur en donne l\u2019occasion, ils r\u00e9ussissent \u00e0 exprimer leurs id\u00e9es, leur cr\u00e9ativit\u00e9 et leur capacit\u00e9 \u00e0 innover, qui toutes ont le pouvoir de transformer notre soci\u00e9t\u00e9.","publisher":{"@id":"https:\/\/fmjf.stagingservers.net\/fr\/#organization"},"potentialAction":[{"@type":"SearchAction","target":{"@type":"EntryPoint","urlTemplate":"https:\/\/fmjf.stagingservers.net\/fr\/?s={search_term_string}"},"query-input":{"@type":"PropertyValueSpecification","valueRequired":true,"valueName":"search_term_string"}}],"inLanguage":"fr-FR"},{"@type":"Organization","@id":"https:\/\/fmjf.stagingservers.net\/fr\/#organization","name":"Fondation Micha\u00eblle Jean Foundation","url":"https:\/\/fmjf.stagingservers.net\/fr\/","logo":{"@type":"ImageObject","inLanguage":"fr-FR","@id":"https:\/\/fmjf.stagingservers.net\/fr\/#\/schema\/logo\/image\/","url":"https:\/\/fmjf.stagingservers.net\/wp-content\/uploads\/2020\/05\/Logo.png","contentUrl":"https:\/\/fmjf.stagingservers.net\/wp-content\/uploads\/2020\/05\/Logo.png","width":310,"height":96,"caption":"Fondation Micha\u00eblle Jean Foundation"},"image":{"@id":"https:\/\/fmjf.stagingservers.net\/fr\/#\/schema\/logo\/image\/"}}]}},"_links":{"self":[{"href":"https:\/\/fmjf.stagingservers.net\/fr\/wp-json\/wp\/v2\/pages\/2537","targetHints":{"allow":["GET"]}}],"collection":[{"href":"https:\/\/fmjf.stagingservers.net\/fr\/wp-json\/wp\/v2\/pages"}],"about":[{"href":"https:\/\/fmjf.stagingservers.net\/fr\/wp-json\/wp\/v2\/types\/page"}],"author":[{"embeddable":true,"href":"https:\/\/fmjf.stagingservers.net\/fr\/wp-json\/wp\/v2\/users\/1"}],"replies":[{"embeddable":true,"href":"https:\/\/fmjf.stagingservers.net\/fr\/wp-json\/wp\/v2\/comments?post=2537"}],"version-history":[{"count":11,"href":"https:\/\/fmjf.stagingservers.net\/fr\/wp-json\/wp\/v2\/pages\/2537\/revisions"}],"predecessor-version":[{"id":4127,"href":"https:\/\/fmjf.stagingservers.net\/fr\/wp-json\/wp\/v2\/pages\/2537\/revisions\/4127"}],"up":[{"embeddable":true,"href":"https:\/\/fmjf.stagingservers.net\/fr\/wp-json\/wp\/v2\/pages\/1886"}],"wp:attachment":[{"href":"https:\/\/fmjf.stagingservers.net\/fr\/wp-json\/wp\/v2\/media?parent=2537"}],"curies":[{"name":"wp","href":"https:\/\/api.w.org\/{rel}","templated":true}]}}