{"id":2216,"date":"2020-09-16T15:48:05","date_gmt":"2020-09-16T15:48:05","guid":{"rendered":"https:\/\/fmjf.stagingservers.net\/?page_id=2216"},"modified":"2020-09-23T16:26:59","modified_gmt":"2020-09-23T20:26:59","slug":"politique-de-confidentialite","status":"publish","type":"page","link":"https:\/\/fmjf.stagingservers.net\/fr\/politique-de-confidentialite\/","title":{"rendered":"Politique de confidentialit\u00e9"},"content":{"rendered":"\n<div style=\"height:150px\" aria-hidden=\"true\" class=\"wp-block-spacer\"><\/div>\n\n\n\n<h2 class=\"wp-block-heading\">Politique de confidentialit\u00e9<\/h2>\n\n\n\n<div class=\"wp-block-group is-style-extra-short-box\"><div class=\"wp-block-group__inner-container is-layout-flow wp-block-group-is-layout-flow\">\n<p class=\"has-medium-font-size\">La pr\u00e9sente politique s\u2019applique au site Web de la FMJF (<a href=\"https:\/\/www.fmjf.ca\/\">www.fmjf.ca<\/a>). L\u2019int\u00e9grit\u00e9 et la s\u00e9curit\u00e9 des utilisateurs et les renseignements personnels des utilisateurs sont d\u2019une importance primordiale pour la FMJF. Nous prenons les mesures n\u00e9cessaires et raisonnables afin de prot\u00e9ger la vie priv\u00e9e de nos utilisateurs, participants, membres, donateurs, parents\/gardiens et b\u00e9n\u00e9voles lors de l\u2019utilisation de nos services. La pr\u00e9sente politique est con\u00e7ue afin de r\u00e9pondre aux exigences de la l\u00e9gislation en vigueur au Canada. Elle est aussi con\u00e7ue afin de permettre aux utilisateurs de comprendre la fa\u00e7on dont leurs renseignements personnels sont g\u00e9r\u00e9s sur le site Web de la FMJF.<\/p>\n\n\n\n<p>En visitant notre site Web, vous acceptez les pratiques d\u00e9crites dans la pr\u00e9sente politique et qui adressent la fa\u00e7on dont FMJF traite les renseignements personnels recueillis lorsque vous visitez le site Web de FMJF et\/ou lorsque vous utilisez les services de FMJF.<\/p>\n\n\n\n<h5 class=\"wp-block-heading\">1. Renseignements recueillis<\/h5>\n\n\n\n<p>Les seuls renseignements personnels recueillis sur le site Web de la FMJF sont ceux que vous fournissez.<\/p>\n\n\n\n<h5 class=\"wp-block-heading\">2. But des renseignements recuei<\/h5>\n\n\n\n<p>La FMJF recueille, utilise et\/ou divulgue des renseignements personnels \u00e0 des fins identifi\u00e9es au moment de la collecte, incluant les fins suivantes ou, tel que permis ou requis par les lois applicables :<\/p>\n\n\n\n<ul class=\"wp-block-list\"><li>Inscription avec la FMJF ou inscription au site Web;<\/li><li>\u00c9tablir et maintenir des relations avec les participants, les membres, les donateurs, les amis, les parents\/gardiens et b\u00e9n\u00e9voles;<\/li><li>G\u00e9rer, d\u00e9velopper et am\u00e9liorer le fonctionnement, les programmes et les services de la FMJF;<\/li><li>Recevoir et traiter les fonds ayant trait aux services;<\/li><li>D\u00e9terminer les besoins des participants;<\/li><li>Recueillir des donn\u00e9es pour des fins statistiques;<\/li><li>Communiquer avec des anciens participants afin de cr\u00e9er une association d\u2019anciens ou pour les inviter \u00e0 participer \u00e0 des sondages;<\/li><li>Fournir de l\u2019information au sujet de programmes, services et activit\u00e9s philanthropiques;<\/li><li>R\u00e9pondre aux exigences l\u00e9gales, r\u00e9glementaires et contractuelles des donateurs;<\/li><li>Toutes autres fins pour lesquelles nous avons votre consentement.<\/li><\/ul>\n\n\n\n<h5 class=\"wp-block-heading\">3. Confidentialit\u00e9\/S\u00e9curit\u00e9<\/h5>\n\n\n\n<p>La FMJF veille \u00e0 ce qu\u2019 un niveau ad\u00e9quat de s\u00e9curit\u00e9 physique, proc\u00e9durale et technique dans ses bureaux et ses locaux r\u00e9serv\u00e9s \u00e0 l\u2019entreposage des renseignements afin d\u2019emp\u00eacher toute forme non autoris\u00e9e d\u2019acc\u00e8s, de divulgation, de reproduction, d\u2019utilisation ou de modification des renseignements personnels des membres. Ce principe s\u2019applique \u00e9galement \u00e0 la fa\u00e7on dont la FMJF \u00e9limine et d\u00e9truit ces renseignements personnels.<\/p>\n\n\n\n<h5 class=\"wp-block-heading\">4. Partage et divulgation d\u2019information<\/h5>\n\n\n\n<p>La FMJF ne vendra pas, ne loue pas ou n\u2019\u00e9changera pas vos renseignements personnels avec d\u2019autres organismes ou individus. Nous ne d\u00e9voilerons pas les renseignements personnels obtenus \u00e0 personne sans avoir obtenu pr\u00e9alablement le consentement de l\u2019individu concern\u00e9.<\/p>\n\n\n\n<p>La FMJF pourrait communiquer des renseignements personnels sans avoir obtenu le consentement pr\u00e9alable aux personnes suivantes ou dans les circonstances suivantes :<\/p>\n\n\n\n<ul class=\"wp-block-list\"><li>\u00c0 un avocat de la FMJF ou un autre repr\u00e9sentant l\u00e9gal de la FMJF;<\/li><li>Afin de percevoir une somme qui nous est due;<\/li><li>Lorsque la loi ou une ordonnance \u00e9manant d\u2019un tribunal, d\u2019un organisme administratif ou d\u2019un autre tribunal gouvernemental l\u2019exige;<\/li><li>Selon des circonstances pr\u00e9vues par la loi;<\/li><li>Lorsque les agissements d\u2019un utilisateur du site Web violent les\u00a0<em>R\u00e8gles d\u2019usage et d\u00e9gagement de responsabilit\u00e9<\/em>.<\/li><\/ul>\n\n\n\n<p>Dans les cas o\u00f9 la FMJF est oblig\u00e9e ou autoris\u00e9e \u00e0 divulguer des renseignements personnels sans le consentement de la personne concern\u00e9e, elle ne divulguera aucun renseignement suppl\u00e9mentaire \u00e0 ce que les circonstances exigent.<\/p>\n\n\n\n<h5 class=\"wp-block-heading\">5. Exactitude<\/h5>\n\n\n\n<p>L\u2019ABC veille \u00e0 ce que tous renseignements personnels fournis par les utilisateurs, participants, membres, donateurs, parents\/gardiens et b\u00e9n\u00e9voles et en sa possession soit exact, actuel et aussi complet que n\u00e9cessaire pour les fins auxquelles la FMJF utilise ces renseignements. Si la FMJF d\u00e9couvre que les renseignements sont inexacts, incomplets ou p\u00e9rim\u00e9s, elle r\u00e9visera ces renseignements personnels afin de les mettre \u00e0 jour.<\/p>\n\n\n\n<h5 class=\"wp-block-heading\">6. Liens<\/h5>\n\n\n\n<p>Le site Web de la FMJF peut contenir des liens vers d\u2019autres sites Web. La FMJF se d\u00e9gage de toute responsabilit\u00e9 vis-\u00e0-vis les pratiques de protection de la vie priv\u00e9e de ces autres sites Web, et n\u2019appuie pas le mat\u00e9riel pr\u00e9sent\u00e9 sur ces sites Web qui ne lui appartient pas ou n\u2019est pas g\u00e9r\u00e9 par lui. Nous encourageons les visiteurs \u00e0 prendre connaissance de la politique de protection de la vie priv\u00e9e de chacun de ces sites avant de communiquer tout renseignement personnel pouvant les identifier.<\/p>\n\n\n\n<h5 class=\"wp-block-heading\">7. T\u00e9moins<\/h5>\n\n\n\n<p>Comme pour la plupart des sites, certains \u00e9l\u00e9ments d\u2019information non personnels sont recueillis par les activit\u00e9s de fonctionnement de nos serveurs (technologie des \u00ab t\u00e9moins \u00bb). Cette information sert \u00e0 mesurer et suivre l\u2019utilisation de notre site Web et \u00e0 en am\u00e9liorer le contenu. La technologie des \u00abt\u00e9moins \u00bb ne vous identifie pas personnellement, et n\u2019extrait aucun renseignement de votre ordinateur. Les donn\u00e9es qui r\u00e9v\u00e9leront votre identit\u00e9 personnelle sont seulement celles que vous fournirez de plein gr\u00e9.<\/p>\n\n\n\n<p>La plupart des navigateurs Internet sont con\u00e7us \u00e0 l\u2019origine pour accepter les t\u00e9moins \u00e9lectroniques. Si vous ne voulez pas accepter les t\u00e9moins \u00e9lectroniques, vous pouvez programmer votre navigateur de mani\u00e8re \u00e0 les refuser ou \u00e0 vous aviser d\u00e8s que des t\u00e9moins \u00e9lectroniques vous sont envoy\u00e9s.<\/p>\n\n\n\n<h5 class=\"wp-block-heading\">8. Questions<\/h5>\n\n\n\n<p>Si vous avez des questions au sujet de la politique en mati\u00e8re de protection de renseignements personnels de la FMJF, de l\u2019acc\u00e8s aux renseignements personnels, de la collecte ou de l\u2019utilisation et la communication des renseignements personnels, veuillez communiquer avec la Directrice ex\u00e9cutive ou le Directeur ex\u00e9cutif \u00e0 l\u2019adresse indiqu\u00e9e ci-dessous :<\/p>\n\n\n\n<p>FMJF Directrice ex\u00e9cutive\/Directeur ex\u00e9cutif<\/p>\n\n\n\n<p>445 rue Sussex, Ottawa, ON K1N 6Z4<\/p>\n\n\n\n<p>info@fmjf.ca<\/p>\n\n\n\n<h5 class=\"wp-block-heading\">9. R\u00e9visons de la Politique en mati\u00e8re de protection de renseignements personnels<\/h5>\n\n\n\n<p>Le pr\u00e9sent \u00e9nonc\u00e9 est en vigueur \u00e0 compter du 1er janvier 2012. La FMJF r\u00e9visera p\u00e9riodiquement ses pratiques en mati\u00e8re de protection des renseignements personnels et le pr\u00e9sent \u00e9nonc\u00e9 de politique, et un avis appropri\u00e9 sera affich\u00e9 sur le site Web de la FMJF advenant toute modification. Les modifications \u00e0 la politique s\u2019appliqueront aux renseignements recueillis \u00e0 compter de la date d\u2019affichage sur le site Web de la FMJF ainsi qu\u2019aux renseignements existants d\u00e9tenus par la FMJF.<\/p>\n\n\n\n<p><\/p>\n<\/div><\/div>\n\n\n\n<p><\/p>\n","protected":false},"excerpt":{"rendered":"<p>Politique de confidentialit\u00e9 La pr\u00e9sente politique s\u2019applique au site Web de la FMJF (www.fmjf.ca). L\u2019int\u00e9grit\u00e9 et la s\u00e9curit\u00e9 des utilisateurs et les renseignements personnels des utilisateurs sont d\u2019une importance primordiale pour la FMJF. Nous prenons les mesures n\u00e9cessaires et raisonnables afin de prot\u00e9ger la vie priv\u00e9e de nos utilisateurs, participants, membres, donateurs, parents\/gardiens et b\u00e9n\u00e9voles [&hellip;]<\/p>\n","protected":false},"author":1,"featured_media":0,"parent":0,"menu_order":0,"comment_status":"closed","ping_status":"open","template":"","meta":{"_acf_changed":false,"footnotes":""},"class_list":["post-2216","page","type-page","status-publish","hentry"],"acf":[],"yoast_head":"<!-- This site is optimized with the Yoast SEO plugin v27.5 - https:\/\/yoast.com\/product\/yoast-seo-wordpress\/ -->\n<title>Politique de confidentialit\u00e9 - Fondation Micha\u00eblle Jean Foundation<\/title>\n<meta name=\"robots\" content=\"noindex, follow, max-snippet:-1, max-image-preview:large, max-video-preview:-1\" \/>\n<meta property=\"og:locale\" content=\"fr_FR\" \/>\n<meta property=\"og:type\" content=\"article\" \/>\n<meta property=\"og:title\" content=\"Politique de confidentialit\u00e9 - Fondation Micha\u00eblle Jean Foundation\" \/>\n<meta property=\"og:description\" content=\"Politique de confidentialit\u00e9 La pr\u00e9sente politique s\u2019applique au site Web de la FMJF (www.fmjf.ca). L\u2019int\u00e9grit\u00e9 et la s\u00e9curit\u00e9 des utilisateurs et les renseignements personnels des utilisateurs sont d\u2019une importance primordiale pour la FMJF. Nous prenons les mesures n\u00e9cessaires et raisonnables afin de prot\u00e9ger la vie priv\u00e9e de nos utilisateurs, participants, membres, donateurs, parents\/gardiens et b\u00e9n\u00e9voles [&hellip;]\" \/>\n<meta property=\"og:url\" content=\"https:\/\/fmjf.stagingservers.net\/fr\/politique-de-confidentialite\/\" \/>\n<meta property=\"og:site_name\" content=\"Fondation Micha\u00eblle Jean Foundation\" \/>\n<meta property=\"article:modified_time\" content=\"2020-09-23T20:26:59+00:00\" \/>\n<meta name=\"twitter:card\" content=\"summary_large_image\" \/>\n<meta name=\"twitter:label1\" content=\"Dur\u00e9e de lecture estim\u00e9e\" \/>\n\t<meta name=\"twitter:data1\" content=\"5 minutes\" \/>\n<script type=\"application\/ld+json\" class=\"yoast-schema-graph\">{\"@context\":\"https:\\\/\\\/schema.org\",\"@graph\":[{\"@type\":\"WebPage\",\"@id\":\"https:\\\/\\\/fmjf.stagingservers.net\\\/fr\\\/politique-de-confidentialite\\\/\",\"url\":\"https:\\\/\\\/fmjf.stagingservers.net\\\/fr\\\/politique-de-confidentialite\\\/\",\"name\":\"Politique de confidentialit\u00e9 - Fondation Micha\u00eblle Jean Foundation\",\"isPartOf\":{\"@id\":\"https:\\\/\\\/fmjf.stagingservers.net\\\/fr\\\/#website\"},\"datePublished\":\"2020-09-16T15:48:05+00:00\",\"dateModified\":\"2020-09-23T20:26:59+00:00\",\"breadcrumb\":{\"@id\":\"https:\\\/\\\/fmjf.stagingservers.net\\\/fr\\\/politique-de-confidentialite\\\/#breadcrumb\"},\"inLanguage\":\"fr-FR\",\"potentialAction\":[{\"@type\":\"ReadAction\",\"target\":[\"https:\\\/\\\/fmjf.stagingservers.net\\\/fr\\\/politique-de-confidentialite\\\/\"]}]},{\"@type\":\"BreadcrumbList\",\"@id\":\"https:\\\/\\\/fmjf.stagingservers.net\\\/fr\\\/politique-de-confidentialite\\\/#breadcrumb\",\"itemListElement\":[{\"@type\":\"ListItem\",\"position\":1,\"name\":\"Home\",\"item\":\"https:\\\/\\\/fmjf.stagingservers.net\\\/fr\\\/\"},{\"@type\":\"ListItem\",\"position\":2,\"name\":\"Politique de confidentialit\u00e9\"}]},{\"@type\":\"WebSite\",\"@id\":\"https:\\\/\\\/fmjf.stagingservers.net\\\/fr\\\/#website\",\"url\":\"https:\\\/\\\/fmjf.stagingservers.net\\\/fr\\\/\",\"name\":\"Fondation Micha\u00eblle Jean Foundation\",\"description\":\"Les jeunes sont l\u2019une des ressources les plus pr\u00e9cieuses du Canada, affirment les confondateurs et copr\u00e9sidents. Lorsqu\u2019on leur en donne l\u2019occasion, ils r\u00e9ussissent \u00e0 exprimer leurs id\u00e9es, leur cr\u00e9ativit\u00e9 et leur capacit\u00e9 \u00e0 innover, qui toutes ont le pouvoir de transformer notre soci\u00e9t\u00e9.\",\"publisher\":{\"@id\":\"https:\\\/\\\/fmjf.stagingservers.net\\\/fr\\\/#organization\"},\"potentialAction\":[{\"@type\":\"SearchAction\",\"target\":{\"@type\":\"EntryPoint\",\"urlTemplate\":\"https:\\\/\\\/fmjf.stagingservers.net\\\/fr\\\/?s={search_term_string}\"},\"query-input\":{\"@type\":\"PropertyValueSpecification\",\"valueRequired\":true,\"valueName\":\"search_term_string\"}}],\"inLanguage\":\"fr-FR\"},{\"@type\":\"Organization\",\"@id\":\"https:\\\/\\\/fmjf.stagingservers.net\\\/fr\\\/#organization\",\"name\":\"Fondation Micha\u00eblle Jean Foundation\",\"url\":\"https:\\\/\\\/fmjf.stagingservers.net\\\/fr\\\/\",\"logo\":{\"@type\":\"ImageObject\",\"inLanguage\":\"fr-FR\",\"@id\":\"https:\\\/\\\/fmjf.stagingservers.net\\\/fr\\\/#\\\/schema\\\/logo\\\/image\\\/\",\"url\":\"https:\\\/\\\/fmjf.stagingservers.net\\\/wp-content\\\/uploads\\\/2020\\\/05\\\/Logo.png\",\"contentUrl\":\"https:\\\/\\\/fmjf.stagingservers.net\\\/wp-content\\\/uploads\\\/2020\\\/05\\\/Logo.png\",\"width\":310,\"height\":96,\"caption\":\"Fondation Micha\u00eblle Jean Foundation\"},\"image\":{\"@id\":\"https:\\\/\\\/fmjf.stagingservers.net\\\/fr\\\/#\\\/schema\\\/logo\\\/image\\\/\"}}]}<\/script>\n<!-- \/ Yoast SEO plugin. -->","yoast_head_json":{"title":"Politique de confidentialit\u00e9 - Fondation Micha\u00eblle Jean Foundation","robots":{"index":"noindex","follow":"follow","max-snippet":"max-snippet:-1","max-image-preview":"max-image-preview:large","max-video-preview":"max-video-preview:-1"},"og_locale":"fr_FR","og_type":"article","og_title":"Politique de confidentialit\u00e9 - Fondation Micha\u00eblle Jean Foundation","og_description":"Politique de confidentialit\u00e9 La pr\u00e9sente politique s\u2019applique au site Web de la FMJF (www.fmjf.ca). L\u2019int\u00e9grit\u00e9 et la s\u00e9curit\u00e9 des utilisateurs et les renseignements personnels des utilisateurs sont d\u2019une importance primordiale pour la FMJF. Nous prenons les mesures n\u00e9cessaires et raisonnables afin de prot\u00e9ger la vie priv\u00e9e de nos utilisateurs, participants, membres, donateurs, parents\/gardiens et b\u00e9n\u00e9voles [&hellip;]","og_url":"https:\/\/fmjf.stagingservers.net\/fr\/politique-de-confidentialite\/","og_site_name":"Fondation Micha\u00eblle Jean Foundation","article_modified_time":"2020-09-23T20:26:59+00:00","twitter_card":"summary_large_image","twitter_misc":{"Dur\u00e9e de lecture estim\u00e9e":"5 minutes"},"schema":{"@context":"https:\/\/schema.org","@graph":[{"@type":"WebPage","@id":"https:\/\/fmjf.stagingservers.net\/fr\/politique-de-confidentialite\/","url":"https:\/\/fmjf.stagingservers.net\/fr\/politique-de-confidentialite\/","name":"Politique de confidentialit\u00e9 - Fondation Micha\u00eblle Jean Foundation","isPartOf":{"@id":"https:\/\/fmjf.stagingservers.net\/fr\/#website"},"datePublished":"2020-09-16T15:48:05+00:00","dateModified":"2020-09-23T20:26:59+00:00","breadcrumb":{"@id":"https:\/\/fmjf.stagingservers.net\/fr\/politique-de-confidentialite\/#breadcrumb"},"inLanguage":"fr-FR","potentialAction":[{"@type":"ReadAction","target":["https:\/\/fmjf.stagingservers.net\/fr\/politique-de-confidentialite\/"]}]},{"@type":"BreadcrumbList","@id":"https:\/\/fmjf.stagingservers.net\/fr\/politique-de-confidentialite\/#breadcrumb","itemListElement":[{"@type":"ListItem","position":1,"name":"Home","item":"https:\/\/fmjf.stagingservers.net\/fr\/"},{"@type":"ListItem","position":2,"name":"Politique de confidentialit\u00e9"}]},{"@type":"WebSite","@id":"https:\/\/fmjf.stagingservers.net\/fr\/#website","url":"https:\/\/fmjf.stagingservers.net\/fr\/","name":"Fondation Micha\u00eblle Jean Foundation","description":"Les jeunes sont l\u2019une des ressources les plus pr\u00e9cieuses du Canada, affirment les confondateurs et copr\u00e9sidents. Lorsqu\u2019on leur en donne l\u2019occasion, ils r\u00e9ussissent \u00e0 exprimer leurs id\u00e9es, leur cr\u00e9ativit\u00e9 et leur capacit\u00e9 \u00e0 innover, qui toutes ont le pouvoir de transformer notre soci\u00e9t\u00e9.","publisher":{"@id":"https:\/\/fmjf.stagingservers.net\/fr\/#organization"},"potentialAction":[{"@type":"SearchAction","target":{"@type":"EntryPoint","urlTemplate":"https:\/\/fmjf.stagingservers.net\/fr\/?s={search_term_string}"},"query-input":{"@type":"PropertyValueSpecification","valueRequired":true,"valueName":"search_term_string"}}],"inLanguage":"fr-FR"},{"@type":"Organization","@id":"https:\/\/fmjf.stagingservers.net\/fr\/#organization","name":"Fondation Micha\u00eblle Jean Foundation","url":"https:\/\/fmjf.stagingservers.net\/fr\/","logo":{"@type":"ImageObject","inLanguage":"fr-FR","@id":"https:\/\/fmjf.stagingservers.net\/fr\/#\/schema\/logo\/image\/","url":"https:\/\/fmjf.stagingservers.net\/wp-content\/uploads\/2020\/05\/Logo.png","contentUrl":"https:\/\/fmjf.stagingservers.net\/wp-content\/uploads\/2020\/05\/Logo.png","width":310,"height":96,"caption":"Fondation Micha\u00eblle Jean Foundation"},"image":{"@id":"https:\/\/fmjf.stagingservers.net\/fr\/#\/schema\/logo\/image\/"}}]}},"_links":{"self":[{"href":"https:\/\/fmjf.stagingservers.net\/fr\/wp-json\/wp\/v2\/pages\/2216","targetHints":{"allow":["GET"]}}],"collection":[{"href":"https:\/\/fmjf.stagingservers.net\/fr\/wp-json\/wp\/v2\/pages"}],"about":[{"href":"https:\/\/fmjf.stagingservers.net\/fr\/wp-json\/wp\/v2\/types\/page"}],"author":[{"embeddable":true,"href":"https:\/\/fmjf.stagingservers.net\/fr\/wp-json\/wp\/v2\/users\/1"}],"replies":[{"embeddable":true,"href":"https:\/\/fmjf.stagingservers.net\/fr\/wp-json\/wp\/v2\/comments?post=2216"}],"version-history":[{"count":4,"href":"https:\/\/fmjf.stagingservers.net\/fr\/wp-json\/wp\/v2\/pages\/2216\/revisions"}],"predecessor-version":[{"id":3478,"href":"https:\/\/fmjf.stagingservers.net\/fr\/wp-json\/wp\/v2\/pages\/2216\/revisions\/3478"}],"wp:attachment":[{"href":"https:\/\/fmjf.stagingservers.net\/fr\/wp-json\/wp\/v2\/media?parent=2216"}],"curies":[{"name":"wp","href":"https:\/\/api.w.org\/{rel}","templated":true}]}}