{"id":2213,"date":"2020-09-16T15:47:21","date_gmt":"2020-09-16T15:47:21","guid":{"rendered":"https:\/\/fmjf.stagingservers.net\/?page_id=2213"},"modified":"2020-09-29T19:40:07","modified_gmt":"2020-09-29T23:40:07","slug":"conditions-dutilisation","status":"publish","type":"page","link":"https:\/\/fmjf.stagingservers.net\/fr\/conditions-dutilisation\/","title":{"rendered":"Conditions d'utilisation"},"content":{"rendered":"\n<div style=\"height:150px\" aria-hidden=\"true\" class=\"wp-block-spacer\"><\/div>\n\n\n\n<h2 class=\"wp-block-heading\">Conditions d&rsquo;utilisation<\/h2>\n\n\n\n<div class=\"wp-block-group is-style-extra-short-box\"><div class=\"wp-block-group__inner-container is-layout-flow wp-block-group-is-layout-flow\">\n<h5 class=\"wp-block-heading\">Les&nbsp;<em>R\u00e8gles d\u2019usage et d\u00e9gagement de responsabilit\u00e9<\/em>&nbsp;s\u2019appliquent au site Web de la FMJF en entier. La FMFJ fournit l\u2019acc\u00e8s et l\u2019utilisation du site selon votre acceptation des R\u00e8gles suivantes. Veuillez lire attentivement les R\u00e8gles avant d\u2019utiliser ou d\u2019acc\u00e9der au site Web de la FMJF. En utilisant ou en acc\u00e9dant au site Web de la FMJF, vous admettez avoir lu et compris les&nbsp;<em>R\u00e8gles d\u2019usage et d\u00e9gagement de responsabilit\u00e9<\/em>.<\/h5>\n\n\n\n<h5 class=\"wp-block-heading\">1. But du site Web FMJF<\/h5>\n\n\n\n<p>Le site Web de la FMJF sert de ressource contenant des informations d\u2019ordre g\u00e9n\u00e9ral, des sujets d\u2019actualit\u00e9, de l\u2019information concernant les relations avec les donateurs, les programmes et les activit\u00e9s, des forums de discussions et des liens \u00e0 des sites de tierces parties.<\/p>\n\n\n\n<h5 class=\"wp-block-heading\">2. Contenu du site Web<\/h5>\n\n\n\n<p>La FMJF reconna\u00eet la valeur et le potentiel de cr\u00e9er des fichiers \u00e9lectroniques sur l\u2019Internet. Tous les usagers sont encourag\u00e9s \u00e0 soumettre et publier de l\u2019information qui est en lien avec la philosophie, la mission, les valeurs, les standards et politiques de la FMJF. L\u2019information soumise pour inclusion au site Web joue un r\u00f4le primordial dans ce qui est refl\u00e9t\u00e9 sur les pages du site de la FMJF. Le contenu soumis doit \u00eatre conformes \u00e0 la l\u00e9gislation provinciale et f\u00e9d\u00e9rale en vigueur, incluant, mais non limit\u00e9 \u00e0 la l\u00e9gislation ayant trait aux droits d\u2019auteur et la diffamation. Les photos ainsi que les renseignements personnels des individus ne doivent pas \u00eatre inclus sans avoir obtenu pr\u00e9alablement le consentement.<\/p>\n\n\n\n<p>L\u2019utilisation des ressources Internet de la FMJF pour des activit\u00e9s commerciales, pour des entreprises priv\u00e9es, ou pour fins publicitaires est prohib\u00e9e. La FMJF se r\u00e9serve le droit de retirer tout contenu de ses serveurs \u00e0 tout moment sans avis pr\u00e9alable \u00e0 l\u2019auteur du contenu. Un individu peut appeler de la d\u00e9cision ayant trait au retrait du contenu en envoyant une demande \u00e9crite au webmestre de la FMJF.<\/p>\n\n\n\n<p>Toute violation des politiques du site Web pourra r\u00e9sulter dans la r\u00e9vocation imm\u00e9diate du contenu personnel et des privil\u00e8ges de publication sur le site Web de la FMJF \u00bb. Des mesures disciplinaires additionnelles pourront \u00eatre prises contre les personnes, le cas \u00e9ch\u00e9ant.<\/p>\n\n\n\n<h5 class=\"wp-block-heading\">3. Politique concernant les droits d\u2019auteur<\/h5>\n\n\n\n<p>La FMJF d\u00e9tient les droits de propri\u00e9t\u00e9 intellectuelle ou licence d\u2019utilisation des images, contenu graphique, multim\u00e9dia affich\u00e9s sur ce site Web et l\u2019utilisation du contenu peut seulement \u00eatre effectu\u00e9e selon les modalit\u00e9s incluses dans les pr\u00e9sentes&nbsp;<em>R\u00e8gles d\u2019usage et d\u00e9gagement de responsabilit\u00e9<\/em>. De plus, le site Web contient des noms, logos et autre propri\u00e9t\u00e9 intellectuelle appartenant \u00e0 la FMJF. Sous r\u00e9serve d\u2019autorisation expresse \u00e9crite de la FMJF, il est interdit de copier, reproduire ou modifier le contenu du site.<\/p>\n\n\n\n<p>Par contre, certains documents et photos ont \u00e9t\u00e9 publi\u00e9s sur le site de la FMJF avec la permission des d\u00e9tenteurs des droits d\u2019auteur appropri\u00e9s qui ne sont pas de la FMJF. Tous droits sont r\u00e9serv\u00e9s ayant trait \u00e0 ces documents et les permissions n\u00e9cessaires pour fins d\u2019utilisation doivent \u00eatre obtenues aupr\u00e8s des d\u00e9tenteurs de droits d\u2019auteur respectifs.<\/p>\n\n\n\n<h5 class=\"wp-block-heading\">4. Liens \u00e0 d\u2019autres sites<\/h5>\n\n\n\n<p>Ce site Web contient des liens \u00e0 d\u2019autres sites ainsi que des liens \u00e0 des courriers \u00e9lectroniques. Ces liens sont offerts \u00e0 titre de service. Les autres sites ont \u00e9t\u00e9 d\u00e9velopp\u00e9s ind\u00e9pendamment par des tierces parties, autres que la FMJF, et la FMJF n\u2019assume aucune responsabilit\u00e9 en ce qui a trait \u00e0 l\u2019exactitude ou aux propos de tels sites. La pr\u00e9sence d\u2019un lien n\u2019implique pas que la FMJF appuie le contenu du site. Toute mention d\u2019une tierce partie ou de ses produits ou services sur ce site Web ne doit pas \u00eatre interpr\u00e9t\u00e9e comme une promotion de la tierce partie ou de ses produits et services. Si vous d\u00e9cidez d\u2019utiliser ces liens, vous le faites \u00e0 vos propres risques.<\/p>\n\n\n\n<h5 class=\"wp-block-heading\">5. Comportement<\/h5>\n\n\n\n<p>En utilisant le site Web de la FMJF vous acceptez de :<\/p>\n\n\n\n<p class=\"is-style-default\">(a) vous ne devez afficher ni transmettre un contenu (informations, donn\u00e9es, textes, logiciels, graphiques, sons, photographies, vid\u00e9os, messages, etc.) \u00e0 caract\u00e8re ill\u00e9gal, harcelant, diffamatoire, obsc\u00e8ne, frauduleux, nuisible, mena\u00e7ant, violent ou haineux, ou qui viole les droits de propri\u00e9t\u00e9 d\u2019autrui (y compris, sans en exclure d\u2019autres, le non-respect d\u2019un droit d\u2019auteur ou d\u2019une marque de commerce), ou qui viole la vie priv\u00e9e ou le droit \u00e0 la protection de la personnalit\u00e9 d\u2019autrui, ou autrement jug\u00e9 inadmissible;<br>(b) vous ne pouvez nuire \u00e0 l\u2019utilisation du site par d\u2019autres personnes;<br>(c) vous ne pouvez utiliser ce site pour r\u00e9aliser une activit\u00e9 ill\u00e9gale ou susceptible de violer les droits d\u2019autrui;<br>(d) vous ne pouvez utiliser ce site pour annoncer ou vendre des produits ou services;<br>(e) vous ne pouvez usurper l\u2019identit\u00e9 d\u2019une personne ou autre entit\u00e9, ni faire une fausse d\u00e9claration concernant votre affiliation \u00e0 une personne ou autre entit\u00e9;<br>(f) vous ne pouvez afficher ni transmettre un contenu que vous n\u2019avez pas le droit de transmettre en vertu d\u2019une loi, d\u2019un contrat ou d\u2019un rapport fiduciaire (information privil\u00e9gi\u00e9e, information confidentielle, etc.);<br>(g) vous ne pouvez afficher de contenu sur le site \u00e0 moins que ce contenu vous appartienne pleinement ou que vous l\u2019utilisiez avec le consentement de toutes les personnes \u00e0 qui il appartient;<br>(h) vous ne pouvez utiliser ce site pour obtenir et accumuler des renseignements personnels au sujet d\u2019autres utilisateurs;<\/p>\n\n\n\n<h5 class=\"wp-block-heading\">6. Garantie limit\u00e9e et d\u00e9gagement de responsabilit\u00e9<\/h5>\n\n\n\n<p>Toute opinion, conseil, article, publication, d\u00e9claration, service, offre ou autre renseignement ou contenu exprim\u00e9 ou rendu disponible sur ce site Web ou sur tout site Web li\u00e9 \u00e0 celui-ci n\u2019engagent que leur auteur et non la FMJF. La FMJF ne se reconna\u00eet aucune obligation de mettre \u00e0 jour le contenu ou d\u2019assurer le fonctionnement des hyperliens. Ce site Web peut contenir des erreurs typographiques. Le contenu et les hyperliens peuvent \u00eatre modifi\u00e9s sans pr\u00e9avis. LE CONTENU ET LES HYPERLIENS DE CE SITE WEB SONT OFFERTS \u00ab TELS QUELS \u00bb SANS PROMESSES, GARANTIES OU CONDITIONS, EXPLICITES OU IMPLICITES, INCLUANT, ET CE SANS LIMITATION, LES GARANTIES OU CONDITIONS IMPLICITES D\u2019APTITUDE \u00c0 UNE FIN OU USAGE PARTICULIER. DE PLUS, AUCUNE PROMESSE OU GARANTIE NE SONT FAITES CONCERNANT L\u2019EXACTITUDE, L\u2019ACH\u00c8VEMENT, L\u2019\u00c0-PROPOS OU LA FIABILIT\u00c9 DU CONTENU ET DES HYPERLIENS, OU DU CONTENU DE TOUT SITE WEB LI\u00c9 \u00c0 CELUI-CI. LA FMJF NE GARANTIT PAS UN ACC\u00c8S SANS INTERRUPTION AU SITE WEB, \u00c0 TOUT SITE WEB LI\u00c9 \u00c0 CELUI-CI, OU LA DISPONIBILIT\u00c9 DU LIEN PAR COURRIER \u00c9LECTRONIQUE OFFERT SUR LE SITE WEB. DANS AUCUN CAS LA FMJF, SES OFFICIERS, FILIALES, AGENTS, CONC\u00c9DANTS, EMPLOY\u00c9S, OU FOURNISSEURS DE SERVICE INTERNET (COLLECTIVEMENT, SES \u00ab REPR\u00c9SENTANTS \u00bb) SERONT TENUS RESPONSABLES POUR QUELQUE DOMMAGE DIRECT, INDIRECT, SECONDAIRE, SP\u00c9CIAL OU CONS\u00c9QUENT, INCLUANT, MAIS NON LIMIT\u00c9 AUX PERTES DE REVENU, DONN\u00c9ES ENDOMMAG\u00c9ES OU AUTRE PERTE \u00c9CONOMIQUE OU COMMERCIALE, FOND\u00c9 SUR UN CONTRAT, SUR LA RESPONSABILIT\u00c9 (Y COMPRIS LA N\u00c9GLIGENCE) OU TOUTE AUTRE TH\u00c9ORIE SUR LA RESPONSABILIT\u00c9. LES LIMITATIONS CI-DESSUS S\u2019APPLIQUENT M\u00caME SI LA FMJF OU SES REPR\u00c9SENTANTS AVAIENT \u00c9T\u00c9 INFORM\u00c9S OU AURAIENT D\u00db \u00caTRE INFORM\u00c9S DE L\u2019\u00c9VENTUALIT\u00c9 DE TEL.<\/p>\n\n\n\n<h5 class=\"wp-block-heading\">7. Confidentialit\u00e9<\/h5>\n\n\n\n<p>\u00c0 moins de recourir au cryptage, l\u2019Internet n\u2019est pas s\u00e9curitaire et le caract\u00e8re priv\u00e9 des donn\u00e9es ne peut \u00eatre assur\u00e9. Le courrier \u00e9lectronique peut \u00eatre intercept\u00e9 et contrefait. La FMJF ne sera pas responsable de tout dommage \u00e0 vous ou \u00e0 une tierce partie caus\u00e9 par l\u2019envoi de renseignements confidentiels \u00e0 une tierce partie au moyen des liens de courrier \u00e9lectronique sur ce site Web. La FMJF n\u2019est pas responsable d\u2019erreurs ou de modifications \u00e0 tout envoi par courriel. Si vous utilisez le courrier \u00e9lectronique sur Internet, vous en assumez les risques. Pour de plus amples renseignements sur notre politique de protection des renseignements personnels, veuillez consulter le\u00a0<a href=\"https:\/\/www.fmjf.ca\/fr\/politique-de-confidentialite\/\">lien <\/a><a href=\"https:\/\/fmjf.stagingservers.net\/fr\/politique-de-confidentialite\/\">suivant<\/a>.<\/p>\n\n\n\n<h5 class=\"wp-block-heading\">8. Virus informatiques<\/h5>\n\n\n\n<p>La FMFJ prend les mesures n\u00e9cessaires afin d\u2019assurer que le contenu et les hyperliens de son site Web ne contiennent pas de virus informatiques. Par contre, vous \u00eates responsable de prendre vos propres mesures de pr\u00e9caution, telles qu\u2019un balayage pour d\u00e9tecter les virus et la sauvegarde du contenu applicable de votre ordinateur.<\/p>\n\n\n\n<h5 class=\"wp-block-heading\">9. Annulation d\u2019utilisation<\/h5>\n\n\n\n<p>La FMJF peut, \u00e0 son gr\u00e9 et sans pr\u00e9avis, suspendre ou mettre fin \u00e0 votre utilisation du site, et retirer ou \u00e9liminer n\u2019importe quelle partie du contenu du site, pour quelque raison que ce soit, notamment si vous avez viol\u00e9 les pr\u00e9sentes modalit\u00e9s et conditions. la FMJF peut \u00e9galement vous interdire l\u2019acc\u00e8s \u00e0 son site Web. La FMJF n\u2019assumera aucune responsabilit\u00e9 quant \u00e0 la suspension, la cessation ou l\u2019interdiction de votre acc\u00e8s.<\/p>\n\n\n\n<p>Si vous vous opposez \u00e0 une modification subs\u00e9quente \u00e0 ces modalit\u00e9s et conditions, votre seul recours est d\u2019informer imm\u00e9diatement la FMJF de votre refus des modalit\u00e9s, lequel entrera imm\u00e9diatement en vigueur. Dans les limites de la loi, les modalit\u00e9s et conditions survivront \u00e0 la r\u00e9siliation de ces modalit\u00e9s.<\/p>\n\n\n\n<p class=\"has-medium-font-size\">10. R\u00e9vision des&nbsp;<em>R\u00e8gles d\u2019usage et d\u00e9gagement de responsabilit\u00e9<\/em><\/p>\n\n\n\n<p>Les&nbsp;<em>R\u00e8gles d\u2019usage et d\u00e9gagement de responsabilit\u00e9<\/em>, le site Web de la FMJF et l\u2019information contenue sur le site peuvent \u00eatre mis \u00e0 jour et modifi\u00e9s sans pr\u00e9avis. Les utilisateurs acceptent de r\u00e9viser p\u00e9riodiquement les pr\u00e9sentes&nbsp;<em>R\u00e8gles d\u2019usage et d\u00e9gagement de responsabilit\u00e9<\/em>. Votre utilisation et acc\u00e8s au site Web constituent votre acceptation des&nbsp;<em>R\u00e8gles d\u2019usage et d\u00e9gagement de responsabilit\u00e9<\/em>&nbsp;mises \u00e0 jour et modifi\u00e9es.<\/p>\n\n\n\n<p>Le nom et le logo&nbsp;<strong><em>fmjf.ca<\/em><\/strong>&nbsp;sont la propri\u00e9t\u00e9 de la Fondation Micha\u00eblle Jean Foundation.<\/p>\n\n\n\n<p><\/p>\n<\/div><\/div>\n\n\n\n<p><\/p>\n","protected":false},"excerpt":{"rendered":"<p>Conditions d&rsquo;utilisation Les&nbsp;R\u00e8gles d\u2019usage et d\u00e9gagement de responsabilit\u00e9&nbsp;s\u2019appliquent au site Web de la FMJF en entier. La FMFJ fournit l\u2019acc\u00e8s et l\u2019utilisation du site selon votre acceptation des R\u00e8gles suivantes. Veuillez lire attentivement les R\u00e8gles avant d\u2019utiliser ou d\u2019acc\u00e9der au site Web de la FMJF. En utilisant ou en acc\u00e9dant au site Web de la [&hellip;]<\/p>\n","protected":false},"author":1,"featured_media":0,"parent":0,"menu_order":0,"comment_status":"closed","ping_status":"open","template":"","meta":{"_acf_changed":false,"footnotes":""},"class_list":["post-2213","page","type-page","status-publish","hentry"],"acf":[],"yoast_head":"<!-- This site is optimized with the Yoast SEO plugin v27.5 - https:\/\/yoast.com\/product\/yoast-seo-wordpress\/ -->\n<title>Conditions d&#039;utilisation - Fondation Micha\u00eblle Jean Foundation<\/title>\n<meta name=\"robots\" content=\"noindex, follow, max-snippet:-1, max-image-preview:large, max-video-preview:-1\" \/>\n<meta property=\"og:locale\" content=\"fr_FR\" \/>\n<meta property=\"og:type\" content=\"article\" \/>\n<meta property=\"og:title\" content=\"Conditions d&#039;utilisation - Fondation Micha\u00eblle Jean Foundation\" \/>\n<meta property=\"og:description\" content=\"Conditions d&rsquo;utilisation Les&nbsp;R\u00e8gles d\u2019usage et d\u00e9gagement de responsabilit\u00e9&nbsp;s\u2019appliquent au site Web de la FMJF en entier. La FMFJ fournit l\u2019acc\u00e8s et l\u2019utilisation du site selon votre acceptation des R\u00e8gles suivantes. Veuillez lire attentivement les R\u00e8gles avant d\u2019utiliser ou d\u2019acc\u00e9der au site Web de la FMJF. En utilisant ou en acc\u00e9dant au site Web de la [&hellip;]\" \/>\n<meta property=\"og:url\" content=\"https:\/\/fmjf.stagingservers.net\/fr\/conditions-dutilisation\/\" \/>\n<meta property=\"og:site_name\" content=\"Fondation Micha\u00eblle Jean Foundation\" \/>\n<meta property=\"article:modified_time\" content=\"2020-09-29T23:40:07+00:00\" \/>\n<meta name=\"twitter:card\" content=\"summary_large_image\" \/>\n<meta name=\"twitter:label1\" content=\"Dur\u00e9e de lecture estim\u00e9e\" \/>\n\t<meta name=\"twitter:data1\" content=\"8 minutes\" \/>\n<script type=\"application\/ld+json\" class=\"yoast-schema-graph\">{\"@context\":\"https:\\\/\\\/schema.org\",\"@graph\":[{\"@type\":\"WebPage\",\"@id\":\"https:\\\/\\\/fmjf.stagingservers.net\\\/fr\\\/conditions-dutilisation\\\/\",\"url\":\"https:\\\/\\\/fmjf.stagingservers.net\\\/fr\\\/conditions-dutilisation\\\/\",\"name\":\"Conditions d'utilisation - Fondation Micha\u00eblle Jean Foundation\",\"isPartOf\":{\"@id\":\"https:\\\/\\\/fmjf.stagingservers.net\\\/fr\\\/#website\"},\"datePublished\":\"2020-09-16T15:47:21+00:00\",\"dateModified\":\"2020-09-29T23:40:07+00:00\",\"breadcrumb\":{\"@id\":\"https:\\\/\\\/fmjf.stagingservers.net\\\/fr\\\/conditions-dutilisation\\\/#breadcrumb\"},\"inLanguage\":\"fr-FR\",\"potentialAction\":[{\"@type\":\"ReadAction\",\"target\":[\"https:\\\/\\\/fmjf.stagingservers.net\\\/fr\\\/conditions-dutilisation\\\/\"]}]},{\"@type\":\"BreadcrumbList\",\"@id\":\"https:\\\/\\\/fmjf.stagingservers.net\\\/fr\\\/conditions-dutilisation\\\/#breadcrumb\",\"itemListElement\":[{\"@type\":\"ListItem\",\"position\":1,\"name\":\"Home\",\"item\":\"https:\\\/\\\/fmjf.stagingservers.net\\\/fr\\\/\"},{\"@type\":\"ListItem\",\"position\":2,\"name\":\"Conditions d'utilisation\"}]},{\"@type\":\"WebSite\",\"@id\":\"https:\\\/\\\/fmjf.stagingservers.net\\\/fr\\\/#website\",\"url\":\"https:\\\/\\\/fmjf.stagingservers.net\\\/fr\\\/\",\"name\":\"Fondation Micha\u00eblle Jean Foundation\",\"description\":\"Les jeunes sont l\u2019une des ressources les plus pr\u00e9cieuses du Canada, affirment les confondateurs et copr\u00e9sidents. Lorsqu\u2019on leur en donne l\u2019occasion, ils r\u00e9ussissent \u00e0 exprimer leurs id\u00e9es, leur cr\u00e9ativit\u00e9 et leur capacit\u00e9 \u00e0 innover, qui toutes ont le pouvoir de transformer notre soci\u00e9t\u00e9.\",\"publisher\":{\"@id\":\"https:\\\/\\\/fmjf.stagingservers.net\\\/fr\\\/#organization\"},\"potentialAction\":[{\"@type\":\"SearchAction\",\"target\":{\"@type\":\"EntryPoint\",\"urlTemplate\":\"https:\\\/\\\/fmjf.stagingservers.net\\\/fr\\\/?s={search_term_string}\"},\"query-input\":{\"@type\":\"PropertyValueSpecification\",\"valueRequired\":true,\"valueName\":\"search_term_string\"}}],\"inLanguage\":\"fr-FR\"},{\"@type\":\"Organization\",\"@id\":\"https:\\\/\\\/fmjf.stagingservers.net\\\/fr\\\/#organization\",\"name\":\"Fondation Micha\u00eblle Jean Foundation\",\"url\":\"https:\\\/\\\/fmjf.stagingservers.net\\\/fr\\\/\",\"logo\":{\"@type\":\"ImageObject\",\"inLanguage\":\"fr-FR\",\"@id\":\"https:\\\/\\\/fmjf.stagingservers.net\\\/fr\\\/#\\\/schema\\\/logo\\\/image\\\/\",\"url\":\"https:\\\/\\\/fmjf.stagingservers.net\\\/wp-content\\\/uploads\\\/2020\\\/05\\\/Logo.png\",\"contentUrl\":\"https:\\\/\\\/fmjf.stagingservers.net\\\/wp-content\\\/uploads\\\/2020\\\/05\\\/Logo.png\",\"width\":310,\"height\":96,\"caption\":\"Fondation Micha\u00eblle Jean Foundation\"},\"image\":{\"@id\":\"https:\\\/\\\/fmjf.stagingservers.net\\\/fr\\\/#\\\/schema\\\/logo\\\/image\\\/\"}}]}<\/script>\n<!-- \/ Yoast SEO plugin. -->","yoast_head_json":{"title":"Conditions d'utilisation - Fondation Micha\u00eblle Jean Foundation","robots":{"index":"noindex","follow":"follow","max-snippet":"max-snippet:-1","max-image-preview":"max-image-preview:large","max-video-preview":"max-video-preview:-1"},"og_locale":"fr_FR","og_type":"article","og_title":"Conditions d'utilisation - Fondation Micha\u00eblle Jean Foundation","og_description":"Conditions d&rsquo;utilisation Les&nbsp;R\u00e8gles d\u2019usage et d\u00e9gagement de responsabilit\u00e9&nbsp;s\u2019appliquent au site Web de la FMJF en entier. La FMFJ fournit l\u2019acc\u00e8s et l\u2019utilisation du site selon votre acceptation des R\u00e8gles suivantes. Veuillez lire attentivement les R\u00e8gles avant d\u2019utiliser ou d\u2019acc\u00e9der au site Web de la FMJF. En utilisant ou en acc\u00e9dant au site Web de la [&hellip;]","og_url":"https:\/\/fmjf.stagingservers.net\/fr\/conditions-dutilisation\/","og_site_name":"Fondation Micha\u00eblle Jean Foundation","article_modified_time":"2020-09-29T23:40:07+00:00","twitter_card":"summary_large_image","twitter_misc":{"Dur\u00e9e de lecture estim\u00e9e":"8 minutes"},"schema":{"@context":"https:\/\/schema.org","@graph":[{"@type":"WebPage","@id":"https:\/\/fmjf.stagingservers.net\/fr\/conditions-dutilisation\/","url":"https:\/\/fmjf.stagingservers.net\/fr\/conditions-dutilisation\/","name":"Conditions d'utilisation - Fondation Micha\u00eblle Jean Foundation","isPartOf":{"@id":"https:\/\/fmjf.stagingservers.net\/fr\/#website"},"datePublished":"2020-09-16T15:47:21+00:00","dateModified":"2020-09-29T23:40:07+00:00","breadcrumb":{"@id":"https:\/\/fmjf.stagingservers.net\/fr\/conditions-dutilisation\/#breadcrumb"},"inLanguage":"fr-FR","potentialAction":[{"@type":"ReadAction","target":["https:\/\/fmjf.stagingservers.net\/fr\/conditions-dutilisation\/"]}]},{"@type":"BreadcrumbList","@id":"https:\/\/fmjf.stagingservers.net\/fr\/conditions-dutilisation\/#breadcrumb","itemListElement":[{"@type":"ListItem","position":1,"name":"Home","item":"https:\/\/fmjf.stagingservers.net\/fr\/"},{"@type":"ListItem","position":2,"name":"Conditions d'utilisation"}]},{"@type":"WebSite","@id":"https:\/\/fmjf.stagingservers.net\/fr\/#website","url":"https:\/\/fmjf.stagingservers.net\/fr\/","name":"Fondation Micha\u00eblle Jean Foundation","description":"Les jeunes sont l\u2019une des ressources les plus pr\u00e9cieuses du Canada, affirment les confondateurs et copr\u00e9sidents. Lorsqu\u2019on leur en donne l\u2019occasion, ils r\u00e9ussissent \u00e0 exprimer leurs id\u00e9es, leur cr\u00e9ativit\u00e9 et leur capacit\u00e9 \u00e0 innover, qui toutes ont le pouvoir de transformer notre soci\u00e9t\u00e9.","publisher":{"@id":"https:\/\/fmjf.stagingservers.net\/fr\/#organization"},"potentialAction":[{"@type":"SearchAction","target":{"@type":"EntryPoint","urlTemplate":"https:\/\/fmjf.stagingservers.net\/fr\/?s={search_term_string}"},"query-input":{"@type":"PropertyValueSpecification","valueRequired":true,"valueName":"search_term_string"}}],"inLanguage":"fr-FR"},{"@type":"Organization","@id":"https:\/\/fmjf.stagingservers.net\/fr\/#organization","name":"Fondation Micha\u00eblle Jean Foundation","url":"https:\/\/fmjf.stagingservers.net\/fr\/","logo":{"@type":"ImageObject","inLanguage":"fr-FR","@id":"https:\/\/fmjf.stagingservers.net\/fr\/#\/schema\/logo\/image\/","url":"https:\/\/fmjf.stagingservers.net\/wp-content\/uploads\/2020\/05\/Logo.png","contentUrl":"https:\/\/fmjf.stagingservers.net\/wp-content\/uploads\/2020\/05\/Logo.png","width":310,"height":96,"caption":"Fondation Micha\u00eblle Jean Foundation"},"image":{"@id":"https:\/\/fmjf.stagingservers.net\/fr\/#\/schema\/logo\/image\/"}}]}},"_links":{"self":[{"href":"https:\/\/fmjf.stagingservers.net\/fr\/wp-json\/wp\/v2\/pages\/2213","targetHints":{"allow":["GET"]}}],"collection":[{"href":"https:\/\/fmjf.stagingservers.net\/fr\/wp-json\/wp\/v2\/pages"}],"about":[{"href":"https:\/\/fmjf.stagingservers.net\/fr\/wp-json\/wp\/v2\/types\/page"}],"author":[{"embeddable":true,"href":"https:\/\/fmjf.stagingservers.net\/fr\/wp-json\/wp\/v2\/users\/1"}],"replies":[{"embeddable":true,"href":"https:\/\/fmjf.stagingservers.net\/fr\/wp-json\/wp\/v2\/comments?post=2213"}],"version-history":[{"count":3,"href":"https:\/\/fmjf.stagingservers.net\/fr\/wp-json\/wp\/v2\/pages\/2213\/revisions"}],"predecessor-version":[{"id":4176,"href":"https:\/\/fmjf.stagingservers.net\/fr\/wp-json\/wp\/v2\/pages\/2213\/revisions\/4176"}],"wp:attachment":[{"href":"https:\/\/fmjf.stagingservers.net\/fr\/wp-json\/wp\/v2\/media?parent=2213"}],"curies":[{"name":"wp","href":"https:\/\/api.w.org\/{rel}","templated":true}]}}