{"id":1967,"date":"2020-08-24T00:57:22","date_gmt":"2020-08-24T00:57:22","guid":{"rendered":"https:\/\/fmjf.stagingservers.net\/?page_id=1967"},"modified":"2020-09-29T12:32:59","modified_gmt":"2020-09-29T16:32:59","slug":"partnaires","status":"publish","type":"page","link":"https:\/\/fmjf.stagingservers.net\/fr\/a-propos-de-nous\/partnaires\/","title":{"rendered":"Nos partenaires"},"content":{"rendered":"\r\n\r\n\r\n\r\n\r\n<section class=\"fmjf_theme_image_caption   hasImgBg alignfull \" style=\"background-image: url(https:\/\/fmjf.stagingservers.net\/wp-content\/uploads\/2020\/09\/hannah-busing-Zyx1bK9mqmA-unsplash-1-scaled.jpg);\">\r\n\r\n  <div class=\"collorBg\" style=\"background-color: rgba(10,10,10,0.4);\">\r\n    <div class=\"wrapper ac_left text_light columns_one\">\r\n\r\n                <h1 class=\"title\">Nos partenaires<\/h1>                    \r\n    <\/div>\r\n  <\/div>\r\n\r\n\r\n<\/section>\r\n\r\n\r\n\n\n\n<h2 class=\"is-style-long-line-yellow wp-block-heading\">Nos principaux supporters<\/h2>\n\n\n\n<div class=\"wp-block-group is-style-short-box\"><div class=\"wp-block-group__inner-container is-layout-flow wp-block-group-is-layout-flow\">\n<div class=\"wp-block-columns is-layout-flex wp-container-core-columns-is-layout-9d6595d7 wp-block-columns-is-layout-flex\">\n<div class=\"wp-block-column is-layout-flow wp-block-column-is-layout-flow\">\n<p style=\"font-size:22px\">TD Bank Group<\/p>\n\n\n\n<p style=\"font-size:22px\">Power Corporation du Canada<\/p>\n\n\n\n<p style=\"font-size:22px\">Sobeys Inc.<\/p>\n\n\n\n<p style=\"font-size:22px\">St. Joseph Communications<\/p>\n\n\n\n<p style=\"font-size:22px\">De Fehr Foundation Inc.<\/p>\n\n\n\n<p style=\"font-size:22px\">Bison Transport<\/p>\n\n\n\n<p style=\"font-size:22px\">The Gail Asper Family Foundation<\/p>\n\n\n\n<p style=\"font-size:22px\">Shelter Canadian Properties Limited<\/p>\n\n\n\n<p style=\"font-size:22px\">Reimer Express Foundation<\/p>\n\n\n\n<p style=\"font-size:22px\">Price Family Foundation<\/p>\n<\/div>\n\n\n\n<div class=\"wp-block-column is-layout-flow wp-block-column-is-layout-flow\">\n<p style=\"font-size:22px\">Inspirit Foundation<\/p>\n\n\n\n<p style=\"font-size:22px\">The Cole Foundation<\/p>\n\n\n\n<p style=\"font-size:22px\">The Wesley M Nicol Foundation<\/p>\n\n\n\n<p style=\"font-size:22px\">McInnes Cooper<\/p>\n\n\n\n<p style=\"font-size:22px\">Hub International Limited<\/p>\n\n\n\n<p style=\"font-size:22px\">Muhammed and Mai Munshi Fund (Aqueduc)<\/p>\n\n\n\n<p style=\"font-size:22px\">Brian Bronfman Family Foundation<\/p>\n\n\n\n<p style=\"font-size:22px\">Creative City Network of Canada<\/p>\n\n\n\n<p style=\"font-size:22px\">United Way of Greater Toronto<\/p>\n\n\n\n<p style=\"font-size:22px\">Somaya El Sesi Medicine Prof Corp.<\/p>\n<\/div>\n<\/div>\n<\/div><\/div>\n","protected":false},"excerpt":{"rendered":"<p>Nos principaux supporters TD Bank Group Power Corporation du Canada Sobeys Inc. St. Joseph Communications De Fehr Foundation Inc. Bison Transport The Gail Asper Family Foundation Shelter Canadian Properties Limited Reimer Express Foundation Price Family Foundation Inspirit Foundation The Cole Foundation The Wesley M Nicol Foundation McInnes Cooper Hub International Limited Muhammed and Mai Munshi [&hellip;]<\/p>\n","protected":false},"author":1,"featured_media":0,"parent":1406,"menu_order":0,"comment_status":"closed","ping_status":"closed","template":"","meta":{"_acf_changed":false,"footnotes":""},"class_list":["post-1967","page","type-page","status-publish","hentry"],"acf":[],"yoast_head":"<!-- This site is optimized with the Yoast SEO plugin v27.5 - https:\/\/yoast.com\/product\/yoast-seo-wordpress\/ -->\n<title>Nos partenaires - Fondation Micha\u00eblle Jean Foundation<\/title>\n<meta name=\"robots\" content=\"noindex, follow, max-snippet:-1, max-image-preview:large, max-video-preview:-1\" \/>\n<meta property=\"og:locale\" content=\"fr_FR\" \/>\n<meta property=\"og:type\" content=\"article\" \/>\n<meta property=\"og:title\" content=\"Nos partenaires - Fondation Micha\u00eblle Jean Foundation\" \/>\n<meta property=\"og:description\" content=\"Nos principaux supporters TD Bank Group Power Corporation du Canada Sobeys Inc. St. Joseph Communications De Fehr Foundation Inc. Bison Transport The Gail Asper Family Foundation Shelter Canadian Properties Limited Reimer Express Foundation Price Family Foundation Inspirit Foundation The Cole Foundation The Wesley M Nicol Foundation McInnes Cooper Hub International Limited Muhammed and Mai Munshi [&hellip;]\" \/>\n<meta property=\"og:url\" content=\"https:\/\/fmjf.stagingservers.net\/fr\/a-propos-de-nous\/partnaires\/\" \/>\n<meta property=\"og:site_name\" content=\"Fondation Micha\u00eblle Jean Foundation\" \/>\n<meta property=\"article:modified_time\" content=\"2020-09-29T16:32:59+00:00\" \/>\n<meta name=\"twitter:card\" content=\"summary_large_image\" \/>\n<script type=\"application\/ld+json\" class=\"yoast-schema-graph\">{\"@context\":\"https:\\\/\\\/schema.org\",\"@graph\":[{\"@type\":\"WebPage\",\"@id\":\"https:\\\/\\\/fmjf.stagingservers.net\\\/fr\\\/a-propos-de-nous\\\/partnaires\\\/\",\"url\":\"https:\\\/\\\/fmjf.stagingservers.net\\\/fr\\\/a-propos-de-nous\\\/partnaires\\\/\",\"name\":\"Nos partenaires - Fondation Micha\u00eblle Jean Foundation\",\"isPartOf\":{\"@id\":\"https:\\\/\\\/fmjf.stagingservers.net\\\/fr\\\/#website\"},\"datePublished\":\"2020-08-24T00:57:22+00:00\",\"dateModified\":\"2020-09-29T16:32:59+00:00\",\"breadcrumb\":{\"@id\":\"https:\\\/\\\/fmjf.stagingservers.net\\\/fr\\\/a-propos-de-nous\\\/partnaires\\\/#breadcrumb\"},\"inLanguage\":\"fr-FR\",\"potentialAction\":[{\"@type\":\"ReadAction\",\"target\":[\"https:\\\/\\\/fmjf.stagingservers.net\\\/fr\\\/a-propos-de-nous\\\/partnaires\\\/\"]}]},{\"@type\":\"BreadcrumbList\",\"@id\":\"https:\\\/\\\/fmjf.stagingservers.net\\\/fr\\\/a-propos-de-nous\\\/partnaires\\\/#breadcrumb\",\"itemListElement\":[{\"@type\":\"ListItem\",\"position\":1,\"name\":\"Home\",\"item\":\"https:\\\/\\\/fmjf.stagingservers.net\\\/fr\\\/\"},{\"@type\":\"ListItem\",\"position\":2,\"name\":\"\u00c0 propos de nous\",\"item\":\"https:\\\/\\\/fmjf.stagingservers.net\\\/fr\\\/a-propos-de-nous\\\/\"},{\"@type\":\"ListItem\",\"position\":3,\"name\":\"Nos partenaires\"}]},{\"@type\":\"WebSite\",\"@id\":\"https:\\\/\\\/fmjf.stagingservers.net\\\/fr\\\/#website\",\"url\":\"https:\\\/\\\/fmjf.stagingservers.net\\\/fr\\\/\",\"name\":\"Fondation Micha\u00eblle Jean Foundation\",\"description\":\"Les jeunes sont l\u2019une des ressources les plus pr\u00e9cieuses du Canada, affirment les confondateurs et copr\u00e9sidents. Lorsqu\u2019on leur en donne l\u2019occasion, ils r\u00e9ussissent \u00e0 exprimer leurs id\u00e9es, leur cr\u00e9ativit\u00e9 et leur capacit\u00e9 \u00e0 innover, qui toutes ont le pouvoir de transformer notre soci\u00e9t\u00e9.\",\"publisher\":{\"@id\":\"https:\\\/\\\/fmjf.stagingservers.net\\\/fr\\\/#organization\"},\"potentialAction\":[{\"@type\":\"SearchAction\",\"target\":{\"@type\":\"EntryPoint\",\"urlTemplate\":\"https:\\\/\\\/fmjf.stagingservers.net\\\/fr\\\/?s={search_term_string}\"},\"query-input\":{\"@type\":\"PropertyValueSpecification\",\"valueRequired\":true,\"valueName\":\"search_term_string\"}}],\"inLanguage\":\"fr-FR\"},{\"@type\":\"Organization\",\"@id\":\"https:\\\/\\\/fmjf.stagingservers.net\\\/fr\\\/#organization\",\"name\":\"Fondation Micha\u00eblle Jean Foundation\",\"url\":\"https:\\\/\\\/fmjf.stagingservers.net\\\/fr\\\/\",\"logo\":{\"@type\":\"ImageObject\",\"inLanguage\":\"fr-FR\",\"@id\":\"https:\\\/\\\/fmjf.stagingservers.net\\\/fr\\\/#\\\/schema\\\/logo\\\/image\\\/\",\"url\":\"https:\\\/\\\/fmjf.stagingservers.net\\\/wp-content\\\/uploads\\\/2020\\\/05\\\/Logo.png\",\"contentUrl\":\"https:\\\/\\\/fmjf.stagingservers.net\\\/wp-content\\\/uploads\\\/2020\\\/05\\\/Logo.png\",\"width\":310,\"height\":96,\"caption\":\"Fondation Micha\u00eblle Jean Foundation\"},\"image\":{\"@id\":\"https:\\\/\\\/fmjf.stagingservers.net\\\/fr\\\/#\\\/schema\\\/logo\\\/image\\\/\"}}]}<\/script>\n<!-- \/ Yoast SEO plugin. -->","yoast_head_json":{"title":"Nos partenaires - Fondation Micha\u00eblle Jean Foundation","robots":{"index":"noindex","follow":"follow","max-snippet":"max-snippet:-1","max-image-preview":"max-image-preview:large","max-video-preview":"max-video-preview:-1"},"og_locale":"fr_FR","og_type":"article","og_title":"Nos partenaires - Fondation Micha\u00eblle Jean Foundation","og_description":"Nos principaux supporters TD Bank Group Power Corporation du Canada Sobeys Inc. St. Joseph Communications De Fehr Foundation Inc. Bison Transport The Gail Asper Family Foundation Shelter Canadian Properties Limited Reimer Express Foundation Price Family Foundation Inspirit Foundation The Cole Foundation The Wesley M Nicol Foundation McInnes Cooper Hub International Limited Muhammed and Mai Munshi [&hellip;]","og_url":"https:\/\/fmjf.stagingservers.net\/fr\/a-propos-de-nous\/partnaires\/","og_site_name":"Fondation Micha\u00eblle Jean Foundation","article_modified_time":"2020-09-29T16:32:59+00:00","twitter_card":"summary_large_image","schema":{"@context":"https:\/\/schema.org","@graph":[{"@type":"WebPage","@id":"https:\/\/fmjf.stagingservers.net\/fr\/a-propos-de-nous\/partnaires\/","url":"https:\/\/fmjf.stagingservers.net\/fr\/a-propos-de-nous\/partnaires\/","name":"Nos partenaires - Fondation Micha\u00eblle Jean Foundation","isPartOf":{"@id":"https:\/\/fmjf.stagingservers.net\/fr\/#website"},"datePublished":"2020-08-24T00:57:22+00:00","dateModified":"2020-09-29T16:32:59+00:00","breadcrumb":{"@id":"https:\/\/fmjf.stagingservers.net\/fr\/a-propos-de-nous\/partnaires\/#breadcrumb"},"inLanguage":"fr-FR","potentialAction":[{"@type":"ReadAction","target":["https:\/\/fmjf.stagingservers.net\/fr\/a-propos-de-nous\/partnaires\/"]}]},{"@type":"BreadcrumbList","@id":"https:\/\/fmjf.stagingservers.net\/fr\/a-propos-de-nous\/partnaires\/#breadcrumb","itemListElement":[{"@type":"ListItem","position":1,"name":"Home","item":"https:\/\/fmjf.stagingservers.net\/fr\/"},{"@type":"ListItem","position":2,"name":"\u00c0 propos de nous","item":"https:\/\/fmjf.stagingservers.net\/fr\/a-propos-de-nous\/"},{"@type":"ListItem","position":3,"name":"Nos partenaires"}]},{"@type":"WebSite","@id":"https:\/\/fmjf.stagingservers.net\/fr\/#website","url":"https:\/\/fmjf.stagingservers.net\/fr\/","name":"Fondation Micha\u00eblle Jean Foundation","description":"Les jeunes sont l\u2019une des ressources les plus pr\u00e9cieuses du Canada, affirment les confondateurs et copr\u00e9sidents. Lorsqu\u2019on leur en donne l\u2019occasion, ils r\u00e9ussissent \u00e0 exprimer leurs id\u00e9es, leur cr\u00e9ativit\u00e9 et leur capacit\u00e9 \u00e0 innover, qui toutes ont le pouvoir de transformer notre soci\u00e9t\u00e9.","publisher":{"@id":"https:\/\/fmjf.stagingservers.net\/fr\/#organization"},"potentialAction":[{"@type":"SearchAction","target":{"@type":"EntryPoint","urlTemplate":"https:\/\/fmjf.stagingservers.net\/fr\/?s={search_term_string}"},"query-input":{"@type":"PropertyValueSpecification","valueRequired":true,"valueName":"search_term_string"}}],"inLanguage":"fr-FR"},{"@type":"Organization","@id":"https:\/\/fmjf.stagingservers.net\/fr\/#organization","name":"Fondation Micha\u00eblle Jean Foundation","url":"https:\/\/fmjf.stagingservers.net\/fr\/","logo":{"@type":"ImageObject","inLanguage":"fr-FR","@id":"https:\/\/fmjf.stagingservers.net\/fr\/#\/schema\/logo\/image\/","url":"https:\/\/fmjf.stagingservers.net\/wp-content\/uploads\/2020\/05\/Logo.png","contentUrl":"https:\/\/fmjf.stagingservers.net\/wp-content\/uploads\/2020\/05\/Logo.png","width":310,"height":96,"caption":"Fondation Micha\u00eblle Jean Foundation"},"image":{"@id":"https:\/\/fmjf.stagingservers.net\/fr\/#\/schema\/logo\/image\/"}}]}},"_links":{"self":[{"href":"https:\/\/fmjf.stagingservers.net\/fr\/wp-json\/wp\/v2\/pages\/1967","targetHints":{"allow":["GET"]}}],"collection":[{"href":"https:\/\/fmjf.stagingservers.net\/fr\/wp-json\/wp\/v2\/pages"}],"about":[{"href":"https:\/\/fmjf.stagingservers.net\/fr\/wp-json\/wp\/v2\/types\/page"}],"author":[{"embeddable":true,"href":"https:\/\/fmjf.stagingservers.net\/fr\/wp-json\/wp\/v2\/users\/1"}],"replies":[{"embeddable":true,"href":"https:\/\/fmjf.stagingservers.net\/fr\/wp-json\/wp\/v2\/comments?post=1967"}],"version-history":[{"count":13,"href":"https:\/\/fmjf.stagingservers.net\/fr\/wp-json\/wp\/v2\/pages\/1967\/revisions"}],"predecessor-version":[{"id":4053,"href":"https:\/\/fmjf.stagingservers.net\/fr\/wp-json\/wp\/v2\/pages\/1967\/revisions\/4053"}],"up":[{"embeddable":true,"href":"https:\/\/fmjf.stagingservers.net\/fr\/wp-json\/wp\/v2\/pages\/1406"}],"wp:attachment":[{"href":"https:\/\/fmjf.stagingservers.net\/fr\/wp-json\/wp\/v2\/media?parent=1967"}],"curies":[{"name":"wp","href":"https:\/\/api.w.org\/{rel}","templated":true}]}}