{"id":1963,"date":"2020-08-26T05:45:04","date_gmt":"2020-08-26T05:45:04","guid":{"rendered":"https:\/\/fmjf.stagingservers.net\/?page_id=1963"},"modified":"2020-09-30T09:53:00","modified_gmt":"2020-09-30T13:53:00","slug":"projects-speciaux-et-partenariats","status":"publish","type":"page","link":"https:\/\/fmjf.stagingservers.net\/fr\/nos-programmes\/projects-speciaux-et-partenariats\/","title":{"rendered":"Projets sp\u00e9ciaux et partenariats"},"content":{"rendered":"\r\n\r\n\r\n\r\n\r\n<section class=\"fmjf_theme_slider alignfull ee hasImgBg \">\r\n  <div class=\"fmjf_theme_first_look_slider_wrap inner\">\r\n            <div>\r\n          <div class=\"fl_gallery_item\">\r\n          <div class=\"collorBg\" style=\"background-color: rgba(10,10,10,0.2);\"><\/div>\r\n            <div class=\"fl_gallery_item_content text_light\">\r\n              <h2>\r\n                Projets sp\u00e9ciaux et partenariats              <\/h2>\r\n            <\/div>\r\n            <img decoding=\"async\" src=\"https:\/\/fmjf.stagingservers.net\/wp-content\/uploads\/2020\/09\/the-digital-marketing-collaboration-i0WO_RzeB2Y-unsplash-scaled.jpg\" alt=\"\" \/>\r\n          <\/div>\r\n        <\/div>\r\n      <\/div>\r\n\r\n\r\n\r\n\r\n<\/section>\r\n\r\n\r\n\n\n\n<div style=\"height:100px\" aria-hidden=\"true\" class=\"wp-block-spacer\"><\/div>\n\n\n\n<div class=\"wp-block-group\"><div class=\"wp-block-group__inner-container is-layout-flow wp-block-group-is-layout-flow\">\n<h2 class=\"wp-block-heading\">Sommet pancanadien des communaut\u00e9s noires: nous serons entendus<\/h2>\n\n\n\n<p><\/p>\n<\/div><\/div>\n\n\n\n<div class=\"wp-block-group is-style-default\"><div class=\"wp-block-group__inner-container is-layout-flow wp-block-group-is-layout-flow\">\n<div class=\"wp-block-media-text is-stacked-on-mobile is-vertically-aligned-top\" style=\"grid-template-columns:15% auto\"><figure class=\"wp-block-media-text__media\"><img loading=\"lazy\" decoding=\"async\" width=\"232\" height=\"188\" src=\"https:\/\/fmjf.stagingservers.net\/wp-content\/uploads\/2020\/09\/1.png\" alt=\"\" class=\"wp-image-2063 lazyload\"\/><\/figure><div class=\"wp-block-media-text__content\">\n<p class=\"has-medium-font-size\">Le Sommet pancanadien des communaut\u00e9s noires, organis\u00e9 par la Fondation Micha\u00eblle Jean Foundation, sous les auspices de la D\u00e9cennie internationale pour les personnes d\u2019ascendance africaine: reconnaissance, justice et d\u00e9veloppement (2015-2024) proclam\u00e9e par les Nations Unies, est une occasion majeure pour les Canadiennes et des Canadiens issus des communaut\u00e9s noires, toutes g\u00e9n\u00e9rations, tous secteurs et horizons confondus, de se rassembler. Cette importante mobilisation leur permet de partager leurs exp\u00e9riences et d\u2019exprimer leurs perspectives, de sensibiliser largement et de susciter un dialogue national inclusif impliquant de nombreuses parties prenantes, des institutions financi\u00e8res et universitaires, des organisations de la soci\u00e9t\u00e9 civile, des d\u00e9cideurs des secteurs public et priv\u00e9, en faveur d\u2019actions r\u00e9solues pour l\u2019\u00e9radication de la discrimination raciale, au nom des valeurs et des principes d\u2019\u00e9quit\u00e9 et de justice pour tous. L\u2019objectif du Sommet est de cr\u00e9er une feuille de route visant l\u2019\u00e9laboration et la mise en \u0153uvre de solutions concr\u00e8tes aux besoins et aux d\u00e9fis auxquels sont confront\u00e9es les communaut\u00e9s noires \u00e0 travers le Canada.<\/p>\n\n\n\n<p class=\"has-medium-font-size\">Nous sommes d\u00e9j\u00e0 bien avanc\u00e9s. Le premier Sommet pancanadien des communaut\u00e9s noires a eu lieu en d\u00e9cembre 2017 \u00e0 Toronto, suivi d\u2019une deuxi\u00e8me \u00e9dition en f\u00e9vrier 2019 \u00e0 Ottawa avec des centaines de participants de partout au pays qui ont su collaborer et contribuer \u00e0 l\u2019\u00e9laboration d\u2019un plan d\u2019action strat\u00e9gique et de lutte contre le racisme syst\u00e9mique au Canada. Ils ont su participer \u00e0 des rencontres avec plusieurs ministres f\u00e9d\u00e9raux, pour les interpeller, les sensibiliser et se faire entendre. Le troisi\u00e8me Sommet,\u00a0 report\u00e9 en raison du Covid-19 en mars 2021 \u00e0 Halifax, a pour but d\u2019exiger des politiques publiques dans plusieurs domaines avec un souci d\u2019impact direct sur les r\u00e9alit\u00e9s qui affligent les communaut\u00e9s noires au Canada. La participation de la jeunesse est remarquable. Nos demandes unifi\u00e9es de responsabilisation accrue et de reconnaissance de la contribution des Canadiennes et des Canadiens de race noire ont \u00e9t\u00e9 entendues \u2013 et continueront de l\u2019\u00eatre \u2013 aux plus hauts niveaux du gouvernement.<\/p>\n\n\n\n<p class=\"has-medium-font-size\"><\/p>\n<\/div><\/div>\n<\/div><\/div>\n\n\n\n<div class=\"wp-block-group\"><div class=\"wp-block-group__inner-container is-layout-flow wp-block-group-is-layout-flow\">\n<h2 class=\"wp-block-heading\">Histoires de r\u00e9silience: Paysages d&rsquo;espoir<\/h2>\n<\/div><\/div>\n\n\n\n<div class=\"wp-block-group is-style-default\"><div class=\"wp-block-group__inner-container is-layout-flow wp-block-group-is-layout-flow\">\n<div class=\"wp-block-media-text is-stacked-on-mobile is-vertically-aligned-top\" style=\"grid-template-columns:15% auto\"><figure class=\"wp-block-media-text__media\"><img loading=\"lazy\" decoding=\"async\" width=\"236\" height=\"252\" src=\"https:\/\/fmjf.stagingservers.net\/wp-content\/uploads\/2020\/09\/2.png\" alt=\"\" class=\"wp-image-2065 lazyload\"\/><\/figure><div class=\"wp-block-media-text__content\">\n<p class=\"has-medium-font-size\">En partenariat avec l&rsquo;Universit\u00e9&nbsp;Concordia (Montr\u00e9al)<em>&nbsp;Paysages d\u2019espoir&nbsp;<\/em>est un projet qui permet aux jeunes marginalis\u00e9s du Qu\u00e9bec et du reste du Canada de partager leurs exp\u00e9riences&nbsp;face au&nbsp;racisme,&nbsp;la&nbsp;discrimination et&nbsp;l&rsquo;intimidation. L&rsquo;objectif est de collaborer directement avec ces jeunes, de&nbsp;les aider&nbsp;\u00e0&nbsp;immortaliser et&nbsp;\u00e0&nbsp;rassembler&nbsp;de mani\u00e8re percutante&nbsp;le&nbsp;r\u00e9cit&nbsp;de leurs&nbsp;exp\u00e9riences,&nbsp;amplifier leurs voix,&nbsp;renforcer&nbsp;leur capacit\u00e9&nbsp;de&nbsp;r\u00e9silience et agir sur&nbsp;les pr\u00e9jug\u00e9s. L\u2019exp\u00e9rience consiste aussi&nbsp;\u00e0&nbsp;les doter&nbsp;de comp\u00e9tencesnouvelles, notamment&nbsp;num\u00e9riques&nbsp;et des&nbsp;outils&nbsp;de pointe leur permettant de&nbsp;cr\u00e9er des histoires&nbsp;sur des supports&nbsp;multim\u00e9dias, des ressources en ligne et des projets&nbsp;collectifs&nbsp;qui refl\u00e8tent fid\u00e8lement leur vie,&nbsp;permettent de d\u00e9velopper&nbsp;leur sensibilit\u00e9&nbsp;aux comportements altruistes&nbsp;et&nbsp;\u00e0&nbsp;l&rsquo;engagement&nbsp;citoyen. <\/p>\n\n\n\n<p class=\"has-medium-font-size\">Ce&nbsp;travail implique&nbsp;aux c\u00f4t\u00e9s des jeunes, des partenaires communautaires, des organisations non gouvernementales et des institutions publiques.<\/p>\n<\/div><\/div>\n<\/div><\/div>\n\n\n\n<div class=\"wp-block-group\"><div class=\"wp-block-group__inner-container is-layout-flow wp-block-group-is-layout-flow\">\n<h2 class=\"wp-block-heading\">Les arts sont pour tout le monde<\/h2>\n<\/div><\/div>\n\n\n\n<div class=\"wp-block-group is-style-default\"><div class=\"wp-block-group__inner-container is-layout-flow wp-block-group-is-layout-flow\">\n<div class=\"wp-block-media-text is-stacked-on-mobile is-vertically-aligned-top\" style=\"grid-template-columns:15% auto\"><figure class=\"wp-block-media-text__media\"><img loading=\"lazy\" decoding=\"async\" width=\"214\" height=\"232\" src=\"https:\/\/fmjf.stagingservers.net\/wp-content\/uploads\/2020\/09\/3.png\" alt=\"\" class=\"wp-image-2067 lazyload\"\/><\/figure><div class=\"wp-block-media-text__content\">\n<p class=\"has-medium-font-size\">Nous travaillons en partenariat avec la Fondation de la Soci\u00e9t\u00e9&nbsp;Logement communautaire d\u2019Ottawa&nbsp;(LCO)&nbsp;afin de permettre&nbsp;\u00e0&nbsp;plus de 10 000 jeunes&nbsp;et enfants&nbsp;vivant dans&nbsp;ces&nbsp;quartiers&nbsp;d\u2019acc\u00e9der&nbsp;\u00e0&nbsp;desprogrammes artistiques et culturels. <\/p>\n\n\n\n<p class=\"has-medium-font-size\">Ce projet s\u2019inscrit dans le cadre de&nbsp;l\u2019initiative d&rsquo;engagement communautaire&nbsp;<a href=\"https:\/\/reclink.ca\/\">recLINK de LCO<\/a>&nbsp;qui voit&nbsp;\u00e0&nbsp;la&nbsp;coordination de services&nbsp;r\u00e9cr\u00e9atifs, culturels et sportifs ainsi que des camps de loisirs pour ces jeunes&nbsp;issus de milieux&nbsp;d\u00e9favoris\u00e9s. Ces types de programmes aident les jeunes des quartiers de LCO&nbsp;\u00e0&nbsp;vivre en meilleure sant\u00e9, plus heureux et plus actifs physiquement,&nbsp;ils leur&nbsp;offrent&nbsp;des espaces s\u00fbrspour&nbsp;mettre en commun&nbsp;leurs histoires&nbsp;et en pratique&nbsp;des valeurs altruistes de collaboration, de respect, d&#8217;empathie,&nbsp;de solidarit\u00e9&nbsp;et d\u2019appr\u00e9ciation de la diversit\u00e9. <\/p>\n\n\n\n<p class=\"has-medium-font-size\">Notre partenariat avec LCO vise&nbsp;\u00e0&nbsp;aider le recLINK&nbsp;\u00e0&nbsp;consolider et&nbsp;\u00e0 \u00e9largir&nbsp;son offre de programmes&nbsp;artistiques et culturels. <\/p>\n<\/div><\/div>\n<\/div><\/div>\n\n\n\n<div class=\"wp-block-group\"><div class=\"wp-block-group__inner-container is-layout-flow wp-block-group-is-layout-flow\">\n<h2 class=\"wp-block-heading\">Prix \u200b\u200bInspiration Jeunesse de la capitale <\/h2>\n<\/div><\/div>\n\n\n\n<div class=\"wp-block-group is-style-default\"><div class=\"wp-block-group__inner-container is-layout-flow wp-block-group-is-layout-flow\">\n<div class=\"wp-block-media-text is-stacked-on-mobile is-vertically-aligned-top\" style=\"grid-template-columns:15% auto\"><figure class=\"wp-block-media-text__media\"><img loading=\"lazy\" decoding=\"async\" width=\"232\" height=\"188\" src=\"https:\/\/fmjf.stagingservers.net\/wp-content\/uploads\/2020\/09\/Frame-4.png\" alt=\"\" class=\"wp-image-2069 lazyload\"\/><\/figure><div class=\"wp-block-media-text__content\">\n<p class=\"has-medium-font-size\">En partenariat avec <a href=\"https:\/\/www.youthottawa.ca\/fr\/\">Jeunesse Ottawa<\/a>, nous appuyons les&nbsp;<a href=\"https:\/\/www.youthottawa.ca\/fr\/events\/nominate\/\">Prix&nbsp;Inspiration Jeunesse&nbsp;de la capitale<\/a>&nbsp;qui honorent les r\u00e9alisations de&nbsp;jeunes&nbsp;qui&nbsp;\u00e0&nbsp;Ottawa&nbsp;font preuve d\u2019un grand m\u00e9rite&nbsp;dans diff\u00e9rents domaines &#8211;&nbsp;pers\u00e9v\u00e9rance scolaire,&nbsp;arts,&nbsp;culture&nbsp;et diversit\u00e9,&nbsp;entrepreneuriat et innovation,&nbsp;services&nbsp;\u00e0&nbsp;la communaut\u00e9.<\/p>\n\n\n\n<p class=\"has-medium-font-size\">On ne r\u00e9compensera&nbsp;jamais assez les&nbsp;efforts, le leadership, le courage et les&nbsp;initiatives sociales exemplaires&nbsp;des jeunes qui contribuent remarquablement au mieux&nbsp;\u00eatre dans&nbsp;leur communaut\u00e9.<\/p>\n<\/div><\/div>\n<\/div><\/div>\n\n\n\n<p><\/p>\n","protected":false},"excerpt":{"rendered":"<p>Sommet pancanadien des communaut\u00e9s noires: nous serons entendus Le Sommet pancanadien des communaut\u00e9s noires, organis\u00e9 par la Fondation Micha\u00eblle Jean Foundation, sous les auspices de la D\u00e9cennie internationale pour les personnes d\u2019ascendance africaine: reconnaissance, justice et d\u00e9veloppement (2015-2024) proclam\u00e9e par les Nations Unies, est une occasion majeure pour les Canadiennes et des Canadiens issus des [&hellip;]<\/p>\n","protected":false},"author":1,"featured_media":0,"parent":1486,"menu_order":0,"comment_status":"closed","ping_status":"closed","template":"","meta":{"_acf_changed":false,"footnotes":""},"class_list":["post-1963","page","type-page","status-publish","hentry"],"acf":[],"yoast_head":"<!-- This site is optimized with the Yoast SEO plugin v27.5 - https:\/\/yoast.com\/product\/yoast-seo-wordpress\/ -->\n<title>Projets sp\u00e9ciaux et partenariats - Fondation Micha\u00eblle Jean Foundation<\/title>\n<meta name=\"robots\" content=\"noindex, follow, max-snippet:-1, max-image-preview:large, max-video-preview:-1\" \/>\n<meta property=\"og:locale\" content=\"fr_FR\" \/>\n<meta property=\"og:type\" content=\"article\" \/>\n<meta property=\"og:title\" content=\"Projets sp\u00e9ciaux et partenariats - Fondation Micha\u00eblle Jean Foundation\" \/>\n<meta property=\"og:description\" content=\"Sommet pancanadien des communaut\u00e9s noires: nous serons entendus Le Sommet pancanadien des communaut\u00e9s noires, organis\u00e9 par la Fondation Micha\u00eblle Jean Foundation, sous les auspices de la D\u00e9cennie internationale pour les personnes d\u2019ascendance africaine: reconnaissance, justice et d\u00e9veloppement (2015-2024) proclam\u00e9e par les Nations Unies, est une occasion majeure pour les Canadiennes et des Canadiens issus des [&hellip;]\" \/>\n<meta property=\"og:url\" content=\"https:\/\/fmjf.stagingservers.net\/fr\/nos-programmes\/projects-speciaux-et-partenariats\/\" \/>\n<meta property=\"og:site_name\" content=\"Fondation Micha\u00eblle Jean Foundation\" \/>\n<meta property=\"article:modified_time\" content=\"2020-09-30T13:53:00+00:00\" \/>\n<meta property=\"og:image\" content=\"https:\/\/fmjf.stagingservers.net\/wp-content\/uploads\/2020\/09\/1.png\" \/>\n<meta name=\"twitter:card\" content=\"summary_large_image\" \/>\n<meta name=\"twitter:label1\" content=\"Dur\u00e9e de lecture estim\u00e9e\" \/>\n\t<meta name=\"twitter:data1\" content=\"4 minutes\" \/>\n<script type=\"application\/ld+json\" class=\"yoast-schema-graph\">{\"@context\":\"https:\\\/\\\/schema.org\",\"@graph\":[{\"@type\":\"WebPage\",\"@id\":\"https:\\\/\\\/fmjf.stagingservers.net\\\/fr\\\/nos-programmes\\\/projects-speciaux-et-partenariats\\\/\",\"url\":\"https:\\\/\\\/fmjf.stagingservers.net\\\/fr\\\/nos-programmes\\\/projects-speciaux-et-partenariats\\\/\",\"name\":\"Projets sp\u00e9ciaux et partenariats - Fondation Micha\u00eblle Jean Foundation\",\"isPartOf\":{\"@id\":\"https:\\\/\\\/fmjf.stagingservers.net\\\/fr\\\/#website\"},\"primaryImageOfPage\":{\"@id\":\"https:\\\/\\\/fmjf.stagingservers.net\\\/fr\\\/nos-programmes\\\/projects-speciaux-et-partenariats\\\/#primaryimage\"},\"image\":{\"@id\":\"https:\\\/\\\/fmjf.stagingservers.net\\\/fr\\\/nos-programmes\\\/projects-speciaux-et-partenariats\\\/#primaryimage\"},\"thumbnailUrl\":\"https:\\\/\\\/fmjf.stagingservers.net\\\/wp-content\\\/uploads\\\/2020\\\/09\\\/1.png\",\"datePublished\":\"2020-08-26T05:45:04+00:00\",\"dateModified\":\"2020-09-30T13:53:00+00:00\",\"breadcrumb\":{\"@id\":\"https:\\\/\\\/fmjf.stagingservers.net\\\/fr\\\/nos-programmes\\\/projects-speciaux-et-partenariats\\\/#breadcrumb\"},\"inLanguage\":\"fr-FR\",\"potentialAction\":[{\"@type\":\"ReadAction\",\"target\":[\"https:\\\/\\\/fmjf.stagingservers.net\\\/fr\\\/nos-programmes\\\/projects-speciaux-et-partenariats\\\/\"]}]},{\"@type\":\"ImageObject\",\"inLanguage\":\"fr-FR\",\"@id\":\"https:\\\/\\\/fmjf.stagingservers.net\\\/fr\\\/nos-programmes\\\/projects-speciaux-et-partenariats\\\/#primaryimage\",\"url\":\"https:\\\/\\\/fmjf.stagingservers.net\\\/wp-content\\\/uploads\\\/2020\\\/09\\\/1.png\",\"contentUrl\":\"https:\\\/\\\/fmjf.stagingservers.net\\\/wp-content\\\/uploads\\\/2020\\\/09\\\/1.png\"},{\"@type\":\"BreadcrumbList\",\"@id\":\"https:\\\/\\\/fmjf.stagingservers.net\\\/fr\\\/nos-programmes\\\/projects-speciaux-et-partenariats\\\/#breadcrumb\",\"itemListElement\":[{\"@type\":\"ListItem\",\"position\":1,\"name\":\"Home\",\"item\":\"https:\\\/\\\/fmjf.stagingservers.net\\\/fr\\\/\"},{\"@type\":\"ListItem\",\"position\":2,\"name\":\"Nos Programmes\",\"item\":\"https:\\\/\\\/fmjf.stagingservers.net\\\/fr\\\/nos-programmes\\\/\"},{\"@type\":\"ListItem\",\"position\":3,\"name\":\"Projets sp\u00e9ciaux et partenariats\"}]},{\"@type\":\"WebSite\",\"@id\":\"https:\\\/\\\/fmjf.stagingservers.net\\\/fr\\\/#website\",\"url\":\"https:\\\/\\\/fmjf.stagingservers.net\\\/fr\\\/\",\"name\":\"Fondation Micha\u00eblle Jean Foundation\",\"description\":\"Les jeunes sont l\u2019une des ressources les plus pr\u00e9cieuses du Canada, affirment les confondateurs et copr\u00e9sidents. Lorsqu\u2019on leur en donne l\u2019occasion, ils r\u00e9ussissent \u00e0 exprimer leurs id\u00e9es, leur cr\u00e9ativit\u00e9 et leur capacit\u00e9 \u00e0 innover, qui toutes ont le pouvoir de transformer notre soci\u00e9t\u00e9.\",\"publisher\":{\"@id\":\"https:\\\/\\\/fmjf.stagingservers.net\\\/fr\\\/#organization\"},\"potentialAction\":[{\"@type\":\"SearchAction\",\"target\":{\"@type\":\"EntryPoint\",\"urlTemplate\":\"https:\\\/\\\/fmjf.stagingservers.net\\\/fr\\\/?s={search_term_string}\"},\"query-input\":{\"@type\":\"PropertyValueSpecification\",\"valueRequired\":true,\"valueName\":\"search_term_string\"}}],\"inLanguage\":\"fr-FR\"},{\"@type\":\"Organization\",\"@id\":\"https:\\\/\\\/fmjf.stagingservers.net\\\/fr\\\/#organization\",\"name\":\"Fondation Micha\u00eblle Jean Foundation\",\"url\":\"https:\\\/\\\/fmjf.stagingservers.net\\\/fr\\\/\",\"logo\":{\"@type\":\"ImageObject\",\"inLanguage\":\"fr-FR\",\"@id\":\"https:\\\/\\\/fmjf.stagingservers.net\\\/fr\\\/#\\\/schema\\\/logo\\\/image\\\/\",\"url\":\"https:\\\/\\\/fmjf.stagingservers.net\\\/wp-content\\\/uploads\\\/2020\\\/05\\\/Logo.png\",\"contentUrl\":\"https:\\\/\\\/fmjf.stagingservers.net\\\/wp-content\\\/uploads\\\/2020\\\/05\\\/Logo.png\",\"width\":310,\"height\":96,\"caption\":\"Fondation Micha\u00eblle Jean Foundation\"},\"image\":{\"@id\":\"https:\\\/\\\/fmjf.stagingservers.net\\\/fr\\\/#\\\/schema\\\/logo\\\/image\\\/\"}}]}<\/script>\n<!-- \/ Yoast SEO plugin. -->","yoast_head_json":{"title":"Projets sp\u00e9ciaux et partenariats - Fondation Micha\u00eblle Jean Foundation","robots":{"index":"noindex","follow":"follow","max-snippet":"max-snippet:-1","max-image-preview":"max-image-preview:large","max-video-preview":"max-video-preview:-1"},"og_locale":"fr_FR","og_type":"article","og_title":"Projets sp\u00e9ciaux et partenariats - Fondation Micha\u00eblle Jean Foundation","og_description":"Sommet pancanadien des communaut\u00e9s noires: nous serons entendus Le Sommet pancanadien des communaut\u00e9s noires, organis\u00e9 par la Fondation Micha\u00eblle Jean Foundation, sous les auspices de la D\u00e9cennie internationale pour les personnes d\u2019ascendance africaine: reconnaissance, justice et d\u00e9veloppement (2015-2024) proclam\u00e9e par les Nations Unies, est une occasion majeure pour les Canadiennes et des Canadiens issus des [&hellip;]","og_url":"https:\/\/fmjf.stagingservers.net\/fr\/nos-programmes\/projects-speciaux-et-partenariats\/","og_site_name":"Fondation Micha\u00eblle Jean Foundation","article_modified_time":"2020-09-30T13:53:00+00:00","og_image":[{"url":"https:\/\/fmjf.stagingservers.net\/wp-content\/uploads\/2020\/09\/1.png","type":"","width":"","height":""}],"twitter_card":"summary_large_image","twitter_misc":{"Dur\u00e9e de lecture estim\u00e9e":"4 minutes"},"schema":{"@context":"https:\/\/schema.org","@graph":[{"@type":"WebPage","@id":"https:\/\/fmjf.stagingservers.net\/fr\/nos-programmes\/projects-speciaux-et-partenariats\/","url":"https:\/\/fmjf.stagingservers.net\/fr\/nos-programmes\/projects-speciaux-et-partenariats\/","name":"Projets sp\u00e9ciaux et partenariats - Fondation Micha\u00eblle Jean Foundation","isPartOf":{"@id":"https:\/\/fmjf.stagingservers.net\/fr\/#website"},"primaryImageOfPage":{"@id":"https:\/\/fmjf.stagingservers.net\/fr\/nos-programmes\/projects-speciaux-et-partenariats\/#primaryimage"},"image":{"@id":"https:\/\/fmjf.stagingservers.net\/fr\/nos-programmes\/projects-speciaux-et-partenariats\/#primaryimage"},"thumbnailUrl":"https:\/\/fmjf.stagingservers.net\/wp-content\/uploads\/2020\/09\/1.png","datePublished":"2020-08-26T05:45:04+00:00","dateModified":"2020-09-30T13:53:00+00:00","breadcrumb":{"@id":"https:\/\/fmjf.stagingservers.net\/fr\/nos-programmes\/projects-speciaux-et-partenariats\/#breadcrumb"},"inLanguage":"fr-FR","potentialAction":[{"@type":"ReadAction","target":["https:\/\/fmjf.stagingservers.net\/fr\/nos-programmes\/projects-speciaux-et-partenariats\/"]}]},{"@type":"ImageObject","inLanguage":"fr-FR","@id":"https:\/\/fmjf.stagingservers.net\/fr\/nos-programmes\/projects-speciaux-et-partenariats\/#primaryimage","url":"https:\/\/fmjf.stagingservers.net\/wp-content\/uploads\/2020\/09\/1.png","contentUrl":"https:\/\/fmjf.stagingservers.net\/wp-content\/uploads\/2020\/09\/1.png"},{"@type":"BreadcrumbList","@id":"https:\/\/fmjf.stagingservers.net\/fr\/nos-programmes\/projects-speciaux-et-partenariats\/#breadcrumb","itemListElement":[{"@type":"ListItem","position":1,"name":"Home","item":"https:\/\/fmjf.stagingservers.net\/fr\/"},{"@type":"ListItem","position":2,"name":"Nos Programmes","item":"https:\/\/fmjf.stagingservers.net\/fr\/nos-programmes\/"},{"@type":"ListItem","position":3,"name":"Projets sp\u00e9ciaux et partenariats"}]},{"@type":"WebSite","@id":"https:\/\/fmjf.stagingservers.net\/fr\/#website","url":"https:\/\/fmjf.stagingservers.net\/fr\/","name":"Fondation Micha\u00eblle Jean Foundation","description":"Les jeunes sont l\u2019une des ressources les plus pr\u00e9cieuses du Canada, affirment les confondateurs et copr\u00e9sidents. Lorsqu\u2019on leur en donne l\u2019occasion, ils r\u00e9ussissent \u00e0 exprimer leurs id\u00e9es, leur cr\u00e9ativit\u00e9 et leur capacit\u00e9 \u00e0 innover, qui toutes ont le pouvoir de transformer notre soci\u00e9t\u00e9.","publisher":{"@id":"https:\/\/fmjf.stagingservers.net\/fr\/#organization"},"potentialAction":[{"@type":"SearchAction","target":{"@type":"EntryPoint","urlTemplate":"https:\/\/fmjf.stagingservers.net\/fr\/?s={search_term_string}"},"query-input":{"@type":"PropertyValueSpecification","valueRequired":true,"valueName":"search_term_string"}}],"inLanguage":"fr-FR"},{"@type":"Organization","@id":"https:\/\/fmjf.stagingservers.net\/fr\/#organization","name":"Fondation Micha\u00eblle Jean Foundation","url":"https:\/\/fmjf.stagingservers.net\/fr\/","logo":{"@type":"ImageObject","inLanguage":"fr-FR","@id":"https:\/\/fmjf.stagingservers.net\/fr\/#\/schema\/logo\/image\/","url":"https:\/\/fmjf.stagingservers.net\/wp-content\/uploads\/2020\/05\/Logo.png","contentUrl":"https:\/\/fmjf.stagingservers.net\/wp-content\/uploads\/2020\/05\/Logo.png","width":310,"height":96,"caption":"Fondation Micha\u00eblle Jean Foundation"},"image":{"@id":"https:\/\/fmjf.stagingservers.net\/fr\/#\/schema\/logo\/image\/"}}]}},"_links":{"self":[{"href":"https:\/\/fmjf.stagingservers.net\/fr\/wp-json\/wp\/v2\/pages\/1963","targetHints":{"allow":["GET"]}}],"collection":[{"href":"https:\/\/fmjf.stagingservers.net\/fr\/wp-json\/wp\/v2\/pages"}],"about":[{"href":"https:\/\/fmjf.stagingservers.net\/fr\/wp-json\/wp\/v2\/types\/page"}],"author":[{"embeddable":true,"href":"https:\/\/fmjf.stagingservers.net\/fr\/wp-json\/wp\/v2\/users\/1"}],"replies":[{"embeddable":true,"href":"https:\/\/fmjf.stagingservers.net\/fr\/wp-json\/wp\/v2\/comments?post=1963"}],"version-history":[{"count":34,"href":"https:\/\/fmjf.stagingservers.net\/fr\/wp-json\/wp\/v2\/pages\/1963\/revisions"}],"predecessor-version":[{"id":4194,"href":"https:\/\/fmjf.stagingservers.net\/fr\/wp-json\/wp\/v2\/pages\/1963\/revisions\/4194"}],"up":[{"embeddable":true,"href":"https:\/\/fmjf.stagingservers.net\/fr\/wp-json\/wp\/v2\/pages\/1486"}],"wp:attachment":[{"href":"https:\/\/fmjf.stagingservers.net\/fr\/wp-json\/wp\/v2\/media?parent=1963"}],"curies":[{"name":"wp","href":"https:\/\/api.w.org\/{rel}","templated":true}]}}