{"id":1653,"date":"2020-09-01T00:33:16","date_gmt":"2020-09-01T00:33:16","guid":{"rendered":"https:\/\/fmjf.stagingservers.net\/?page_id=1653"},"modified":"2020-09-28T12:37:48","modified_gmt":"2020-09-28T16:37:48","slug":"participez","status":"publish","type":"page","link":"https:\/\/fmjf.stagingservers.net\/fr\/participez\/","title":{"rendered":"Participez"},"content":{"rendered":"\r\n\r\n\r\n\r\n\r\n<section class=\"fmjf_theme_image_caption   hasImgBg alignfull \" style=\"background-image: url(https:\/\/fmjf.stagingservers.net\/wp-content\/uploads\/2020\/05\/katie-moum-PAQ51PKPM8I-unsplash-1.jpg);\">\r\n\r\n  <div class=\"collorBg\" style=\"\">\r\n    <div class=\"wrapper ac_left text_light columns_one\">\r\n\r\n                <h1 class=\"title\">Impliquez-vous<\/h1>                    \r\n    <\/div>\r\n  <\/div>\r\n\r\n\r\n<\/section>\r\n\r\n\r\n\n\n\n<div class=\"wp-block-group\"><div class=\"wp-block-group__inner-container is-layout-flow wp-block-group-is-layout-flow\">\n<div class=\"wp-block-media-text has-media-on-the-right is-stacked-on-mobile is-vertically-aligned-top is-style-spot-blue get_involved_blue\" style=\"grid-template-columns:auto 44%\"><figure class=\"wp-block-media-text__media\"><img loading=\"lazy\" decoding=\"async\" width=\"1024\" height=\"683\" src=\"https:\/\/fmjf.stagingservers.net\/wp-content\/uploads\/2020\/09\/helena-lopes-PGnqT0rXWLs-unsplash-1024x683.jpg\" alt=\"\" class=\"wp-image-2468 lazyload\" srcset=\"https:\/\/fmjf.stagingservers.net\/wp-content\/uploads\/2020\/09\/helena-lopes-PGnqT0rXWLs-unsplash-1024x683.jpg 1024w, https:\/\/fmjf.stagingservers.net\/wp-content\/uploads\/2020\/09\/helena-lopes-PGnqT0rXWLs-unsplash-600x400.jpg 600w, https:\/\/fmjf.stagingservers.net\/wp-content\/uploads\/2020\/09\/helena-lopes-PGnqT0rXWLs-unsplash-768x512.jpg 768w, https:\/\/fmjf.stagingservers.net\/wp-content\/uploads\/2020\/09\/helena-lopes-PGnqT0rXWLs-unsplash-1536x1024.jpg 1536w, https:\/\/fmjf.stagingservers.net\/wp-content\/uploads\/2020\/09\/helena-lopes-PGnqT0rXWLs-unsplash-2048x1365.jpg 2048w\" sizes=\"auto, (max-width: 1024px) 100vw, 1024px\" \/><\/figure><div class=\"wp-block-media-text__content\">\n<h2 class=\"wp-block-heading\">Participez<\/h2>\n\n\n\n<h5 class=\"wp-block-heading\">Aidez-nous \u00e0 transformer de jeunes vies et revitaliser les communaut\u00e9s mal desservies partout au Canada.<\/h5>\n\n\n\n<div class=\"wp-block-buttons button_full is-layout-flex wp-block-buttons-is-layout-flex\">\n<div class=\"wp-block-button\"><a class=\"wp-block-button__link has-white-color has-blue-background-color has-text-color has-background no-border-radius\" href=\"https:\/\/www.jedonneenligne.org\/fmjf\/frm_detail.php?FrmUID=1\" target=\"_blank\" rel=\"noreferrer noopener\">Faites un don<\/a><\/div>\n<\/div>\n\n\n\n<div class=\"wp-block-buttons button_full is-layout-flex wp-block-buttons-is-layout-flex\">\n<div class=\"wp-block-button\"><a class=\"wp-block-button__link has-white-color has-blue-background-color has-text-color has-background no-border-radius\" href=\"\/fr\/participez\/benevolat\/#partnerForm\">Collecter des fonds<\/a><\/div>\n<\/div>\n\n\n\n<p><\/p>\n<\/div><\/div>\n<\/div><\/div>\n\n\n\n<div class=\"wp-block-group alignwide\"><div class=\"wp-block-group__inner-container is-layout-flow wp-block-group-is-layout-flow\">\n<div class=\"wp-block-media-text is-stacked-on-mobile is-style-spot-red get_involved_red\" style=\"grid-template-columns:30% auto\"><figure class=\"wp-block-media-text__media\"><img loading=\"lazy\" decoding=\"async\" width=\"400\" height=\"266\" src=\"https:\/\/fmjf.stagingservers.net\/wp-content\/uploads\/2020\/09\/GET_INVOLVED_tm_2.jpg\" alt=\"\" class=\"wp-image-1316 lazyload\"\/><\/figure><div class=\"wp-block-media-text__content\">\n<h2 class=\"wp-block-heading\">Nos ressources<\/h2>\n\n\n\r\n\r\n\r\n<section class=\"fmjf_theme_ico_text  \">\r\n\r\n  <div class=\"fmjf_theme_ico_text_wrap direction-row   align-top  columnIndex_2 \">\r\n\r\n            <div class=\"icon_item\">\r\n                    <div class=\"text\">\r\n            <div class=\"smallTitle\">Pr\u00e9sentations \u00e9difiantes<\/div>\r\n            \r\n                          <a href=\"mailto:info@fmjf.ca\" target=\"_blank\">En savoir plus <span class=\"screen-reader-text\">Pr\u00e9sentations \u00e9difiantes<\/span> <\/a>\r\n           \r\n           \r\n            \r\n\r\n\r\n\r\n\r\n\r\n          <\/div>\r\n\r\n\r\n\r\n        <\/div>\r\n            <div class=\"icon_item\">\r\n                    <div class=\"text\">\r\n            <div class=\"smallTitle\">Solutions personnalis\u00e9es<\/div>\r\n            \r\n                          <a href=\"mailto:info@fmjf.ca\" target=\"_blank\">En savoir plus <span class=\"screen-reader-text\">Solutions personnalis\u00e9es<\/span> <\/a>\r\n           \r\n           \r\n            \r\n\r\n\r\n\r\n\r\n\r\n          <\/div>\r\n\r\n\r\n\r\n        <\/div>\r\n    \r\n\r\n  <\/div>\r\n<\/section>\r\n<\/div><\/div>\n\n\n\n<p><\/p>\n<\/div><\/div>\n","protected":false},"excerpt":{"rendered":"<p>Participez Aidez-nous \u00e0 transformer de jeunes vies et revitaliser les communaut\u00e9s mal desservies partout au Canada. Nos ressources<\/p>\n","protected":false},"author":1,"featured_media":0,"parent":0,"menu_order":0,"comment_status":"closed","ping_status":"closed","template":"","meta":{"_acf_changed":false,"footnotes":""},"class_list":["post-1653","page","type-page","status-publish","hentry"],"acf":[],"yoast_head":"<!-- This site is optimized with the Yoast SEO plugin v27.5 - https:\/\/yoast.com\/product\/yoast-seo-wordpress\/ -->\n<title>Participez - Fondation Micha\u00eblle Jean Foundation<\/title>\n<meta name=\"robots\" content=\"noindex, follow, max-snippet:-1, max-image-preview:large, max-video-preview:-1\" \/>\n<meta property=\"og:locale\" content=\"fr_FR\" \/>\n<meta property=\"og:type\" content=\"article\" \/>\n<meta property=\"og:title\" content=\"Participez - Fondation Micha\u00eblle Jean Foundation\" \/>\n<meta property=\"og:description\" content=\"Participez Aidez-nous \u00e0 transformer de jeunes vies et revitaliser les communaut\u00e9s mal desservies partout au Canada. Nos ressources\" \/>\n<meta property=\"og:url\" content=\"https:\/\/fmjf.stagingservers.net\/fr\/participez\/\" \/>\n<meta property=\"og:site_name\" content=\"Fondation Micha\u00eblle Jean Foundation\" \/>\n<meta property=\"article:modified_time\" content=\"2020-09-28T16:37:48+00:00\" \/>\n<meta property=\"og:image\" content=\"https:\/\/fmjf.stagingservers.net\/wp-content\/uploads\/2020\/09\/helena-lopes-PGnqT0rXWLs-unsplash-1024x683.jpg\" \/>\n<meta name=\"twitter:card\" content=\"summary_large_image\" \/>\n<script type=\"application\/ld+json\" class=\"yoast-schema-graph\">{\"@context\":\"https:\\\/\\\/schema.org\",\"@graph\":[{\"@type\":\"WebPage\",\"@id\":\"https:\\\/\\\/fmjf.stagingservers.net\\\/fr\\\/participez\\\/\",\"url\":\"https:\\\/\\\/fmjf.stagingservers.net\\\/fr\\\/participez\\\/\",\"name\":\"Participez - Fondation Micha\u00eblle Jean Foundation\",\"isPartOf\":{\"@id\":\"https:\\\/\\\/fmjf.stagingservers.net\\\/fr\\\/#website\"},\"primaryImageOfPage\":{\"@id\":\"https:\\\/\\\/fmjf.stagingservers.net\\\/fr\\\/participez\\\/#primaryimage\"},\"image\":{\"@id\":\"https:\\\/\\\/fmjf.stagingservers.net\\\/fr\\\/participez\\\/#primaryimage\"},\"thumbnailUrl\":\"https:\\\/\\\/fmjf.stagingservers.net\\\/wp-content\\\/uploads\\\/2020\\\/09\\\/helena-lopes-PGnqT0rXWLs-unsplash-1024x683.jpg\",\"datePublished\":\"2020-09-01T00:33:16+00:00\",\"dateModified\":\"2020-09-28T16:37:48+00:00\",\"breadcrumb\":{\"@id\":\"https:\\\/\\\/fmjf.stagingservers.net\\\/fr\\\/participez\\\/#breadcrumb\"},\"inLanguage\":\"fr-FR\",\"potentialAction\":[{\"@type\":\"ReadAction\",\"target\":[\"https:\\\/\\\/fmjf.stagingservers.net\\\/fr\\\/participez\\\/\"]}]},{\"@type\":\"ImageObject\",\"inLanguage\":\"fr-FR\",\"@id\":\"https:\\\/\\\/fmjf.stagingservers.net\\\/fr\\\/participez\\\/#primaryimage\",\"url\":\"https:\\\/\\\/fmjf.stagingservers.net\\\/wp-content\\\/uploads\\\/2020\\\/09\\\/helena-lopes-PGnqT0rXWLs-unsplash-1024x683.jpg\",\"contentUrl\":\"https:\\\/\\\/fmjf.stagingservers.net\\\/wp-content\\\/uploads\\\/2020\\\/09\\\/helena-lopes-PGnqT0rXWLs-unsplash-1024x683.jpg\"},{\"@type\":\"BreadcrumbList\",\"@id\":\"https:\\\/\\\/fmjf.stagingservers.net\\\/fr\\\/participez\\\/#breadcrumb\",\"itemListElement\":[{\"@type\":\"ListItem\",\"position\":1,\"name\":\"Home\",\"item\":\"https:\\\/\\\/fmjf.stagingservers.net\\\/fr\\\/\"},{\"@type\":\"ListItem\",\"position\":2,\"name\":\"Participez\"}]},{\"@type\":\"WebSite\",\"@id\":\"https:\\\/\\\/fmjf.stagingservers.net\\\/fr\\\/#website\",\"url\":\"https:\\\/\\\/fmjf.stagingservers.net\\\/fr\\\/\",\"name\":\"Fondation Micha\u00eblle Jean Foundation\",\"description\":\"Les jeunes sont l\u2019une des ressources les plus pr\u00e9cieuses du Canada, affirment les confondateurs et copr\u00e9sidents. Lorsqu\u2019on leur en donne l\u2019occasion, ils r\u00e9ussissent \u00e0 exprimer leurs id\u00e9es, leur cr\u00e9ativit\u00e9 et leur capacit\u00e9 \u00e0 innover, qui toutes ont le pouvoir de transformer notre soci\u00e9t\u00e9.\",\"publisher\":{\"@id\":\"https:\\\/\\\/fmjf.stagingservers.net\\\/fr\\\/#organization\"},\"potentialAction\":[{\"@type\":\"SearchAction\",\"target\":{\"@type\":\"EntryPoint\",\"urlTemplate\":\"https:\\\/\\\/fmjf.stagingservers.net\\\/fr\\\/?s={search_term_string}\"},\"query-input\":{\"@type\":\"PropertyValueSpecification\",\"valueRequired\":true,\"valueName\":\"search_term_string\"}}],\"inLanguage\":\"fr-FR\"},{\"@type\":\"Organization\",\"@id\":\"https:\\\/\\\/fmjf.stagingservers.net\\\/fr\\\/#organization\",\"name\":\"Fondation Micha\u00eblle Jean Foundation\",\"url\":\"https:\\\/\\\/fmjf.stagingservers.net\\\/fr\\\/\",\"logo\":{\"@type\":\"ImageObject\",\"inLanguage\":\"fr-FR\",\"@id\":\"https:\\\/\\\/fmjf.stagingservers.net\\\/fr\\\/#\\\/schema\\\/logo\\\/image\\\/\",\"url\":\"https:\\\/\\\/fmjf.stagingservers.net\\\/wp-content\\\/uploads\\\/2020\\\/05\\\/Logo.png\",\"contentUrl\":\"https:\\\/\\\/fmjf.stagingservers.net\\\/wp-content\\\/uploads\\\/2020\\\/05\\\/Logo.png\",\"width\":310,\"height\":96,\"caption\":\"Fondation Micha\u00eblle Jean Foundation\"},\"image\":{\"@id\":\"https:\\\/\\\/fmjf.stagingservers.net\\\/fr\\\/#\\\/schema\\\/logo\\\/image\\\/\"}}]}<\/script>\n<!-- \/ Yoast SEO plugin. -->","yoast_head_json":{"title":"Participez - Fondation Micha\u00eblle Jean Foundation","robots":{"index":"noindex","follow":"follow","max-snippet":"max-snippet:-1","max-image-preview":"max-image-preview:large","max-video-preview":"max-video-preview:-1"},"og_locale":"fr_FR","og_type":"article","og_title":"Participez - Fondation Micha\u00eblle Jean Foundation","og_description":"Participez Aidez-nous \u00e0 transformer de jeunes vies et revitaliser les communaut\u00e9s mal desservies partout au Canada. Nos ressources","og_url":"https:\/\/fmjf.stagingservers.net\/fr\/participez\/","og_site_name":"Fondation Micha\u00eblle Jean Foundation","article_modified_time":"2020-09-28T16:37:48+00:00","og_image":[{"url":"https:\/\/fmjf.stagingservers.net\/wp-content\/uploads\/2020\/09\/helena-lopes-PGnqT0rXWLs-unsplash-1024x683.jpg","type":"","width":"","height":""}],"twitter_card":"summary_large_image","schema":{"@context":"https:\/\/schema.org","@graph":[{"@type":"WebPage","@id":"https:\/\/fmjf.stagingservers.net\/fr\/participez\/","url":"https:\/\/fmjf.stagingservers.net\/fr\/participez\/","name":"Participez - Fondation Micha\u00eblle Jean Foundation","isPartOf":{"@id":"https:\/\/fmjf.stagingservers.net\/fr\/#website"},"primaryImageOfPage":{"@id":"https:\/\/fmjf.stagingservers.net\/fr\/participez\/#primaryimage"},"image":{"@id":"https:\/\/fmjf.stagingservers.net\/fr\/participez\/#primaryimage"},"thumbnailUrl":"https:\/\/fmjf.stagingservers.net\/wp-content\/uploads\/2020\/09\/helena-lopes-PGnqT0rXWLs-unsplash-1024x683.jpg","datePublished":"2020-09-01T00:33:16+00:00","dateModified":"2020-09-28T16:37:48+00:00","breadcrumb":{"@id":"https:\/\/fmjf.stagingservers.net\/fr\/participez\/#breadcrumb"},"inLanguage":"fr-FR","potentialAction":[{"@type":"ReadAction","target":["https:\/\/fmjf.stagingservers.net\/fr\/participez\/"]}]},{"@type":"ImageObject","inLanguage":"fr-FR","@id":"https:\/\/fmjf.stagingservers.net\/fr\/participez\/#primaryimage","url":"https:\/\/fmjf.stagingservers.net\/wp-content\/uploads\/2020\/09\/helena-lopes-PGnqT0rXWLs-unsplash-1024x683.jpg","contentUrl":"https:\/\/fmjf.stagingservers.net\/wp-content\/uploads\/2020\/09\/helena-lopes-PGnqT0rXWLs-unsplash-1024x683.jpg"},{"@type":"BreadcrumbList","@id":"https:\/\/fmjf.stagingservers.net\/fr\/participez\/#breadcrumb","itemListElement":[{"@type":"ListItem","position":1,"name":"Home","item":"https:\/\/fmjf.stagingservers.net\/fr\/"},{"@type":"ListItem","position":2,"name":"Participez"}]},{"@type":"WebSite","@id":"https:\/\/fmjf.stagingservers.net\/fr\/#website","url":"https:\/\/fmjf.stagingservers.net\/fr\/","name":"Fondation Micha\u00eblle Jean Foundation","description":"Les jeunes sont l\u2019une des ressources les plus pr\u00e9cieuses du Canada, affirment les confondateurs et copr\u00e9sidents. Lorsqu\u2019on leur en donne l\u2019occasion, ils r\u00e9ussissent \u00e0 exprimer leurs id\u00e9es, leur cr\u00e9ativit\u00e9 et leur capacit\u00e9 \u00e0 innover, qui toutes ont le pouvoir de transformer notre soci\u00e9t\u00e9.","publisher":{"@id":"https:\/\/fmjf.stagingservers.net\/fr\/#organization"},"potentialAction":[{"@type":"SearchAction","target":{"@type":"EntryPoint","urlTemplate":"https:\/\/fmjf.stagingservers.net\/fr\/?s={search_term_string}"},"query-input":{"@type":"PropertyValueSpecification","valueRequired":true,"valueName":"search_term_string"}}],"inLanguage":"fr-FR"},{"@type":"Organization","@id":"https:\/\/fmjf.stagingservers.net\/fr\/#organization","name":"Fondation Micha\u00eblle Jean Foundation","url":"https:\/\/fmjf.stagingservers.net\/fr\/","logo":{"@type":"ImageObject","inLanguage":"fr-FR","@id":"https:\/\/fmjf.stagingservers.net\/fr\/#\/schema\/logo\/image\/","url":"https:\/\/fmjf.stagingservers.net\/wp-content\/uploads\/2020\/05\/Logo.png","contentUrl":"https:\/\/fmjf.stagingservers.net\/wp-content\/uploads\/2020\/05\/Logo.png","width":310,"height":96,"caption":"Fondation Micha\u00eblle Jean Foundation"},"image":{"@id":"https:\/\/fmjf.stagingservers.net\/fr\/#\/schema\/logo\/image\/"}}]}},"_links":{"self":[{"href":"https:\/\/fmjf.stagingservers.net\/fr\/wp-json\/wp\/v2\/pages\/1653","targetHints":{"allow":["GET"]}}],"collection":[{"href":"https:\/\/fmjf.stagingservers.net\/fr\/wp-json\/wp\/v2\/pages"}],"about":[{"href":"https:\/\/fmjf.stagingservers.net\/fr\/wp-json\/wp\/v2\/types\/page"}],"author":[{"embeddable":true,"href":"https:\/\/fmjf.stagingservers.net\/fr\/wp-json\/wp\/v2\/users\/1"}],"replies":[{"embeddable":true,"href":"https:\/\/fmjf.stagingservers.net\/fr\/wp-json\/wp\/v2\/comments?post=1653"}],"version-history":[{"count":41,"href":"https:\/\/fmjf.stagingservers.net\/fr\/wp-json\/wp\/v2\/pages\/1653\/revisions"}],"predecessor-version":[{"id":3886,"href":"https:\/\/fmjf.stagingservers.net\/fr\/wp-json\/wp\/v2\/pages\/1653\/revisions\/3886"}],"wp:attachment":[{"href":"https:\/\/fmjf.stagingservers.net\/fr\/wp-json\/wp\/v2\/media?parent=1653"}],"curies":[{"name":"wp","href":"https:\/\/api.w.org\/{rel}","templated":true}]}}