{"id":1651,"date":"2020-09-05T09:55:29","date_gmt":"2020-09-05T09:55:29","guid":{"rendered":"https:\/\/fmjf.stagingservers.net\/?page_id=1651"},"modified":"2020-09-30T08:51:59","modified_gmt":"2020-09-30T12:51:59","slug":"nos-ressources","status":"publish","type":"page","link":"https:\/\/fmjf.stagingservers.net\/fr\/nos-ressources\/","title":{"rendered":"Nos ressources"},"content":{"rendered":"\r\n\r\n\r\n\r\n\r\n<section class=\"fmjf_theme_image_caption   hasImgBg alignfull \" style=\"background-image: url(https:\/\/fmjf.stagingservers.net\/wp-content\/uploads\/2020\/09\/IMG_0051-2-2.jpg);\">\r\n\r\n  <div class=\"collorBg\" style=\"background-color: rgba(2,2,2,0.1);\">\r\n    <div class=\"wrapper ac_left text_light columns_two\">\r\n\r\n     <div class=\"column\">            <h1 class=\"title\">Nos ressources <\/h1>    <\/div><div class=\"column\">                 <\/div> \r\n    <\/div>\r\n  <\/div>\r\n\r\n\r\n<\/section>\r\n\r\n\r\n\n\n\n<h2 class=\"wp-block-heading\">Utilisez nos ressources<\/h2>\n\n\n\n<div class=\"wp-block-group is-style-extra-short-box\"><div class=\"wp-block-group__inner-container is-layout-flow wp-block-group-is-layout-flow\">\n<p class=\"is-style-extra-short-box has-medium-font-size\">Notre collection de ressources contient de nombreux outils pr\u00e9cieux pour une grande vari\u00e9t\u00e9 d&rsquo;organisations. Notre vaste exp\u00e9rience nous permet de cr\u00e9er des opportunit\u00e9s qui profitent directement aux personnes et aux organisations.<\/p>\n\n\n\n<p class=\"is-style-extra-short-box has-medium-font-size\">Un nombre limit\u00e9 de conf\u00e9rences, de pr\u00e9sentations personnalis\u00e9es pour les cadres sup\u00e9rieurs et de sessions de planification strat\u00e9gique avec les organisations sont disponibles sur demande.<\/p>\n\n\n\r\n\r\n\r\n<section class=\"fmjf_theme_ico_text  pb0\">\r\n\r\n  <div class=\"fmjf_theme_ico_text_wrap direction-row   align-top  columnIndex_3 \">\r\n\r\n            <div class=\"icon_item\">\r\n                    <div class=\"text\">\r\n            <div class=\"smallTitle\">Pr\u00e9sentations<br>inspirantes<\/div>\r\n            \r\n                          <a href=\"mailto:info@fmjf.ca\" target=\"_self\">Pour en savoir davantage <span class=\"screen-reader-text\">Pr\u00e9sentations<br>inspirantes<\/span> <\/a>\r\n           \r\n           \r\n            \r\n\r\n\r\n\r\n\r\n\r\n          <\/div>\r\n\r\n\r\n\r\n        <\/div>\r\n            <div class=\"icon_item\">\r\n                    <div class=\"text\">\r\n            <div class=\"smallTitle\">Solutions<br>personnalis\u00e9es<\/div>\r\n            \r\n                          <a href=\"mailto:info@fmjf.ca\" target=\"_self\">Pour en savoir davantage <span class=\"screen-reader-text\">Solutions<br>personnalis\u00e9es<\/span> <\/a>\r\n           \r\n           \r\n            \r\n\r\n\r\n\r\n\r\n\r\n          <\/div>\r\n\r\n\r\n\r\n        <\/div>\r\n    \r\n\r\n  <\/div>\r\n<\/section>\r\n<\/div><\/div>\n","protected":false},"excerpt":{"rendered":"<p>Utilisez nos ressources Notre collection de ressources contient de nombreux outils pr\u00e9cieux pour une grande vari\u00e9t\u00e9 d&rsquo;organisations. Notre vaste exp\u00e9rience nous permet de cr\u00e9er des opportunit\u00e9s qui profitent directement aux personnes et aux organisations. Un nombre limit\u00e9 de conf\u00e9rences, de pr\u00e9sentations personnalis\u00e9es pour les cadres sup\u00e9rieurs et de sessions de planification strat\u00e9gique avec les organisations [&hellip;]<\/p>\n","protected":false},"author":1,"featured_media":0,"parent":0,"menu_order":0,"comment_status":"closed","ping_status":"closed","template":"","meta":{"_acf_changed":false,"footnotes":""},"class_list":["post-1651","page","type-page","status-publish","hentry"],"acf":[],"yoast_head":"<!-- This site is optimized with the Yoast SEO plugin v27.5 - https:\/\/yoast.com\/product\/yoast-seo-wordpress\/ -->\n<title>Nos ressources - Fondation Micha\u00eblle Jean Foundation<\/title>\n<meta name=\"robots\" content=\"noindex, follow, max-snippet:-1, max-image-preview:large, max-video-preview:-1\" \/>\n<meta property=\"og:locale\" content=\"fr_FR\" \/>\n<meta property=\"og:type\" content=\"article\" \/>\n<meta property=\"og:title\" content=\"Nos ressources - Fondation Micha\u00eblle Jean Foundation\" \/>\n<meta property=\"og:description\" content=\"Utilisez nos ressources Notre collection de ressources contient de nombreux outils pr\u00e9cieux pour une grande vari\u00e9t\u00e9 d&rsquo;organisations. Notre vaste exp\u00e9rience nous permet de cr\u00e9er des opportunit\u00e9s qui profitent directement aux personnes et aux organisations. Un nombre limit\u00e9 de conf\u00e9rences, de pr\u00e9sentations personnalis\u00e9es pour les cadres sup\u00e9rieurs et de sessions de planification strat\u00e9gique avec les organisations [&hellip;]\" \/>\n<meta property=\"og:url\" content=\"https:\/\/fmjf.stagingservers.net\/fr\/nos-ressources\/\" \/>\n<meta property=\"og:site_name\" content=\"Fondation Micha\u00eblle Jean Foundation\" \/>\n<meta property=\"article:modified_time\" content=\"2020-09-30T12:51:59+00:00\" \/>\n<meta name=\"twitter:card\" content=\"summary_large_image\" \/>\n<script type=\"application\/ld+json\" class=\"yoast-schema-graph\">{\"@context\":\"https:\\\/\\\/schema.org\",\"@graph\":[{\"@type\":\"WebPage\",\"@id\":\"https:\\\/\\\/fmjf.stagingservers.net\\\/fr\\\/nos-ressources\\\/\",\"url\":\"https:\\\/\\\/fmjf.stagingservers.net\\\/fr\\\/nos-ressources\\\/\",\"name\":\"Nos ressources - Fondation Micha\u00eblle Jean Foundation\",\"isPartOf\":{\"@id\":\"https:\\\/\\\/fmjf.stagingservers.net\\\/fr\\\/#website\"},\"datePublished\":\"2020-09-05T09:55:29+00:00\",\"dateModified\":\"2020-09-30T12:51:59+00:00\",\"breadcrumb\":{\"@id\":\"https:\\\/\\\/fmjf.stagingservers.net\\\/fr\\\/nos-ressources\\\/#breadcrumb\"},\"inLanguage\":\"fr-FR\",\"potentialAction\":[{\"@type\":\"ReadAction\",\"target\":[\"https:\\\/\\\/fmjf.stagingservers.net\\\/fr\\\/nos-ressources\\\/\"]}]},{\"@type\":\"BreadcrumbList\",\"@id\":\"https:\\\/\\\/fmjf.stagingservers.net\\\/fr\\\/nos-ressources\\\/#breadcrumb\",\"itemListElement\":[{\"@type\":\"ListItem\",\"position\":1,\"name\":\"Home\",\"item\":\"https:\\\/\\\/fmjf.stagingservers.net\\\/fr\\\/\"},{\"@type\":\"ListItem\",\"position\":2,\"name\":\"Nos ressources\"}]},{\"@type\":\"WebSite\",\"@id\":\"https:\\\/\\\/fmjf.stagingservers.net\\\/fr\\\/#website\",\"url\":\"https:\\\/\\\/fmjf.stagingservers.net\\\/fr\\\/\",\"name\":\"Fondation Micha\u00eblle Jean Foundation\",\"description\":\"Les jeunes sont l\u2019une des ressources les plus pr\u00e9cieuses du Canada, affirment les confondateurs et copr\u00e9sidents. Lorsqu\u2019on leur en donne l\u2019occasion, ils r\u00e9ussissent \u00e0 exprimer leurs id\u00e9es, leur cr\u00e9ativit\u00e9 et leur capacit\u00e9 \u00e0 innover, qui toutes ont le pouvoir de transformer notre soci\u00e9t\u00e9.\",\"publisher\":{\"@id\":\"https:\\\/\\\/fmjf.stagingservers.net\\\/fr\\\/#organization\"},\"potentialAction\":[{\"@type\":\"SearchAction\",\"target\":{\"@type\":\"EntryPoint\",\"urlTemplate\":\"https:\\\/\\\/fmjf.stagingservers.net\\\/fr\\\/?s={search_term_string}\"},\"query-input\":{\"@type\":\"PropertyValueSpecification\",\"valueRequired\":true,\"valueName\":\"search_term_string\"}}],\"inLanguage\":\"fr-FR\"},{\"@type\":\"Organization\",\"@id\":\"https:\\\/\\\/fmjf.stagingservers.net\\\/fr\\\/#organization\",\"name\":\"Fondation Micha\u00eblle Jean Foundation\",\"url\":\"https:\\\/\\\/fmjf.stagingservers.net\\\/fr\\\/\",\"logo\":{\"@type\":\"ImageObject\",\"inLanguage\":\"fr-FR\",\"@id\":\"https:\\\/\\\/fmjf.stagingservers.net\\\/fr\\\/#\\\/schema\\\/logo\\\/image\\\/\",\"url\":\"https:\\\/\\\/fmjf.stagingservers.net\\\/wp-content\\\/uploads\\\/2020\\\/05\\\/Logo.png\",\"contentUrl\":\"https:\\\/\\\/fmjf.stagingservers.net\\\/wp-content\\\/uploads\\\/2020\\\/05\\\/Logo.png\",\"width\":310,\"height\":96,\"caption\":\"Fondation Micha\u00eblle Jean Foundation\"},\"image\":{\"@id\":\"https:\\\/\\\/fmjf.stagingservers.net\\\/fr\\\/#\\\/schema\\\/logo\\\/image\\\/\"}}]}<\/script>\n<!-- \/ Yoast SEO plugin. -->","yoast_head_json":{"title":"Nos ressources - Fondation Micha\u00eblle Jean Foundation","robots":{"index":"noindex","follow":"follow","max-snippet":"max-snippet:-1","max-image-preview":"max-image-preview:large","max-video-preview":"max-video-preview:-1"},"og_locale":"fr_FR","og_type":"article","og_title":"Nos ressources - Fondation Micha\u00eblle Jean Foundation","og_description":"Utilisez nos ressources Notre collection de ressources contient de nombreux outils pr\u00e9cieux pour une grande vari\u00e9t\u00e9 d&rsquo;organisations. Notre vaste exp\u00e9rience nous permet de cr\u00e9er des opportunit\u00e9s qui profitent directement aux personnes et aux organisations. Un nombre limit\u00e9 de conf\u00e9rences, de pr\u00e9sentations personnalis\u00e9es pour les cadres sup\u00e9rieurs et de sessions de planification strat\u00e9gique avec les organisations [&hellip;]","og_url":"https:\/\/fmjf.stagingservers.net\/fr\/nos-ressources\/","og_site_name":"Fondation Micha\u00eblle Jean Foundation","article_modified_time":"2020-09-30T12:51:59+00:00","twitter_card":"summary_large_image","schema":{"@context":"https:\/\/schema.org","@graph":[{"@type":"WebPage","@id":"https:\/\/fmjf.stagingservers.net\/fr\/nos-ressources\/","url":"https:\/\/fmjf.stagingservers.net\/fr\/nos-ressources\/","name":"Nos ressources - Fondation Micha\u00eblle Jean Foundation","isPartOf":{"@id":"https:\/\/fmjf.stagingservers.net\/fr\/#website"},"datePublished":"2020-09-05T09:55:29+00:00","dateModified":"2020-09-30T12:51:59+00:00","breadcrumb":{"@id":"https:\/\/fmjf.stagingservers.net\/fr\/nos-ressources\/#breadcrumb"},"inLanguage":"fr-FR","potentialAction":[{"@type":"ReadAction","target":["https:\/\/fmjf.stagingservers.net\/fr\/nos-ressources\/"]}]},{"@type":"BreadcrumbList","@id":"https:\/\/fmjf.stagingservers.net\/fr\/nos-ressources\/#breadcrumb","itemListElement":[{"@type":"ListItem","position":1,"name":"Home","item":"https:\/\/fmjf.stagingservers.net\/fr\/"},{"@type":"ListItem","position":2,"name":"Nos ressources"}]},{"@type":"WebSite","@id":"https:\/\/fmjf.stagingservers.net\/fr\/#website","url":"https:\/\/fmjf.stagingservers.net\/fr\/","name":"Fondation Micha\u00eblle Jean Foundation","description":"Les jeunes sont l\u2019une des ressources les plus pr\u00e9cieuses du Canada, affirment les confondateurs et copr\u00e9sidents. Lorsqu\u2019on leur en donne l\u2019occasion, ils r\u00e9ussissent \u00e0 exprimer leurs id\u00e9es, leur cr\u00e9ativit\u00e9 et leur capacit\u00e9 \u00e0 innover, qui toutes ont le pouvoir de transformer notre soci\u00e9t\u00e9.","publisher":{"@id":"https:\/\/fmjf.stagingservers.net\/fr\/#organization"},"potentialAction":[{"@type":"SearchAction","target":{"@type":"EntryPoint","urlTemplate":"https:\/\/fmjf.stagingservers.net\/fr\/?s={search_term_string}"},"query-input":{"@type":"PropertyValueSpecification","valueRequired":true,"valueName":"search_term_string"}}],"inLanguage":"fr-FR"},{"@type":"Organization","@id":"https:\/\/fmjf.stagingservers.net\/fr\/#organization","name":"Fondation Micha\u00eblle Jean Foundation","url":"https:\/\/fmjf.stagingservers.net\/fr\/","logo":{"@type":"ImageObject","inLanguage":"fr-FR","@id":"https:\/\/fmjf.stagingservers.net\/fr\/#\/schema\/logo\/image\/","url":"https:\/\/fmjf.stagingservers.net\/wp-content\/uploads\/2020\/05\/Logo.png","contentUrl":"https:\/\/fmjf.stagingservers.net\/wp-content\/uploads\/2020\/05\/Logo.png","width":310,"height":96,"caption":"Fondation Micha\u00eblle Jean Foundation"},"image":{"@id":"https:\/\/fmjf.stagingservers.net\/fr\/#\/schema\/logo\/image\/"}}]}},"_links":{"self":[{"href":"https:\/\/fmjf.stagingservers.net\/fr\/wp-json\/wp\/v2\/pages\/1651","targetHints":{"allow":["GET"]}}],"collection":[{"href":"https:\/\/fmjf.stagingservers.net\/fr\/wp-json\/wp\/v2\/pages"}],"about":[{"href":"https:\/\/fmjf.stagingservers.net\/fr\/wp-json\/wp\/v2\/types\/page"}],"author":[{"embeddable":true,"href":"https:\/\/fmjf.stagingservers.net\/fr\/wp-json\/wp\/v2\/users\/1"}],"replies":[{"embeddable":true,"href":"https:\/\/fmjf.stagingservers.net\/fr\/wp-json\/wp\/v2\/comments?post=1651"}],"version-history":[{"count":17,"href":"https:\/\/fmjf.stagingservers.net\/fr\/wp-json\/wp\/v2\/pages\/1651\/revisions"}],"predecessor-version":[{"id":4188,"href":"https:\/\/fmjf.stagingservers.net\/fr\/wp-json\/wp\/v2\/pages\/1651\/revisions\/4188"}],"wp:attachment":[{"href":"https:\/\/fmjf.stagingservers.net\/fr\/wp-json\/wp\/v2\/media?parent=1651"}],"curies":[{"name":"wp","href":"https:\/\/api.w.org\/{rel}","templated":true}]}}