{"id":1610,"date":"2020-09-04T11:59:54","date_gmt":"2020-09-04T11:59:54","guid":{"rendered":"https:\/\/fmjf.stagingservers.net\/?page_id=1610"},"modified":"2020-09-27T21:01:16","modified_gmt":"2020-09-28T01:01:16","slug":"rapports-annuels","status":"publish","type":"page","link":"https:\/\/fmjf.stagingservers.net\/fr\/a-propos-de-nous\/rapports-annuels\/","title":{"rendered":"Rapports annuels"},"content":{"rendered":"\r\n\r\n\r\n\r\n\r\n<section class=\"fmjf_theme_image_caption   hasImgBg alignfull \" style=\"background-image: url(https:\/\/fmjf.stagingservers.net\/wp-content\/uploads\/2020\/08\/Annual-Report.jpg);\">\r\n\r\n  <div class=\"collorBg\" style=\"\">\r\n    <div class=\"wrapper ac_left text_light columns_two\">\r\n\r\n     <div class=\"column\">            <h1 class=\"title\">Rapports annuels<\/h1>    <\/div><div class=\"column\">                 <\/div> \r\n    <\/div>\r\n  <\/div>\r\n\r\n\r\n<\/section>\r\n\r\n\r\n\n\n\n<div class=\"wp-block-group is-style-extra-short-box\"><div class=\"wp-block-group__inner-container is-layout-flow wp-block-group-is-layout-flow\">\n<div style=\"height:30px\" aria-hidden=\"true\" class=\"wp-block-spacer\"><\/div>\n\n\n\n<p class=\"has-medium-font-size\">Le rapport annuel de la Fondation Micha\u00eblle Jean Foundation est un aper\u00e7u de l&rsquo;impact que nous avons au cours d&rsquo;une ann\u00e9e donn\u00e9e. C&rsquo;est la fa\u00e7on la plus simple de cerner et de comprendre \u00e0 quel point nous agissons concr\u00e8tement partout au Canada. Il donne un aper\u00e7u de tout ce que nous avons fait ainsi que nos donn\u00e9es financi\u00e8res.<\/p>\n\n\n\r\n\r\n\r\n<section class=\"fmjf_theme_ico_text  \">\r\n\r\n  <div class=\"fmjf_theme_ico_text_wrap direction-row   align-top  columnIndex_3 \">\r\n\r\n            <div class=\"icon_item\">\r\n                    <div class=\"text\">\r\n            <div class=\"smallTitle\">2018-2019<br>Rapport annuel<\/div>\r\n            \r\n                        <a href=\"https:\/\/fmjf.stagingservers.net\/wp-content\/uploads\/2020\/09\/MFJ_AnnualReport_2018_2019_FR_ENG_WEB.pdf\" target=\"_blank\">Lire<span class=\"screen-reader-text\">2018-2019<br>Rapport annuel<\/span> <\/a>\r\n            \r\n            \r\n\r\n\r\n\r\n\r\n\r\n          <\/div>\r\n\r\n\r\n\r\n        <\/div>\r\n            <div class=\"icon_item\">\r\n                    <div class=\"text\">\r\n            <div class=\"smallTitle\">2017-2018<br>Rapport annuel<\/div>\r\n            \r\n                        <a href=\"https:\/\/fmjf.stagingservers.net\/wp-content\/uploads\/2020\/09\/MFJ_AnnualReport_2017_2018_FR_v1.pdf\" target=\"_blank\">Lire<span class=\"screen-reader-text\">2017-2018<br>Rapport annuel<\/span> <\/a>\r\n            \r\n            \r\n\r\n\r\n\r\n\r\n\r\n          <\/div>\r\n\r\n\r\n\r\n        <\/div>\r\n            <div class=\"icon_item\">\r\n                    <div class=\"text\">\r\n            <div class=\"smallTitle\">2016-2017<br>Rapport annuel<\/div>\r\n            \r\n                        <a href=\"https:\/\/fmjf.stagingservers.net\/wp-content\/uploads\/2020\/09\/MFJ_AnnualReport_2016_2017_FR_v2.pdf\" target=\"_blank\">Lire<span class=\"screen-reader-text\">2016-2017<br>Rapport annuel<\/span> <\/a>\r\n            \r\n            \r\n\r\n\r\n\r\n\r\n\r\n          <\/div>\r\n\r\n\r\n\r\n        <\/div>\r\n            <div class=\"icon_item\">\r\n                    <div class=\"text\">\r\n            <div class=\"smallTitle\">2015-2016<br>Rapport annuel<\/div>\r\n            \r\n                        <a href=\"https:\/\/fmjf.stagingservers.net\/wp-content\/uploads\/2020\/09\/2015-2016-RapportAnnuelFMJ.pdf\" target=\"_blank\">Lire<span class=\"screen-reader-text\">2015-2016<br>Rapport annuel<\/span> <\/a>\r\n            \r\n            \r\n\r\n\r\n\r\n\r\n\r\n          <\/div>\r\n\r\n\r\n\r\n        <\/div>\r\n            <div class=\"icon_item\">\r\n                    <div class=\"text\">\r\n            <div class=\"smallTitle\">2014-2015<br>Rapport annuel <\/div>\r\n            \r\n                        <a href=\"https:\/\/fmjf.stagingservers.net\/wp-content\/uploads\/2020\/09\/FINAL-MFJ_AnnualReport_2014-15_French_final.pdf\" target=\"_blank\">Lire<span class=\"screen-reader-text\">2014-2015<br>Rapport annuel <\/span> <\/a>\r\n            \r\n            \r\n\r\n\r\n\r\n\r\n\r\n          <\/div>\r\n\r\n\r\n\r\n        <\/div>\r\n            <div class=\"icon_item\">\r\n                    <div class=\"text\">\r\n            <div class=\"smallTitle\">2013-2014<br>Rapport annuel <\/div>\r\n            \r\n                        <a href=\"https:\/\/fmjf.stagingservers.net\/wp-content\/uploads\/2020\/09\/MJF_annual-report_2015_FR_final.pdf\" target=\"_blank\">Lire<span class=\"screen-reader-text\">2013-2014<br>Rapport annuel <\/span> <\/a>\r\n            \r\n            \r\n\r\n\r\n\r\n\r\n\r\n          <\/div>\r\n\r\n\r\n\r\n        <\/div>\r\n            <div class=\"icon_item\">\r\n                    <div class=\"text\">\r\n            <div class=\"smallTitle\">2012-2013<br>Rapport annuel <\/div>\r\n            \r\n                        <a href=\"https:\/\/fmjf.stagingservers.net\/wp-content\/uploads\/2020\/09\/MJF_annual-report_2012-2013_FR_final1.pdf\" target=\"_blank\">Lire<span class=\"screen-reader-text\">2012-2013<br>Rapport annuel <\/span> <\/a>\r\n            \r\n            \r\n\r\n\r\n\r\n\r\n\r\n          <\/div>\r\n\r\n\r\n\r\n        <\/div>\r\n            <div class=\"icon_item\">\r\n                    <div class=\"text\">\r\n            <div class=\"smallTitle\">2011-2012<br>Rapport annuel <\/div>\r\n            \r\n                        <a href=\"https:\/\/fmjf.stagingservers.net\/wp-content\/uploads\/2020\/09\/MJF_annual-report-2011-2012_FR_final1.pdf\" target=\"_blank\">Lire<span class=\"screen-reader-text\">2011-2012<br>Rapport annuel <\/span> <\/a>\r\n            \r\n            \r\n\r\n\r\n\r\n\r\n\r\n          <\/div>\r\n\r\n\r\n\r\n        <\/div>\r\n    \r\n\r\n  <\/div>\r\n<\/section>\r\n<\/div><\/div>\n\n\n\n<div class=\"wp-block-group alignwide is-style-extra-short-box\"><div class=\"wp-block-group__inner-container is-layout-flow wp-block-group-is-layout-flow\">\n<div class=\"wp-block-media-text is-stacked-on-mobile\" style=\"grid-template-columns:38% auto\"><figure class=\"wp-block-media-text__media\"><img loading=\"lazy\" decoding=\"async\" width=\"502\" height=\"586\" src=\"https:\/\/fmjf.stagingservers.net\/wp-content\/uploads\/2020\/08\/media_text.jpg\" alt=\"\" class=\"wp-image-1091 lazyload\"\/><\/figure><div class=\"wp-block-media-text__content\">\n<p class=\"has-large-font-size\">Les jeunes artistes se font entendre et transforment le Canada.<br>Ils ont besoin de notre soutien.<\/p>\n\n\n\n<hr class=\"wp-block-separator is-style-curve-blue\"\/>\n\n\n\n<div class=\"wp-block-buttons is-layout-flex wp-block-buttons-is-layout-flex\">\n<div class=\"wp-block-button\"><a class=\"wp-block-button__link has-white-color has-blue-background-color has-text-color has-background no-border-radius\" href=\"https:\/\/www.jedonneenligne.org\/fmjf\/frm_detail.php?FrmUID=1\" target=\"_blank\" rel=\"noreferrer noopener\">Faites un don<\/a><\/div>\n\n\n\n<div class=\"wp-block-button\"><a class=\"wp-block-button__link has-white-color has-blue-background-color has-text-color has-background no-border-radius\" href=\"\/fr\/participez\/benevolat\/\">Devenez b\u00e9n\u00e9vole<\/a><\/div>\n<\/div>\n<\/div><\/div>\n<\/div><\/div>\n","protected":false},"excerpt":{"rendered":"<p>Le rapport annuel de la Fondation Micha\u00eblle Jean Foundation est un aper\u00e7u de l&rsquo;impact que nous avons au cours d&rsquo;une ann\u00e9e donn\u00e9e. C&rsquo;est la fa\u00e7on la plus simple de cerner et de comprendre \u00e0 quel point nous agissons concr\u00e8tement partout au Canada. Il donne un aper\u00e7u de tout ce que nous avons fait ainsi que [&hellip;]<\/p>\n","protected":false},"author":1,"featured_media":0,"parent":1406,"menu_order":0,"comment_status":"closed","ping_status":"closed","template":"","meta":{"_acf_changed":false,"footnotes":""},"class_list":["post-1610","page","type-page","status-publish","hentry"],"acf":[],"yoast_head":"<!-- This site is optimized with the Yoast SEO plugin v27.5 - https:\/\/yoast.com\/product\/yoast-seo-wordpress\/ -->\n<title>Rapports annuels - Fondation Micha\u00eblle Jean Foundation<\/title>\n<meta name=\"robots\" content=\"noindex, follow, max-snippet:-1, max-image-preview:large, max-video-preview:-1\" \/>\n<meta property=\"og:locale\" content=\"fr_FR\" \/>\n<meta property=\"og:type\" content=\"article\" \/>\n<meta property=\"og:title\" content=\"Rapports annuels - Fondation Micha\u00eblle Jean Foundation\" \/>\n<meta property=\"og:description\" content=\"Le rapport annuel de la Fondation Micha\u00eblle Jean Foundation est un aper\u00e7u de l&rsquo;impact que nous avons au cours d&rsquo;une ann\u00e9e donn\u00e9e. C&rsquo;est la fa\u00e7on la plus simple de cerner et de comprendre \u00e0 quel point nous agissons concr\u00e8tement partout au Canada. Il donne un aper\u00e7u de tout ce que nous avons fait ainsi que [&hellip;]\" \/>\n<meta property=\"og:url\" content=\"https:\/\/fmjf.stagingservers.net\/fr\/a-propos-de-nous\/rapports-annuels\/\" \/>\n<meta property=\"og:site_name\" content=\"Fondation Micha\u00eblle Jean Foundation\" \/>\n<meta property=\"article:modified_time\" content=\"2020-09-28T01:01:16+00:00\" \/>\n<meta property=\"og:image\" content=\"https:\/\/fmjf.stagingservers.net\/wp-content\/uploads\/2020\/08\/media_text.jpg\" \/>\n<meta name=\"twitter:card\" content=\"summary_large_image\" \/>\n<script type=\"application\/ld+json\" class=\"yoast-schema-graph\">{\"@context\":\"https:\\\/\\\/schema.org\",\"@graph\":[{\"@type\":\"WebPage\",\"@id\":\"https:\\\/\\\/fmjf.stagingservers.net\\\/fr\\\/a-propos-de-nous\\\/rapports-annuels\\\/\",\"url\":\"https:\\\/\\\/fmjf.stagingservers.net\\\/fr\\\/a-propos-de-nous\\\/rapports-annuels\\\/\",\"name\":\"Rapports annuels - Fondation Micha\u00eblle Jean Foundation\",\"isPartOf\":{\"@id\":\"https:\\\/\\\/fmjf.stagingservers.net\\\/fr\\\/#website\"},\"primaryImageOfPage\":{\"@id\":\"https:\\\/\\\/fmjf.stagingservers.net\\\/fr\\\/a-propos-de-nous\\\/rapports-annuels\\\/#primaryimage\"},\"image\":{\"@id\":\"https:\\\/\\\/fmjf.stagingservers.net\\\/fr\\\/a-propos-de-nous\\\/rapports-annuels\\\/#primaryimage\"},\"thumbnailUrl\":\"https:\\\/\\\/fmjf.stagingservers.net\\\/wp-content\\\/uploads\\\/2020\\\/08\\\/media_text.jpg\",\"datePublished\":\"2020-09-04T11:59:54+00:00\",\"dateModified\":\"2020-09-28T01:01:16+00:00\",\"breadcrumb\":{\"@id\":\"https:\\\/\\\/fmjf.stagingservers.net\\\/fr\\\/a-propos-de-nous\\\/rapports-annuels\\\/#breadcrumb\"},\"inLanguage\":\"fr-FR\",\"potentialAction\":[{\"@type\":\"ReadAction\",\"target\":[\"https:\\\/\\\/fmjf.stagingservers.net\\\/fr\\\/a-propos-de-nous\\\/rapports-annuels\\\/\"]}]},{\"@type\":\"ImageObject\",\"inLanguage\":\"fr-FR\",\"@id\":\"https:\\\/\\\/fmjf.stagingservers.net\\\/fr\\\/a-propos-de-nous\\\/rapports-annuels\\\/#primaryimage\",\"url\":\"https:\\\/\\\/fmjf.stagingservers.net\\\/wp-content\\\/uploads\\\/2020\\\/08\\\/media_text.jpg\",\"contentUrl\":\"https:\\\/\\\/fmjf.stagingservers.net\\\/wp-content\\\/uploads\\\/2020\\\/08\\\/media_text.jpg\"},{\"@type\":\"BreadcrumbList\",\"@id\":\"https:\\\/\\\/fmjf.stagingservers.net\\\/fr\\\/a-propos-de-nous\\\/rapports-annuels\\\/#breadcrumb\",\"itemListElement\":[{\"@type\":\"ListItem\",\"position\":1,\"name\":\"Home\",\"item\":\"https:\\\/\\\/fmjf.stagingservers.net\\\/fr\\\/\"},{\"@type\":\"ListItem\",\"position\":2,\"name\":\"\u00c0 propos de nous\",\"item\":\"https:\\\/\\\/fmjf.stagingservers.net\\\/fr\\\/a-propos-de-nous\\\/\"},{\"@type\":\"ListItem\",\"position\":3,\"name\":\"Rapports annuels\"}]},{\"@type\":\"WebSite\",\"@id\":\"https:\\\/\\\/fmjf.stagingservers.net\\\/fr\\\/#website\",\"url\":\"https:\\\/\\\/fmjf.stagingservers.net\\\/fr\\\/\",\"name\":\"Fondation Micha\u00eblle Jean Foundation\",\"description\":\"Les jeunes sont l\u2019une des ressources les plus pr\u00e9cieuses du Canada, affirment les confondateurs et copr\u00e9sidents. Lorsqu\u2019on leur en donne l\u2019occasion, ils r\u00e9ussissent \u00e0 exprimer leurs id\u00e9es, leur cr\u00e9ativit\u00e9 et leur capacit\u00e9 \u00e0 innover, qui toutes ont le pouvoir de transformer notre soci\u00e9t\u00e9.\",\"publisher\":{\"@id\":\"https:\\\/\\\/fmjf.stagingservers.net\\\/fr\\\/#organization\"},\"potentialAction\":[{\"@type\":\"SearchAction\",\"target\":{\"@type\":\"EntryPoint\",\"urlTemplate\":\"https:\\\/\\\/fmjf.stagingservers.net\\\/fr\\\/?s={search_term_string}\"},\"query-input\":{\"@type\":\"PropertyValueSpecification\",\"valueRequired\":true,\"valueName\":\"search_term_string\"}}],\"inLanguage\":\"fr-FR\"},{\"@type\":\"Organization\",\"@id\":\"https:\\\/\\\/fmjf.stagingservers.net\\\/fr\\\/#organization\",\"name\":\"Fondation Micha\u00eblle Jean Foundation\",\"url\":\"https:\\\/\\\/fmjf.stagingservers.net\\\/fr\\\/\",\"logo\":{\"@type\":\"ImageObject\",\"inLanguage\":\"fr-FR\",\"@id\":\"https:\\\/\\\/fmjf.stagingservers.net\\\/fr\\\/#\\\/schema\\\/logo\\\/image\\\/\",\"url\":\"https:\\\/\\\/fmjf.stagingservers.net\\\/wp-content\\\/uploads\\\/2020\\\/05\\\/Logo.png\",\"contentUrl\":\"https:\\\/\\\/fmjf.stagingservers.net\\\/wp-content\\\/uploads\\\/2020\\\/05\\\/Logo.png\",\"width\":310,\"height\":96,\"caption\":\"Fondation Micha\u00eblle Jean Foundation\"},\"image\":{\"@id\":\"https:\\\/\\\/fmjf.stagingservers.net\\\/fr\\\/#\\\/schema\\\/logo\\\/image\\\/\"}}]}<\/script>\n<!-- \/ Yoast SEO plugin. -->","yoast_head_json":{"title":"Rapports annuels - Fondation Micha\u00eblle Jean Foundation","robots":{"index":"noindex","follow":"follow","max-snippet":"max-snippet:-1","max-image-preview":"max-image-preview:large","max-video-preview":"max-video-preview:-1"},"og_locale":"fr_FR","og_type":"article","og_title":"Rapports annuels - Fondation Micha\u00eblle Jean Foundation","og_description":"Le rapport annuel de la Fondation Micha\u00eblle Jean Foundation est un aper\u00e7u de l&rsquo;impact que nous avons au cours d&rsquo;une ann\u00e9e donn\u00e9e. C&rsquo;est la fa\u00e7on la plus simple de cerner et de comprendre \u00e0 quel point nous agissons concr\u00e8tement partout au Canada. Il donne un aper\u00e7u de tout ce que nous avons fait ainsi que [&hellip;]","og_url":"https:\/\/fmjf.stagingservers.net\/fr\/a-propos-de-nous\/rapports-annuels\/","og_site_name":"Fondation Micha\u00eblle Jean Foundation","article_modified_time":"2020-09-28T01:01:16+00:00","og_image":[{"url":"https:\/\/fmjf.stagingservers.net\/wp-content\/uploads\/2020\/08\/media_text.jpg","type":"","width":"","height":""}],"twitter_card":"summary_large_image","schema":{"@context":"https:\/\/schema.org","@graph":[{"@type":"WebPage","@id":"https:\/\/fmjf.stagingservers.net\/fr\/a-propos-de-nous\/rapports-annuels\/","url":"https:\/\/fmjf.stagingservers.net\/fr\/a-propos-de-nous\/rapports-annuels\/","name":"Rapports annuels - Fondation Micha\u00eblle Jean Foundation","isPartOf":{"@id":"https:\/\/fmjf.stagingservers.net\/fr\/#website"},"primaryImageOfPage":{"@id":"https:\/\/fmjf.stagingservers.net\/fr\/a-propos-de-nous\/rapports-annuels\/#primaryimage"},"image":{"@id":"https:\/\/fmjf.stagingservers.net\/fr\/a-propos-de-nous\/rapports-annuels\/#primaryimage"},"thumbnailUrl":"https:\/\/fmjf.stagingservers.net\/wp-content\/uploads\/2020\/08\/media_text.jpg","datePublished":"2020-09-04T11:59:54+00:00","dateModified":"2020-09-28T01:01:16+00:00","breadcrumb":{"@id":"https:\/\/fmjf.stagingservers.net\/fr\/a-propos-de-nous\/rapports-annuels\/#breadcrumb"},"inLanguage":"fr-FR","potentialAction":[{"@type":"ReadAction","target":["https:\/\/fmjf.stagingservers.net\/fr\/a-propos-de-nous\/rapports-annuels\/"]}]},{"@type":"ImageObject","inLanguage":"fr-FR","@id":"https:\/\/fmjf.stagingservers.net\/fr\/a-propos-de-nous\/rapports-annuels\/#primaryimage","url":"https:\/\/fmjf.stagingservers.net\/wp-content\/uploads\/2020\/08\/media_text.jpg","contentUrl":"https:\/\/fmjf.stagingservers.net\/wp-content\/uploads\/2020\/08\/media_text.jpg"},{"@type":"BreadcrumbList","@id":"https:\/\/fmjf.stagingservers.net\/fr\/a-propos-de-nous\/rapports-annuels\/#breadcrumb","itemListElement":[{"@type":"ListItem","position":1,"name":"Home","item":"https:\/\/fmjf.stagingservers.net\/fr\/"},{"@type":"ListItem","position":2,"name":"\u00c0 propos de nous","item":"https:\/\/fmjf.stagingservers.net\/fr\/a-propos-de-nous\/"},{"@type":"ListItem","position":3,"name":"Rapports annuels"}]},{"@type":"WebSite","@id":"https:\/\/fmjf.stagingservers.net\/fr\/#website","url":"https:\/\/fmjf.stagingservers.net\/fr\/","name":"Fondation Micha\u00eblle Jean Foundation","description":"Les jeunes sont l\u2019une des ressources les plus pr\u00e9cieuses du Canada, affirment les confondateurs et copr\u00e9sidents. Lorsqu\u2019on leur en donne l\u2019occasion, ils r\u00e9ussissent \u00e0 exprimer leurs id\u00e9es, leur cr\u00e9ativit\u00e9 et leur capacit\u00e9 \u00e0 innover, qui toutes ont le pouvoir de transformer notre soci\u00e9t\u00e9.","publisher":{"@id":"https:\/\/fmjf.stagingservers.net\/fr\/#organization"},"potentialAction":[{"@type":"SearchAction","target":{"@type":"EntryPoint","urlTemplate":"https:\/\/fmjf.stagingservers.net\/fr\/?s={search_term_string}"},"query-input":{"@type":"PropertyValueSpecification","valueRequired":true,"valueName":"search_term_string"}}],"inLanguage":"fr-FR"},{"@type":"Organization","@id":"https:\/\/fmjf.stagingservers.net\/fr\/#organization","name":"Fondation Micha\u00eblle Jean Foundation","url":"https:\/\/fmjf.stagingservers.net\/fr\/","logo":{"@type":"ImageObject","inLanguage":"fr-FR","@id":"https:\/\/fmjf.stagingservers.net\/fr\/#\/schema\/logo\/image\/","url":"https:\/\/fmjf.stagingservers.net\/wp-content\/uploads\/2020\/05\/Logo.png","contentUrl":"https:\/\/fmjf.stagingservers.net\/wp-content\/uploads\/2020\/05\/Logo.png","width":310,"height":96,"caption":"Fondation Micha\u00eblle Jean Foundation"},"image":{"@id":"https:\/\/fmjf.stagingservers.net\/fr\/#\/schema\/logo\/image\/"}}]}},"_links":{"self":[{"href":"https:\/\/fmjf.stagingservers.net\/fr\/wp-json\/wp\/v2\/pages\/1610","targetHints":{"allow":["GET"]}}],"collection":[{"href":"https:\/\/fmjf.stagingservers.net\/fr\/wp-json\/wp\/v2\/pages"}],"about":[{"href":"https:\/\/fmjf.stagingservers.net\/fr\/wp-json\/wp\/v2\/types\/page"}],"author":[{"embeddable":true,"href":"https:\/\/fmjf.stagingservers.net\/fr\/wp-json\/wp\/v2\/users\/1"}],"replies":[{"embeddable":true,"href":"https:\/\/fmjf.stagingservers.net\/fr\/wp-json\/wp\/v2\/comments?post=1610"}],"version-history":[{"count":20,"href":"https:\/\/fmjf.stagingservers.net\/fr\/wp-json\/wp\/v2\/pages\/1610\/revisions"}],"predecessor-version":[{"id":3948,"href":"https:\/\/fmjf.stagingservers.net\/fr\/wp-json\/wp\/v2\/pages\/1610\/revisions\/3948"}],"up":[{"embeddable":true,"href":"https:\/\/fmjf.stagingservers.net\/fr\/wp-json\/wp\/v2\/pages\/1406"}],"wp:attachment":[{"href":"https:\/\/fmjf.stagingservers.net\/fr\/wp-json\/wp\/v2\/media?parent=1610"}],"curies":[{"name":"wp","href":"https:\/\/api.w.org\/{rel}","templated":true}]}}