{"id":1537,"date":"2020-09-04T09:44:40","date_gmt":"2020-09-04T09:44:40","guid":{"rendered":"https:\/\/fmjf.stagingservers.net\/?page_id=1537"},"modified":"2020-09-04T09:44:41","modified_gmt":"2020-09-04T09:44:41","slug":"jean-pascal-simard-2","status":"publish","type":"page","link":"https:\/\/fmjf.stagingservers.net\/fr\/a-propos-de-nous\/notre-histoire\/nos-cofondateurs\/jean-pascal-simard-2\/","title":{"rendered":"Jean-Pascal Simard"},"content":{"rendered":"\r\n\r\n\r\n\r\n\r\n<section class=\"fmjf_theme_image_caption   hasImgBg alignfull \" style=\"background-image: url(https:\/\/fmjf.stagingservers.net\/wp-content\/uploads\/2020\/08\/person_hero.jpg);\">\r\n\r\n  <div class=\"collorBg\" style=\"background-color: rgba(10,10,10,0.5);\">\r\n    <div class=\"wrapper ac_left text_light columns_one\">\r\n\r\n                <h1 class=\"title\">Jean-Pascal Simard<\/h1>                    \r\n    <\/div>\r\n  <\/div>\r\n\r\n\r\n<\/section>\r\n\r\n\r\n\n\n\n<div class=\"wp-block-columns is-layout-flex wp-container-core-columns-is-layout-9d6595d7 wp-block-columns-is-layout-flex\">\n<div class=\"wp-block-column is-layout-flow wp-block-column-is-layout-flow\" style=\"flex-basis:33.33%\">\n<figure class=\"wp-block-image size-large is-style-default\"><img loading=\"lazy\" decoding=\"async\" width=\"480\" height=\"558\" src=\"https:\/\/fmjf.stagingservers.net\/wp-content\/uploads\/2020\/08\/Directors_3.png\" alt=\"\" class=\"wp-image-1181 lazyload\"\/><\/figure>\n\n\n\n<h5 class=\"wp-block-heading\" style=\"font-size:22px\">Jean-Pascal Simard<\/h5>\n\n\n\n<p>Administrateur<br><br>Membre du Comit\u00e9 d\u2019audit et des finances<br><br>Membre du Comit\u00e9 de d\u00e9veloppement et de financement<br><br>Calgary, Alberta \/ Paris, France<\/p>\n<\/div>\n\n\n\n<div class=\"wp-block-column is-layout-flow wp-block-column-is-layout-flow\" style=\"flex-basis:66.66%\">\n<p>Jean-Pascal Simard int\u00e8gre le secteur de l\u2019industrie p\u00e9troli\u00e8re et gazi\u00e8re au d\u00e9but de sa carri\u00e8re, en 1990, en travaillant chez Petro-Canada \u00e0 Calgary (Canada), \u00e0 l\u2019issue d\u2019un cursus en Administration des affaires, \u00e0 l\u2019Universit\u00e9 de Sherbrooke au Qu\u00e9bec (Canada).<\/p>\n\n\n\n<p>En 1992, il rejoint le groupe papetier canadien Cascades, au poste de contr\u00f4leur financier d\u2019une usine en Su\u00e8de, pour 4 ans, puis devient directeur financier d\u2019une filiale dans le Sud-Ouest de la France, en tant que Directeur financier, avant d\u2019\u00eatre nomm\u00e9, en 1999, Directeur administratif du si\u00e8ge europ\u00e9en de Cascades, \u00e0 Paris.<\/p>\n\n\n\n<p>En octobre 2001, il prend la Direction administrative et financi\u00e8re de Vermilion REP SAS, filiale fran\u00e7aise du groupe p\u00e9trolier et gazier canadien Vermilion Energy Inc. Au-del\u00e0 de ses fonctions (finances, informatique, achats, l\u00e9gal), il rel\u00e8ve des d\u00e9fis li\u00e9s \u00e0 des projets d\u2019horizons tr\u00e8s diff\u00e9rents.<\/p>\n\n\n\n<p>Sept. 2005 \u00e0 D\u00e9c. 2006 : Directeur Transition dans le cadre de l\u2019acquisition d\u2019Esso REP<\/p>\n\n\n\n<p>Janv. 2007 \u00e0 Janv. 2012 : Coordination des proc\u00e9dures judiciaires d\u2019expertise par la repr\u00e9sentation et la protection des int\u00e9r\u00eats de Vermilion REP SAS<\/p>\n\n\n\n<p>Sept. 2010 \u00e0 Juillet 2011 : Porte-parole de Vermilion REP SAS dans le cadre du d\u00e9bat sur les hydrocarbures de schiste en France, et l\u2019interdiction de l\u2019utilisation de la technique de fracturation hydraulique (Loi)<\/p>\n\n\n\n<p>Depuis septembre 2011, il assume ses fonctions de Directeur Relations Publiques et Affaires Gouvernementales Vermilion REP SAS, sous la hi\u00e9rarchie du Pr\u00e9sident et Directeur G\u00e9n\u00e9ral France.<\/p>\n\n\n\n<p>Jean-Pascal Simard est tr\u00e8s actif dans plusieurs organisations importantes en France et au Canada.<\/p>\n<\/div>\n<\/div>\n","protected":false},"excerpt":{"rendered":"<p>Jean-Pascal Simard Administrateur Membre du Comit\u00e9 d\u2019audit et des finances Membre du Comit\u00e9 de d\u00e9veloppement et de financement Calgary, Alberta \/ Paris, France Jean-Pascal Simard int\u00e8gre le secteur de l\u2019industrie p\u00e9troli\u00e8re et gazi\u00e8re au d\u00e9but de sa carri\u00e8re, en 1990, en travaillant chez Petro-Canada \u00e0 Calgary (Canada), \u00e0 l\u2019issue d\u2019un cursus en Administration des affaires, [&hellip;]<\/p>\n","protected":false},"author":1,"featured_media":0,"parent":1886,"menu_order":0,"comment_status":"closed","ping_status":"closed","template":"","meta":{"_acf_changed":false,"footnotes":""},"class_list":["post-1537","page","type-page","status-publish","hentry"],"acf":[],"yoast_head":"<!-- This site is optimized with the Yoast SEO plugin v27.5 - https:\/\/yoast.com\/product\/yoast-seo-wordpress\/ -->\n<title>Jean-Pascal Simard - Fondation Micha\u00eblle Jean Foundation<\/title>\n<meta name=\"robots\" content=\"noindex, follow, max-snippet:-1, max-image-preview:large, max-video-preview:-1\" \/>\n<meta property=\"og:locale\" content=\"fr_FR\" \/>\n<meta property=\"og:type\" content=\"article\" \/>\n<meta property=\"og:title\" content=\"Jean-Pascal Simard - Fondation Micha\u00eblle Jean Foundation\" \/>\n<meta property=\"og:description\" content=\"Jean-Pascal Simard Administrateur Membre du Comit\u00e9 d\u2019audit et des finances Membre du Comit\u00e9 de d\u00e9veloppement et de financement Calgary, Alberta \/ Paris, France Jean-Pascal Simard int\u00e8gre le secteur de l\u2019industrie p\u00e9troli\u00e8re et gazi\u00e8re au d\u00e9but de sa carri\u00e8re, en 1990, en travaillant chez Petro-Canada \u00e0 Calgary (Canada), \u00e0 l\u2019issue d\u2019un cursus en Administration des affaires, [&hellip;]\" \/>\n<meta property=\"og:url\" content=\"https:\/\/fmjf.stagingservers.net\/fr\/a-propos-de-nous\/notre-histoire\/nos-cofondateurs\/jean-pascal-simard-2\/\" \/>\n<meta property=\"og:site_name\" content=\"Fondation Micha\u00eblle Jean Foundation\" \/>\n<meta property=\"article:modified_time\" content=\"2020-09-04T09:44:41+00:00\" \/>\n<meta property=\"og:image\" content=\"https:\/\/fmjf.stagingservers.net\/wp-content\/uploads\/2020\/08\/Directors_3.png\" \/>\n<meta name=\"twitter:card\" content=\"summary_large_image\" \/>\n<meta name=\"twitter:label1\" content=\"Dur\u00e9e de lecture estim\u00e9e\" \/>\n\t<meta name=\"twitter:data1\" content=\"1 minute\" \/>\n<script type=\"application\/ld+json\" class=\"yoast-schema-graph\">{\"@context\":\"https:\\\/\\\/schema.org\",\"@graph\":[{\"@type\":\"WebPage\",\"@id\":\"https:\\\/\\\/fmjf.stagingservers.net\\\/fr\\\/a-propos-de-nous\\\/notre-histoire\\\/nos-cofondateurs\\\/jean-pascal-simard-2\\\/\",\"url\":\"https:\\\/\\\/fmjf.stagingservers.net\\\/fr\\\/a-propos-de-nous\\\/notre-histoire\\\/nos-cofondateurs\\\/jean-pascal-simard-2\\\/\",\"name\":\"Jean-Pascal Simard - Fondation Micha\u00eblle Jean Foundation\",\"isPartOf\":{\"@id\":\"https:\\\/\\\/fmjf.stagingservers.net\\\/fr\\\/#website\"},\"primaryImageOfPage\":{\"@id\":\"https:\\\/\\\/fmjf.stagingservers.net\\\/fr\\\/a-propos-de-nous\\\/notre-histoire\\\/nos-cofondateurs\\\/jean-pascal-simard-2\\\/#primaryimage\"},\"image\":{\"@id\":\"https:\\\/\\\/fmjf.stagingservers.net\\\/fr\\\/a-propos-de-nous\\\/notre-histoire\\\/nos-cofondateurs\\\/jean-pascal-simard-2\\\/#primaryimage\"},\"thumbnailUrl\":\"https:\\\/\\\/fmjf.stagingservers.net\\\/wp-content\\\/uploads\\\/2020\\\/08\\\/Directors_3.png\",\"datePublished\":\"2020-09-04T09:44:40+00:00\",\"dateModified\":\"2020-09-04T09:44:41+00:00\",\"breadcrumb\":{\"@id\":\"https:\\\/\\\/fmjf.stagingservers.net\\\/fr\\\/a-propos-de-nous\\\/notre-histoire\\\/nos-cofondateurs\\\/jean-pascal-simard-2\\\/#breadcrumb\"},\"inLanguage\":\"fr-FR\",\"potentialAction\":[{\"@type\":\"ReadAction\",\"target\":[\"https:\\\/\\\/fmjf.stagingservers.net\\\/fr\\\/a-propos-de-nous\\\/notre-histoire\\\/nos-cofondateurs\\\/jean-pascal-simard-2\\\/\"]}]},{\"@type\":\"ImageObject\",\"inLanguage\":\"fr-FR\",\"@id\":\"https:\\\/\\\/fmjf.stagingservers.net\\\/fr\\\/a-propos-de-nous\\\/notre-histoire\\\/nos-cofondateurs\\\/jean-pascal-simard-2\\\/#primaryimage\",\"url\":\"https:\\\/\\\/fmjf.stagingservers.net\\\/wp-content\\\/uploads\\\/2020\\\/08\\\/Directors_3.png\",\"contentUrl\":\"https:\\\/\\\/fmjf.stagingservers.net\\\/wp-content\\\/uploads\\\/2020\\\/08\\\/Directors_3.png\"},{\"@type\":\"BreadcrumbList\",\"@id\":\"https:\\\/\\\/fmjf.stagingservers.net\\\/fr\\\/a-propos-de-nous\\\/notre-histoire\\\/nos-cofondateurs\\\/jean-pascal-simard-2\\\/#breadcrumb\",\"itemListElement\":[{\"@type\":\"ListItem\",\"position\":1,\"name\":\"Home\",\"item\":\"https:\\\/\\\/fmjf.stagingservers.net\\\/fr\\\/\"},{\"@type\":\"ListItem\",\"position\":2,\"name\":\"\u00c0 propos de nous\",\"item\":\"https:\\\/\\\/fmjf.stagingservers.net\\\/fr\\\/a-propos-de-nous\\\/\"},{\"@type\":\"ListItem\",\"position\":3,\"name\":\"Notre histoire\",\"item\":\"https:\\\/\\\/fmjf.stagingservers.net\\\/fr\\\/a-propos-de-nous\\\/notre-histoire\\\/\"},{\"@type\":\"ListItem\",\"position\":4,\"name\":\"Nos cofondateurs\",\"item\":\"https:\\\/\\\/fmjf.stagingservers.net\\\/fr\\\/a-propos-de-nous\\\/notre-histoire\\\/nos-cofondateurs\\\/\"},{\"@type\":\"ListItem\",\"position\":5,\"name\":\"Jean-Pascal Simard\"}]},{\"@type\":\"WebSite\",\"@id\":\"https:\\\/\\\/fmjf.stagingservers.net\\\/fr\\\/#website\",\"url\":\"https:\\\/\\\/fmjf.stagingservers.net\\\/fr\\\/\",\"name\":\"Fondation Micha\u00eblle Jean Foundation\",\"description\":\"Les jeunes sont l\u2019une des ressources les plus pr\u00e9cieuses du Canada, affirment les confondateurs et copr\u00e9sidents. Lorsqu\u2019on leur en donne l\u2019occasion, ils r\u00e9ussissent \u00e0 exprimer leurs id\u00e9es, leur cr\u00e9ativit\u00e9 et leur capacit\u00e9 \u00e0 innover, qui toutes ont le pouvoir de transformer notre soci\u00e9t\u00e9.\",\"publisher\":{\"@id\":\"https:\\\/\\\/fmjf.stagingservers.net\\\/fr\\\/#organization\"},\"potentialAction\":[{\"@type\":\"SearchAction\",\"target\":{\"@type\":\"EntryPoint\",\"urlTemplate\":\"https:\\\/\\\/fmjf.stagingservers.net\\\/fr\\\/?s={search_term_string}\"},\"query-input\":{\"@type\":\"PropertyValueSpecification\",\"valueRequired\":true,\"valueName\":\"search_term_string\"}}],\"inLanguage\":\"fr-FR\"},{\"@type\":\"Organization\",\"@id\":\"https:\\\/\\\/fmjf.stagingservers.net\\\/fr\\\/#organization\",\"name\":\"Fondation Micha\u00eblle Jean Foundation\",\"url\":\"https:\\\/\\\/fmjf.stagingservers.net\\\/fr\\\/\",\"logo\":{\"@type\":\"ImageObject\",\"inLanguage\":\"fr-FR\",\"@id\":\"https:\\\/\\\/fmjf.stagingservers.net\\\/fr\\\/#\\\/schema\\\/logo\\\/image\\\/\",\"url\":\"https:\\\/\\\/fmjf.stagingservers.net\\\/wp-content\\\/uploads\\\/2020\\\/05\\\/Logo.png\",\"contentUrl\":\"https:\\\/\\\/fmjf.stagingservers.net\\\/wp-content\\\/uploads\\\/2020\\\/05\\\/Logo.png\",\"width\":310,\"height\":96,\"caption\":\"Fondation Micha\u00eblle Jean Foundation\"},\"image\":{\"@id\":\"https:\\\/\\\/fmjf.stagingservers.net\\\/fr\\\/#\\\/schema\\\/logo\\\/image\\\/\"}}]}<\/script>\n<!-- \/ Yoast SEO plugin. -->","yoast_head_json":{"title":"Jean-Pascal Simard - Fondation Micha\u00eblle Jean Foundation","robots":{"index":"noindex","follow":"follow","max-snippet":"max-snippet:-1","max-image-preview":"max-image-preview:large","max-video-preview":"max-video-preview:-1"},"og_locale":"fr_FR","og_type":"article","og_title":"Jean-Pascal Simard - Fondation Micha\u00eblle Jean Foundation","og_description":"Jean-Pascal Simard Administrateur Membre du Comit\u00e9 d\u2019audit et des finances Membre du Comit\u00e9 de d\u00e9veloppement et de financement Calgary, Alberta \/ Paris, France Jean-Pascal Simard int\u00e8gre le secteur de l\u2019industrie p\u00e9troli\u00e8re et gazi\u00e8re au d\u00e9but de sa carri\u00e8re, en 1990, en travaillant chez Petro-Canada \u00e0 Calgary (Canada), \u00e0 l\u2019issue d\u2019un cursus en Administration des affaires, [&hellip;]","og_url":"https:\/\/fmjf.stagingservers.net\/fr\/a-propos-de-nous\/notre-histoire\/nos-cofondateurs\/jean-pascal-simard-2\/","og_site_name":"Fondation Micha\u00eblle Jean Foundation","article_modified_time":"2020-09-04T09:44:41+00:00","og_image":[{"url":"https:\/\/fmjf.stagingservers.net\/wp-content\/uploads\/2020\/08\/Directors_3.png","type":"","width":"","height":""}],"twitter_card":"summary_large_image","twitter_misc":{"Dur\u00e9e de lecture estim\u00e9e":"1 minute"},"schema":{"@context":"https:\/\/schema.org","@graph":[{"@type":"WebPage","@id":"https:\/\/fmjf.stagingservers.net\/fr\/a-propos-de-nous\/notre-histoire\/nos-cofondateurs\/jean-pascal-simard-2\/","url":"https:\/\/fmjf.stagingservers.net\/fr\/a-propos-de-nous\/notre-histoire\/nos-cofondateurs\/jean-pascal-simard-2\/","name":"Jean-Pascal Simard - Fondation Micha\u00eblle Jean Foundation","isPartOf":{"@id":"https:\/\/fmjf.stagingservers.net\/fr\/#website"},"primaryImageOfPage":{"@id":"https:\/\/fmjf.stagingservers.net\/fr\/a-propos-de-nous\/notre-histoire\/nos-cofondateurs\/jean-pascal-simard-2\/#primaryimage"},"image":{"@id":"https:\/\/fmjf.stagingservers.net\/fr\/a-propos-de-nous\/notre-histoire\/nos-cofondateurs\/jean-pascal-simard-2\/#primaryimage"},"thumbnailUrl":"https:\/\/fmjf.stagingservers.net\/wp-content\/uploads\/2020\/08\/Directors_3.png","datePublished":"2020-09-04T09:44:40+00:00","dateModified":"2020-09-04T09:44:41+00:00","breadcrumb":{"@id":"https:\/\/fmjf.stagingservers.net\/fr\/a-propos-de-nous\/notre-histoire\/nos-cofondateurs\/jean-pascal-simard-2\/#breadcrumb"},"inLanguage":"fr-FR","potentialAction":[{"@type":"ReadAction","target":["https:\/\/fmjf.stagingservers.net\/fr\/a-propos-de-nous\/notre-histoire\/nos-cofondateurs\/jean-pascal-simard-2\/"]}]},{"@type":"ImageObject","inLanguage":"fr-FR","@id":"https:\/\/fmjf.stagingservers.net\/fr\/a-propos-de-nous\/notre-histoire\/nos-cofondateurs\/jean-pascal-simard-2\/#primaryimage","url":"https:\/\/fmjf.stagingservers.net\/wp-content\/uploads\/2020\/08\/Directors_3.png","contentUrl":"https:\/\/fmjf.stagingservers.net\/wp-content\/uploads\/2020\/08\/Directors_3.png"},{"@type":"BreadcrumbList","@id":"https:\/\/fmjf.stagingservers.net\/fr\/a-propos-de-nous\/notre-histoire\/nos-cofondateurs\/jean-pascal-simard-2\/#breadcrumb","itemListElement":[{"@type":"ListItem","position":1,"name":"Home","item":"https:\/\/fmjf.stagingservers.net\/fr\/"},{"@type":"ListItem","position":2,"name":"\u00c0 propos de nous","item":"https:\/\/fmjf.stagingservers.net\/fr\/a-propos-de-nous\/"},{"@type":"ListItem","position":3,"name":"Notre histoire","item":"https:\/\/fmjf.stagingservers.net\/fr\/a-propos-de-nous\/notre-histoire\/"},{"@type":"ListItem","position":4,"name":"Nos cofondateurs","item":"https:\/\/fmjf.stagingservers.net\/fr\/a-propos-de-nous\/notre-histoire\/nos-cofondateurs\/"},{"@type":"ListItem","position":5,"name":"Jean-Pascal Simard"}]},{"@type":"WebSite","@id":"https:\/\/fmjf.stagingservers.net\/fr\/#website","url":"https:\/\/fmjf.stagingservers.net\/fr\/","name":"Fondation Micha\u00eblle Jean Foundation","description":"Les jeunes sont l\u2019une des ressources les plus pr\u00e9cieuses du Canada, affirment les confondateurs et copr\u00e9sidents. Lorsqu\u2019on leur en donne l\u2019occasion, ils r\u00e9ussissent \u00e0 exprimer leurs id\u00e9es, leur cr\u00e9ativit\u00e9 et leur capacit\u00e9 \u00e0 innover, qui toutes ont le pouvoir de transformer notre soci\u00e9t\u00e9.","publisher":{"@id":"https:\/\/fmjf.stagingservers.net\/fr\/#organization"},"potentialAction":[{"@type":"SearchAction","target":{"@type":"EntryPoint","urlTemplate":"https:\/\/fmjf.stagingservers.net\/fr\/?s={search_term_string}"},"query-input":{"@type":"PropertyValueSpecification","valueRequired":true,"valueName":"search_term_string"}}],"inLanguage":"fr-FR"},{"@type":"Organization","@id":"https:\/\/fmjf.stagingservers.net\/fr\/#organization","name":"Fondation Micha\u00eblle Jean Foundation","url":"https:\/\/fmjf.stagingservers.net\/fr\/","logo":{"@type":"ImageObject","inLanguage":"fr-FR","@id":"https:\/\/fmjf.stagingservers.net\/fr\/#\/schema\/logo\/image\/","url":"https:\/\/fmjf.stagingservers.net\/wp-content\/uploads\/2020\/05\/Logo.png","contentUrl":"https:\/\/fmjf.stagingservers.net\/wp-content\/uploads\/2020\/05\/Logo.png","width":310,"height":96,"caption":"Fondation Micha\u00eblle Jean Foundation"},"image":{"@id":"https:\/\/fmjf.stagingservers.net\/fr\/#\/schema\/logo\/image\/"}}]}},"_links":{"self":[{"href":"https:\/\/fmjf.stagingservers.net\/fr\/wp-json\/wp\/v2\/pages\/1537","targetHints":{"allow":["GET"]}}],"collection":[{"href":"https:\/\/fmjf.stagingservers.net\/fr\/wp-json\/wp\/v2\/pages"}],"about":[{"href":"https:\/\/fmjf.stagingservers.net\/fr\/wp-json\/wp\/v2\/types\/page"}],"author":[{"embeddable":true,"href":"https:\/\/fmjf.stagingservers.net\/fr\/wp-json\/wp\/v2\/users\/1"}],"replies":[{"embeddable":true,"href":"https:\/\/fmjf.stagingservers.net\/fr\/wp-json\/wp\/v2\/comments?post=1537"}],"version-history":[{"count":1,"href":"https:\/\/fmjf.stagingservers.net\/fr\/wp-json\/wp\/v2\/pages\/1537\/revisions"}],"predecessor-version":[{"id":1543,"href":"https:\/\/fmjf.stagingservers.net\/fr\/wp-json\/wp\/v2\/pages\/1537\/revisions\/1543"}],"up":[{"embeddable":true,"href":"https:\/\/fmjf.stagingservers.net\/fr\/wp-json\/wp\/v2\/pages\/1886"}],"wp:attachment":[{"href":"https:\/\/fmjf.stagingservers.net\/fr\/wp-json\/wp\/v2\/media?parent=1537"}],"curies":[{"name":"wp","href":"https:\/\/api.w.org\/{rel}","templated":true}]}}