{"id":1531,"date":"2020-09-04T09:35:36","date_gmt":"2020-09-04T09:35:36","guid":{"rendered":"https:\/\/fmjf.stagingservers.net\/?page_id=1531"},"modified":"2020-09-29T15:43:00","modified_gmt":"2020-09-29T19:43:00","slug":"arni-c-thorsteinson-cfa-ll-d-2","status":"publish","type":"page","link":"https:\/\/fmjf.stagingservers.net\/fr\/a-propos-de-nous\/notre-histoire\/nos-cofondateurs\/arni-c-thorsteinson-cfa-ll-d-2\/","title":{"rendered":"Arni C. Thorsteinson, CFA, LL.D"},"content":{"rendered":"\r\n\r\n\r\n\r\n\r\n<section class=\"fmjf_theme_image_caption   hasImgBg alignfull \" style=\"background-image: url(https:\/\/fmjf.stagingservers.net\/wp-content\/uploads\/2020\/09\/contact_us_hero-1.png);\">\r\n\r\n  <div class=\"collorBg\" style=\"background-color: rgba(10,10,10,0.5);\">\r\n    <div class=\"wrapper ac_left text_light columns_one\">\r\n\r\n                <h1 class=\"title\">Arni C. Thorsteinson, CFA, LL.D<\/h1>                    \r\n    <\/div>\r\n  <\/div>\r\n\r\n\r\n<\/section>\r\n\r\n\r\n\n\n\n<div class=\"wp-block-columns is-layout-flex wp-container-core-columns-is-layout-9d6595d7 wp-block-columns-is-layout-flex\">\n<div class=\"wp-block-column is-layout-flow wp-block-column-is-layout-flow\" style=\"flex-basis:33.33%\">\n<figure class=\"wp-block-image size-large is-style-default\"><img loading=\"lazy\" decoding=\"async\" width=\"480\" height=\"558\" src=\"https:\/\/fmjf.stagingservers.net\/wp-content\/uploads\/2020\/08\/Directors_1.png\" alt=\"\" class=\"wp-image-1185 lazyload\"\/><\/figure>\n\n\n\n<h5 class=\"wp-block-heading\" style=\"font-size:22px\">Arni C. Thorsteinson, CFA, LL.D<\/h5>\n\n\n\n<p>Administrateur<br><br>Membre du Comit\u00e9 de gouvernance<br><br>Winnipeg, Manitoba<\/p>\n<\/div>\n\n\n\n<div class=\"wp-block-column is-layout-flow wp-block-column-is-layout-flow\" style=\"flex-basis:66.66%\">\n<p>Arni Thorsteinson est pr\u00e9sident et directeur de Shelter Canadian Properties Limited. Fort d\u2019une exp\u00e9rience de plus de 35 ans dans les domaines de la promotion immobili\u00e8re et des finances, M. Thorsteinson est fondateur des fiducies de placements immobiliers Lanesborough, Huntingdon, Temple et White Rock.<\/p>\n\n\n\n<p>M. Thorsteinson est pr\u00e9sident du conseil consultatif de Canadian Aspen Properties Ltd., pr\u00e9sident du conseil consultatif de Vision Capital Fund, et pr\u00e9sident du conseil du Mus\u00e9e canadien des droits de la personne.<\/p>\n\n\n\n<p>En outre, il est directeur de Ben Moss Jewellers Ltd. et d\u2019Onex Corporation, de m\u00eame que fiduciaire du fonds de revenu Bird Construction. C\u2019est en 1974 que M. Thorsteinson a obtenu le titre d\u2019analyste financier agr\u00e9\u00e9; il est \u00e9galement titulaire d\u2019un grade de premier cycle (avec sp\u00e9cialisation) en commerce de l\u2019Universit\u00e9 du Manitoba.<\/p>\n\n\n\n<p><br><br><br><\/p>\n<\/div>\n<\/div>\n","protected":false},"excerpt":{"rendered":"<p>Arni C. Thorsteinson, CFA, LL.D Administrateur Membre du Comit\u00e9 de gouvernance Winnipeg, Manitoba Arni Thorsteinson est pr\u00e9sident et directeur de Shelter Canadian Properties Limited. Fort d\u2019une exp\u00e9rience de plus de 35 ans dans les domaines de la promotion immobili\u00e8re et des finances, M. Thorsteinson est fondateur des fiducies de placements immobiliers Lanesborough, Huntingdon, Temple et [&hellip;]<\/p>\n","protected":false},"author":1,"featured_media":0,"parent":1886,"menu_order":0,"comment_status":"closed","ping_status":"closed","template":"","meta":{"_acf_changed":false,"footnotes":""},"class_list":["post-1531","page","type-page","status-publish","hentry"],"acf":[],"yoast_head":"<!-- This site is optimized with the Yoast SEO plugin v27.5 - https:\/\/yoast.com\/product\/yoast-seo-wordpress\/ -->\n<title>Arni C. Thorsteinson, CFA, LL.D - Fondation Micha\u00eblle Jean Foundation<\/title>\n<meta name=\"robots\" content=\"noindex, follow, max-snippet:-1, max-image-preview:large, max-video-preview:-1\" \/>\n<meta property=\"og:locale\" content=\"fr_FR\" \/>\n<meta property=\"og:type\" content=\"article\" \/>\n<meta property=\"og:title\" content=\"Arni C. Thorsteinson, CFA, LL.D - Fondation Micha\u00eblle Jean Foundation\" \/>\n<meta property=\"og:description\" content=\"Arni C. Thorsteinson, CFA, LL.D Administrateur Membre du Comit\u00e9 de gouvernance Winnipeg, Manitoba Arni Thorsteinson est pr\u00e9sident et directeur de Shelter Canadian Properties Limited. Fort d\u2019une exp\u00e9rience de plus de 35 ans dans les domaines de la promotion immobili\u00e8re et des finances, M. Thorsteinson est fondateur des fiducies de placements immobiliers Lanesborough, Huntingdon, Temple et [&hellip;]\" \/>\n<meta property=\"og:url\" content=\"https:\/\/fmjf.stagingservers.net\/fr\/a-propos-de-nous\/notre-histoire\/nos-cofondateurs\/arni-c-thorsteinson-cfa-ll-d-2\/\" \/>\n<meta property=\"og:site_name\" content=\"Fondation Micha\u00eblle Jean Foundation\" \/>\n<meta property=\"article:modified_time\" content=\"2020-09-29T19:43:00+00:00\" \/>\n<meta property=\"og:image\" content=\"https:\/\/fmjf.stagingservers.net\/wp-content\/uploads\/2020\/08\/Directors_1.png\" \/>\n<meta name=\"twitter:card\" content=\"summary_large_image\" \/>\n<meta name=\"twitter:label1\" content=\"Dur\u00e9e de lecture estim\u00e9e\" \/>\n\t<meta name=\"twitter:data1\" content=\"1 minute\" \/>\n<script type=\"application\/ld+json\" class=\"yoast-schema-graph\">{\"@context\":\"https:\\\/\\\/schema.org\",\"@graph\":[{\"@type\":\"WebPage\",\"@id\":\"https:\\\/\\\/fmjf.stagingservers.net\\\/fr\\\/a-propos-de-nous\\\/notre-histoire\\\/nos-cofondateurs\\\/arni-c-thorsteinson-cfa-ll-d-2\\\/\",\"url\":\"https:\\\/\\\/fmjf.stagingservers.net\\\/fr\\\/a-propos-de-nous\\\/notre-histoire\\\/nos-cofondateurs\\\/arni-c-thorsteinson-cfa-ll-d-2\\\/\",\"name\":\"Arni C. Thorsteinson, CFA, LL.D - Fondation Micha\u00eblle Jean Foundation\",\"isPartOf\":{\"@id\":\"https:\\\/\\\/fmjf.stagingservers.net\\\/fr\\\/#website\"},\"primaryImageOfPage\":{\"@id\":\"https:\\\/\\\/fmjf.stagingservers.net\\\/fr\\\/a-propos-de-nous\\\/notre-histoire\\\/nos-cofondateurs\\\/arni-c-thorsteinson-cfa-ll-d-2\\\/#primaryimage\"},\"image\":{\"@id\":\"https:\\\/\\\/fmjf.stagingservers.net\\\/fr\\\/a-propos-de-nous\\\/notre-histoire\\\/nos-cofondateurs\\\/arni-c-thorsteinson-cfa-ll-d-2\\\/#primaryimage\"},\"thumbnailUrl\":\"https:\\\/\\\/fmjf.stagingservers.net\\\/wp-content\\\/uploads\\\/2020\\\/08\\\/Directors_1.png\",\"datePublished\":\"2020-09-04T09:35:36+00:00\",\"dateModified\":\"2020-09-29T19:43:00+00:00\",\"breadcrumb\":{\"@id\":\"https:\\\/\\\/fmjf.stagingservers.net\\\/fr\\\/a-propos-de-nous\\\/notre-histoire\\\/nos-cofondateurs\\\/arni-c-thorsteinson-cfa-ll-d-2\\\/#breadcrumb\"},\"inLanguage\":\"fr-FR\",\"potentialAction\":[{\"@type\":\"ReadAction\",\"target\":[\"https:\\\/\\\/fmjf.stagingservers.net\\\/fr\\\/a-propos-de-nous\\\/notre-histoire\\\/nos-cofondateurs\\\/arni-c-thorsteinson-cfa-ll-d-2\\\/\"]}]},{\"@type\":\"ImageObject\",\"inLanguage\":\"fr-FR\",\"@id\":\"https:\\\/\\\/fmjf.stagingservers.net\\\/fr\\\/a-propos-de-nous\\\/notre-histoire\\\/nos-cofondateurs\\\/arni-c-thorsteinson-cfa-ll-d-2\\\/#primaryimage\",\"url\":\"https:\\\/\\\/fmjf.stagingservers.net\\\/wp-content\\\/uploads\\\/2020\\\/08\\\/Directors_1.png\",\"contentUrl\":\"https:\\\/\\\/fmjf.stagingservers.net\\\/wp-content\\\/uploads\\\/2020\\\/08\\\/Directors_1.png\"},{\"@type\":\"BreadcrumbList\",\"@id\":\"https:\\\/\\\/fmjf.stagingservers.net\\\/fr\\\/a-propos-de-nous\\\/notre-histoire\\\/nos-cofondateurs\\\/arni-c-thorsteinson-cfa-ll-d-2\\\/#breadcrumb\",\"itemListElement\":[{\"@type\":\"ListItem\",\"position\":1,\"name\":\"Home\",\"item\":\"https:\\\/\\\/fmjf.stagingservers.net\\\/fr\\\/\"},{\"@type\":\"ListItem\",\"position\":2,\"name\":\"\u00c0 propos de nous\",\"item\":\"https:\\\/\\\/fmjf.stagingservers.net\\\/fr\\\/a-propos-de-nous\\\/\"},{\"@type\":\"ListItem\",\"position\":3,\"name\":\"Notre histoire\",\"item\":\"https:\\\/\\\/fmjf.stagingservers.net\\\/fr\\\/a-propos-de-nous\\\/notre-histoire\\\/\"},{\"@type\":\"ListItem\",\"position\":4,\"name\":\"Nos cofondateurs\",\"item\":\"https:\\\/\\\/fmjf.stagingservers.net\\\/fr\\\/a-propos-de-nous\\\/notre-histoire\\\/nos-cofondateurs\\\/\"},{\"@type\":\"ListItem\",\"position\":5,\"name\":\"Arni C. Thorsteinson, CFA, LL.D\"}]},{\"@type\":\"WebSite\",\"@id\":\"https:\\\/\\\/fmjf.stagingservers.net\\\/fr\\\/#website\",\"url\":\"https:\\\/\\\/fmjf.stagingservers.net\\\/fr\\\/\",\"name\":\"Fondation Micha\u00eblle Jean Foundation\",\"description\":\"Les jeunes sont l\u2019une des ressources les plus pr\u00e9cieuses du Canada, affirment les confondateurs et copr\u00e9sidents. Lorsqu\u2019on leur en donne l\u2019occasion, ils r\u00e9ussissent \u00e0 exprimer leurs id\u00e9es, leur cr\u00e9ativit\u00e9 et leur capacit\u00e9 \u00e0 innover, qui toutes ont le pouvoir de transformer notre soci\u00e9t\u00e9.\",\"publisher\":{\"@id\":\"https:\\\/\\\/fmjf.stagingservers.net\\\/fr\\\/#organization\"},\"potentialAction\":[{\"@type\":\"SearchAction\",\"target\":{\"@type\":\"EntryPoint\",\"urlTemplate\":\"https:\\\/\\\/fmjf.stagingservers.net\\\/fr\\\/?s={search_term_string}\"},\"query-input\":{\"@type\":\"PropertyValueSpecification\",\"valueRequired\":true,\"valueName\":\"search_term_string\"}}],\"inLanguage\":\"fr-FR\"},{\"@type\":\"Organization\",\"@id\":\"https:\\\/\\\/fmjf.stagingservers.net\\\/fr\\\/#organization\",\"name\":\"Fondation Micha\u00eblle Jean Foundation\",\"url\":\"https:\\\/\\\/fmjf.stagingservers.net\\\/fr\\\/\",\"logo\":{\"@type\":\"ImageObject\",\"inLanguage\":\"fr-FR\",\"@id\":\"https:\\\/\\\/fmjf.stagingservers.net\\\/fr\\\/#\\\/schema\\\/logo\\\/image\\\/\",\"url\":\"https:\\\/\\\/fmjf.stagingservers.net\\\/wp-content\\\/uploads\\\/2020\\\/05\\\/Logo.png\",\"contentUrl\":\"https:\\\/\\\/fmjf.stagingservers.net\\\/wp-content\\\/uploads\\\/2020\\\/05\\\/Logo.png\",\"width\":310,\"height\":96,\"caption\":\"Fondation Micha\u00eblle Jean Foundation\"},\"image\":{\"@id\":\"https:\\\/\\\/fmjf.stagingservers.net\\\/fr\\\/#\\\/schema\\\/logo\\\/image\\\/\"}}]}<\/script>\n<!-- \/ Yoast SEO plugin. -->","yoast_head_json":{"title":"Arni C. Thorsteinson, CFA, LL.D - Fondation Micha\u00eblle Jean Foundation","robots":{"index":"noindex","follow":"follow","max-snippet":"max-snippet:-1","max-image-preview":"max-image-preview:large","max-video-preview":"max-video-preview:-1"},"og_locale":"fr_FR","og_type":"article","og_title":"Arni C. Thorsteinson, CFA, LL.D - Fondation Micha\u00eblle Jean Foundation","og_description":"Arni C. Thorsteinson, CFA, LL.D Administrateur Membre du Comit\u00e9 de gouvernance Winnipeg, Manitoba Arni Thorsteinson est pr\u00e9sident et directeur de Shelter Canadian Properties Limited. Fort d\u2019une exp\u00e9rience de plus de 35 ans dans les domaines de la promotion immobili\u00e8re et des finances, M. Thorsteinson est fondateur des fiducies de placements immobiliers Lanesborough, Huntingdon, Temple et [&hellip;]","og_url":"https:\/\/fmjf.stagingservers.net\/fr\/a-propos-de-nous\/notre-histoire\/nos-cofondateurs\/arni-c-thorsteinson-cfa-ll-d-2\/","og_site_name":"Fondation Micha\u00eblle Jean Foundation","article_modified_time":"2020-09-29T19:43:00+00:00","og_image":[{"url":"https:\/\/fmjf.stagingservers.net\/wp-content\/uploads\/2020\/08\/Directors_1.png","type":"","width":"","height":""}],"twitter_card":"summary_large_image","twitter_misc":{"Dur\u00e9e de lecture estim\u00e9e":"1 minute"},"schema":{"@context":"https:\/\/schema.org","@graph":[{"@type":"WebPage","@id":"https:\/\/fmjf.stagingservers.net\/fr\/a-propos-de-nous\/notre-histoire\/nos-cofondateurs\/arni-c-thorsteinson-cfa-ll-d-2\/","url":"https:\/\/fmjf.stagingservers.net\/fr\/a-propos-de-nous\/notre-histoire\/nos-cofondateurs\/arni-c-thorsteinson-cfa-ll-d-2\/","name":"Arni C. Thorsteinson, CFA, LL.D - Fondation Micha\u00eblle Jean Foundation","isPartOf":{"@id":"https:\/\/fmjf.stagingservers.net\/fr\/#website"},"primaryImageOfPage":{"@id":"https:\/\/fmjf.stagingservers.net\/fr\/a-propos-de-nous\/notre-histoire\/nos-cofondateurs\/arni-c-thorsteinson-cfa-ll-d-2\/#primaryimage"},"image":{"@id":"https:\/\/fmjf.stagingservers.net\/fr\/a-propos-de-nous\/notre-histoire\/nos-cofondateurs\/arni-c-thorsteinson-cfa-ll-d-2\/#primaryimage"},"thumbnailUrl":"https:\/\/fmjf.stagingservers.net\/wp-content\/uploads\/2020\/08\/Directors_1.png","datePublished":"2020-09-04T09:35:36+00:00","dateModified":"2020-09-29T19:43:00+00:00","breadcrumb":{"@id":"https:\/\/fmjf.stagingservers.net\/fr\/a-propos-de-nous\/notre-histoire\/nos-cofondateurs\/arni-c-thorsteinson-cfa-ll-d-2\/#breadcrumb"},"inLanguage":"fr-FR","potentialAction":[{"@type":"ReadAction","target":["https:\/\/fmjf.stagingservers.net\/fr\/a-propos-de-nous\/notre-histoire\/nos-cofondateurs\/arni-c-thorsteinson-cfa-ll-d-2\/"]}]},{"@type":"ImageObject","inLanguage":"fr-FR","@id":"https:\/\/fmjf.stagingservers.net\/fr\/a-propos-de-nous\/notre-histoire\/nos-cofondateurs\/arni-c-thorsteinson-cfa-ll-d-2\/#primaryimage","url":"https:\/\/fmjf.stagingservers.net\/wp-content\/uploads\/2020\/08\/Directors_1.png","contentUrl":"https:\/\/fmjf.stagingservers.net\/wp-content\/uploads\/2020\/08\/Directors_1.png"},{"@type":"BreadcrumbList","@id":"https:\/\/fmjf.stagingservers.net\/fr\/a-propos-de-nous\/notre-histoire\/nos-cofondateurs\/arni-c-thorsteinson-cfa-ll-d-2\/#breadcrumb","itemListElement":[{"@type":"ListItem","position":1,"name":"Home","item":"https:\/\/fmjf.stagingservers.net\/fr\/"},{"@type":"ListItem","position":2,"name":"\u00c0 propos de nous","item":"https:\/\/fmjf.stagingservers.net\/fr\/a-propos-de-nous\/"},{"@type":"ListItem","position":3,"name":"Notre histoire","item":"https:\/\/fmjf.stagingservers.net\/fr\/a-propos-de-nous\/notre-histoire\/"},{"@type":"ListItem","position":4,"name":"Nos cofondateurs","item":"https:\/\/fmjf.stagingservers.net\/fr\/a-propos-de-nous\/notre-histoire\/nos-cofondateurs\/"},{"@type":"ListItem","position":5,"name":"Arni C. Thorsteinson, CFA, LL.D"}]},{"@type":"WebSite","@id":"https:\/\/fmjf.stagingservers.net\/fr\/#website","url":"https:\/\/fmjf.stagingservers.net\/fr\/","name":"Fondation Micha\u00eblle Jean Foundation","description":"Les jeunes sont l\u2019une des ressources les plus pr\u00e9cieuses du Canada, affirment les confondateurs et copr\u00e9sidents. Lorsqu\u2019on leur en donne l\u2019occasion, ils r\u00e9ussissent \u00e0 exprimer leurs id\u00e9es, leur cr\u00e9ativit\u00e9 et leur capacit\u00e9 \u00e0 innover, qui toutes ont le pouvoir de transformer notre soci\u00e9t\u00e9.","publisher":{"@id":"https:\/\/fmjf.stagingservers.net\/fr\/#organization"},"potentialAction":[{"@type":"SearchAction","target":{"@type":"EntryPoint","urlTemplate":"https:\/\/fmjf.stagingservers.net\/fr\/?s={search_term_string}"},"query-input":{"@type":"PropertyValueSpecification","valueRequired":true,"valueName":"search_term_string"}}],"inLanguage":"fr-FR"},{"@type":"Organization","@id":"https:\/\/fmjf.stagingservers.net\/fr\/#organization","name":"Fondation Micha\u00eblle Jean Foundation","url":"https:\/\/fmjf.stagingservers.net\/fr\/","logo":{"@type":"ImageObject","inLanguage":"fr-FR","@id":"https:\/\/fmjf.stagingservers.net\/fr\/#\/schema\/logo\/image\/","url":"https:\/\/fmjf.stagingservers.net\/wp-content\/uploads\/2020\/05\/Logo.png","contentUrl":"https:\/\/fmjf.stagingservers.net\/wp-content\/uploads\/2020\/05\/Logo.png","width":310,"height":96,"caption":"Fondation Micha\u00eblle Jean Foundation"},"image":{"@id":"https:\/\/fmjf.stagingservers.net\/fr\/#\/schema\/logo\/image\/"}}]}},"_links":{"self":[{"href":"https:\/\/fmjf.stagingservers.net\/fr\/wp-json\/wp\/v2\/pages\/1531","targetHints":{"allow":["GET"]}}],"collection":[{"href":"https:\/\/fmjf.stagingservers.net\/fr\/wp-json\/wp\/v2\/pages"}],"about":[{"href":"https:\/\/fmjf.stagingservers.net\/fr\/wp-json\/wp\/v2\/types\/page"}],"author":[{"embeddable":true,"href":"https:\/\/fmjf.stagingservers.net\/fr\/wp-json\/wp\/v2\/users\/1"}],"replies":[{"embeddable":true,"href":"https:\/\/fmjf.stagingservers.net\/fr\/wp-json\/wp\/v2\/comments?post=1531"}],"version-history":[{"count":4,"href":"https:\/\/fmjf.stagingservers.net\/fr\/wp-json\/wp\/v2\/pages\/1531\/revisions"}],"predecessor-version":[{"id":4125,"href":"https:\/\/fmjf.stagingservers.net\/fr\/wp-json\/wp\/v2\/pages\/1531\/revisions\/4125"}],"up":[{"embeddable":true,"href":"https:\/\/fmjf.stagingservers.net\/fr\/wp-json\/wp\/v2\/pages\/1886"}],"wp:attachment":[{"href":"https:\/\/fmjf.stagingservers.net\/fr\/wp-json\/wp\/v2\/media?parent=1531"}],"curies":[{"name":"wp","href":"https:\/\/api.w.org\/{rel}","templated":true}]}}