{"id":1526,"date":"2020-09-04T09:32:50","date_gmt":"2020-09-04T09:32:50","guid":{"rendered":"https:\/\/fmjf.stagingservers.net\/?page_id=1526"},"modified":"2020-09-29T15:36:18","modified_gmt":"2020-09-29T19:36:18","slug":"malcolm-mckechnie-2","status":"publish","type":"page","link":"https:\/\/fmjf.stagingservers.net\/fr\/a-propos-de-nous\/notre-histoire\/nos-cofondateurs\/malcolm-mckechnie-2\/","title":{"rendered":"Malcolm McKechnie"},"content":{"rendered":"\r\n\r\n\r\n\r\n\r\n<section class=\"fmjf_theme_image_caption   hasImgBg alignfull \" style=\"background-image: url(https:\/\/fmjf.stagingservers.net\/wp-content\/uploads\/2020\/08\/person_hero.jpg);\">\r\n\r\n  <div class=\"collorBg\" style=\"background-color: rgba(10,10,10,0.5);\">\r\n    <div class=\"wrapper ac_left text_light columns_one\">\r\n\r\n                <h1 class=\"title\">Malcolm McKechnie<\/h1>                    \r\n    <\/div>\r\n  <\/div>\r\n\r\n\r\n<\/section>\r\n\r\n\r\n\n\n\n<div class=\"wp-block-columns is-layout-flex wp-container-core-columns-is-layout-9d6595d7 wp-block-columns-is-layout-flex\">\n<div class=\"wp-block-column is-layout-flow wp-block-column-is-layout-flow\" style=\"flex-basis:33.33%\">\n<figure class=\"wp-block-image size-large is-style-default\"><img decoding=\"async\" src=\"https:\/\/fmjf.stagingservers.net\/wp-content\/uploads\/2020\/09\/357D59E6-70A4-49DB-ABE8-F420FA0E23ED-e1600395289326.jpeg\" alt=\"\" class=\"wp-image-2714 lazyload\"\/><\/figure>\n\n\n\n<h5 class=\"wp-block-heading\" style=\"font-size:22px\">Malcolm McKechnie<\/h5>\n\n\n\n<p>Administrateur<br><br>Membre du Comit\u00e9 de d\u00e9veloppement et de financement<br><br>Ottawa, Ontario<\/p>\n<\/div>\n\n\n\n<div class=\"wp-block-column is-layout-flow wp-block-column-is-layout-flow\" style=\"flex-basis:66.66%\">\n<p>Malcolm McKechnie est titulaire d&rsquo;un B.A. de l\u2019Universit\u00e9 York (Toronto) et une<br>pr\u00e9-maitrise de l\u2019Universit\u00e9 Laval (Qu\u00e9bec). Il a fait des \u00e9tudes sup\u00e9rieures en relations<br>internationales \u00e0 l&rsquo;Universit\u00e9 de Toulouse et \u00e0 l&rsquo;\u00c9cole Nationale d&rsquo;Administration (ENA)<br>\u00e0 Paris.<\/p>\n\n\n\n<p>Au cours de sa carri\u00e8re en tant que diplomate canadien, il a occup\u00e9 plusieurs postes<br>de direction \u00e0 Ottawa, notamment celui de directeur de la division trans-frontali\u00e8re<br>am\u00e9ricaine et de directeur g\u00e9n\u00e9ral des communications. Il a \u00e9galement servi \u00e0<br>l&rsquo;\u00e9tranger dans les ambassades canadiennes au Mexique, \u00e0 Paris, \u00e0 Washington et \u00e0<br>Rome en tant que charg\u00e9 d&rsquo;affaires, ainsi que dans les consulats g\u00e9n\u00e9raux du Canada<br>\u00e0 New York et \u00e0 Los Angeles.<\/p>\n\n\n\n<p>En 2003, M. McKechnie a \u00e9t\u00e9 nomm\u00e9 consul g\u00e9n\u00e9ral \u00e0 Atlanta. Il s&rsquo;est principalement<br>concentr\u00e9 sur le d\u00e9veloppement des liens commerciaux et d&rsquo;investissement entre le<br>Canada et le sud-est des \u00c9tats-Unis.<\/p>\n\n\n\n<p>En 2005, M. McKechnie a \u00e9t\u00e9 nomm\u00e9 chef du protocole du Canada, charg\u00e9 de fournir<br>des services de protocole \u00e0 la Gouverneure G\u00e9n\u00e9rale et au Premier Ministre, ainsi que<br>de g\u00e9rer les relations protocolaires avec 125 ambassadeurs \u00e9trangers r\u00e9sidents.<\/p>\n\n\n\n<p>En 2007, M. McKechnie a \u00e9t\u00e9 nomm\u00e9 ambassadeur du Canada en Espagne, o\u00f9 il a<br>dirig\u00e9 avec succ\u00e8s les efforts visant \u00e0 resserrer les relations politiques, \u00e9conomiques et<br>commerciales entre le Canada et l&rsquo;Espagne, notamment en obtenant le soutien de<br>l&rsquo;Espagne \u00e0 l&rsquo;accord commercial entre le Canada et l&rsquo;Union europ\u00e9enne (CETA) et en<br>lan\u00e7ant le premier partenariat avec la Chambre de commerce d&rsquo;Espagne \u00e0 Madrid.<br>M. McKechnie a pris sa retraite du service ext\u00e9rieur canadien \u00e0 l&rsquo;\u00e9t\u00e9 2009 et s&rsquo;est joint<br>plus tard \u00e0 la multinationale espagnole Acciona. En tant que directeur consultatif pour<br>le Canada, il a travaill\u00e9 ces derni\u00e8res ann\u00e9es pour la promotion des int\u00e9r\u00eats<br>commerciaux d\u2019Acciona au Canada dans leurs secteurs sp\u00e9cialis\u00e9s d\u2019infrastructure,<br>d\u2019eau et d\u2019\u00e9nergies renouvelables, conform\u00e9ment \u00e0 la devise du d\u00e9veloppement<br>durable de la soci\u00e9t\u00e9. Ce faisant, il a d\u00e9velopp\u00e9 des contacts et des relations de travail<br>aux \u00e9chelons sup\u00e9rieurs des gouvernements f\u00e9d\u00e9ral et provinciaux, ainsi que des<br>communaut\u00e9s autochtones et des intervenants de partout au pays.<\/p>\n<\/div>\n<\/div>\n","protected":false},"excerpt":{"rendered":"<p>Malcolm McKechnie Administrateur Membre du Comit\u00e9 de d\u00e9veloppement et de financement Ottawa, Ontario Malcolm McKechnie est titulaire d&rsquo;un B.A. de l\u2019Universit\u00e9 York (Toronto) et unepr\u00e9-maitrise de l\u2019Universit\u00e9 Laval (Qu\u00e9bec). Il a fait des \u00e9tudes sup\u00e9rieures en relationsinternationales \u00e0 l&rsquo;Universit\u00e9 de Toulouse et \u00e0 l&rsquo;\u00c9cole Nationale d&rsquo;Administration (ENA)\u00e0 Paris. Au cours de sa carri\u00e8re en tant [&hellip;]<\/p>\n","protected":false},"author":1,"featured_media":0,"parent":1886,"menu_order":0,"comment_status":"closed","ping_status":"closed","template":"","meta":{"_acf_changed":false,"footnotes":""},"class_list":["post-1526","page","type-page","status-publish","hentry"],"acf":[],"yoast_head":"<!-- This site is optimized with the Yoast SEO plugin v27.5 - https:\/\/yoast.com\/product\/yoast-seo-wordpress\/ -->\n<title>Malcolm McKechnie - Fondation Micha\u00eblle Jean Foundation<\/title>\n<meta name=\"robots\" content=\"noindex, follow, max-snippet:-1, max-image-preview:large, max-video-preview:-1\" \/>\n<meta property=\"og:locale\" content=\"fr_FR\" \/>\n<meta property=\"og:type\" content=\"article\" \/>\n<meta property=\"og:title\" content=\"Malcolm McKechnie - Fondation Micha\u00eblle Jean Foundation\" \/>\n<meta property=\"og:description\" content=\"Malcolm McKechnie Administrateur Membre du Comit\u00e9 de d\u00e9veloppement et de financement Ottawa, Ontario Malcolm McKechnie est titulaire d&rsquo;un B.A. de l\u2019Universit\u00e9 York (Toronto) et unepr\u00e9-maitrise de l\u2019Universit\u00e9 Laval (Qu\u00e9bec). Il a fait des \u00e9tudes sup\u00e9rieures en relationsinternationales \u00e0 l&rsquo;Universit\u00e9 de Toulouse et \u00e0 l&rsquo;\u00c9cole Nationale d&rsquo;Administration (ENA)\u00e0 Paris. Au cours de sa carri\u00e8re en tant [&hellip;]\" \/>\n<meta property=\"og:url\" content=\"https:\/\/fmjf.stagingservers.net\/fr\/a-propos-de-nous\/notre-histoire\/nos-cofondateurs\/malcolm-mckechnie-2\/\" \/>\n<meta property=\"og:site_name\" content=\"Fondation Micha\u00eblle Jean Foundation\" \/>\n<meta property=\"article:modified_time\" content=\"2020-09-29T19:36:18+00:00\" \/>\n<meta property=\"og:image\" content=\"https:\/\/fmjf.stagingservers.net\/wp-content\/uploads\/2020\/09\/357D59E6-70A4-49DB-ABE8-F420FA0E23ED-e1600395289326.jpeg\" \/>\n<meta name=\"twitter:card\" content=\"summary_large_image\" \/>\n<meta name=\"twitter:label1\" content=\"Dur\u00e9e de lecture estim\u00e9e\" \/>\n\t<meta name=\"twitter:data1\" content=\"2 minutes\" \/>\n<script type=\"application\/ld+json\" class=\"yoast-schema-graph\">{\"@context\":\"https:\\\/\\\/schema.org\",\"@graph\":[{\"@type\":\"WebPage\",\"@id\":\"https:\\\/\\\/fmjf.stagingservers.net\\\/fr\\\/a-propos-de-nous\\\/notre-histoire\\\/nos-cofondateurs\\\/malcolm-mckechnie-2\\\/\",\"url\":\"https:\\\/\\\/fmjf.stagingservers.net\\\/fr\\\/a-propos-de-nous\\\/notre-histoire\\\/nos-cofondateurs\\\/malcolm-mckechnie-2\\\/\",\"name\":\"Malcolm McKechnie - Fondation Micha\u00eblle Jean Foundation\",\"isPartOf\":{\"@id\":\"https:\\\/\\\/fmjf.stagingservers.net\\\/fr\\\/#website\"},\"primaryImageOfPage\":{\"@id\":\"https:\\\/\\\/fmjf.stagingservers.net\\\/fr\\\/a-propos-de-nous\\\/notre-histoire\\\/nos-cofondateurs\\\/malcolm-mckechnie-2\\\/#primaryimage\"},\"image\":{\"@id\":\"https:\\\/\\\/fmjf.stagingservers.net\\\/fr\\\/a-propos-de-nous\\\/notre-histoire\\\/nos-cofondateurs\\\/malcolm-mckechnie-2\\\/#primaryimage\"},\"thumbnailUrl\":\"https:\\\/\\\/fmjf.stagingservers.net\\\/wp-content\\\/uploads\\\/2020\\\/09\\\/357D59E6-70A4-49DB-ABE8-F420FA0E23ED-e1600395289326.jpeg\",\"datePublished\":\"2020-09-04T09:32:50+00:00\",\"dateModified\":\"2020-09-29T19:36:18+00:00\",\"breadcrumb\":{\"@id\":\"https:\\\/\\\/fmjf.stagingservers.net\\\/fr\\\/a-propos-de-nous\\\/notre-histoire\\\/nos-cofondateurs\\\/malcolm-mckechnie-2\\\/#breadcrumb\"},\"inLanguage\":\"fr-FR\",\"potentialAction\":[{\"@type\":\"ReadAction\",\"target\":[\"https:\\\/\\\/fmjf.stagingservers.net\\\/fr\\\/a-propos-de-nous\\\/notre-histoire\\\/nos-cofondateurs\\\/malcolm-mckechnie-2\\\/\"]}]},{\"@type\":\"ImageObject\",\"inLanguage\":\"fr-FR\",\"@id\":\"https:\\\/\\\/fmjf.stagingservers.net\\\/fr\\\/a-propos-de-nous\\\/notre-histoire\\\/nos-cofondateurs\\\/malcolm-mckechnie-2\\\/#primaryimage\",\"url\":\"https:\\\/\\\/fmjf.stagingservers.net\\\/wp-content\\\/uploads\\\/2020\\\/09\\\/357D59E6-70A4-49DB-ABE8-F420FA0E23ED-e1600395289326.jpeg\",\"contentUrl\":\"https:\\\/\\\/fmjf.stagingservers.net\\\/wp-content\\\/uploads\\\/2020\\\/09\\\/357D59E6-70A4-49DB-ABE8-F420FA0E23ED-e1600395289326.jpeg\"},{\"@type\":\"BreadcrumbList\",\"@id\":\"https:\\\/\\\/fmjf.stagingservers.net\\\/fr\\\/a-propos-de-nous\\\/notre-histoire\\\/nos-cofondateurs\\\/malcolm-mckechnie-2\\\/#breadcrumb\",\"itemListElement\":[{\"@type\":\"ListItem\",\"position\":1,\"name\":\"Home\",\"item\":\"https:\\\/\\\/fmjf.stagingservers.net\\\/fr\\\/\"},{\"@type\":\"ListItem\",\"position\":2,\"name\":\"\u00c0 propos de nous\",\"item\":\"https:\\\/\\\/fmjf.stagingservers.net\\\/fr\\\/a-propos-de-nous\\\/\"},{\"@type\":\"ListItem\",\"position\":3,\"name\":\"Notre histoire\",\"item\":\"https:\\\/\\\/fmjf.stagingservers.net\\\/fr\\\/a-propos-de-nous\\\/notre-histoire\\\/\"},{\"@type\":\"ListItem\",\"position\":4,\"name\":\"Nos cofondateurs\",\"item\":\"https:\\\/\\\/fmjf.stagingservers.net\\\/fr\\\/a-propos-de-nous\\\/notre-histoire\\\/nos-cofondateurs\\\/\"},{\"@type\":\"ListItem\",\"position\":5,\"name\":\"Malcolm McKechnie\"}]},{\"@type\":\"WebSite\",\"@id\":\"https:\\\/\\\/fmjf.stagingservers.net\\\/fr\\\/#website\",\"url\":\"https:\\\/\\\/fmjf.stagingservers.net\\\/fr\\\/\",\"name\":\"Fondation Micha\u00eblle Jean Foundation\",\"description\":\"Les jeunes sont l\u2019une des ressources les plus pr\u00e9cieuses du Canada, affirment les confondateurs et copr\u00e9sidents. Lorsqu\u2019on leur en donne l\u2019occasion, ils r\u00e9ussissent \u00e0 exprimer leurs id\u00e9es, leur cr\u00e9ativit\u00e9 et leur capacit\u00e9 \u00e0 innover, qui toutes ont le pouvoir de transformer notre soci\u00e9t\u00e9.\",\"publisher\":{\"@id\":\"https:\\\/\\\/fmjf.stagingservers.net\\\/fr\\\/#organization\"},\"potentialAction\":[{\"@type\":\"SearchAction\",\"target\":{\"@type\":\"EntryPoint\",\"urlTemplate\":\"https:\\\/\\\/fmjf.stagingservers.net\\\/fr\\\/?s={search_term_string}\"},\"query-input\":{\"@type\":\"PropertyValueSpecification\",\"valueRequired\":true,\"valueName\":\"search_term_string\"}}],\"inLanguage\":\"fr-FR\"},{\"@type\":\"Organization\",\"@id\":\"https:\\\/\\\/fmjf.stagingservers.net\\\/fr\\\/#organization\",\"name\":\"Fondation Micha\u00eblle Jean Foundation\",\"url\":\"https:\\\/\\\/fmjf.stagingservers.net\\\/fr\\\/\",\"logo\":{\"@type\":\"ImageObject\",\"inLanguage\":\"fr-FR\",\"@id\":\"https:\\\/\\\/fmjf.stagingservers.net\\\/fr\\\/#\\\/schema\\\/logo\\\/image\\\/\",\"url\":\"https:\\\/\\\/fmjf.stagingservers.net\\\/wp-content\\\/uploads\\\/2020\\\/05\\\/Logo.png\",\"contentUrl\":\"https:\\\/\\\/fmjf.stagingservers.net\\\/wp-content\\\/uploads\\\/2020\\\/05\\\/Logo.png\",\"width\":310,\"height\":96,\"caption\":\"Fondation Micha\u00eblle Jean Foundation\"},\"image\":{\"@id\":\"https:\\\/\\\/fmjf.stagingservers.net\\\/fr\\\/#\\\/schema\\\/logo\\\/image\\\/\"}}]}<\/script>\n<!-- \/ Yoast SEO plugin. -->","yoast_head_json":{"title":"Malcolm McKechnie - Fondation Micha\u00eblle Jean Foundation","robots":{"index":"noindex","follow":"follow","max-snippet":"max-snippet:-1","max-image-preview":"max-image-preview:large","max-video-preview":"max-video-preview:-1"},"og_locale":"fr_FR","og_type":"article","og_title":"Malcolm McKechnie - Fondation Micha\u00eblle Jean Foundation","og_description":"Malcolm McKechnie Administrateur Membre du Comit\u00e9 de d\u00e9veloppement et de financement Ottawa, Ontario Malcolm McKechnie est titulaire d&rsquo;un B.A. de l\u2019Universit\u00e9 York (Toronto) et unepr\u00e9-maitrise de l\u2019Universit\u00e9 Laval (Qu\u00e9bec). Il a fait des \u00e9tudes sup\u00e9rieures en relationsinternationales \u00e0 l&rsquo;Universit\u00e9 de Toulouse et \u00e0 l&rsquo;\u00c9cole Nationale d&rsquo;Administration (ENA)\u00e0 Paris. Au cours de sa carri\u00e8re en tant [&hellip;]","og_url":"https:\/\/fmjf.stagingservers.net\/fr\/a-propos-de-nous\/notre-histoire\/nos-cofondateurs\/malcolm-mckechnie-2\/","og_site_name":"Fondation Micha\u00eblle Jean Foundation","article_modified_time":"2020-09-29T19:36:18+00:00","og_image":[{"url":"https:\/\/fmjf.stagingservers.net\/wp-content\/uploads\/2020\/09\/357D59E6-70A4-49DB-ABE8-F420FA0E23ED-e1600395289326.jpeg","type":"","width":"","height":""}],"twitter_card":"summary_large_image","twitter_misc":{"Dur\u00e9e de lecture estim\u00e9e":"2 minutes"},"schema":{"@context":"https:\/\/schema.org","@graph":[{"@type":"WebPage","@id":"https:\/\/fmjf.stagingservers.net\/fr\/a-propos-de-nous\/notre-histoire\/nos-cofondateurs\/malcolm-mckechnie-2\/","url":"https:\/\/fmjf.stagingservers.net\/fr\/a-propos-de-nous\/notre-histoire\/nos-cofondateurs\/malcolm-mckechnie-2\/","name":"Malcolm McKechnie - Fondation Micha\u00eblle Jean Foundation","isPartOf":{"@id":"https:\/\/fmjf.stagingservers.net\/fr\/#website"},"primaryImageOfPage":{"@id":"https:\/\/fmjf.stagingservers.net\/fr\/a-propos-de-nous\/notre-histoire\/nos-cofondateurs\/malcolm-mckechnie-2\/#primaryimage"},"image":{"@id":"https:\/\/fmjf.stagingservers.net\/fr\/a-propos-de-nous\/notre-histoire\/nos-cofondateurs\/malcolm-mckechnie-2\/#primaryimage"},"thumbnailUrl":"https:\/\/fmjf.stagingservers.net\/wp-content\/uploads\/2020\/09\/357D59E6-70A4-49DB-ABE8-F420FA0E23ED-e1600395289326.jpeg","datePublished":"2020-09-04T09:32:50+00:00","dateModified":"2020-09-29T19:36:18+00:00","breadcrumb":{"@id":"https:\/\/fmjf.stagingservers.net\/fr\/a-propos-de-nous\/notre-histoire\/nos-cofondateurs\/malcolm-mckechnie-2\/#breadcrumb"},"inLanguage":"fr-FR","potentialAction":[{"@type":"ReadAction","target":["https:\/\/fmjf.stagingservers.net\/fr\/a-propos-de-nous\/notre-histoire\/nos-cofondateurs\/malcolm-mckechnie-2\/"]}]},{"@type":"ImageObject","inLanguage":"fr-FR","@id":"https:\/\/fmjf.stagingservers.net\/fr\/a-propos-de-nous\/notre-histoire\/nos-cofondateurs\/malcolm-mckechnie-2\/#primaryimage","url":"https:\/\/fmjf.stagingservers.net\/wp-content\/uploads\/2020\/09\/357D59E6-70A4-49DB-ABE8-F420FA0E23ED-e1600395289326.jpeg","contentUrl":"https:\/\/fmjf.stagingservers.net\/wp-content\/uploads\/2020\/09\/357D59E6-70A4-49DB-ABE8-F420FA0E23ED-e1600395289326.jpeg"},{"@type":"BreadcrumbList","@id":"https:\/\/fmjf.stagingservers.net\/fr\/a-propos-de-nous\/notre-histoire\/nos-cofondateurs\/malcolm-mckechnie-2\/#breadcrumb","itemListElement":[{"@type":"ListItem","position":1,"name":"Home","item":"https:\/\/fmjf.stagingservers.net\/fr\/"},{"@type":"ListItem","position":2,"name":"\u00c0 propos de nous","item":"https:\/\/fmjf.stagingservers.net\/fr\/a-propos-de-nous\/"},{"@type":"ListItem","position":3,"name":"Notre histoire","item":"https:\/\/fmjf.stagingservers.net\/fr\/a-propos-de-nous\/notre-histoire\/"},{"@type":"ListItem","position":4,"name":"Nos cofondateurs","item":"https:\/\/fmjf.stagingservers.net\/fr\/a-propos-de-nous\/notre-histoire\/nos-cofondateurs\/"},{"@type":"ListItem","position":5,"name":"Malcolm McKechnie"}]},{"@type":"WebSite","@id":"https:\/\/fmjf.stagingservers.net\/fr\/#website","url":"https:\/\/fmjf.stagingservers.net\/fr\/","name":"Fondation Micha\u00eblle Jean Foundation","description":"Les jeunes sont l\u2019une des ressources les plus pr\u00e9cieuses du Canada, affirment les confondateurs et copr\u00e9sidents. Lorsqu\u2019on leur en donne l\u2019occasion, ils r\u00e9ussissent \u00e0 exprimer leurs id\u00e9es, leur cr\u00e9ativit\u00e9 et leur capacit\u00e9 \u00e0 innover, qui toutes ont le pouvoir de transformer notre soci\u00e9t\u00e9.","publisher":{"@id":"https:\/\/fmjf.stagingservers.net\/fr\/#organization"},"potentialAction":[{"@type":"SearchAction","target":{"@type":"EntryPoint","urlTemplate":"https:\/\/fmjf.stagingservers.net\/fr\/?s={search_term_string}"},"query-input":{"@type":"PropertyValueSpecification","valueRequired":true,"valueName":"search_term_string"}}],"inLanguage":"fr-FR"},{"@type":"Organization","@id":"https:\/\/fmjf.stagingservers.net\/fr\/#organization","name":"Fondation Micha\u00eblle Jean Foundation","url":"https:\/\/fmjf.stagingservers.net\/fr\/","logo":{"@type":"ImageObject","inLanguage":"fr-FR","@id":"https:\/\/fmjf.stagingservers.net\/fr\/#\/schema\/logo\/image\/","url":"https:\/\/fmjf.stagingservers.net\/wp-content\/uploads\/2020\/05\/Logo.png","contentUrl":"https:\/\/fmjf.stagingservers.net\/wp-content\/uploads\/2020\/05\/Logo.png","width":310,"height":96,"caption":"Fondation Micha\u00eblle Jean Foundation"},"image":{"@id":"https:\/\/fmjf.stagingservers.net\/fr\/#\/schema\/logo\/image\/"}}]}},"_links":{"self":[{"href":"https:\/\/fmjf.stagingservers.net\/fr\/wp-json\/wp\/v2\/pages\/1526","targetHints":{"allow":["GET"]}}],"collection":[{"href":"https:\/\/fmjf.stagingservers.net\/fr\/wp-json\/wp\/v2\/pages"}],"about":[{"href":"https:\/\/fmjf.stagingservers.net\/fr\/wp-json\/wp\/v2\/types\/page"}],"author":[{"embeddable":true,"href":"https:\/\/fmjf.stagingservers.net\/fr\/wp-json\/wp\/v2\/users\/1"}],"replies":[{"embeddable":true,"href":"https:\/\/fmjf.stagingservers.net\/fr\/wp-json\/wp\/v2\/comments?post=1526"}],"version-history":[{"count":5,"href":"https:\/\/fmjf.stagingservers.net\/fr\/wp-json\/wp\/v2\/pages\/1526\/revisions"}],"predecessor-version":[{"id":4120,"href":"https:\/\/fmjf.stagingservers.net\/fr\/wp-json\/wp\/v2\/pages\/1526\/revisions\/4120"}],"up":[{"embeddable":true,"href":"https:\/\/fmjf.stagingservers.net\/fr\/wp-json\/wp\/v2\/pages\/1886"}],"wp:attachment":[{"href":"https:\/\/fmjf.stagingservers.net\/fr\/wp-json\/wp\/v2\/media?parent=1526"}],"curies":[{"name":"wp","href":"https:\/\/api.w.org\/{rel}","templated":true}]}}