{"id":1521,"date":"2020-09-04T09:25:51","date_gmt":"2020-09-04T09:25:51","guid":{"rendered":"https:\/\/fmjf.stagingservers.net\/?page_id=1521"},"modified":"2020-09-29T15:44:10","modified_gmt":"2020-09-29T19:44:10","slug":"robert-william-peck-2","status":"publish","type":"page","link":"https:\/\/fmjf.stagingservers.net\/fr\/a-propos-de-nous\/notre-histoire\/nos-cofondateurs\/robert-william-peck-2\/","title":{"rendered":"Robert William Peck"},"content":{"rendered":"\r\n\r\n\r\n\r\n\r\n<section class=\"fmjf_theme_image_caption   hasImgBg alignfull \" style=\"background-image: url(https:\/\/fmjf.stagingservers.net\/wp-content\/uploads\/2020\/08\/person_hero.png);\">\r\n\r\n  <div class=\"collorBg\" style=\"background-color: rgba(10,10,10,0.5);\">\r\n    <div class=\"wrapper ac_left text_light columns_one\">\r\n\r\n                <h1 class=\"title\">Robert William Peck<\/h1>                    \r\n    <\/div>\r\n  <\/div>\r\n\r\n\r\n<\/section>\r\n\r\n\r\n\n\n\n<div class=\"wp-block-columns is-layout-flex wp-container-core-columns-is-layout-9d6595d7 wp-block-columns-is-layout-flex\">\n<div class=\"wp-block-column is-layout-flow wp-block-column-is-layout-flow\" style=\"flex-basis:33.33%\">\n<figure class=\"wp-block-image size-large is-style-default\"><img decoding=\"async\" src=\"https:\/\/fmjf.stagingservers.net\/wp-content\/uploads\/2020\/09\/876A2F0D-5B15-4E92-BF5D-7FB174F6207A-e1600394892950.jpeg\" alt=\"\" class=\"wp-image-2704 lazyload\"\/><\/figure>\n\n\n\n<h5 class=\"wp-block-heading\" style=\"font-size:22px\">Robert William Peck<\/h5>\n\n\n\n<p>Administrateur<br><br>Membre du Comit\u00e9 de gouvernance<br><br>Membre du Comit\u00e9 de d\u00e9veloppement et de financement<br><br>Ottawa, Ontario<\/p>\n<\/div>\n\n\n\n<div class=\"wp-block-column is-layout-flow wp-block-column-is-layout-flow\" style=\"flex-basis:66.66%\">\n<p>Robert Peck est d\u00e9tenteur d\u2019un dipl\u00f4me d\u2019Histoire et de Journalisme de l&rsquo;Universit\u00e9 Concordia \u00e0 Montr\u00e9al. Il a \u00e9t\u00e9 stagiaire du prestigieux programme de stages parlementaires, parrain\u00e9 par l&rsquo;Association Canadienne de Science Politique et la Chambre des communes du Canada.&nbsp;<\/p>\n\n\n\n<p>Ayant repr\u00e9sent\u00e9 le Canada aupr\u00e8s de l\u2019Alg\u00e9rie et la R\u00e9publique hell\u00e9nique, le travail de l\u2019ancien ambassadeur Peck a cr\u00e9\u00e9 une coop\u00e9ration avec les industries p\u00e9troli\u00e8re, gazi\u00e8re et mini\u00e8re du Canada. Cette collaboration l\u2019a amen\u00e9 \u00e0 mobiliser les minist\u00e8res et les chefs d\u2019\u00c9tat et gouvernementaux, ainsi qu\u2019\u00e0 fournir des conseils strat\u00e9giques sur des questions critiques et les tendances \u00e9mergentes.&nbsp;<\/p>\n\n\n\n<p>Plus t\u00f4t dans sa carri\u00e8re, il a occup\u00e9 divers postes diplomatiques au Nig\u00e9ria, en Suisse et en Gr\u00e8ce. Pendant une absence de deux ans du gouvernement du Canada, M. Peck fut directeur des communications d&rsquo;entreprise et des relations avec les investisseurs chez CAE Inc., chef de file mondial des technologies de simulation a\u00e9rospatiale.&nbsp;<\/p>\n\n\n\n<p>Tout au long de sa carri\u00e8re diplomatique, l&rsquo;ambassadeur Peck a toujours \u00e9t\u00e9 un fervent partisan de la diplomatie culturelle et a collabor\u00e9 \u00e9troitement avec des artistes et des organisations de premier plan, tant canadiens qu&rsquo;internationaux. En tant qu&rsquo;ambassadeur en R\u00e9publique hell\u00e9nique, il a jou\u00e9 un r\u00f4le de premier plan dans le soutien de l&rsquo;exposition sans pr\u00e9c\u00e9dent et tr\u00e8s r\u00e9ussie pr\u00e9sent\u00e9e au Mus\u00e9e canadien de l&rsquo;histoire en 2015: \u00abLes Grecs: d&rsquo;Agamemnon \u00e0 Alexandre le Grand\u00bb.&nbsp;<\/p>\n\n\n\n<p>En 2017, M. Peck a \u00e9t\u00e9 nomm\u00e9 membre non ex\u00e9cutif du conseil d&rsquo;administration d&rsquo;Energean PLC, une soci\u00e9t\u00e9 p\u00e9troli\u00e8re et gazi\u00e8re ind\u00e9pendante de premier plan dans l&rsquo;est de la M\u00e9diterran\u00e9e. Il est \u00e9galement un b\u00e9n\u00e9vole tr\u00e8s actif : pr\u00e9sident du conseil d&rsquo;administration de l&rsquo;Orchestre symphonique d&rsquo;Ottawa (OSO), membre de l&rsquo;Institut canadien en Gr\u00e8ce (CIG) et directeur honoraire de The Hellenic Initiative (Canada). Il continue de collaborer avec plusieurs organisations caritatives en Gr\u00e8ce, notamment une organisation non gouvernementale locale offrant un refuge s\u00e9curitaire aux r\u00e9fugi\u00e9s mineurs sur l&rsquo;\u00eele grecque de Lesbos.&nbsp;<\/p>\n\n\n\n<p>L&rsquo;ancien ambassadeur Peck a re\u00e7u de nombreux prix, dont la Citation pour l&rsquo;excellence en politique \u00e9trang\u00e8re du ministre canadien des Affaires \u00e9trang\u00e8res, le Prix du m\u00e9rite du ministre, une citation de la Fondation Club Avenir pour sa contribution exceptionnelle aux relations entre le Canada et l&rsquo;Alg\u00e9rie et le Grand Commandeur de l&rsquo;Ordre du Phoenix, conf\u00e9r\u00e9 par le pr\u00e9sident de la R\u00e9publique hell\u00e9nique.&nbsp;<\/p>\n\n\n\n<p><br><br><\/p>\n<\/div>\n<\/div>\n","protected":false},"excerpt":{"rendered":"<p>Robert William Peck Administrateur Membre du Comit\u00e9 de gouvernance Membre du Comit\u00e9 de d\u00e9veloppement et de financement Ottawa, Ontario Robert Peck est d\u00e9tenteur d\u2019un dipl\u00f4me d\u2019Histoire et de Journalisme de l&rsquo;Universit\u00e9 Concordia \u00e0 Montr\u00e9al. Il a \u00e9t\u00e9 stagiaire du prestigieux programme de stages parlementaires, parrain\u00e9 par l&rsquo;Association Canadienne de Science Politique et la Chambre des [&hellip;]<\/p>\n","protected":false},"author":1,"featured_media":0,"parent":1886,"menu_order":0,"comment_status":"closed","ping_status":"closed","template":"","meta":{"_acf_changed":false,"footnotes":""},"class_list":["post-1521","page","type-page","status-publish","hentry"],"acf":[],"yoast_head":"<!-- This site is optimized with the Yoast SEO plugin v27.5 - https:\/\/yoast.com\/product\/yoast-seo-wordpress\/ -->\n<title>Robert William Peck - Fondation Micha\u00eblle Jean Foundation<\/title>\n<meta name=\"robots\" content=\"noindex, follow, max-snippet:-1, max-image-preview:large, max-video-preview:-1\" \/>\n<meta property=\"og:locale\" content=\"fr_FR\" \/>\n<meta property=\"og:type\" content=\"article\" \/>\n<meta property=\"og:title\" content=\"Robert William Peck - Fondation Micha\u00eblle Jean Foundation\" \/>\n<meta property=\"og:description\" content=\"Robert William Peck Administrateur Membre du Comit\u00e9 de gouvernance Membre du Comit\u00e9 de d\u00e9veloppement et de financement Ottawa, Ontario Robert Peck est d\u00e9tenteur d\u2019un dipl\u00f4me d\u2019Histoire et de Journalisme de l&rsquo;Universit\u00e9 Concordia \u00e0 Montr\u00e9al. Il a \u00e9t\u00e9 stagiaire du prestigieux programme de stages parlementaires, parrain\u00e9 par l&rsquo;Association Canadienne de Science Politique et la Chambre des [&hellip;]\" \/>\n<meta property=\"og:url\" content=\"https:\/\/fmjf.stagingservers.net\/fr\/a-propos-de-nous\/notre-histoire\/nos-cofondateurs\/robert-william-peck-2\/\" \/>\n<meta property=\"og:site_name\" content=\"Fondation Micha\u00eblle Jean Foundation\" \/>\n<meta property=\"article:modified_time\" content=\"2020-09-29T19:44:10+00:00\" \/>\n<meta property=\"og:image\" content=\"https:\/\/fmjf.stagingservers.net\/wp-content\/uploads\/2020\/09\/876A2F0D-5B15-4E92-BF5D-7FB174F6207A-e1600394892950.jpeg\" \/>\n<meta name=\"twitter:card\" content=\"summary_large_image\" \/>\n<meta name=\"twitter:label1\" content=\"Dur\u00e9e de lecture estim\u00e9e\" \/>\n\t<meta name=\"twitter:data1\" content=\"2 minutes\" \/>\n<script type=\"application\/ld+json\" class=\"yoast-schema-graph\">{\"@context\":\"https:\\\/\\\/schema.org\",\"@graph\":[{\"@type\":\"WebPage\",\"@id\":\"https:\\\/\\\/fmjf.stagingservers.net\\\/fr\\\/a-propos-de-nous\\\/notre-histoire\\\/nos-cofondateurs\\\/robert-william-peck-2\\\/\",\"url\":\"https:\\\/\\\/fmjf.stagingservers.net\\\/fr\\\/a-propos-de-nous\\\/notre-histoire\\\/nos-cofondateurs\\\/robert-william-peck-2\\\/\",\"name\":\"Robert William Peck - Fondation Micha\u00eblle Jean Foundation\",\"isPartOf\":{\"@id\":\"https:\\\/\\\/fmjf.stagingservers.net\\\/fr\\\/#website\"},\"primaryImageOfPage\":{\"@id\":\"https:\\\/\\\/fmjf.stagingservers.net\\\/fr\\\/a-propos-de-nous\\\/notre-histoire\\\/nos-cofondateurs\\\/robert-william-peck-2\\\/#primaryimage\"},\"image\":{\"@id\":\"https:\\\/\\\/fmjf.stagingservers.net\\\/fr\\\/a-propos-de-nous\\\/notre-histoire\\\/nos-cofondateurs\\\/robert-william-peck-2\\\/#primaryimage\"},\"thumbnailUrl\":\"https:\\\/\\\/fmjf.stagingservers.net\\\/wp-content\\\/uploads\\\/2020\\\/09\\\/876A2F0D-5B15-4E92-BF5D-7FB174F6207A-e1600394892950.jpeg\",\"datePublished\":\"2020-09-04T09:25:51+00:00\",\"dateModified\":\"2020-09-29T19:44:10+00:00\",\"breadcrumb\":{\"@id\":\"https:\\\/\\\/fmjf.stagingservers.net\\\/fr\\\/a-propos-de-nous\\\/notre-histoire\\\/nos-cofondateurs\\\/robert-william-peck-2\\\/#breadcrumb\"},\"inLanguage\":\"fr-FR\",\"potentialAction\":[{\"@type\":\"ReadAction\",\"target\":[\"https:\\\/\\\/fmjf.stagingservers.net\\\/fr\\\/a-propos-de-nous\\\/notre-histoire\\\/nos-cofondateurs\\\/robert-william-peck-2\\\/\"]}]},{\"@type\":\"ImageObject\",\"inLanguage\":\"fr-FR\",\"@id\":\"https:\\\/\\\/fmjf.stagingservers.net\\\/fr\\\/a-propos-de-nous\\\/notre-histoire\\\/nos-cofondateurs\\\/robert-william-peck-2\\\/#primaryimage\",\"url\":\"https:\\\/\\\/fmjf.stagingservers.net\\\/wp-content\\\/uploads\\\/2020\\\/09\\\/876A2F0D-5B15-4E92-BF5D-7FB174F6207A-e1600394892950.jpeg\",\"contentUrl\":\"https:\\\/\\\/fmjf.stagingservers.net\\\/wp-content\\\/uploads\\\/2020\\\/09\\\/876A2F0D-5B15-4E92-BF5D-7FB174F6207A-e1600394892950.jpeg\"},{\"@type\":\"BreadcrumbList\",\"@id\":\"https:\\\/\\\/fmjf.stagingservers.net\\\/fr\\\/a-propos-de-nous\\\/notre-histoire\\\/nos-cofondateurs\\\/robert-william-peck-2\\\/#breadcrumb\",\"itemListElement\":[{\"@type\":\"ListItem\",\"position\":1,\"name\":\"Home\",\"item\":\"https:\\\/\\\/fmjf.stagingservers.net\\\/fr\\\/\"},{\"@type\":\"ListItem\",\"position\":2,\"name\":\"\u00c0 propos de nous\",\"item\":\"https:\\\/\\\/fmjf.stagingservers.net\\\/fr\\\/a-propos-de-nous\\\/\"},{\"@type\":\"ListItem\",\"position\":3,\"name\":\"Notre histoire\",\"item\":\"https:\\\/\\\/fmjf.stagingservers.net\\\/fr\\\/a-propos-de-nous\\\/notre-histoire\\\/\"},{\"@type\":\"ListItem\",\"position\":4,\"name\":\"Nos cofondateurs\",\"item\":\"https:\\\/\\\/fmjf.stagingservers.net\\\/fr\\\/a-propos-de-nous\\\/notre-histoire\\\/nos-cofondateurs\\\/\"},{\"@type\":\"ListItem\",\"position\":5,\"name\":\"Robert William Peck\"}]},{\"@type\":\"WebSite\",\"@id\":\"https:\\\/\\\/fmjf.stagingservers.net\\\/fr\\\/#website\",\"url\":\"https:\\\/\\\/fmjf.stagingservers.net\\\/fr\\\/\",\"name\":\"Fondation Micha\u00eblle Jean Foundation\",\"description\":\"Les jeunes sont l\u2019une des ressources les plus pr\u00e9cieuses du Canada, affirment les confondateurs et copr\u00e9sidents. Lorsqu\u2019on leur en donne l\u2019occasion, ils r\u00e9ussissent \u00e0 exprimer leurs id\u00e9es, leur cr\u00e9ativit\u00e9 et leur capacit\u00e9 \u00e0 innover, qui toutes ont le pouvoir de transformer notre soci\u00e9t\u00e9.\",\"publisher\":{\"@id\":\"https:\\\/\\\/fmjf.stagingservers.net\\\/fr\\\/#organization\"},\"potentialAction\":[{\"@type\":\"SearchAction\",\"target\":{\"@type\":\"EntryPoint\",\"urlTemplate\":\"https:\\\/\\\/fmjf.stagingservers.net\\\/fr\\\/?s={search_term_string}\"},\"query-input\":{\"@type\":\"PropertyValueSpecification\",\"valueRequired\":true,\"valueName\":\"search_term_string\"}}],\"inLanguage\":\"fr-FR\"},{\"@type\":\"Organization\",\"@id\":\"https:\\\/\\\/fmjf.stagingservers.net\\\/fr\\\/#organization\",\"name\":\"Fondation Micha\u00eblle Jean Foundation\",\"url\":\"https:\\\/\\\/fmjf.stagingservers.net\\\/fr\\\/\",\"logo\":{\"@type\":\"ImageObject\",\"inLanguage\":\"fr-FR\",\"@id\":\"https:\\\/\\\/fmjf.stagingservers.net\\\/fr\\\/#\\\/schema\\\/logo\\\/image\\\/\",\"url\":\"https:\\\/\\\/fmjf.stagingservers.net\\\/wp-content\\\/uploads\\\/2020\\\/05\\\/Logo.png\",\"contentUrl\":\"https:\\\/\\\/fmjf.stagingservers.net\\\/wp-content\\\/uploads\\\/2020\\\/05\\\/Logo.png\",\"width\":310,\"height\":96,\"caption\":\"Fondation Micha\u00eblle Jean Foundation\"},\"image\":{\"@id\":\"https:\\\/\\\/fmjf.stagingservers.net\\\/fr\\\/#\\\/schema\\\/logo\\\/image\\\/\"}}]}<\/script>\n<!-- \/ Yoast SEO plugin. -->","yoast_head_json":{"title":"Robert William Peck - Fondation Micha\u00eblle Jean Foundation","robots":{"index":"noindex","follow":"follow","max-snippet":"max-snippet:-1","max-image-preview":"max-image-preview:large","max-video-preview":"max-video-preview:-1"},"og_locale":"fr_FR","og_type":"article","og_title":"Robert William Peck - Fondation Micha\u00eblle Jean Foundation","og_description":"Robert William Peck Administrateur Membre du Comit\u00e9 de gouvernance Membre du Comit\u00e9 de d\u00e9veloppement et de financement Ottawa, Ontario Robert Peck est d\u00e9tenteur d\u2019un dipl\u00f4me d\u2019Histoire et de Journalisme de l&rsquo;Universit\u00e9 Concordia \u00e0 Montr\u00e9al. Il a \u00e9t\u00e9 stagiaire du prestigieux programme de stages parlementaires, parrain\u00e9 par l&rsquo;Association Canadienne de Science Politique et la Chambre des [&hellip;]","og_url":"https:\/\/fmjf.stagingservers.net\/fr\/a-propos-de-nous\/notre-histoire\/nos-cofondateurs\/robert-william-peck-2\/","og_site_name":"Fondation Micha\u00eblle Jean Foundation","article_modified_time":"2020-09-29T19:44:10+00:00","og_image":[{"url":"https:\/\/fmjf.stagingservers.net\/wp-content\/uploads\/2020\/09\/876A2F0D-5B15-4E92-BF5D-7FB174F6207A-e1600394892950.jpeg","type":"","width":"","height":""}],"twitter_card":"summary_large_image","twitter_misc":{"Dur\u00e9e de lecture estim\u00e9e":"2 minutes"},"schema":{"@context":"https:\/\/schema.org","@graph":[{"@type":"WebPage","@id":"https:\/\/fmjf.stagingservers.net\/fr\/a-propos-de-nous\/notre-histoire\/nos-cofondateurs\/robert-william-peck-2\/","url":"https:\/\/fmjf.stagingservers.net\/fr\/a-propos-de-nous\/notre-histoire\/nos-cofondateurs\/robert-william-peck-2\/","name":"Robert William Peck - Fondation Micha\u00eblle Jean Foundation","isPartOf":{"@id":"https:\/\/fmjf.stagingservers.net\/fr\/#website"},"primaryImageOfPage":{"@id":"https:\/\/fmjf.stagingservers.net\/fr\/a-propos-de-nous\/notre-histoire\/nos-cofondateurs\/robert-william-peck-2\/#primaryimage"},"image":{"@id":"https:\/\/fmjf.stagingservers.net\/fr\/a-propos-de-nous\/notre-histoire\/nos-cofondateurs\/robert-william-peck-2\/#primaryimage"},"thumbnailUrl":"https:\/\/fmjf.stagingservers.net\/wp-content\/uploads\/2020\/09\/876A2F0D-5B15-4E92-BF5D-7FB174F6207A-e1600394892950.jpeg","datePublished":"2020-09-04T09:25:51+00:00","dateModified":"2020-09-29T19:44:10+00:00","breadcrumb":{"@id":"https:\/\/fmjf.stagingservers.net\/fr\/a-propos-de-nous\/notre-histoire\/nos-cofondateurs\/robert-william-peck-2\/#breadcrumb"},"inLanguage":"fr-FR","potentialAction":[{"@type":"ReadAction","target":["https:\/\/fmjf.stagingservers.net\/fr\/a-propos-de-nous\/notre-histoire\/nos-cofondateurs\/robert-william-peck-2\/"]}]},{"@type":"ImageObject","inLanguage":"fr-FR","@id":"https:\/\/fmjf.stagingservers.net\/fr\/a-propos-de-nous\/notre-histoire\/nos-cofondateurs\/robert-william-peck-2\/#primaryimage","url":"https:\/\/fmjf.stagingservers.net\/wp-content\/uploads\/2020\/09\/876A2F0D-5B15-4E92-BF5D-7FB174F6207A-e1600394892950.jpeg","contentUrl":"https:\/\/fmjf.stagingservers.net\/wp-content\/uploads\/2020\/09\/876A2F0D-5B15-4E92-BF5D-7FB174F6207A-e1600394892950.jpeg"},{"@type":"BreadcrumbList","@id":"https:\/\/fmjf.stagingservers.net\/fr\/a-propos-de-nous\/notre-histoire\/nos-cofondateurs\/robert-william-peck-2\/#breadcrumb","itemListElement":[{"@type":"ListItem","position":1,"name":"Home","item":"https:\/\/fmjf.stagingservers.net\/fr\/"},{"@type":"ListItem","position":2,"name":"\u00c0 propos de nous","item":"https:\/\/fmjf.stagingservers.net\/fr\/a-propos-de-nous\/"},{"@type":"ListItem","position":3,"name":"Notre histoire","item":"https:\/\/fmjf.stagingservers.net\/fr\/a-propos-de-nous\/notre-histoire\/"},{"@type":"ListItem","position":4,"name":"Nos cofondateurs","item":"https:\/\/fmjf.stagingservers.net\/fr\/a-propos-de-nous\/notre-histoire\/nos-cofondateurs\/"},{"@type":"ListItem","position":5,"name":"Robert William Peck"}]},{"@type":"WebSite","@id":"https:\/\/fmjf.stagingservers.net\/fr\/#website","url":"https:\/\/fmjf.stagingservers.net\/fr\/","name":"Fondation Micha\u00eblle Jean Foundation","description":"Les jeunes sont l\u2019une des ressources les plus pr\u00e9cieuses du Canada, affirment les confondateurs et copr\u00e9sidents. Lorsqu\u2019on leur en donne l\u2019occasion, ils r\u00e9ussissent \u00e0 exprimer leurs id\u00e9es, leur cr\u00e9ativit\u00e9 et leur capacit\u00e9 \u00e0 innover, qui toutes ont le pouvoir de transformer notre soci\u00e9t\u00e9.","publisher":{"@id":"https:\/\/fmjf.stagingservers.net\/fr\/#organization"},"potentialAction":[{"@type":"SearchAction","target":{"@type":"EntryPoint","urlTemplate":"https:\/\/fmjf.stagingservers.net\/fr\/?s={search_term_string}"},"query-input":{"@type":"PropertyValueSpecification","valueRequired":true,"valueName":"search_term_string"}}],"inLanguage":"fr-FR"},{"@type":"Organization","@id":"https:\/\/fmjf.stagingservers.net\/fr\/#organization","name":"Fondation Micha\u00eblle Jean Foundation","url":"https:\/\/fmjf.stagingservers.net\/fr\/","logo":{"@type":"ImageObject","inLanguage":"fr-FR","@id":"https:\/\/fmjf.stagingservers.net\/fr\/#\/schema\/logo\/image\/","url":"https:\/\/fmjf.stagingservers.net\/wp-content\/uploads\/2020\/05\/Logo.png","contentUrl":"https:\/\/fmjf.stagingservers.net\/wp-content\/uploads\/2020\/05\/Logo.png","width":310,"height":96,"caption":"Fondation Micha\u00eblle Jean Foundation"},"image":{"@id":"https:\/\/fmjf.stagingservers.net\/fr\/#\/schema\/logo\/image\/"}}]}},"_links":{"self":[{"href":"https:\/\/fmjf.stagingservers.net\/fr\/wp-json\/wp\/v2\/pages\/1521","targetHints":{"allow":["GET"]}}],"collection":[{"href":"https:\/\/fmjf.stagingservers.net\/fr\/wp-json\/wp\/v2\/pages"}],"about":[{"href":"https:\/\/fmjf.stagingservers.net\/fr\/wp-json\/wp\/v2\/types\/page"}],"author":[{"embeddable":true,"href":"https:\/\/fmjf.stagingservers.net\/fr\/wp-json\/wp\/v2\/users\/1"}],"replies":[{"embeddable":true,"href":"https:\/\/fmjf.stagingservers.net\/fr\/wp-json\/wp\/v2\/comments?post=1521"}],"version-history":[{"count":4,"href":"https:\/\/fmjf.stagingservers.net\/fr\/wp-json\/wp\/v2\/pages\/1521\/revisions"}],"predecessor-version":[{"id":4126,"href":"https:\/\/fmjf.stagingservers.net\/fr\/wp-json\/wp\/v2\/pages\/1521\/revisions\/4126"}],"up":[{"embeddable":true,"href":"https:\/\/fmjf.stagingservers.net\/fr\/wp-json\/wp\/v2\/pages\/1886"}],"wp:attachment":[{"href":"https:\/\/fmjf.stagingservers.net\/fr\/wp-json\/wp\/v2\/media?parent=1521"}],"curies":[{"name":"wp","href":"https:\/\/api.w.org\/{rel}","templated":true}]}}