{"id":1508,"date":"2020-09-04T08:49:13","date_gmt":"2020-09-04T08:49:13","guid":{"rendered":"https:\/\/fmjf.stagingservers.net\/?page_id=1508"},"modified":"2020-09-30T10:18:01","modified_gmt":"2020-09-30T14:18:01","slug":"evenements_2","status":"publish","type":"page","link":"https:\/\/fmjf.stagingservers.net\/fr\/evenements_2\/","title":{"rendered":"\u00c9v\u00e8nements"},"content":{"rendered":"\r\n\r\n\r\n\r\n\r\n<section class=\"fmjf_theme_image_caption   hasImgBg alignfull \" style=\"background-image: url(https:\/\/fmjf.stagingservers.net\/wp-content\/uploads\/2020\/08\/Event_Hero.png);\">\r\n\r\n  <div class=\"collorBg\" style=\"\">\r\n    <div class=\"wrapper ac_left text_light columns_two\">\r\n\r\n     <div class=\"column\">            <h1 class=\"title\">Sommet pancanadien des communaut\u00e9s noires<\/h1>    <\/div><div class=\"column\">                 <\/div> \r\n    <\/div>\r\n  <\/div>\r\n\r\n\r\n<\/section>\r\n\r\n\r\n\n\n\n<h2 class=\"wp-block-heading\"><strong>Nous serons entendus<\/strong><\/h2>\n\n\n\n<div class=\"wp-block-group is-style-extra-short-box\"><div class=\"wp-block-group__inner-container is-layout-flow wp-block-group-is-layout-flow\">\n<p>Le Sommet pancanadien des communaut\u00e9s noires, organis\u00e9 par la Fondation Micha\u00eblle Jean Foundation, sous les auspices de la D\u00e9cennie internationale pour les personnes d&rsquo;ascendance africaine: reconnaissance, justice et d\u00e9veloppement (2015-2024) proclam\u00e9e par les Nations Unies, est une occasion majeure pour les Canadiennes et des Canadiens issus des communaut\u00e9s noires, toutes g\u00e9n\u00e9rations, tous secteurs et horizons confondus, de se rassembler. Cette importante mobilisation leur permet de partager leurs exp\u00e9riences et d\u2019exprimer leurs perspectives, de sensibiliser largement et de susciter un dialogue national inclusif impliquant de nombreuses parties prenantes, des institutions financi\u00e8res et universitaires, des organisations de la soci\u00e9t\u00e9 civile, des d\u00e9cideurs des secteurs public et priv\u00e9, en faveur d\u2019actions r\u00e9solues pour l&rsquo;\u00e9radication de la discrimination raciale, au nom des valeurs et des principes d\u2019\u00e9quit\u00e9 et de justice pour tous. L\u2019objectif du Sommet est de cr\u00e9er une feuille de route visant l&rsquo;\u00e9laboration et la mise en \u0153uvre de solutions concr\u00e8tes aux besoins et aux d\u00e9fis auxquels sont confront\u00e9es les communaut\u00e9s noires \u00e0 travers le Canada.<\/p>\n\n\n\n<p>Nous sommes d\u00e9j\u00e0 bien avanc\u00e9s. Le premier Sommet pancanadien des communaut\u00e9s noires a eu lieu en d\u00e9cembre 2017 \u00e0 Toronto, suivi d&rsquo;une deuxi\u00e8me \u00e9dition en f\u00e9vrier 2019 \u00e0 Ottawa avec des centaines de participants de partout au pays qui ont su collaborer et contribuer \u00e0 l&rsquo;\u00e9laboration d&rsquo;un plan d&rsquo;action strat\u00e9gique et de lutte contre le racisme syst\u00e9mique au Canada. Ils ont su participer \u00e0 des rencontres avec plusieurs ministres f\u00e9d\u00e9raux, pour les interpeller, les sensibiliser et se faire entendre. Le troisi\u00e8me Sommet,&nbsp; report\u00e9 en raison du Covid-19 en mars 2021 \u00e0 Halifax, a pour but d\u2019exiger des politiques publiques dans plusieurs domaines avec un souci d\u2019impact direct sur les r\u00e9alit\u00e9s qui affligent les communaut\u00e9s noires au Canada. La participation de la jeunesse est remarquable. Nos demandes unifi\u00e9es de responsabilisation accrue et de reconnaissance de la contribution des Canadiennes et des Canadiens de race noire ont \u00e9t\u00e9 entendues &#8211; et continueront de l&rsquo;\u00eatre &#8211; aux plus hauts niveaux du gouvernement.<\/p>\n<\/div><\/div>\n\n\n\n<div class=\"wp-block-group is-style-extra-short-box\"><div class=\"wp-block-group__inner-container is-layout-flow wp-block-group-is-layout-flow\">\n<figure class=\"wp-block-image size-large is-resized\"><img loading=\"lazy\" decoding=\"async\" src=\"https:\/\/fmjf.stagingservers.net\/wp-content\/uploads\/2020\/08\/Bitmap.png\" alt=\"\" class=\"wp-image-978 lazyload\" width=\"482\" height=\"151\"\/><\/figure>\n\n\n\n<div class=\"wp-block-buttons is-layout-flex wp-block-buttons-is-layout-flex\">\n<div class=\"wp-block-button\"><a class=\"wp-block-button__link has-white-color has-blue-background-color has-text-color has-background no-border-radius\" href=\"mailto:info@fmjf.ca\">Pour en savoir davantage<\/a><\/div>\n<\/div>\n\n\n\n<p><\/p>\n<\/div><\/div>\n","protected":false},"excerpt":{"rendered":"<p>Nous serons entendus Le Sommet pancanadien des communaut\u00e9s noires, organis\u00e9 par la Fondation Micha\u00eblle Jean Foundation, sous les auspices de la D\u00e9cennie internationale pour les personnes d&rsquo;ascendance africaine: reconnaissance, justice et d\u00e9veloppement (2015-2024) proclam\u00e9e par les Nations Unies, est une occasion majeure pour les Canadiennes et des Canadiens issus des communaut\u00e9s noires, toutes g\u00e9n\u00e9rations, tous [&hellip;]<\/p>\n","protected":false},"author":1,"featured_media":0,"parent":0,"menu_order":0,"comment_status":"closed","ping_status":"closed","template":"","meta":{"_acf_changed":false,"footnotes":""},"class_list":["post-1508","page","type-page","status-publish","hentry"],"acf":[],"yoast_head":"<!-- This site is optimized with the Yoast SEO plugin v27.5 - https:\/\/yoast.com\/product\/yoast-seo-wordpress\/ -->\n<title>\u00c9v\u00e8nements - Fondation Micha\u00eblle Jean Foundation<\/title>\n<meta name=\"robots\" content=\"noindex, follow, max-snippet:-1, max-image-preview:large, max-video-preview:-1\" \/>\n<meta property=\"og:locale\" content=\"fr_FR\" \/>\n<meta property=\"og:type\" content=\"article\" \/>\n<meta property=\"og:title\" content=\"\u00c9v\u00e8nements - Fondation Micha\u00eblle Jean Foundation\" \/>\n<meta property=\"og:description\" content=\"Nous serons entendus Le Sommet pancanadien des communaut\u00e9s noires, organis\u00e9 par la Fondation Micha\u00eblle Jean Foundation, sous les auspices de la D\u00e9cennie internationale pour les personnes d&rsquo;ascendance africaine: reconnaissance, justice et d\u00e9veloppement (2015-2024) proclam\u00e9e par les Nations Unies, est une occasion majeure pour les Canadiennes et des Canadiens issus des communaut\u00e9s noires, toutes g\u00e9n\u00e9rations, tous [&hellip;]\" \/>\n<meta property=\"og:url\" content=\"https:\/\/fmjf.stagingservers.net\/fr\/evenements_2\/\" \/>\n<meta property=\"og:site_name\" content=\"Fondation Micha\u00eblle Jean Foundation\" \/>\n<meta property=\"article:modified_time\" content=\"2020-09-30T14:18:01+00:00\" \/>\n<meta property=\"og:image\" content=\"https:\/\/fmjf.stagingservers.net\/wp-content\/uploads\/2020\/08\/Bitmap.png\" \/>\n<meta name=\"twitter:card\" content=\"summary_large_image\" \/>\n<meta name=\"twitter:label1\" content=\"Dur\u00e9e de lecture estim\u00e9e\" \/>\n\t<meta name=\"twitter:data1\" content=\"2 minutes\" \/>\n<script type=\"application\/ld+json\" class=\"yoast-schema-graph\">{\"@context\":\"https:\\\/\\\/schema.org\",\"@graph\":[{\"@type\":\"WebPage\",\"@id\":\"https:\\\/\\\/fmjf.stagingservers.net\\\/fr\\\/evenements_2\\\/\",\"url\":\"https:\\\/\\\/fmjf.stagingservers.net\\\/fr\\\/evenements_2\\\/\",\"name\":\"\u00c9v\u00e8nements - Fondation Micha\u00eblle Jean Foundation\",\"isPartOf\":{\"@id\":\"https:\\\/\\\/fmjf.stagingservers.net\\\/fr\\\/#website\"},\"primaryImageOfPage\":{\"@id\":\"https:\\\/\\\/fmjf.stagingservers.net\\\/fr\\\/evenements_2\\\/#primaryimage\"},\"image\":{\"@id\":\"https:\\\/\\\/fmjf.stagingservers.net\\\/fr\\\/evenements_2\\\/#primaryimage\"},\"thumbnailUrl\":\"https:\\\/\\\/fmjf.stagingservers.net\\\/wp-content\\\/uploads\\\/2020\\\/08\\\/Bitmap.png\",\"datePublished\":\"2020-09-04T08:49:13+00:00\",\"dateModified\":\"2020-09-30T14:18:01+00:00\",\"breadcrumb\":{\"@id\":\"https:\\\/\\\/fmjf.stagingservers.net\\\/fr\\\/evenements_2\\\/#breadcrumb\"},\"inLanguage\":\"fr-FR\",\"potentialAction\":[{\"@type\":\"ReadAction\",\"target\":[\"https:\\\/\\\/fmjf.stagingservers.net\\\/fr\\\/evenements_2\\\/\"]}]},{\"@type\":\"ImageObject\",\"inLanguage\":\"fr-FR\",\"@id\":\"https:\\\/\\\/fmjf.stagingservers.net\\\/fr\\\/evenements_2\\\/#primaryimage\",\"url\":\"https:\\\/\\\/fmjf.stagingservers.net\\\/wp-content\\\/uploads\\\/2020\\\/08\\\/Bitmap.png\",\"contentUrl\":\"https:\\\/\\\/fmjf.stagingservers.net\\\/wp-content\\\/uploads\\\/2020\\\/08\\\/Bitmap.png\"},{\"@type\":\"BreadcrumbList\",\"@id\":\"https:\\\/\\\/fmjf.stagingservers.net\\\/fr\\\/evenements_2\\\/#breadcrumb\",\"itemListElement\":[{\"@type\":\"ListItem\",\"position\":1,\"name\":\"Home\",\"item\":\"https:\\\/\\\/fmjf.stagingservers.net\\\/fr\\\/\"},{\"@type\":\"ListItem\",\"position\":2,\"name\":\"\u00c9v\u00e8nements\"}]},{\"@type\":\"WebSite\",\"@id\":\"https:\\\/\\\/fmjf.stagingservers.net\\\/fr\\\/#website\",\"url\":\"https:\\\/\\\/fmjf.stagingservers.net\\\/fr\\\/\",\"name\":\"Fondation Micha\u00eblle Jean Foundation\",\"description\":\"Les jeunes sont l\u2019une des ressources les plus pr\u00e9cieuses du Canada, affirment les confondateurs et copr\u00e9sidents. Lorsqu\u2019on leur en donne l\u2019occasion, ils r\u00e9ussissent \u00e0 exprimer leurs id\u00e9es, leur cr\u00e9ativit\u00e9 et leur capacit\u00e9 \u00e0 innover, qui toutes ont le pouvoir de transformer notre soci\u00e9t\u00e9.\",\"publisher\":{\"@id\":\"https:\\\/\\\/fmjf.stagingservers.net\\\/fr\\\/#organization\"},\"potentialAction\":[{\"@type\":\"SearchAction\",\"target\":{\"@type\":\"EntryPoint\",\"urlTemplate\":\"https:\\\/\\\/fmjf.stagingservers.net\\\/fr\\\/?s={search_term_string}\"},\"query-input\":{\"@type\":\"PropertyValueSpecification\",\"valueRequired\":true,\"valueName\":\"search_term_string\"}}],\"inLanguage\":\"fr-FR\"},{\"@type\":\"Organization\",\"@id\":\"https:\\\/\\\/fmjf.stagingservers.net\\\/fr\\\/#organization\",\"name\":\"Fondation Micha\u00eblle Jean Foundation\",\"url\":\"https:\\\/\\\/fmjf.stagingservers.net\\\/fr\\\/\",\"logo\":{\"@type\":\"ImageObject\",\"inLanguage\":\"fr-FR\",\"@id\":\"https:\\\/\\\/fmjf.stagingservers.net\\\/fr\\\/#\\\/schema\\\/logo\\\/image\\\/\",\"url\":\"https:\\\/\\\/fmjf.stagingservers.net\\\/wp-content\\\/uploads\\\/2020\\\/05\\\/Logo.png\",\"contentUrl\":\"https:\\\/\\\/fmjf.stagingservers.net\\\/wp-content\\\/uploads\\\/2020\\\/05\\\/Logo.png\",\"width\":310,\"height\":96,\"caption\":\"Fondation Micha\u00eblle Jean Foundation\"},\"image\":{\"@id\":\"https:\\\/\\\/fmjf.stagingservers.net\\\/fr\\\/#\\\/schema\\\/logo\\\/image\\\/\"}}]}<\/script>\n<!-- \/ Yoast SEO plugin. -->","yoast_head_json":{"title":"\u00c9v\u00e8nements - Fondation Micha\u00eblle Jean Foundation","robots":{"index":"noindex","follow":"follow","max-snippet":"max-snippet:-1","max-image-preview":"max-image-preview:large","max-video-preview":"max-video-preview:-1"},"og_locale":"fr_FR","og_type":"article","og_title":"\u00c9v\u00e8nements - Fondation Micha\u00eblle Jean Foundation","og_description":"Nous serons entendus Le Sommet pancanadien des communaut\u00e9s noires, organis\u00e9 par la Fondation Micha\u00eblle Jean Foundation, sous les auspices de la D\u00e9cennie internationale pour les personnes d&rsquo;ascendance africaine: reconnaissance, justice et d\u00e9veloppement (2015-2024) proclam\u00e9e par les Nations Unies, est une occasion majeure pour les Canadiennes et des Canadiens issus des communaut\u00e9s noires, toutes g\u00e9n\u00e9rations, tous [&hellip;]","og_url":"https:\/\/fmjf.stagingservers.net\/fr\/evenements_2\/","og_site_name":"Fondation Micha\u00eblle Jean Foundation","article_modified_time":"2020-09-30T14:18:01+00:00","og_image":[{"url":"https:\/\/fmjf.stagingservers.net\/wp-content\/uploads\/2020\/08\/Bitmap.png","type":"","width":"","height":""}],"twitter_card":"summary_large_image","twitter_misc":{"Dur\u00e9e de lecture estim\u00e9e":"2 minutes"},"schema":{"@context":"https:\/\/schema.org","@graph":[{"@type":"WebPage","@id":"https:\/\/fmjf.stagingservers.net\/fr\/evenements_2\/","url":"https:\/\/fmjf.stagingservers.net\/fr\/evenements_2\/","name":"\u00c9v\u00e8nements - Fondation Micha\u00eblle Jean Foundation","isPartOf":{"@id":"https:\/\/fmjf.stagingservers.net\/fr\/#website"},"primaryImageOfPage":{"@id":"https:\/\/fmjf.stagingservers.net\/fr\/evenements_2\/#primaryimage"},"image":{"@id":"https:\/\/fmjf.stagingservers.net\/fr\/evenements_2\/#primaryimage"},"thumbnailUrl":"https:\/\/fmjf.stagingservers.net\/wp-content\/uploads\/2020\/08\/Bitmap.png","datePublished":"2020-09-04T08:49:13+00:00","dateModified":"2020-09-30T14:18:01+00:00","breadcrumb":{"@id":"https:\/\/fmjf.stagingservers.net\/fr\/evenements_2\/#breadcrumb"},"inLanguage":"fr-FR","potentialAction":[{"@type":"ReadAction","target":["https:\/\/fmjf.stagingservers.net\/fr\/evenements_2\/"]}]},{"@type":"ImageObject","inLanguage":"fr-FR","@id":"https:\/\/fmjf.stagingservers.net\/fr\/evenements_2\/#primaryimage","url":"https:\/\/fmjf.stagingservers.net\/wp-content\/uploads\/2020\/08\/Bitmap.png","contentUrl":"https:\/\/fmjf.stagingservers.net\/wp-content\/uploads\/2020\/08\/Bitmap.png"},{"@type":"BreadcrumbList","@id":"https:\/\/fmjf.stagingservers.net\/fr\/evenements_2\/#breadcrumb","itemListElement":[{"@type":"ListItem","position":1,"name":"Home","item":"https:\/\/fmjf.stagingservers.net\/fr\/"},{"@type":"ListItem","position":2,"name":"\u00c9v\u00e8nements"}]},{"@type":"WebSite","@id":"https:\/\/fmjf.stagingservers.net\/fr\/#website","url":"https:\/\/fmjf.stagingservers.net\/fr\/","name":"Fondation Micha\u00eblle Jean Foundation","description":"Les jeunes sont l\u2019une des ressources les plus pr\u00e9cieuses du Canada, affirment les confondateurs et copr\u00e9sidents. Lorsqu\u2019on leur en donne l\u2019occasion, ils r\u00e9ussissent \u00e0 exprimer leurs id\u00e9es, leur cr\u00e9ativit\u00e9 et leur capacit\u00e9 \u00e0 innover, qui toutes ont le pouvoir de transformer notre soci\u00e9t\u00e9.","publisher":{"@id":"https:\/\/fmjf.stagingservers.net\/fr\/#organization"},"potentialAction":[{"@type":"SearchAction","target":{"@type":"EntryPoint","urlTemplate":"https:\/\/fmjf.stagingservers.net\/fr\/?s={search_term_string}"},"query-input":{"@type":"PropertyValueSpecification","valueRequired":true,"valueName":"search_term_string"}}],"inLanguage":"fr-FR"},{"@type":"Organization","@id":"https:\/\/fmjf.stagingservers.net\/fr\/#organization","name":"Fondation Micha\u00eblle Jean Foundation","url":"https:\/\/fmjf.stagingservers.net\/fr\/","logo":{"@type":"ImageObject","inLanguage":"fr-FR","@id":"https:\/\/fmjf.stagingservers.net\/fr\/#\/schema\/logo\/image\/","url":"https:\/\/fmjf.stagingservers.net\/wp-content\/uploads\/2020\/05\/Logo.png","contentUrl":"https:\/\/fmjf.stagingservers.net\/wp-content\/uploads\/2020\/05\/Logo.png","width":310,"height":96,"caption":"Fondation Micha\u00eblle Jean Foundation"},"image":{"@id":"https:\/\/fmjf.stagingservers.net\/fr\/#\/schema\/logo\/image\/"}}]}},"_links":{"self":[{"href":"https:\/\/fmjf.stagingservers.net\/fr\/wp-json\/wp\/v2\/pages\/1508","targetHints":{"allow":["GET"]}}],"collection":[{"href":"https:\/\/fmjf.stagingservers.net\/fr\/wp-json\/wp\/v2\/pages"}],"about":[{"href":"https:\/\/fmjf.stagingservers.net\/fr\/wp-json\/wp\/v2\/types\/page"}],"author":[{"embeddable":true,"href":"https:\/\/fmjf.stagingservers.net\/fr\/wp-json\/wp\/v2\/users\/1"}],"replies":[{"embeddable":true,"href":"https:\/\/fmjf.stagingservers.net\/fr\/wp-json\/wp\/v2\/comments?post=1508"}],"version-history":[{"count":6,"href":"https:\/\/fmjf.stagingservers.net\/fr\/wp-json\/wp\/v2\/pages\/1508\/revisions"}],"predecessor-version":[{"id":4190,"href":"https:\/\/fmjf.stagingservers.net\/fr\/wp-json\/wp\/v2\/pages\/1508\/revisions\/4190"}],"wp:attachment":[{"href":"https:\/\/fmjf.stagingservers.net\/fr\/wp-json\/wp\/v2\/media?parent=1508"}],"curies":[{"name":"wp","href":"https:\/\/api.w.org\/{rel}","templated":true}]}}