{"id":1503,"date":"2020-09-04T08:06:50","date_gmt":"2020-09-04T08:06:50","guid":{"rendered":"https:\/\/fmjf.stagingservers.net\/?page_id=1503"},"modified":"2020-09-28T09:40:34","modified_gmt":"2020-09-28T13:40:34","slug":"forum-national-sur-le-pouvoir-des-arts","status":"publish","type":"page","link":"https:\/\/fmjf.stagingservers.net\/fr\/nos-programmes\/forum-national-sur-le-pouvoir-des-arts\/","title":{"rendered":"Forum national sur le pouvoir des arts"},"content":{"rendered":"\r\n\r\n\r\n\r\n\r\n<section class=\"fmjf_theme_image_caption    alignfull hero_potanf\" style=\"background-image: url();\">\r\n\r\n  <div class=\"collorBg\" style=\"\">\r\n    <div class=\"wrapper ac_left text_dark columns_two\">\r\n\r\n     <div class=\"column\">      <div class=\"sub_title\">Nos Programmes<\/div>      <h1 class=\"title\">Forum national sur le pouvoir des arts<\/h1>    <\/div><div class=\"column\">                 <\/div> \r\n    <\/div>\r\n  <\/div>\r\n\r\n\r\n<\/section>\r\n\r\n\r\n\n\n\n<h2 class=\"has-text-align-left is-style-long-line is-style-long-line-yellow wp-block-heading\"><strong>Cr\u00e9er de l&rsquo;art.<\/strong><br><strong>Cr\u00e9er le changement.<\/strong><\/h2>\n\n\n\n<div class=\"wp-block-group is-style-short-box\"><div class=\"wp-block-group__inner-container is-layout-flow wp-block-group-is-layout-flow\">\n<p class=\"is-style-extra-short-box has-medium-font-size\"><em>\u00abTout comme l&rsquo;art ou l&rsquo;eau, l&rsquo;acte de cr\u00e9ation, la beaut\u00e9 de l&rsquo;imagination et le pouvoir des id\u00e9es font que la vie vaut la peine d&rsquo;\u00eatre v\u00e9cue. Ainsi les arts rendent la vie plus int\u00e9ressante que la vie. \u00bb<\/em> \u2013 Jean-Daniel Lafond<br><br>Nos forums nationaux sur le pouvoir des arts rassemblent des centaines de&nbsp;Canadiennes et de&nbsp;Canadiens de tous les horizons qui&nbsp;pratiquent&nbsp;le pouvoir de l&rsquo;art&nbsp;comme&nbsp;un catalyseur du changement social. L&rsquo;\u00e9v\u00e9nement annuel offre aux&nbsp;participantes et aux&nbsp;participants une plate-forme pour enseigner, apprendre, partager et collaborer&nbsp;au sujet de&nbsp;l&rsquo;art&nbsp;comme un formidable outil pour&nbsp;d\u00e9clencher&nbsp;et conduire des&nbsp;actions. C&rsquo;est&nbsp;\u00e9galement l&rsquo;occasion d&rsquo;explorer des strat\u00e9gies innovantes&nbsp;et de prendre connaissance&nbsp;de nouvelles recherches&nbsp;sur le pouvoir de l\u2019art. La nature unique de ces forums attire des&nbsp;participantes et des&nbsp;participants&nbsp;en provenance&nbsp;\u00e9galement&nbsp;des&nbsp;\u00c9tats-Unis, d&rsquo;Europe et d&rsquo;Afrique.<\/p>\n\n\n\n<div style=\"height:90px\" aria-hidden=\"true\" class=\"wp-block-spacer\"><\/div>\n\n\n\n<div class=\"wp-block-media-text is-stacked-on-mobile is-vertically-aligned-center prl0\" style=\"grid-template-columns:30% auto\"><figure class=\"wp-block-media-text__media\"><img loading=\"lazy\" decoding=\"async\" width=\"502\" height=\"586\" src=\"https:\/\/fmjf.stagingservers.net\/wp-content\/uploads\/2020\/08\/poatf_jpg.jpg\" alt=\"\" class=\"wp-image-1042 lazyload\"\/><\/figure><div class=\"wp-block-media-text__content\">\n<h4 class=\"has-text-align-left mt0 wp-block-heading\">Aidez-nous \u00e0 construire une culture de paix.<\/h4>\n\n\n\n<hr class=\"wp-block-separator is-style-curve is-style-curve-blue\"\/>\n\n\n\n<div class=\"wp-block-buttons alignleft is-layout-flex wp-block-buttons-is-layout-flex\">\n<div class=\"wp-block-button is-style-fill\"><a class=\"wp-block-button__link has-blue-background-color has-background no-border-radius\" href=\"https:\/\/www.jedonneenligne.org\/fmjf\/frm_detail.php?FrmUID=1\" target=\"_blank\" rel=\"noreferrer noopener\">Faites un don<\/a><\/div>\n\n\n\n<div class=\"wp-block-button is-style-fill\"><a class=\"wp-block-button__link has-blue-background-color has-background no-border-radius\" href=\"\/fr\/participez\/benevolat\/\">Devenez b\u00e9n\u00e9vole<\/a><\/div>\n<\/div>\n\n\n\n<p><\/p>\n<\/div><\/div>\n\n\n\n<p><\/p>\n<\/div><\/div>\n\n\n\n<p><\/p>\n","protected":false},"excerpt":{"rendered":"<p>Cr\u00e9er de l&rsquo;art.Cr\u00e9er le changement. \u00abTout comme l&rsquo;art ou l&rsquo;eau, l&rsquo;acte de cr\u00e9ation, la beaut\u00e9 de l&rsquo;imagination et le pouvoir des id\u00e9es font que la vie vaut la peine d&rsquo;\u00eatre v\u00e9cue. Ainsi les arts rendent la vie plus int\u00e9ressante que la vie. \u00bb \u2013 Jean-Daniel Lafond Nos forums nationaux sur le pouvoir des arts rassemblent [&hellip;]<\/p>\n","protected":false},"author":1,"featured_media":0,"parent":1486,"menu_order":0,"comment_status":"closed","ping_status":"closed","template":"","meta":{"_acf_changed":false,"footnotes":""},"class_list":["post-1503","page","type-page","status-publish","hentry"],"acf":[],"yoast_head":"<!-- This site is optimized with the Yoast SEO plugin v27.5 - https:\/\/yoast.com\/product\/yoast-seo-wordpress\/ -->\n<title>Forum national sur le pouvoir des arts - Fondation Micha\u00eblle Jean Foundation<\/title>\n<meta name=\"robots\" content=\"noindex, follow, max-snippet:-1, max-image-preview:large, max-video-preview:-1\" \/>\n<meta property=\"og:locale\" content=\"fr_FR\" \/>\n<meta property=\"og:type\" content=\"article\" \/>\n<meta property=\"og:title\" content=\"Forum national sur le pouvoir des arts - Fondation Micha\u00eblle Jean Foundation\" \/>\n<meta property=\"og:description\" content=\"Cr\u00e9er de l&rsquo;art.Cr\u00e9er le changement. \u00abTout comme l&rsquo;art ou l&rsquo;eau, l&rsquo;acte de cr\u00e9ation, la beaut\u00e9 de l&rsquo;imagination et le pouvoir des id\u00e9es font que la vie vaut la peine d&rsquo;\u00eatre v\u00e9cue. Ainsi les arts rendent la vie plus int\u00e9ressante que la vie. \u00bb \u2013 Jean-Daniel Lafond Nos forums nationaux sur le pouvoir des arts rassemblent [&hellip;]\" \/>\n<meta property=\"og:url\" content=\"https:\/\/fmjf.stagingservers.net\/fr\/nos-programmes\/forum-national-sur-le-pouvoir-des-arts\/\" \/>\n<meta property=\"og:site_name\" content=\"Fondation Micha\u00eblle Jean Foundation\" \/>\n<meta property=\"article:modified_time\" content=\"2020-09-28T13:40:34+00:00\" \/>\n<meta property=\"og:image\" content=\"https:\/\/fmjf.stagingservers.net\/wp-content\/uploads\/2020\/08\/poatf_jpg.jpg\" \/>\n<meta name=\"twitter:card\" content=\"summary_large_image\" \/>\n<meta name=\"twitter:label1\" content=\"Dur\u00e9e de lecture estim\u00e9e\" \/>\n\t<meta name=\"twitter:data1\" content=\"1 minute\" \/>\n<script type=\"application\/ld+json\" class=\"yoast-schema-graph\">{\"@context\":\"https:\\\/\\\/schema.org\",\"@graph\":[{\"@type\":\"WebPage\",\"@id\":\"https:\\\/\\\/fmjf.stagingservers.net\\\/fr\\\/nos-programmes\\\/forum-national-sur-le-pouvoir-des-arts\\\/\",\"url\":\"https:\\\/\\\/fmjf.stagingservers.net\\\/fr\\\/nos-programmes\\\/forum-national-sur-le-pouvoir-des-arts\\\/\",\"name\":\"Forum national sur le pouvoir des arts - Fondation Micha\u00eblle Jean Foundation\",\"isPartOf\":{\"@id\":\"https:\\\/\\\/fmjf.stagingservers.net\\\/fr\\\/#website\"},\"primaryImageOfPage\":{\"@id\":\"https:\\\/\\\/fmjf.stagingservers.net\\\/fr\\\/nos-programmes\\\/forum-national-sur-le-pouvoir-des-arts\\\/#primaryimage\"},\"image\":{\"@id\":\"https:\\\/\\\/fmjf.stagingservers.net\\\/fr\\\/nos-programmes\\\/forum-national-sur-le-pouvoir-des-arts\\\/#primaryimage\"},\"thumbnailUrl\":\"https:\\\/\\\/fmjf.stagingservers.net\\\/wp-content\\\/uploads\\\/2020\\\/08\\\/poatf_jpg.jpg\",\"datePublished\":\"2020-09-04T08:06:50+00:00\",\"dateModified\":\"2020-09-28T13:40:34+00:00\",\"breadcrumb\":{\"@id\":\"https:\\\/\\\/fmjf.stagingservers.net\\\/fr\\\/nos-programmes\\\/forum-national-sur-le-pouvoir-des-arts\\\/#breadcrumb\"},\"inLanguage\":\"fr-FR\",\"potentialAction\":[{\"@type\":\"ReadAction\",\"target\":[\"https:\\\/\\\/fmjf.stagingservers.net\\\/fr\\\/nos-programmes\\\/forum-national-sur-le-pouvoir-des-arts\\\/\"]}]},{\"@type\":\"ImageObject\",\"inLanguage\":\"fr-FR\",\"@id\":\"https:\\\/\\\/fmjf.stagingservers.net\\\/fr\\\/nos-programmes\\\/forum-national-sur-le-pouvoir-des-arts\\\/#primaryimage\",\"url\":\"https:\\\/\\\/fmjf.stagingservers.net\\\/wp-content\\\/uploads\\\/2020\\\/08\\\/poatf_jpg.jpg\",\"contentUrl\":\"https:\\\/\\\/fmjf.stagingservers.net\\\/wp-content\\\/uploads\\\/2020\\\/08\\\/poatf_jpg.jpg\"},{\"@type\":\"BreadcrumbList\",\"@id\":\"https:\\\/\\\/fmjf.stagingservers.net\\\/fr\\\/nos-programmes\\\/forum-national-sur-le-pouvoir-des-arts\\\/#breadcrumb\",\"itemListElement\":[{\"@type\":\"ListItem\",\"position\":1,\"name\":\"Home\",\"item\":\"https:\\\/\\\/fmjf.stagingservers.net\\\/fr\\\/\"},{\"@type\":\"ListItem\",\"position\":2,\"name\":\"Nos Programmes\",\"item\":\"https:\\\/\\\/fmjf.stagingservers.net\\\/fr\\\/nos-programmes\\\/\"},{\"@type\":\"ListItem\",\"position\":3,\"name\":\"Forum national sur le pouvoir des arts\"}]},{\"@type\":\"WebSite\",\"@id\":\"https:\\\/\\\/fmjf.stagingservers.net\\\/fr\\\/#website\",\"url\":\"https:\\\/\\\/fmjf.stagingservers.net\\\/fr\\\/\",\"name\":\"Fondation Micha\u00eblle Jean Foundation\",\"description\":\"Les jeunes sont l\u2019une des ressources les plus pr\u00e9cieuses du Canada, affirment les confondateurs et copr\u00e9sidents. Lorsqu\u2019on leur en donne l\u2019occasion, ils r\u00e9ussissent \u00e0 exprimer leurs id\u00e9es, leur cr\u00e9ativit\u00e9 et leur capacit\u00e9 \u00e0 innover, qui toutes ont le pouvoir de transformer notre soci\u00e9t\u00e9.\",\"publisher\":{\"@id\":\"https:\\\/\\\/fmjf.stagingservers.net\\\/fr\\\/#organization\"},\"potentialAction\":[{\"@type\":\"SearchAction\",\"target\":{\"@type\":\"EntryPoint\",\"urlTemplate\":\"https:\\\/\\\/fmjf.stagingservers.net\\\/fr\\\/?s={search_term_string}\"},\"query-input\":{\"@type\":\"PropertyValueSpecification\",\"valueRequired\":true,\"valueName\":\"search_term_string\"}}],\"inLanguage\":\"fr-FR\"},{\"@type\":\"Organization\",\"@id\":\"https:\\\/\\\/fmjf.stagingservers.net\\\/fr\\\/#organization\",\"name\":\"Fondation Micha\u00eblle Jean Foundation\",\"url\":\"https:\\\/\\\/fmjf.stagingservers.net\\\/fr\\\/\",\"logo\":{\"@type\":\"ImageObject\",\"inLanguage\":\"fr-FR\",\"@id\":\"https:\\\/\\\/fmjf.stagingservers.net\\\/fr\\\/#\\\/schema\\\/logo\\\/image\\\/\",\"url\":\"https:\\\/\\\/fmjf.stagingservers.net\\\/wp-content\\\/uploads\\\/2020\\\/05\\\/Logo.png\",\"contentUrl\":\"https:\\\/\\\/fmjf.stagingservers.net\\\/wp-content\\\/uploads\\\/2020\\\/05\\\/Logo.png\",\"width\":310,\"height\":96,\"caption\":\"Fondation Micha\u00eblle Jean Foundation\"},\"image\":{\"@id\":\"https:\\\/\\\/fmjf.stagingservers.net\\\/fr\\\/#\\\/schema\\\/logo\\\/image\\\/\"}}]}<\/script>\n<!-- \/ Yoast SEO plugin. -->","yoast_head_json":{"title":"Forum national sur le pouvoir des arts - Fondation Micha\u00eblle Jean Foundation","robots":{"index":"noindex","follow":"follow","max-snippet":"max-snippet:-1","max-image-preview":"max-image-preview:large","max-video-preview":"max-video-preview:-1"},"og_locale":"fr_FR","og_type":"article","og_title":"Forum national sur le pouvoir des arts - Fondation Micha\u00eblle Jean Foundation","og_description":"Cr\u00e9er de l&rsquo;art.Cr\u00e9er le changement. \u00abTout comme l&rsquo;art ou l&rsquo;eau, l&rsquo;acte de cr\u00e9ation, la beaut\u00e9 de l&rsquo;imagination et le pouvoir des id\u00e9es font que la vie vaut la peine d&rsquo;\u00eatre v\u00e9cue. Ainsi les arts rendent la vie plus int\u00e9ressante que la vie. \u00bb \u2013 Jean-Daniel Lafond Nos forums nationaux sur le pouvoir des arts rassemblent [&hellip;]","og_url":"https:\/\/fmjf.stagingservers.net\/fr\/nos-programmes\/forum-national-sur-le-pouvoir-des-arts\/","og_site_name":"Fondation Micha\u00eblle Jean Foundation","article_modified_time":"2020-09-28T13:40:34+00:00","og_image":[{"url":"https:\/\/fmjf.stagingservers.net\/wp-content\/uploads\/2020\/08\/poatf_jpg.jpg","type":"","width":"","height":""}],"twitter_card":"summary_large_image","twitter_misc":{"Dur\u00e9e de lecture estim\u00e9e":"1 minute"},"schema":{"@context":"https:\/\/schema.org","@graph":[{"@type":"WebPage","@id":"https:\/\/fmjf.stagingservers.net\/fr\/nos-programmes\/forum-national-sur-le-pouvoir-des-arts\/","url":"https:\/\/fmjf.stagingservers.net\/fr\/nos-programmes\/forum-national-sur-le-pouvoir-des-arts\/","name":"Forum national sur le pouvoir des arts - Fondation Micha\u00eblle Jean Foundation","isPartOf":{"@id":"https:\/\/fmjf.stagingservers.net\/fr\/#website"},"primaryImageOfPage":{"@id":"https:\/\/fmjf.stagingservers.net\/fr\/nos-programmes\/forum-national-sur-le-pouvoir-des-arts\/#primaryimage"},"image":{"@id":"https:\/\/fmjf.stagingservers.net\/fr\/nos-programmes\/forum-national-sur-le-pouvoir-des-arts\/#primaryimage"},"thumbnailUrl":"https:\/\/fmjf.stagingservers.net\/wp-content\/uploads\/2020\/08\/poatf_jpg.jpg","datePublished":"2020-09-04T08:06:50+00:00","dateModified":"2020-09-28T13:40:34+00:00","breadcrumb":{"@id":"https:\/\/fmjf.stagingservers.net\/fr\/nos-programmes\/forum-national-sur-le-pouvoir-des-arts\/#breadcrumb"},"inLanguage":"fr-FR","potentialAction":[{"@type":"ReadAction","target":["https:\/\/fmjf.stagingservers.net\/fr\/nos-programmes\/forum-national-sur-le-pouvoir-des-arts\/"]}]},{"@type":"ImageObject","inLanguage":"fr-FR","@id":"https:\/\/fmjf.stagingservers.net\/fr\/nos-programmes\/forum-national-sur-le-pouvoir-des-arts\/#primaryimage","url":"https:\/\/fmjf.stagingservers.net\/wp-content\/uploads\/2020\/08\/poatf_jpg.jpg","contentUrl":"https:\/\/fmjf.stagingservers.net\/wp-content\/uploads\/2020\/08\/poatf_jpg.jpg"},{"@type":"BreadcrumbList","@id":"https:\/\/fmjf.stagingservers.net\/fr\/nos-programmes\/forum-national-sur-le-pouvoir-des-arts\/#breadcrumb","itemListElement":[{"@type":"ListItem","position":1,"name":"Home","item":"https:\/\/fmjf.stagingservers.net\/fr\/"},{"@type":"ListItem","position":2,"name":"Nos Programmes","item":"https:\/\/fmjf.stagingservers.net\/fr\/nos-programmes\/"},{"@type":"ListItem","position":3,"name":"Forum national sur le pouvoir des arts"}]},{"@type":"WebSite","@id":"https:\/\/fmjf.stagingservers.net\/fr\/#website","url":"https:\/\/fmjf.stagingservers.net\/fr\/","name":"Fondation Micha\u00eblle Jean Foundation","description":"Les jeunes sont l\u2019une des ressources les plus pr\u00e9cieuses du Canada, affirment les confondateurs et copr\u00e9sidents. Lorsqu\u2019on leur en donne l\u2019occasion, ils r\u00e9ussissent \u00e0 exprimer leurs id\u00e9es, leur cr\u00e9ativit\u00e9 et leur capacit\u00e9 \u00e0 innover, qui toutes ont le pouvoir de transformer notre soci\u00e9t\u00e9.","publisher":{"@id":"https:\/\/fmjf.stagingservers.net\/fr\/#organization"},"potentialAction":[{"@type":"SearchAction","target":{"@type":"EntryPoint","urlTemplate":"https:\/\/fmjf.stagingservers.net\/fr\/?s={search_term_string}"},"query-input":{"@type":"PropertyValueSpecification","valueRequired":true,"valueName":"search_term_string"}}],"inLanguage":"fr-FR"},{"@type":"Organization","@id":"https:\/\/fmjf.stagingservers.net\/fr\/#organization","name":"Fondation Micha\u00eblle Jean Foundation","url":"https:\/\/fmjf.stagingservers.net\/fr\/","logo":{"@type":"ImageObject","inLanguage":"fr-FR","@id":"https:\/\/fmjf.stagingservers.net\/fr\/#\/schema\/logo\/image\/","url":"https:\/\/fmjf.stagingservers.net\/wp-content\/uploads\/2020\/05\/Logo.png","contentUrl":"https:\/\/fmjf.stagingservers.net\/wp-content\/uploads\/2020\/05\/Logo.png","width":310,"height":96,"caption":"Fondation Micha\u00eblle Jean Foundation"},"image":{"@id":"https:\/\/fmjf.stagingservers.net\/fr\/#\/schema\/logo\/image\/"}}]}},"_links":{"self":[{"href":"https:\/\/fmjf.stagingservers.net\/fr\/wp-json\/wp\/v2\/pages\/1503","targetHints":{"allow":["GET"]}}],"collection":[{"href":"https:\/\/fmjf.stagingservers.net\/fr\/wp-json\/wp\/v2\/pages"}],"about":[{"href":"https:\/\/fmjf.stagingservers.net\/fr\/wp-json\/wp\/v2\/types\/page"}],"author":[{"embeddable":true,"href":"https:\/\/fmjf.stagingservers.net\/fr\/wp-json\/wp\/v2\/users\/1"}],"replies":[{"embeddable":true,"href":"https:\/\/fmjf.stagingservers.net\/fr\/wp-json\/wp\/v2\/comments?post=1503"}],"version-history":[{"count":14,"href":"https:\/\/fmjf.stagingservers.net\/fr\/wp-json\/wp\/v2\/pages\/1503\/revisions"}],"predecessor-version":[{"id":3954,"href":"https:\/\/fmjf.stagingservers.net\/fr\/wp-json\/wp\/v2\/pages\/1503\/revisions\/3954"}],"up":[{"embeddable":true,"href":"https:\/\/fmjf.stagingservers.net\/fr\/wp-json\/wp\/v2\/pages\/1486"}],"wp:attachment":[{"href":"https:\/\/fmjf.stagingservers.net\/fr\/wp-json\/wp\/v2\/media?parent=1503"}],"curies":[{"name":"wp","href":"https:\/\/api.w.org\/{rel}","templated":true}]}}