{"id":1496,"date":"2020-08-23T23:42:33","date_gmt":"2020-08-23T23:42:33","guid":{"rendered":"https:\/\/fmjf.stagingservers.net\/?page_id=1496"},"modified":"2020-09-27T21:11:44","modified_gmt":"2020-09-28T01:11:44","slug":"bursaries","status":"publish","type":"page","link":"https:\/\/fmjf.stagingservers.net\/fr\/nos-programmes\/bursaries\/","title":{"rendered":"Bourses"},"content":{"rendered":"\r\n\r\n\r\n\r\n\r\n<section class=\"fmjf_theme_image_caption  have_gif   hero_bursaries\" style=\"background-image: url();\">\r\n\r\n  <div class=\"collorBg\" style=\"\">\r\n    <div class=\"wrapper ac_left text_dark columns_two\">\r\n\r\n     <div class=\"column\">      <div class=\"sub_title\">Programmes<\/div>      <h1 class=\"title\">Bourses de la FMJF:<br>Investir dans<br>les leaders de demain<\/h1>    <\/div><div class=\"column\">      <img decoding=\"async\" class = \"caption_img m0auto\" alt=\"Bourses de la FMJF:Investir dansles leaders de demain\" src=\"https:\/\/fmjf.stagingservers.net\/wp-content\/uploads\/2020\/08\/bursaries.jpg\">      <img decoding=\"async\" class = \"caption_gif m0auto\" alt=\"Bourses de la FMJF:Investir dansles leaders de demain\" src=\"https:\/\/fmjf.stagingservers.net\/wp-content\/uploads\/2020\/09\/MONEY.gif\">     <\/div> \r\n    <\/div>\r\n  <\/div>\r\n\r\n\r\n<\/section>\r\n\r\n\r\n\n\n\n<h2 class=\"is-style-long-line-yellow wp-block-heading\">Bourse Micha\u00eblle-Jean : Jeunes entrepreneur(e)s culturel(le)s<\/h2>\n\n\n\n<div class=\"wp-block-group alignwide is-style-extra-short-box\"><div class=\"wp-block-group__inner-container is-layout-flow wp-block-group-is-layout-flow\">\n<div class=\"wp-block-media-text alignwide is-stacked-on-mobile is-vertically-aligned-center\" style=\"grid-template-columns:39% auto\"><figure class=\"wp-block-media-text__media\"><img loading=\"lazy\" decoding=\"async\" width=\"480\" height=\"628\" src=\"https:\/\/fmjf.stagingservers.net\/wp-content\/uploads\/2020\/08\/michaelle1.jpg\" alt=\"\" class=\"wp-image-1054 lazyload\" srcset=\"https:\/\/fmjf.stagingservers.net\/wp-content\/uploads\/2020\/08\/michaelle1.jpg 480w, https:\/\/fmjf.stagingservers.net\/wp-content\/uploads\/2020\/08\/michaelle1-459x600.jpg 459w\" sizes=\"auto, (max-width: 480px) 100vw, 480px\" \/><\/figure><div class=\"wp-block-media-text__content\">\n<p class=\"has-medium-font-size\">Notre programme&nbsp;<em>Jeunes entrepreneurs&nbsp;culturels<\/em>&nbsp;offre des fonds de d\u00e9marrage ou de consolidation aux jeunes&nbsp;Canadiennes et&nbsp;Canadiens qui cr\u00e9ent des entreprises&nbsp;culturelles&nbsp;\u00e0&nbsp;vocation sociale.&nbsp;Nous soutenons&nbsp;\u00e9galement les b\u00e9n\u00e9ficiaires&nbsp;de cette bourse&nbsp;en leur fournissant un mentor qui les aidera&nbsp;\u00e0&nbsp;d\u00e9finir et&nbsp;\u00e0 \u00e9laborer un plan d&rsquo;affaires&nbsp;solide&nbsp;et&nbsp;viable.<\/p>\n<\/div><\/div>\n<\/div><\/div>\n\n\n\n<div style=\"height:100px\" aria-hidden=\"true\" class=\"wp-block-spacer\"><\/div>\n\n\n\n<h2 class=\"is-style-long-line-yellow wp-block-heading\">Bourse Jean-Daniel Lafond: Agir avec les arts pour le changement social<\/h2>\n\n\n\n<div class=\"wp-block-group alignwide is-style-extra-short-box\"><div class=\"wp-block-group__inner-container is-layout-flow wp-block-group-is-layout-flow\">\n<div class=\"wp-block-media-text alignwide is-stacked-on-mobile is-vertically-aligned-center\" style=\"grid-template-columns:39% auto\"><figure class=\"wp-block-media-text__media\"><img loading=\"lazy\" decoding=\"async\" width=\"480\" height=\"628\" src=\"https:\/\/fmjf.stagingservers.net\/wp-content\/uploads\/2020\/08\/our_story_ph2.png\" alt=\"\" class=\"wp-image-954 lazyload\" srcset=\"https:\/\/fmjf.stagingservers.net\/wp-content\/uploads\/2020\/08\/our_story_ph2.png 480w, https:\/\/fmjf.stagingservers.net\/wp-content\/uploads\/2020\/08\/our_story_ph2-459x600.png 459w\" sizes=\"auto, (max-width: 480px) 100vw, 480px\" \/><\/figure><div class=\"wp-block-media-text__content\">\n<p class=\"has-medium-font-size\">L\u2019objectif de cette bourse est d\u2019encourager, apporter des fonds&nbsp;et former des jeunes artisans du changement dont les projets artistiques&nbsp;engag\u00e9s&nbsp;ont pour but de dynamiser des communaut\u00e9s d\u00e9favoris\u00e9es. En plus du fonds, ce programme de la Fondation Micha\u00eblle Jean pr\u00e9voit&nbsp;pour ces jeunes&nbsp;l\u2019accompagnement d\u2019un&nbsp;mentor.<\/p>\n<\/div><\/div>\n<\/div><\/div>\n\n\n\n<div style=\"height:100px\" aria-hidden=\"true\" class=\"wp-block-spacer\"><\/div>\n\n\n\n<div class=\"wp-block-group\"><div class=\"wp-block-group__inner-container is-layout-flow wp-block-group-is-layout-flow\">\n<p class=\"has-text-align-center has-large-font-size\">Aidez-nous \u00e0 construire la paix et l\u2019harmonie sociale.<\/p>\n\n\n\n<hr class=\"wp-block-separator is-style-curve-blue-center\"\/>\n\n\n\n<div class=\"wp-block-buttons aligncenter is-layout-flex wp-block-buttons-is-layout-flex\">\n<div class=\"wp-block-button\"><a class=\"wp-block-button__link has-white-color has-blue-background-color has-text-color has-background no-border-radius\" href=\"https:\/\/www.jedonneenligne.org\/fmjf\/frm_detail.php?FrmUID=1\" target=\"_blank\" rel=\"noreferrer noopener\">Faites un don<\/a><\/div>\n\n\n\n<div class=\"wp-block-button\"><a class=\"wp-block-button__link has-white-color has-blue-background-color has-text-color has-background no-border-radius\" href=\"\/fr\/participez\/benevolat\/\">Devenez b\u00e9n\u00e9vole<\/a><\/div>\n<\/div>\n\n\n\n<p><\/p>\n<\/div><\/div>\n\n\n\n<p><\/p>\n","protected":false},"excerpt":{"rendered":"<p>Bourse Micha\u00eblle-Jean : Jeunes entrepreneur(e)s culturel(le)s Notre programme&nbsp;Jeunes entrepreneurs&nbsp;culturels&nbsp;offre des fonds de d\u00e9marrage ou de consolidation aux jeunes&nbsp;Canadiennes et&nbsp;Canadiens qui cr\u00e9ent des entreprises&nbsp;culturelles&nbsp;\u00e0&nbsp;vocation sociale.&nbsp;Nous soutenons&nbsp;\u00e9galement les b\u00e9n\u00e9ficiaires&nbsp;de cette bourse&nbsp;en leur fournissant un mentor qui les aidera&nbsp;\u00e0&nbsp;d\u00e9finir et&nbsp;\u00e0 \u00e9laborer un plan d&rsquo;affaires&nbsp;solide&nbsp;et&nbsp;viable. Bourse Jean-Daniel Lafond: Agir avec les arts pour le changement social L\u2019objectif de cette [&hellip;]<\/p>\n","protected":false},"author":1,"featured_media":0,"parent":1486,"menu_order":0,"comment_status":"closed","ping_status":"closed","template":"","meta":{"_acf_changed":false,"footnotes":""},"class_list":["post-1496","page","type-page","status-publish","hentry"],"acf":[],"yoast_head":"<!-- This site is optimized with the Yoast SEO plugin v27.5 - https:\/\/yoast.com\/product\/yoast-seo-wordpress\/ -->\n<title>Bourses - Fondation Micha\u00eblle Jean Foundation<\/title>\n<meta name=\"robots\" content=\"noindex, follow, max-snippet:-1, max-image-preview:large, max-video-preview:-1\" \/>\n<meta property=\"og:locale\" content=\"fr_FR\" \/>\n<meta property=\"og:type\" content=\"article\" \/>\n<meta property=\"og:title\" content=\"Bourses - Fondation Micha\u00eblle Jean Foundation\" \/>\n<meta property=\"og:description\" content=\"Bourse Micha\u00eblle-Jean : Jeunes entrepreneur(e)s culturel(le)s Notre programme&nbsp;Jeunes entrepreneurs&nbsp;culturels&nbsp;offre des fonds de d\u00e9marrage ou de consolidation aux jeunes&nbsp;Canadiennes et&nbsp;Canadiens qui cr\u00e9ent des entreprises&nbsp;culturelles&nbsp;\u00e0&nbsp;vocation sociale.&nbsp;Nous soutenons&nbsp;\u00e9galement les b\u00e9n\u00e9ficiaires&nbsp;de cette bourse&nbsp;en leur fournissant un mentor qui les aidera&nbsp;\u00e0&nbsp;d\u00e9finir et&nbsp;\u00e0 \u00e9laborer un plan d&rsquo;affaires&nbsp;solide&nbsp;et&nbsp;viable. Bourse Jean-Daniel Lafond: Agir avec les arts pour le changement social L\u2019objectif de cette [&hellip;]\" \/>\n<meta property=\"og:url\" content=\"https:\/\/fmjf.stagingservers.net\/fr\/nos-programmes\/bursaries\/\" \/>\n<meta property=\"og:site_name\" content=\"Fondation Micha\u00eblle Jean Foundation\" \/>\n<meta property=\"article:modified_time\" content=\"2020-09-28T01:11:44+00:00\" \/>\n<meta property=\"og:image\" content=\"https:\/\/fmjf.stagingservers.net\/wp-content\/uploads\/2020\/08\/michaelle1.jpg\" \/>\n<meta name=\"twitter:card\" content=\"summary_large_image\" \/>\n<meta name=\"twitter:label1\" content=\"Dur\u00e9e de lecture estim\u00e9e\" \/>\n\t<meta name=\"twitter:data1\" content=\"1 minute\" \/>\n<script type=\"application\/ld+json\" class=\"yoast-schema-graph\">{\"@context\":\"https:\\\/\\\/schema.org\",\"@graph\":[{\"@type\":\"WebPage\",\"@id\":\"https:\\\/\\\/fmjf.stagingservers.net\\\/fr\\\/nos-programmes\\\/bursaries\\\/\",\"url\":\"https:\\\/\\\/fmjf.stagingservers.net\\\/fr\\\/nos-programmes\\\/bursaries\\\/\",\"name\":\"Bourses - Fondation Micha\u00eblle Jean Foundation\",\"isPartOf\":{\"@id\":\"https:\\\/\\\/fmjf.stagingservers.net\\\/fr\\\/#website\"},\"primaryImageOfPage\":{\"@id\":\"https:\\\/\\\/fmjf.stagingservers.net\\\/fr\\\/nos-programmes\\\/bursaries\\\/#primaryimage\"},\"image\":{\"@id\":\"https:\\\/\\\/fmjf.stagingservers.net\\\/fr\\\/nos-programmes\\\/bursaries\\\/#primaryimage\"},\"thumbnailUrl\":\"https:\\\/\\\/fmjf.stagingservers.net\\\/wp-content\\\/uploads\\\/2020\\\/08\\\/michaelle1.jpg\",\"datePublished\":\"2020-08-23T23:42:33+00:00\",\"dateModified\":\"2020-09-28T01:11:44+00:00\",\"breadcrumb\":{\"@id\":\"https:\\\/\\\/fmjf.stagingservers.net\\\/fr\\\/nos-programmes\\\/bursaries\\\/#breadcrumb\"},\"inLanguage\":\"fr-FR\",\"potentialAction\":[{\"@type\":\"ReadAction\",\"target\":[\"https:\\\/\\\/fmjf.stagingservers.net\\\/fr\\\/nos-programmes\\\/bursaries\\\/\"]}]},{\"@type\":\"ImageObject\",\"inLanguage\":\"fr-FR\",\"@id\":\"https:\\\/\\\/fmjf.stagingservers.net\\\/fr\\\/nos-programmes\\\/bursaries\\\/#primaryimage\",\"url\":\"https:\\\/\\\/fmjf.stagingservers.net\\\/wp-content\\\/uploads\\\/2020\\\/08\\\/michaelle1.jpg\",\"contentUrl\":\"https:\\\/\\\/fmjf.stagingservers.net\\\/wp-content\\\/uploads\\\/2020\\\/08\\\/michaelle1.jpg\"},{\"@type\":\"BreadcrumbList\",\"@id\":\"https:\\\/\\\/fmjf.stagingservers.net\\\/fr\\\/nos-programmes\\\/bursaries\\\/#breadcrumb\",\"itemListElement\":[{\"@type\":\"ListItem\",\"position\":1,\"name\":\"Home\",\"item\":\"https:\\\/\\\/fmjf.stagingservers.net\\\/fr\\\/\"},{\"@type\":\"ListItem\",\"position\":2,\"name\":\"Nos Programmes\",\"item\":\"https:\\\/\\\/fmjf.stagingservers.net\\\/fr\\\/nos-programmes\\\/\"},{\"@type\":\"ListItem\",\"position\":3,\"name\":\"Bourses\"}]},{\"@type\":\"WebSite\",\"@id\":\"https:\\\/\\\/fmjf.stagingservers.net\\\/fr\\\/#website\",\"url\":\"https:\\\/\\\/fmjf.stagingservers.net\\\/fr\\\/\",\"name\":\"Fondation Micha\u00eblle Jean Foundation\",\"description\":\"Les jeunes sont l\u2019une des ressources les plus pr\u00e9cieuses du Canada, affirment les confondateurs et copr\u00e9sidents. Lorsqu\u2019on leur en donne l\u2019occasion, ils r\u00e9ussissent \u00e0 exprimer leurs id\u00e9es, leur cr\u00e9ativit\u00e9 et leur capacit\u00e9 \u00e0 innover, qui toutes ont le pouvoir de transformer notre soci\u00e9t\u00e9.\",\"publisher\":{\"@id\":\"https:\\\/\\\/fmjf.stagingservers.net\\\/fr\\\/#organization\"},\"potentialAction\":[{\"@type\":\"SearchAction\",\"target\":{\"@type\":\"EntryPoint\",\"urlTemplate\":\"https:\\\/\\\/fmjf.stagingservers.net\\\/fr\\\/?s={search_term_string}\"},\"query-input\":{\"@type\":\"PropertyValueSpecification\",\"valueRequired\":true,\"valueName\":\"search_term_string\"}}],\"inLanguage\":\"fr-FR\"},{\"@type\":\"Organization\",\"@id\":\"https:\\\/\\\/fmjf.stagingservers.net\\\/fr\\\/#organization\",\"name\":\"Fondation Micha\u00eblle Jean Foundation\",\"url\":\"https:\\\/\\\/fmjf.stagingservers.net\\\/fr\\\/\",\"logo\":{\"@type\":\"ImageObject\",\"inLanguage\":\"fr-FR\",\"@id\":\"https:\\\/\\\/fmjf.stagingservers.net\\\/fr\\\/#\\\/schema\\\/logo\\\/image\\\/\",\"url\":\"https:\\\/\\\/fmjf.stagingservers.net\\\/wp-content\\\/uploads\\\/2020\\\/05\\\/Logo.png\",\"contentUrl\":\"https:\\\/\\\/fmjf.stagingservers.net\\\/wp-content\\\/uploads\\\/2020\\\/05\\\/Logo.png\",\"width\":310,\"height\":96,\"caption\":\"Fondation Micha\u00eblle Jean Foundation\"},\"image\":{\"@id\":\"https:\\\/\\\/fmjf.stagingservers.net\\\/fr\\\/#\\\/schema\\\/logo\\\/image\\\/\"}}]}<\/script>\n<!-- \/ Yoast SEO plugin. -->","yoast_head_json":{"title":"Bourses - Fondation Micha\u00eblle Jean Foundation","robots":{"index":"noindex","follow":"follow","max-snippet":"max-snippet:-1","max-image-preview":"max-image-preview:large","max-video-preview":"max-video-preview:-1"},"og_locale":"fr_FR","og_type":"article","og_title":"Bourses - Fondation Micha\u00eblle Jean Foundation","og_description":"Bourse Micha\u00eblle-Jean : Jeunes entrepreneur(e)s culturel(le)s Notre programme&nbsp;Jeunes entrepreneurs&nbsp;culturels&nbsp;offre des fonds de d\u00e9marrage ou de consolidation aux jeunes&nbsp;Canadiennes et&nbsp;Canadiens qui cr\u00e9ent des entreprises&nbsp;culturelles&nbsp;\u00e0&nbsp;vocation sociale.&nbsp;Nous soutenons&nbsp;\u00e9galement les b\u00e9n\u00e9ficiaires&nbsp;de cette bourse&nbsp;en leur fournissant un mentor qui les aidera&nbsp;\u00e0&nbsp;d\u00e9finir et&nbsp;\u00e0 \u00e9laborer un plan d&rsquo;affaires&nbsp;solide&nbsp;et&nbsp;viable. Bourse Jean-Daniel Lafond: Agir avec les arts pour le changement social L\u2019objectif de cette [&hellip;]","og_url":"https:\/\/fmjf.stagingservers.net\/fr\/nos-programmes\/bursaries\/","og_site_name":"Fondation Micha\u00eblle Jean Foundation","article_modified_time":"2020-09-28T01:11:44+00:00","og_image":[{"url":"https:\/\/fmjf.stagingservers.net\/wp-content\/uploads\/2020\/08\/michaelle1.jpg","type":"","width":"","height":""}],"twitter_card":"summary_large_image","twitter_misc":{"Dur\u00e9e de lecture estim\u00e9e":"1 minute"},"schema":{"@context":"https:\/\/schema.org","@graph":[{"@type":"WebPage","@id":"https:\/\/fmjf.stagingservers.net\/fr\/nos-programmes\/bursaries\/","url":"https:\/\/fmjf.stagingservers.net\/fr\/nos-programmes\/bursaries\/","name":"Bourses - Fondation Micha\u00eblle Jean Foundation","isPartOf":{"@id":"https:\/\/fmjf.stagingservers.net\/fr\/#website"},"primaryImageOfPage":{"@id":"https:\/\/fmjf.stagingservers.net\/fr\/nos-programmes\/bursaries\/#primaryimage"},"image":{"@id":"https:\/\/fmjf.stagingservers.net\/fr\/nos-programmes\/bursaries\/#primaryimage"},"thumbnailUrl":"https:\/\/fmjf.stagingservers.net\/wp-content\/uploads\/2020\/08\/michaelle1.jpg","datePublished":"2020-08-23T23:42:33+00:00","dateModified":"2020-09-28T01:11:44+00:00","breadcrumb":{"@id":"https:\/\/fmjf.stagingservers.net\/fr\/nos-programmes\/bursaries\/#breadcrumb"},"inLanguage":"fr-FR","potentialAction":[{"@type":"ReadAction","target":["https:\/\/fmjf.stagingservers.net\/fr\/nos-programmes\/bursaries\/"]}]},{"@type":"ImageObject","inLanguage":"fr-FR","@id":"https:\/\/fmjf.stagingservers.net\/fr\/nos-programmes\/bursaries\/#primaryimage","url":"https:\/\/fmjf.stagingservers.net\/wp-content\/uploads\/2020\/08\/michaelle1.jpg","contentUrl":"https:\/\/fmjf.stagingservers.net\/wp-content\/uploads\/2020\/08\/michaelle1.jpg"},{"@type":"BreadcrumbList","@id":"https:\/\/fmjf.stagingservers.net\/fr\/nos-programmes\/bursaries\/#breadcrumb","itemListElement":[{"@type":"ListItem","position":1,"name":"Home","item":"https:\/\/fmjf.stagingservers.net\/fr\/"},{"@type":"ListItem","position":2,"name":"Nos Programmes","item":"https:\/\/fmjf.stagingservers.net\/fr\/nos-programmes\/"},{"@type":"ListItem","position":3,"name":"Bourses"}]},{"@type":"WebSite","@id":"https:\/\/fmjf.stagingservers.net\/fr\/#website","url":"https:\/\/fmjf.stagingservers.net\/fr\/","name":"Fondation Micha\u00eblle Jean Foundation","description":"Les jeunes sont l\u2019une des ressources les plus pr\u00e9cieuses du Canada, affirment les confondateurs et copr\u00e9sidents. Lorsqu\u2019on leur en donne l\u2019occasion, ils r\u00e9ussissent \u00e0 exprimer leurs id\u00e9es, leur cr\u00e9ativit\u00e9 et leur capacit\u00e9 \u00e0 innover, qui toutes ont le pouvoir de transformer notre soci\u00e9t\u00e9.","publisher":{"@id":"https:\/\/fmjf.stagingservers.net\/fr\/#organization"},"potentialAction":[{"@type":"SearchAction","target":{"@type":"EntryPoint","urlTemplate":"https:\/\/fmjf.stagingservers.net\/fr\/?s={search_term_string}"},"query-input":{"@type":"PropertyValueSpecification","valueRequired":true,"valueName":"search_term_string"}}],"inLanguage":"fr-FR"},{"@type":"Organization","@id":"https:\/\/fmjf.stagingservers.net\/fr\/#organization","name":"Fondation Micha\u00eblle Jean Foundation","url":"https:\/\/fmjf.stagingservers.net\/fr\/","logo":{"@type":"ImageObject","inLanguage":"fr-FR","@id":"https:\/\/fmjf.stagingservers.net\/fr\/#\/schema\/logo\/image\/","url":"https:\/\/fmjf.stagingservers.net\/wp-content\/uploads\/2020\/05\/Logo.png","contentUrl":"https:\/\/fmjf.stagingservers.net\/wp-content\/uploads\/2020\/05\/Logo.png","width":310,"height":96,"caption":"Fondation Micha\u00eblle Jean Foundation"},"image":{"@id":"https:\/\/fmjf.stagingservers.net\/fr\/#\/schema\/logo\/image\/"}}]}},"_links":{"self":[{"href":"https:\/\/fmjf.stagingservers.net\/fr\/wp-json\/wp\/v2\/pages\/1496","targetHints":{"allow":["GET"]}}],"collection":[{"href":"https:\/\/fmjf.stagingservers.net\/fr\/wp-json\/wp\/v2\/pages"}],"about":[{"href":"https:\/\/fmjf.stagingservers.net\/fr\/wp-json\/wp\/v2\/types\/page"}],"author":[{"embeddable":true,"href":"https:\/\/fmjf.stagingservers.net\/fr\/wp-json\/wp\/v2\/users\/1"}],"replies":[{"embeddable":true,"href":"https:\/\/fmjf.stagingservers.net\/fr\/wp-json\/wp\/v2\/comments?post=1496"}],"version-history":[{"count":27,"href":"https:\/\/fmjf.stagingservers.net\/fr\/wp-json\/wp\/v2\/pages\/1496\/revisions"}],"predecessor-version":[{"id":3889,"href":"https:\/\/fmjf.stagingservers.net\/fr\/wp-json\/wp\/v2\/pages\/1496\/revisions\/3889"}],"up":[{"embeddable":true,"href":"https:\/\/fmjf.stagingservers.net\/fr\/wp-json\/wp\/v2\/pages\/1486"}],"wp:attachment":[{"href":"https:\/\/fmjf.stagingservers.net\/fr\/wp-json\/wp\/v2\/media?parent=1496"}],"curies":[{"name":"wp","href":"https:\/\/api.w.org\/{rel}","templated":true}]}}