{"id":1489,"date":"2020-09-04T08:00:39","date_gmt":"2020-09-04T08:00:39","guid":{"rendered":"https:\/\/fmjf.stagingservers.net\/?page_id=1489"},"modified":"2020-09-27T20:59:21","modified_gmt":"2020-09-28T00:59:21","slug":"le-4eme-mur-rendre-linvisible-visible","status":"publish","type":"page","link":"https:\/\/fmjf.stagingservers.net\/fr\/nos-programmes\/le-4eme-mur-rendre-linvisible-visible\/","title":{"rendered":"Le 4\u00e8me mur: rendre l'invisible visible"},"content":{"rendered":"\r\n\r\n\r\n\r\n\r\n<section class=\"fmjf_theme_image_caption  have_gif  alignfull hero_4th_wall\" style=\"background-image: url();\">\r\n\r\n  <div class=\"collorBg\" style=\"\">\r\n    <div class=\"wrapper ac_left text_dark columns_two\">\r\n\r\n     <div class=\"column\">      <div class=\"sub_title\">Nos Programmes<\/div>      <h1 class=\"title\">Le 4\u00e8me mur: rendre l&rsquo;invisible visible<\/h1>    <\/div><div class=\"column\">      <img decoding=\"async\" class = \"caption_img m0auto\" alt=\"Le 4\u00e8me mur: rendre l'invisible visible\" src=\"https:\/\/fmjf.stagingservers.net\/wp-content\/uploads\/2020\/09\/Gallery-the-4th.jpg\">      <img decoding=\"async\" class = \"caption_gif m0auto\" alt=\"Le 4\u00e8me mur: rendre l'invisible visible\" src=\"https:\/\/fmjf.stagingservers.net\/wp-content\/uploads\/2020\/09\/Gallery-the-4th.gif\">     <\/div> \r\n    <\/div>\r\n  <\/div>\r\n\r\n\r\n<\/section>\r\n\r\n\r\n\n\n\n<h2 class=\"has-text-align-left is-style-long-line is-style-long-line-yellow wp-block-heading\"><strong>Faire tomber le mur de l\u2019indiff\u00e9rence pour impulser le changement<\/strong><\/h2>\n\n\n\n<div class=\"wp-block-group is-style-short-box\"><div class=\"wp-block-group__inner-container is-layout-flow wp-block-group-is-layout-flow\">\n<p>Notre programme&nbsp;phare&nbsp;<em>Le 4\u00e8me mur : rendre l\u2019invisible visible<\/em>&nbsp;offre aux jeunes cr\u00e9ateurs une plateforme nationale en&nbsp;les introduisant dans&nbsp;les principales institutions culturelles pour pr\u00e9senter leur travail.<\/p>\n\n\n\n<p>Tout comme le quatri\u00e8me mur imaginaire&nbsp;qui&nbsp;s\u00e9pare les acteurs de th\u00e9\u00e2tre du public, il existe un mur imaginaire qui emp\u00eache de nombreux jeunes&nbsp;en situation d\u2019exclusion&nbsp;de participer pleinement&nbsp;\u00e0&nbsp;la soci\u00e9t\u00e9. Nous pensons que leurs voix doivent&nbsp;\u00eatre entendues, leurs r\u00e9alit\u00e9s connues et prises en compte.<\/p>\n\n\n\n<p>Ce programme&nbsp;donne&nbsp;\u00e0&nbsp;des&nbsp;jeunes priv\u00e9s de leurs droits et&nbsp;\u00e0&nbsp;risque la possibilit\u00e9&nbsp;de s&rsquo;engager dans un processus artistique, de cr\u00e9er de mani\u00e8re engag\u00e9e&nbsp;et de pr\u00e9senter leur travail dans certains des&nbsp;plus grands&nbsp;mus\u00e9es&nbsp;du Canada&nbsp;qui sont&nbsp;partenaires de la Fondation Micha\u00eblle Jean Foundation.&nbsp;<\/p>\n\n\n\n<p>Ils disposent de trois mois pour cr\u00e9er, \u00e0 des fins de sensibilisation, une \u0153uvre d&rsquo;art sur un probl\u00e8me social qui les touche, ainsi que pour r\u00e9fl\u00e9chir et se pr\u00e9parer \u00e0 un \u00e9change avec le public. Ils sont accompagn\u00e9s tout au long du processus par des professionnels, ont acc\u00e8s aux ressources institutionnelles et sont suivis par un mentor.<\/p>\n\n\n\n<p>Une fois les&nbsp;\u0153uvres abouties, le mus\u00e9e installe l&rsquo;exposition et la Fondation Micha\u00eblle Jean&nbsp;Foundation&nbsp;accueille&nbsp;sur place&nbsp;un forum&nbsp;qui permet au public d\u2019entendre et d\u2019\u00e9changer avec ces jeunes.&nbsp;La communaut\u00e9&nbsp;est largement invit\u00e9e&nbsp;\u00e0&nbsp;y participer,&nbsp;\u00e9lus&nbsp;et&nbsp;d\u00e9cideurs, enseignants&nbsp;et formateurs,&nbsp;travailleurs sociaux, professionnels&nbsp;issusde diff\u00e9rents secteurs,&nbsp;pour un dialogue constructif autour du th\u00e8me choisi par l\u2019artiste.<\/p>\n\n\n\n<p>Donner aux jeunes une v\u00e9ritable plateforme pour s&rsquo;exprimer et partager leur perspective unique est une exp\u00e9rience transformatrice. Ils sont vus, entendus, inclus et valoris\u00e9s, ce que beaucoup d&rsquo;entre eux n&rsquo;ont jamais ni v\u00e9cu ni ressenti avant cela.<\/p>\n\n\n\n<p class=\"has-medium-font-size\"><br><\/p>\n<\/div><\/div>\n\n\n\n<h2 class=\"is-style-long-line-yellow wp-block-heading\"><strong>Rendre l&rsquo;invisible visible \u00e0 travers le Canada<\/strong><\/h2>\n\n\n\n<div class=\"wp-block-group is-style-short-box\"><div class=\"wp-block-group__inner-container is-layout-flow wp-block-group-is-layout-flow\">\n<ul class=\"wp-block-list\"><li><strong>Halifax<\/strong>, Nouvelle-\u00c9cosse. En partenariat avec le Mus\u00e9e des beaux-arts de la Nouvelle-\u00c9cosse et intitul\u00e9 Les Jeunes, les arts et la justice<\/li><li><strong>Toronto<\/strong>, Ontario. En partenariat avec le Mus\u00e9e des beaux-arts de l&rsquo;Ontario (AGO), intitul\u00e9 Exposition \u00c9raflures et m\u00e9langes, \u00e9galement un rassemblement de jeunes solidaires contre l\u2019homophobie, intitul\u00e9 Pas de murs entre nous dans le cadre de la Fiert\u00e9 mondiale.<\/li><li><strong>Montr\u00e9al<\/strong>, Qu\u00e9bec. En partenariat avec le Mus\u00e9e des beaux-arts de Montr\u00e9al, exposition de jeunes artistes noirs sur le th\u00e8me Exclusion<\/li><li><strong>Ville de Qu\u00e9bec<\/strong>, Qu\u00e9bec. En partenariat avec le Mus\u00e9e des civilisations, avec l&rsquo;\u00c9cole d&rsquo;architecture de l&rsquo;Universit\u00e9 Laval et le Centre de jeunesse Maison Dauphine, sur le th\u00e8me de l&rsquo;itin\u00e9rance, intitul\u00e9 J&rsquo;habite la ville.<\/li><li><strong>Montr\u00e9al<\/strong>, Qu\u00e9bec. En partenariat avec le Mus\u00e9e des beaux-arts de Montr\u00e9al, avec des jeunes des communaut\u00e9s musulmanes sur le th\u00e8me de l&rsquo;islamophobie, intitul\u00e9 Repousser la haine, promouvoir l&rsquo;inclusion.&nbsp;<\/li><li><strong>Ottawa<\/strong>, Ontario. En partenariat avec l\u2019Institut de la route de la soie, une&nbsp; &nbsp; pr\u00e9sentation de jeunes artistes et cin\u00e9astes musulmans sur le th\u00e8me de l&rsquo;islamophobie, intitul\u00e9e Vaincre la haine, faire avancer l&rsquo;inclusion<\/li><\/ul>\n<\/div><\/div>\n\n\n\n<h2 class=\"is-style-long-line-yellow wp-block-heading\">Expositions futures<\/h2>\n\n\n\n<div class=\"wp-block-group is-style-short-box\"><div class=\"wp-block-group__inner-container is-layout-flow wp-block-group-is-layout-flow\">\n<ul class=\"wp-block-list\"><li><strong>Winnipeg<\/strong>, Manitoba. En partenariat avec le Mus\u00e9e canadien des droits de la personne une exposition avec des jeunes autochtones du Manitoba sur le th\u00e8me V\u00e9rit\u00e9 et r\u00e9conciliation<\/li><li><strong>Vancouver<\/strong>, Colombie-Britannique. En partenariat avec la Vancouver Foundation. Une exposition avec les jeunes r\u00e9fugi\u00e9s. Lieu \u00e0 d\u00e9terminer.<\/li><\/ul>\n<\/div><\/div>\n\n\n\n<div class=\"wp-block-group is-style-short-box\"><div class=\"wp-block-group__inner-container is-layout-flow wp-block-group-is-layout-flow\">\n<div class=\"wp-block-media-text alignwide is-stacked-on-mobile is-vertically-aligned-top\" style=\"grid-template-columns:28% auto\"><figure class=\"wp-block-media-text__media\"><img decoding=\"async\" src=\"https:\/\/fmjf.stagingservers.net\/wp-content\/uploads\/2020\/08\/michaelle-jeanjpg-1.jpg\" alt=\"\" class=\"wp-image-1024 lazyload\"\/><\/figure><div class=\"wp-block-media-text__content\">\n<div class=\"wp-block-group\"><div class=\"wp-block-group__inner-container is-layout-flow wp-block-group-is-layout-flow\">\n<p class=\"has-large-font-size\">Aidez-nous \u00e0 offrir une plateforme aux jeunes qui utilisent les arts pour le changement social \u00e0 travers le Canada<\/p>\n<\/div><\/div>\n\n\n\n<hr class=\"wp-block-separator is-style-curve-blue\"\/>\n\n\n\n<div style=\"height:30px\" aria-hidden=\"true\" class=\"wp-block-spacer\"><\/div>\n\n\n\n<div class=\"wp-block-group\"><div class=\"wp-block-group__inner-container is-layout-flow wp-block-group-is-layout-flow\">\n<div class=\"wp-block-buttons alignleft is-wide is-layout-flex wp-block-buttons-is-layout-flex\">\n<div class=\"wp-block-button\"><a class=\"wp-block-button__link has-white-color has-blue-background-color has-text-color has-background no-border-radius\" href=\"https:\/\/www.jedonneenligne.org\/fmjf\/frm_detail.php?FrmUID=1\" target=\"_blank\" rel=\"noreferrer noopener\">Faites un don<\/a><\/div>\n\n\n\n<div class=\"wp-block-button\"><a class=\"wp-block-button__link has-white-color has-blue-background-color has-text-color has-background no-border-radius\" href=\"\/fr\/participez\/benevolat\/\">Devenez b\u00e9n\u00e9vole<\/a><\/div>\n<\/div>\n\n\n\n<p><\/p>\n<\/div><\/div>\n\n\n\n<p><\/p>\n<\/div><\/div>\n<\/div><\/div>\n\n\n\n<p><\/p>\n","protected":false},"excerpt":{"rendered":"<p>Faire tomber le mur de l\u2019indiff\u00e9rence pour impulser le changement Notre programme&nbsp;phare&nbsp;Le 4\u00e8me mur : rendre l\u2019invisible visible&nbsp;offre aux jeunes cr\u00e9ateurs une plateforme nationale en&nbsp;les introduisant dans&nbsp;les principales institutions culturelles pour pr\u00e9senter leur travail. Tout comme le quatri\u00e8me mur imaginaire&nbsp;qui&nbsp;s\u00e9pare les acteurs de th\u00e9\u00e2tre du public, il existe un mur imaginaire qui emp\u00eache de nombreux [&hellip;]<\/p>\n","protected":false},"author":1,"featured_media":0,"parent":1486,"menu_order":0,"comment_status":"closed","ping_status":"closed","template":"","meta":{"_acf_changed":false,"footnotes":""},"class_list":["post-1489","page","type-page","status-publish","hentry"],"acf":[],"yoast_head":"<!-- This site is optimized with the Yoast SEO plugin v27.5 - https:\/\/yoast.com\/product\/yoast-seo-wordpress\/ -->\n<title>Le 4\u00e8me mur: rendre l&#039;invisible visible - Fondation Micha\u00eblle Jean Foundation<\/title>\n<meta name=\"robots\" content=\"noindex, follow, max-snippet:-1, max-image-preview:large, max-video-preview:-1\" \/>\n<meta property=\"og:locale\" content=\"fr_FR\" \/>\n<meta property=\"og:type\" content=\"article\" \/>\n<meta property=\"og:title\" content=\"Le 4\u00e8me mur: rendre l&#039;invisible visible - Fondation Micha\u00eblle Jean Foundation\" \/>\n<meta property=\"og:description\" content=\"Faire tomber le mur de l\u2019indiff\u00e9rence pour impulser le changement Notre programme&nbsp;phare&nbsp;Le 4\u00e8me mur : rendre l\u2019invisible visible&nbsp;offre aux jeunes cr\u00e9ateurs une plateforme nationale en&nbsp;les introduisant dans&nbsp;les principales institutions culturelles pour pr\u00e9senter leur travail. Tout comme le quatri\u00e8me mur imaginaire&nbsp;qui&nbsp;s\u00e9pare les acteurs de th\u00e9\u00e2tre du public, il existe un mur imaginaire qui emp\u00eache de nombreux [&hellip;]\" \/>\n<meta property=\"og:url\" content=\"https:\/\/fmjf.stagingservers.net\/fr\/nos-programmes\/le-4eme-mur-rendre-linvisible-visible\/\" \/>\n<meta property=\"og:site_name\" content=\"Fondation Micha\u00eblle Jean Foundation\" \/>\n<meta property=\"article:modified_time\" content=\"2020-09-28T00:59:21+00:00\" \/>\n<meta property=\"og:image\" content=\"https:\/\/fmjf.stagingservers.net\/wp-content\/uploads\/2020\/08\/michaelle-jeanjpg-1.jpg\" \/>\n<meta name=\"twitter:card\" content=\"summary_large_image\" \/>\n<meta name=\"twitter:label1\" content=\"Dur\u00e9e de lecture estim\u00e9e\" \/>\n\t<meta name=\"twitter:data1\" content=\"3 minutes\" \/>\n<script type=\"application\/ld+json\" class=\"yoast-schema-graph\">{\"@context\":\"https:\\\/\\\/schema.org\",\"@graph\":[{\"@type\":\"WebPage\",\"@id\":\"https:\\\/\\\/fmjf.stagingservers.net\\\/fr\\\/nos-programmes\\\/le-4eme-mur-rendre-linvisible-visible\\\/\",\"url\":\"https:\\\/\\\/fmjf.stagingservers.net\\\/fr\\\/nos-programmes\\\/le-4eme-mur-rendre-linvisible-visible\\\/\",\"name\":\"Le 4\u00e8me mur: rendre l'invisible visible - Fondation Micha\u00eblle Jean Foundation\",\"isPartOf\":{\"@id\":\"https:\\\/\\\/fmjf.stagingservers.net\\\/fr\\\/#website\"},\"primaryImageOfPage\":{\"@id\":\"https:\\\/\\\/fmjf.stagingservers.net\\\/fr\\\/nos-programmes\\\/le-4eme-mur-rendre-linvisible-visible\\\/#primaryimage\"},\"image\":{\"@id\":\"https:\\\/\\\/fmjf.stagingservers.net\\\/fr\\\/nos-programmes\\\/le-4eme-mur-rendre-linvisible-visible\\\/#primaryimage\"},\"thumbnailUrl\":\"https:\\\/\\\/fmjf.stagingservers.net\\\/wp-content\\\/uploads\\\/2020\\\/08\\\/michaelle-jeanjpg-1.jpg\",\"datePublished\":\"2020-09-04T08:00:39+00:00\",\"dateModified\":\"2020-09-28T00:59:21+00:00\",\"breadcrumb\":{\"@id\":\"https:\\\/\\\/fmjf.stagingservers.net\\\/fr\\\/nos-programmes\\\/le-4eme-mur-rendre-linvisible-visible\\\/#breadcrumb\"},\"inLanguage\":\"fr-FR\",\"potentialAction\":[{\"@type\":\"ReadAction\",\"target\":[\"https:\\\/\\\/fmjf.stagingservers.net\\\/fr\\\/nos-programmes\\\/le-4eme-mur-rendre-linvisible-visible\\\/\"]}]},{\"@type\":\"ImageObject\",\"inLanguage\":\"fr-FR\",\"@id\":\"https:\\\/\\\/fmjf.stagingservers.net\\\/fr\\\/nos-programmes\\\/le-4eme-mur-rendre-linvisible-visible\\\/#primaryimage\",\"url\":\"https:\\\/\\\/fmjf.stagingservers.net\\\/wp-content\\\/uploads\\\/2020\\\/08\\\/michaelle-jeanjpg-1.jpg\",\"contentUrl\":\"https:\\\/\\\/fmjf.stagingservers.net\\\/wp-content\\\/uploads\\\/2020\\\/08\\\/michaelle-jeanjpg-1.jpg\"},{\"@type\":\"BreadcrumbList\",\"@id\":\"https:\\\/\\\/fmjf.stagingservers.net\\\/fr\\\/nos-programmes\\\/le-4eme-mur-rendre-linvisible-visible\\\/#breadcrumb\",\"itemListElement\":[{\"@type\":\"ListItem\",\"position\":1,\"name\":\"Home\",\"item\":\"https:\\\/\\\/fmjf.stagingservers.net\\\/fr\\\/\"},{\"@type\":\"ListItem\",\"position\":2,\"name\":\"Nos Programmes\",\"item\":\"https:\\\/\\\/fmjf.stagingservers.net\\\/fr\\\/nos-programmes\\\/\"},{\"@type\":\"ListItem\",\"position\":3,\"name\":\"Le 4\u00e8me mur: rendre l'invisible visible\"}]},{\"@type\":\"WebSite\",\"@id\":\"https:\\\/\\\/fmjf.stagingservers.net\\\/fr\\\/#website\",\"url\":\"https:\\\/\\\/fmjf.stagingservers.net\\\/fr\\\/\",\"name\":\"Fondation Micha\u00eblle Jean Foundation\",\"description\":\"Les jeunes sont l\u2019une des ressources les plus pr\u00e9cieuses du Canada, affirment les confondateurs et copr\u00e9sidents. Lorsqu\u2019on leur en donne l\u2019occasion, ils r\u00e9ussissent \u00e0 exprimer leurs id\u00e9es, leur cr\u00e9ativit\u00e9 et leur capacit\u00e9 \u00e0 innover, qui toutes ont le pouvoir de transformer notre soci\u00e9t\u00e9.\",\"publisher\":{\"@id\":\"https:\\\/\\\/fmjf.stagingservers.net\\\/fr\\\/#organization\"},\"potentialAction\":[{\"@type\":\"SearchAction\",\"target\":{\"@type\":\"EntryPoint\",\"urlTemplate\":\"https:\\\/\\\/fmjf.stagingservers.net\\\/fr\\\/?s={search_term_string}\"},\"query-input\":{\"@type\":\"PropertyValueSpecification\",\"valueRequired\":true,\"valueName\":\"search_term_string\"}}],\"inLanguage\":\"fr-FR\"},{\"@type\":\"Organization\",\"@id\":\"https:\\\/\\\/fmjf.stagingservers.net\\\/fr\\\/#organization\",\"name\":\"Fondation Micha\u00eblle Jean Foundation\",\"url\":\"https:\\\/\\\/fmjf.stagingservers.net\\\/fr\\\/\",\"logo\":{\"@type\":\"ImageObject\",\"inLanguage\":\"fr-FR\",\"@id\":\"https:\\\/\\\/fmjf.stagingservers.net\\\/fr\\\/#\\\/schema\\\/logo\\\/image\\\/\",\"url\":\"https:\\\/\\\/fmjf.stagingservers.net\\\/wp-content\\\/uploads\\\/2020\\\/05\\\/Logo.png\",\"contentUrl\":\"https:\\\/\\\/fmjf.stagingservers.net\\\/wp-content\\\/uploads\\\/2020\\\/05\\\/Logo.png\",\"width\":310,\"height\":96,\"caption\":\"Fondation Micha\u00eblle Jean Foundation\"},\"image\":{\"@id\":\"https:\\\/\\\/fmjf.stagingservers.net\\\/fr\\\/#\\\/schema\\\/logo\\\/image\\\/\"}}]}<\/script>\n<!-- \/ Yoast SEO plugin. -->","yoast_head_json":{"title":"Le 4\u00e8me mur: rendre l'invisible visible - Fondation Micha\u00eblle Jean Foundation","robots":{"index":"noindex","follow":"follow","max-snippet":"max-snippet:-1","max-image-preview":"max-image-preview:large","max-video-preview":"max-video-preview:-1"},"og_locale":"fr_FR","og_type":"article","og_title":"Le 4\u00e8me mur: rendre l'invisible visible - Fondation Micha\u00eblle Jean Foundation","og_description":"Faire tomber le mur de l\u2019indiff\u00e9rence pour impulser le changement Notre programme&nbsp;phare&nbsp;Le 4\u00e8me mur : rendre l\u2019invisible visible&nbsp;offre aux jeunes cr\u00e9ateurs une plateforme nationale en&nbsp;les introduisant dans&nbsp;les principales institutions culturelles pour pr\u00e9senter leur travail. Tout comme le quatri\u00e8me mur imaginaire&nbsp;qui&nbsp;s\u00e9pare les acteurs de th\u00e9\u00e2tre du public, il existe un mur imaginaire qui emp\u00eache de nombreux [&hellip;]","og_url":"https:\/\/fmjf.stagingservers.net\/fr\/nos-programmes\/le-4eme-mur-rendre-linvisible-visible\/","og_site_name":"Fondation Micha\u00eblle Jean Foundation","article_modified_time":"2020-09-28T00:59:21+00:00","og_image":[{"url":"https:\/\/fmjf.stagingservers.net\/wp-content\/uploads\/2020\/08\/michaelle-jeanjpg-1.jpg","type":"","width":"","height":""}],"twitter_card":"summary_large_image","twitter_misc":{"Dur\u00e9e de lecture estim\u00e9e":"3 minutes"},"schema":{"@context":"https:\/\/schema.org","@graph":[{"@type":"WebPage","@id":"https:\/\/fmjf.stagingservers.net\/fr\/nos-programmes\/le-4eme-mur-rendre-linvisible-visible\/","url":"https:\/\/fmjf.stagingservers.net\/fr\/nos-programmes\/le-4eme-mur-rendre-linvisible-visible\/","name":"Le 4\u00e8me mur: rendre l'invisible visible - Fondation Micha\u00eblle Jean Foundation","isPartOf":{"@id":"https:\/\/fmjf.stagingservers.net\/fr\/#website"},"primaryImageOfPage":{"@id":"https:\/\/fmjf.stagingservers.net\/fr\/nos-programmes\/le-4eme-mur-rendre-linvisible-visible\/#primaryimage"},"image":{"@id":"https:\/\/fmjf.stagingservers.net\/fr\/nos-programmes\/le-4eme-mur-rendre-linvisible-visible\/#primaryimage"},"thumbnailUrl":"https:\/\/fmjf.stagingservers.net\/wp-content\/uploads\/2020\/08\/michaelle-jeanjpg-1.jpg","datePublished":"2020-09-04T08:00:39+00:00","dateModified":"2020-09-28T00:59:21+00:00","breadcrumb":{"@id":"https:\/\/fmjf.stagingservers.net\/fr\/nos-programmes\/le-4eme-mur-rendre-linvisible-visible\/#breadcrumb"},"inLanguage":"fr-FR","potentialAction":[{"@type":"ReadAction","target":["https:\/\/fmjf.stagingservers.net\/fr\/nos-programmes\/le-4eme-mur-rendre-linvisible-visible\/"]}]},{"@type":"ImageObject","inLanguage":"fr-FR","@id":"https:\/\/fmjf.stagingservers.net\/fr\/nos-programmes\/le-4eme-mur-rendre-linvisible-visible\/#primaryimage","url":"https:\/\/fmjf.stagingservers.net\/wp-content\/uploads\/2020\/08\/michaelle-jeanjpg-1.jpg","contentUrl":"https:\/\/fmjf.stagingservers.net\/wp-content\/uploads\/2020\/08\/michaelle-jeanjpg-1.jpg"},{"@type":"BreadcrumbList","@id":"https:\/\/fmjf.stagingservers.net\/fr\/nos-programmes\/le-4eme-mur-rendre-linvisible-visible\/#breadcrumb","itemListElement":[{"@type":"ListItem","position":1,"name":"Home","item":"https:\/\/fmjf.stagingservers.net\/fr\/"},{"@type":"ListItem","position":2,"name":"Nos Programmes","item":"https:\/\/fmjf.stagingservers.net\/fr\/nos-programmes\/"},{"@type":"ListItem","position":3,"name":"Le 4\u00e8me mur: rendre l'invisible visible"}]},{"@type":"WebSite","@id":"https:\/\/fmjf.stagingservers.net\/fr\/#website","url":"https:\/\/fmjf.stagingservers.net\/fr\/","name":"Fondation Micha\u00eblle Jean Foundation","description":"Les jeunes sont l\u2019une des ressources les plus pr\u00e9cieuses du Canada, affirment les confondateurs et copr\u00e9sidents. Lorsqu\u2019on leur en donne l\u2019occasion, ils r\u00e9ussissent \u00e0 exprimer leurs id\u00e9es, leur cr\u00e9ativit\u00e9 et leur capacit\u00e9 \u00e0 innover, qui toutes ont le pouvoir de transformer notre soci\u00e9t\u00e9.","publisher":{"@id":"https:\/\/fmjf.stagingservers.net\/fr\/#organization"},"potentialAction":[{"@type":"SearchAction","target":{"@type":"EntryPoint","urlTemplate":"https:\/\/fmjf.stagingservers.net\/fr\/?s={search_term_string}"},"query-input":{"@type":"PropertyValueSpecification","valueRequired":true,"valueName":"search_term_string"}}],"inLanguage":"fr-FR"},{"@type":"Organization","@id":"https:\/\/fmjf.stagingservers.net\/fr\/#organization","name":"Fondation Micha\u00eblle Jean Foundation","url":"https:\/\/fmjf.stagingservers.net\/fr\/","logo":{"@type":"ImageObject","inLanguage":"fr-FR","@id":"https:\/\/fmjf.stagingservers.net\/fr\/#\/schema\/logo\/image\/","url":"https:\/\/fmjf.stagingservers.net\/wp-content\/uploads\/2020\/05\/Logo.png","contentUrl":"https:\/\/fmjf.stagingservers.net\/wp-content\/uploads\/2020\/05\/Logo.png","width":310,"height":96,"caption":"Fondation Micha\u00eblle Jean Foundation"},"image":{"@id":"https:\/\/fmjf.stagingservers.net\/fr\/#\/schema\/logo\/image\/"}}]}},"_links":{"self":[{"href":"https:\/\/fmjf.stagingservers.net\/fr\/wp-json\/wp\/v2\/pages\/1489","targetHints":{"allow":["GET"]}}],"collection":[{"href":"https:\/\/fmjf.stagingservers.net\/fr\/wp-json\/wp\/v2\/pages"}],"about":[{"href":"https:\/\/fmjf.stagingservers.net\/fr\/wp-json\/wp\/v2\/types\/page"}],"author":[{"embeddable":true,"href":"https:\/\/fmjf.stagingservers.net\/fr\/wp-json\/wp\/v2\/users\/1"}],"replies":[{"embeddable":true,"href":"https:\/\/fmjf.stagingservers.net\/fr\/wp-json\/wp\/v2\/comments?post=1489"}],"version-history":[{"count":18,"href":"https:\/\/fmjf.stagingservers.net\/fr\/wp-json\/wp\/v2\/pages\/1489\/revisions"}],"predecessor-version":[{"id":3882,"href":"https:\/\/fmjf.stagingservers.net\/fr\/wp-json\/wp\/v2\/pages\/1489\/revisions\/3882"}],"up":[{"embeddable":true,"href":"https:\/\/fmjf.stagingservers.net\/fr\/wp-json\/wp\/v2\/pages\/1486"}],"wp:attachment":[{"href":"https:\/\/fmjf.stagingservers.net\/fr\/wp-json\/wp\/v2\/media?parent=1489"}],"curies":[{"name":"wp","href":"https:\/\/api.w.org\/{rel}","templated":true}]}}