{"id":1486,"date":"2020-09-04T07:55:02","date_gmt":"2020-09-04T07:55:02","guid":{"rendered":"https:\/\/fmjf.stagingservers.net\/?page_id=1486"},"modified":"2020-09-24T11:19:30","modified_gmt":"2020-09-24T15:19:30","slug":"nos-programmes","status":"publish","type":"page","link":"https:\/\/fmjf.stagingservers.net\/fr\/nos-programmes\/","title":{"rendered":"Nos Programmes"},"content":{"rendered":"\r\n\r\n\r\n\r\n\r\n<section class=\"fmjf_theme_image_caption   hasImgBg alignfull \" style=\"background-image: url(https:\/\/fmjf.stagingservers.net\/wp-content\/uploads\/2020\/09\/dino-demopoulos-nXzKDAhOo2c-unsplash-scaled.jpg);\">\r\n\r\n  <div class=\"collorBg\" style=\"background-color: rgba(2,2,2,0.4);\">\r\n    <div class=\"wrapper ac_left text_light columns_two\">\r\n\r\n     <div class=\"column\">            <h1 class=\"title\">Nos Programmes<\/h1>    <\/div><div class=\"column\">                 <\/div> \r\n    <\/div>\r\n  <\/div>\r\n\r\n\r\n<\/section>\r\n\r\n\r\n\n\n\n<h2 class=\"wp-block-heading\"><strong>Le pouvoir des arts pour contrer l&rsquo;exclusion<\/strong><\/h2>\n\n\n\n<div class=\"wp-block-group is-style-extra-short-box\"><div class=\"wp-block-group__inner-container is-layout-flow wp-block-group-is-layout-flow\">\n<p>La Fondation Micha\u00eblle Jean Foundation permet \u00e0 de jeunes Canadiens issus de milieux d\u00e9favoris\u00e9s d&rsquo;utiliser leur cr\u00e9ativit\u00e9 pour transformer et revitaliser leur propre communaut\u00e9. Notre mod\u00e8le unique est fond\u00e9 sur l&rsquo;utilisation du pouvoir des arts afin de susciter des mouvements sociaux qui amorcent des solutions durables et cr\u00e9ent un v\u00e9ritable changement.<\/p>\n\n\n\n<div style=\"height:40px\" aria-hidden=\"true\" class=\"wp-block-spacer\"><\/div>\n\n\n\r\n\r\n\r\n<section class=\"fmjf_theme_ico_text_spot  \">\r\n\r\n  <div class=\"fmjf_theme_ico_text_wrap direction-row   align-top  columnIndex_3 \">\r\n\r\n            <div class=\"icon_item\">\r\n\r\n          <div class=\"icon\">\r\n            <div class=\"text_icon\"><\/div>\r\n\r\n                          <img loading=\"lazy\" decoding=\"async\" class=\"background_icon lazyload\" width=\"320\" height=\"328\" src=\"https:\/\/fmjf.stagingservers.net\/wp-content\/uploads\/2020\/05\/The-4th-Wall-Make-the-Invisible-Visible.png\" alt=\"4\u00c8ME MUR : RENDRE L\u2019INVISIBLE VISIBLE \">\r\n                                      <img loading=\"lazy\" decoding=\"async\" class=\"background_icon_gif lazyload\" width=\"500\" height=\"500\" src=\"https:\/\/fmjf.stagingservers.net\/wp-content\/uploads\/2020\/09\/Gallery-the-4th.gif\" alt=\"4\u00c8ME MUR : RENDRE L\u2019INVISIBLE VISIBLE \">\r\n            \r\n          <\/div>\r\n          <div class=\"text\">\r\n            <div class=\"smallTitle\">4\u00c8ME MUR : RENDRE L\u2019INVISIBLE VISIBLE<\/div>\r\n                          <a href=\"https:\/\/fmjf.stagingservers.net\/fr\/nos-programmes\/le-4eme-mur-rendre-linvisible-visible\/\" target=\"_self\">Pour en savoir davantage <span class=\"screen-reader-text\">4\u00c8ME MUR : RENDRE L\u2019INVISIBLE VISIBLE<\/span><\/a>\r\n            \r\n          <\/div>\r\n\r\n\r\n\r\n        <\/div>\r\n            <div class=\"icon_item\">\r\n\r\n          <div class=\"icon\">\r\n            <div class=\"text_icon\"><\/div>\r\n\r\n                          <img loading=\"lazy\" decoding=\"async\" class=\"background_icon lazyload\" width=\"374\" height=\"306\" src=\"https:\/\/fmjf.stagingservers.net\/wp-content\/uploads\/2020\/05\/Power-of-the-Arts-National-Form.png\" alt=\"FORUM NATIONAL LE POUVOIR DES ARTS \">\r\n                                      <img loading=\"lazy\" decoding=\"async\" class=\"background_icon_gif lazyload\" width=\"500\" height=\"500\" src=\"https:\/\/fmjf.stagingservers.net\/wp-content\/uploads\/2020\/09\/Flag.gif\" alt=\"FORUM NATIONAL LE POUVOIR DES ARTS \">\r\n            \r\n          <\/div>\r\n          <div class=\"text\">\r\n            <div class=\"smallTitle\">FORUM NATIONAL LE POUVOIR DES ARTS<\/div>\r\n                          <a href=\"https:\/\/fmjf.stagingservers.net\/fr\/nos-programmes\/forum-national-sur-le-pouvoir-des-arts\/\" target=\"_self\">Pour en savoir davantage <span class=\"screen-reader-text\">FORUM NATIONAL LE POUVOIR DES ARTS<\/span><\/a>\r\n            \r\n          <\/div>\r\n\r\n\r\n\r\n        <\/div>\r\n            <div class=\"icon_item\">\r\n\r\n          <div class=\"icon\">\r\n            <div class=\"text_icon\"><\/div>\r\n\r\n                          <img loading=\"lazy\" decoding=\"async\" class=\"background_icon lazyload\" width=\"273\" height=\"276\" src=\"https:\/\/fmjf.stagingservers.net\/wp-content\/uploads\/2020\/08\/bursaries.jpg\" alt=\"BOURSES \">\r\n                                      <img loading=\"lazy\" decoding=\"async\" class=\"background_icon_gif lazyload\" width=\"400\" height=\"400\" src=\"https:\/\/fmjf.stagingservers.net\/wp-content\/uploads\/2020\/09\/MONEY.gif\" alt=\"BOURSES \">\r\n            \r\n          <\/div>\r\n          <div class=\"text\">\r\n            <div class=\"smallTitle\">BOURSES<\/div>\r\n                          <a href=\"https:\/\/fmjf.stagingservers.net\/fr\/nos-programmes\/bursaries\/\" target=\"_self\">Pour en savoir davantage <span class=\"screen-reader-text\">BOURSES<\/span><\/a>\r\n            \r\n          <\/div>\r\n\r\n\r\n\r\n        <\/div>\r\n    \r\n\r\n  <\/div>\r\n<\/section>\r\n<\/div><\/div>\n","protected":false},"excerpt":{"rendered":"<p>Le pouvoir des arts pour contrer l&rsquo;exclusion La Fondation Micha\u00eblle Jean Foundation permet \u00e0 de jeunes Canadiens issus de milieux d\u00e9favoris\u00e9s d&rsquo;utiliser leur cr\u00e9ativit\u00e9 pour transformer et revitaliser leur propre communaut\u00e9. Notre mod\u00e8le unique est fond\u00e9 sur l&rsquo;utilisation du pouvoir des arts afin de susciter des mouvements sociaux qui amorcent des solutions durables et cr\u00e9ent [&hellip;]<\/p>\n","protected":false},"author":1,"featured_media":0,"parent":0,"menu_order":0,"comment_status":"closed","ping_status":"closed","template":"","meta":{"_acf_changed":false,"footnotes":""},"class_list":["post-1486","page","type-page","status-publish","hentry"],"acf":[],"yoast_head":"<!-- This site is optimized with the Yoast SEO plugin v27.5 - https:\/\/yoast.com\/product\/yoast-seo-wordpress\/ -->\n<title>Nos Programmes - Fondation Micha\u00eblle Jean Foundation<\/title>\n<meta name=\"robots\" content=\"noindex, follow, max-snippet:-1, max-image-preview:large, max-video-preview:-1\" \/>\n<meta property=\"og:locale\" content=\"fr_FR\" \/>\n<meta property=\"og:type\" content=\"article\" \/>\n<meta property=\"og:title\" content=\"Nos Programmes - Fondation Micha\u00eblle Jean Foundation\" \/>\n<meta property=\"og:description\" content=\"Le pouvoir des arts pour contrer l&rsquo;exclusion La Fondation Micha\u00eblle Jean Foundation permet \u00e0 de jeunes Canadiens issus de milieux d\u00e9favoris\u00e9s d&rsquo;utiliser leur cr\u00e9ativit\u00e9 pour transformer et revitaliser leur propre communaut\u00e9. Notre mod\u00e8le unique est fond\u00e9 sur l&rsquo;utilisation du pouvoir des arts afin de susciter des mouvements sociaux qui amorcent des solutions durables et cr\u00e9ent [&hellip;]\" \/>\n<meta property=\"og:url\" content=\"https:\/\/fmjf.stagingservers.net\/fr\/nos-programmes\/\" \/>\n<meta property=\"og:site_name\" content=\"Fondation Micha\u00eblle Jean Foundation\" \/>\n<meta property=\"article:modified_time\" content=\"2020-09-24T15:19:30+00:00\" \/>\n<meta name=\"twitter:card\" content=\"summary_large_image\" \/>\n<script type=\"application\/ld+json\" class=\"yoast-schema-graph\">{\"@context\":\"https:\\\/\\\/schema.org\",\"@graph\":[{\"@type\":\"WebPage\",\"@id\":\"https:\\\/\\\/fmjf.stagingservers.net\\\/fr\\\/nos-programmes\\\/\",\"url\":\"https:\\\/\\\/fmjf.stagingservers.net\\\/fr\\\/nos-programmes\\\/\",\"name\":\"Nos Programmes - Fondation Micha\u00eblle Jean Foundation\",\"isPartOf\":{\"@id\":\"https:\\\/\\\/fmjf.stagingservers.net\\\/fr\\\/#website\"},\"datePublished\":\"2020-09-04T07:55:02+00:00\",\"dateModified\":\"2020-09-24T15:19:30+00:00\",\"breadcrumb\":{\"@id\":\"https:\\\/\\\/fmjf.stagingservers.net\\\/fr\\\/nos-programmes\\\/#breadcrumb\"},\"inLanguage\":\"fr-FR\",\"potentialAction\":[{\"@type\":\"ReadAction\",\"target\":[\"https:\\\/\\\/fmjf.stagingservers.net\\\/fr\\\/nos-programmes\\\/\"]}]},{\"@type\":\"BreadcrumbList\",\"@id\":\"https:\\\/\\\/fmjf.stagingservers.net\\\/fr\\\/nos-programmes\\\/#breadcrumb\",\"itemListElement\":[{\"@type\":\"ListItem\",\"position\":1,\"name\":\"Home\",\"item\":\"https:\\\/\\\/fmjf.stagingservers.net\\\/fr\\\/\"},{\"@type\":\"ListItem\",\"position\":2,\"name\":\"Nos Programmes\"}]},{\"@type\":\"WebSite\",\"@id\":\"https:\\\/\\\/fmjf.stagingservers.net\\\/fr\\\/#website\",\"url\":\"https:\\\/\\\/fmjf.stagingservers.net\\\/fr\\\/\",\"name\":\"Fondation Micha\u00eblle Jean Foundation\",\"description\":\"Les jeunes sont l\u2019une des ressources les plus pr\u00e9cieuses du Canada, affirment les confondateurs et copr\u00e9sidents. Lorsqu\u2019on leur en donne l\u2019occasion, ils r\u00e9ussissent \u00e0 exprimer leurs id\u00e9es, leur cr\u00e9ativit\u00e9 et leur capacit\u00e9 \u00e0 innover, qui toutes ont le pouvoir de transformer notre soci\u00e9t\u00e9.\",\"publisher\":{\"@id\":\"https:\\\/\\\/fmjf.stagingservers.net\\\/fr\\\/#organization\"},\"potentialAction\":[{\"@type\":\"SearchAction\",\"target\":{\"@type\":\"EntryPoint\",\"urlTemplate\":\"https:\\\/\\\/fmjf.stagingservers.net\\\/fr\\\/?s={search_term_string}\"},\"query-input\":{\"@type\":\"PropertyValueSpecification\",\"valueRequired\":true,\"valueName\":\"search_term_string\"}}],\"inLanguage\":\"fr-FR\"},{\"@type\":\"Organization\",\"@id\":\"https:\\\/\\\/fmjf.stagingservers.net\\\/fr\\\/#organization\",\"name\":\"Fondation Micha\u00eblle Jean Foundation\",\"url\":\"https:\\\/\\\/fmjf.stagingservers.net\\\/fr\\\/\",\"logo\":{\"@type\":\"ImageObject\",\"inLanguage\":\"fr-FR\",\"@id\":\"https:\\\/\\\/fmjf.stagingservers.net\\\/fr\\\/#\\\/schema\\\/logo\\\/image\\\/\",\"url\":\"https:\\\/\\\/fmjf.stagingservers.net\\\/wp-content\\\/uploads\\\/2020\\\/05\\\/Logo.png\",\"contentUrl\":\"https:\\\/\\\/fmjf.stagingservers.net\\\/wp-content\\\/uploads\\\/2020\\\/05\\\/Logo.png\",\"width\":310,\"height\":96,\"caption\":\"Fondation Micha\u00eblle Jean Foundation\"},\"image\":{\"@id\":\"https:\\\/\\\/fmjf.stagingservers.net\\\/fr\\\/#\\\/schema\\\/logo\\\/image\\\/\"}}]}<\/script>\n<!-- \/ Yoast SEO plugin. -->","yoast_head_json":{"title":"Nos Programmes - Fondation Micha\u00eblle Jean Foundation","robots":{"index":"noindex","follow":"follow","max-snippet":"max-snippet:-1","max-image-preview":"max-image-preview:large","max-video-preview":"max-video-preview:-1"},"og_locale":"fr_FR","og_type":"article","og_title":"Nos Programmes - Fondation Micha\u00eblle Jean Foundation","og_description":"Le pouvoir des arts pour contrer l&rsquo;exclusion La Fondation Micha\u00eblle Jean Foundation permet \u00e0 de jeunes Canadiens issus de milieux d\u00e9favoris\u00e9s d&rsquo;utiliser leur cr\u00e9ativit\u00e9 pour transformer et revitaliser leur propre communaut\u00e9. Notre mod\u00e8le unique est fond\u00e9 sur l&rsquo;utilisation du pouvoir des arts afin de susciter des mouvements sociaux qui amorcent des solutions durables et cr\u00e9ent [&hellip;]","og_url":"https:\/\/fmjf.stagingservers.net\/fr\/nos-programmes\/","og_site_name":"Fondation Micha\u00eblle Jean Foundation","article_modified_time":"2020-09-24T15:19:30+00:00","twitter_card":"summary_large_image","schema":{"@context":"https:\/\/schema.org","@graph":[{"@type":"WebPage","@id":"https:\/\/fmjf.stagingservers.net\/fr\/nos-programmes\/","url":"https:\/\/fmjf.stagingservers.net\/fr\/nos-programmes\/","name":"Nos Programmes - Fondation Micha\u00eblle Jean Foundation","isPartOf":{"@id":"https:\/\/fmjf.stagingservers.net\/fr\/#website"},"datePublished":"2020-09-04T07:55:02+00:00","dateModified":"2020-09-24T15:19:30+00:00","breadcrumb":{"@id":"https:\/\/fmjf.stagingservers.net\/fr\/nos-programmes\/#breadcrumb"},"inLanguage":"fr-FR","potentialAction":[{"@type":"ReadAction","target":["https:\/\/fmjf.stagingservers.net\/fr\/nos-programmes\/"]}]},{"@type":"BreadcrumbList","@id":"https:\/\/fmjf.stagingservers.net\/fr\/nos-programmes\/#breadcrumb","itemListElement":[{"@type":"ListItem","position":1,"name":"Home","item":"https:\/\/fmjf.stagingservers.net\/fr\/"},{"@type":"ListItem","position":2,"name":"Nos Programmes"}]},{"@type":"WebSite","@id":"https:\/\/fmjf.stagingservers.net\/fr\/#website","url":"https:\/\/fmjf.stagingservers.net\/fr\/","name":"Fondation Micha\u00eblle Jean Foundation","description":"Les jeunes sont l\u2019une des ressources les plus pr\u00e9cieuses du Canada, affirment les confondateurs et copr\u00e9sidents. Lorsqu\u2019on leur en donne l\u2019occasion, ils r\u00e9ussissent \u00e0 exprimer leurs id\u00e9es, leur cr\u00e9ativit\u00e9 et leur capacit\u00e9 \u00e0 innover, qui toutes ont le pouvoir de transformer notre soci\u00e9t\u00e9.","publisher":{"@id":"https:\/\/fmjf.stagingservers.net\/fr\/#organization"},"potentialAction":[{"@type":"SearchAction","target":{"@type":"EntryPoint","urlTemplate":"https:\/\/fmjf.stagingservers.net\/fr\/?s={search_term_string}"},"query-input":{"@type":"PropertyValueSpecification","valueRequired":true,"valueName":"search_term_string"}}],"inLanguage":"fr-FR"},{"@type":"Organization","@id":"https:\/\/fmjf.stagingservers.net\/fr\/#organization","name":"Fondation Micha\u00eblle Jean Foundation","url":"https:\/\/fmjf.stagingservers.net\/fr\/","logo":{"@type":"ImageObject","inLanguage":"fr-FR","@id":"https:\/\/fmjf.stagingservers.net\/fr\/#\/schema\/logo\/image\/","url":"https:\/\/fmjf.stagingservers.net\/wp-content\/uploads\/2020\/05\/Logo.png","contentUrl":"https:\/\/fmjf.stagingservers.net\/wp-content\/uploads\/2020\/05\/Logo.png","width":310,"height":96,"caption":"Fondation Micha\u00eblle Jean Foundation"},"image":{"@id":"https:\/\/fmjf.stagingservers.net\/fr\/#\/schema\/logo\/image\/"}}]}},"_links":{"self":[{"href":"https:\/\/fmjf.stagingservers.net\/fr\/wp-json\/wp\/v2\/pages\/1486","targetHints":{"allow":["GET"]}}],"collection":[{"href":"https:\/\/fmjf.stagingservers.net\/fr\/wp-json\/wp\/v2\/pages"}],"about":[{"href":"https:\/\/fmjf.stagingservers.net\/fr\/wp-json\/wp\/v2\/types\/page"}],"author":[{"embeddable":true,"href":"https:\/\/fmjf.stagingservers.net\/fr\/wp-json\/wp\/v2\/users\/1"}],"replies":[{"embeddable":true,"href":"https:\/\/fmjf.stagingservers.net\/fr\/wp-json\/wp\/v2\/comments?post=1486"}],"version-history":[{"count":24,"href":"https:\/\/fmjf.stagingservers.net\/fr\/wp-json\/wp\/v2\/pages\/1486\/revisions"}],"predecessor-version":[{"id":3530,"href":"https:\/\/fmjf.stagingservers.net\/fr\/wp-json\/wp\/v2\/pages\/1486\/revisions\/3530"}],"wp:attachment":[{"href":"https:\/\/fmjf.stagingservers.net\/fr\/wp-json\/wp\/v2\/media?parent=1486"}],"curies":[{"name":"wp","href":"https:\/\/api.w.org\/{rel}","templated":true}]}}