{"id":1481,"date":"2020-08-30T13:50:40","date_gmt":"2020-08-30T13:50:40","guid":{"rendered":"https:\/\/fmjf.stagingservers.net\/?page_id=1481"},"modified":"2020-09-22T16:03:13","modified_gmt":"2020-09-22T20:03:13","slug":"notre-ame","status":"publish","type":"page","link":"https:\/\/fmjf.stagingservers.net\/fr\/a-propos-de-nous\/notre-ame\/","title":{"rendered":"Notre philosophie"},"content":{"rendered":"\r\n\r\n\r\n\r\n\r\n<section class=\"fmjf_theme_image_caption   hasImgBg alignfull \" style=\"background-image: url(https:\/\/fmjf.stagingservers.net\/wp-content\/uploads\/2020\/09\/IMG_0333.jpg);\">\r\n\r\n  <div class=\"collorBg\" style=\"\">\r\n    <div class=\"wrapper ac_left text_light columns_one\">\r\n\r\n                <h1 class=\"title\">Notre philosophie<\/h1>                    \r\n    <\/div>\r\n  <\/div>\r\n\r\n\r\n<\/section>\r\n\r\n\r\n\n\n\n<div class=\"wp-block-group\"><div class=\"wp-block-group__inner-container is-layout-flow wp-block-group-is-layout-flow\">\n<div class=\"wp-block-media-text has-media-on-the-right is-stacked-on-mobile is-spot is-style-spot-red\" style=\"grid-template-columns:auto 23%\"><figure class=\"wp-block-media-text__media\"><img loading=\"lazy\" decoding=\"async\" width=\"683\" height=\"1024\" src=\"https:\/\/fmjf.stagingservers.net\/wp-content\/uploads\/2020\/09\/priscilla-du-preez-8aj1Pl2LddM-unsplash-683x1024.jpg\" alt=\"\" class=\"wp-image-2355 lazyload\" srcset=\"https:\/\/fmjf.stagingservers.net\/wp-content\/uploads\/2020\/09\/priscilla-du-preez-8aj1Pl2LddM-unsplash-683x1024.jpg 683w, https:\/\/fmjf.stagingservers.net\/wp-content\/uploads\/2020\/09\/priscilla-du-preez-8aj1Pl2LddM-unsplash-400x600.jpg 400w, https:\/\/fmjf.stagingservers.net\/wp-content\/uploads\/2020\/09\/priscilla-du-preez-8aj1Pl2LddM-unsplash-768x1152.jpg 768w, https:\/\/fmjf.stagingservers.net\/wp-content\/uploads\/2020\/09\/priscilla-du-preez-8aj1Pl2LddM-unsplash-1024x1536.jpg 1024w, https:\/\/fmjf.stagingservers.net\/wp-content\/uploads\/2020\/09\/priscilla-du-preez-8aj1Pl2LddM-unsplash-1365x2048.jpg 1365w, https:\/\/fmjf.stagingservers.net\/wp-content\/uploads\/2020\/09\/priscilla-du-preez-8aj1Pl2LddM-unsplash-scaled.jpg 1707w\" sizes=\"auto, (max-width: 683px) 100vw, 683px\" \/><\/figure><div class=\"wp-block-media-text__content\">\n<h3 class=\"wp-block-heading\"><strong>Notre vision<\/strong><\/h3>\n\n\n\n<h1 class=\"is-style-long-line-yellow wp-block-heading\">Des jeunes debout<\/h1>\n\n\n\n<p>Notre vision est un Canada o\u00f9&nbsp;les jeunes&nbsp;font entendre leurs voix,&nbsp;sont engag\u00e9s socialement&nbsp;et&nbsp;inclus dans leurs communaut\u00e9s.<\/p>\n\n\n\n<p>Nous reconnaissons le pouvoir de l&rsquo;art pour sensibiliser,&nbsp;rassembler, propulser le&nbsp;changement,&nbsp;aider&nbsp;\u00e0&nbsp;fa\u00e7onner&nbsp;et&nbsp;\u00e0&nbsp;mettre en&nbsp;\u0153uvre des solutions&nbsp;\u00e0&nbsp;des&nbsp;probl\u00e8mes sociaux&nbsp;tr\u00e8s affligeants. Nous soutenons des programmes et des initiatives qui&nbsp;offrent&nbsp;\u00e0&nbsp;des jeunes&nbsp;courageux une plate-forme pour amplifier leurs voix et pour agir. Nous croyons que les arts, la culture, les id\u00e9es cr\u00e9atives, les pratiques&nbsp;socialesinnovantes, le renforcement des comp\u00e9tences et l&rsquo;\u00e9ducation peuvent transformer la vie des jeunes&nbsp;en situation d\u2019exclusion&nbsp;et susciter un v\u00e9ritable leadership transformationnel.<\/p>\n<\/div><\/div>\n\n\n\n<p><\/p>\n<\/div><\/div>\n\n\n\n<div class=\"wp-block-group\"><div class=\"wp-block-group__inner-container is-layout-flow wp-block-group-is-layout-flow\">\n<div class=\"wp-block-media-text is-stacked-on-mobile is-spot is-style-spot-blue\" style=\"grid-template-columns:23% auto\"><figure class=\"wp-block-media-text__media\"><img loading=\"lazy\" decoding=\"async\" width=\"683\" height=\"1024\" src=\"https:\/\/fmjf.stagingservers.net\/wp-content\/uploads\/2020\/09\/logan-weaver-HPJw273Qmnw-unsplash-1-683x1024.jpg\" alt=\"\" class=\"wp-image-2357 lazyload\" srcset=\"https:\/\/fmjf.stagingservers.net\/wp-content\/uploads\/2020\/09\/logan-weaver-HPJw273Qmnw-unsplash-1-683x1024.jpg 683w, https:\/\/fmjf.stagingservers.net\/wp-content\/uploads\/2020\/09\/logan-weaver-HPJw273Qmnw-unsplash-1-400x600.jpg 400w, https:\/\/fmjf.stagingservers.net\/wp-content\/uploads\/2020\/09\/logan-weaver-HPJw273Qmnw-unsplash-1-768x1152.jpg 768w, https:\/\/fmjf.stagingservers.net\/wp-content\/uploads\/2020\/09\/logan-weaver-HPJw273Qmnw-unsplash-1-1024x1536.jpg 1024w, https:\/\/fmjf.stagingservers.net\/wp-content\/uploads\/2020\/09\/logan-weaver-HPJw273Qmnw-unsplash-1-1365x2048.jpg 1365w, https:\/\/fmjf.stagingservers.net\/wp-content\/uploads\/2020\/09\/logan-weaver-HPJw273Qmnw-unsplash-1-scaled.jpg 1707w\" sizes=\"auto, (max-width: 683px) 100vw, 683px\" \/><\/figure><div class=\"wp-block-media-text__content\">\n<h3 class=\"wp-block-heading\"><strong>Nos valeurs<\/strong><\/h3>\n\n\n\n<h1 class=\"is-style-long-line-yellow wp-block-heading\">Les jeunes engag\u00e9s dans la communaut\u00e9<\/h1>\n\n\n\n<p dir=\"ltr\">Notre approche unique est ax\u00e9e sur la cr\u00e9ation de liens de confiance et de collaboration solides entre les jeunes et leurs communaut\u00e9s. Ce qui guide nos actions sont ces quatre valeurs :<\/p>\n<ul>\n<li dir=\"ltr\" role=\"presentation\">Citoyennet\u00e9 active<\/li>\n<li dir=\"ltr\" role=\"presentation\">Innovation et cr\u00e9ativit\u00e9<\/li>\n<li dir=\"ltr\" role=\"presentation\">Dialogue, collaboration et inclusion<\/li>\n<li dir=\"ltr\" role=\"presentation\">Responsabilit\u00e9 sociale et collective<\/li>\n<\/ul>\n<\/div><\/div>\n\n\n\n<p><\/p>\n<\/div><\/div>\n\n\n\n<div class=\"wp-block-group\"><div class=\"wp-block-group__inner-container is-layout-flow wp-block-group-is-layout-flow\">\n<div class=\"wp-block-media-text has-media-on-the-right is-stacked-on-mobile is-spot is-style-spot-yellow\" style=\"grid-template-columns:auto 23%\"><figure class=\"wp-block-media-text__media\"><img loading=\"lazy\" decoding=\"async\" width=\"683\" height=\"1024\" src=\"https:\/\/fmjf.stagingservers.net\/wp-content\/uploads\/2020\/09\/soundtrap-1NAYqSlnXo8-unsplash-1-683x1024.jpg\" alt=\"\" class=\"wp-image-2367 lazyload\" srcset=\"https:\/\/fmjf.stagingservers.net\/wp-content\/uploads\/2020\/09\/soundtrap-1NAYqSlnXo8-unsplash-1-683x1024.jpg 683w, https:\/\/fmjf.stagingservers.net\/wp-content\/uploads\/2020\/09\/soundtrap-1NAYqSlnXo8-unsplash-1-400x600.jpg 400w, https:\/\/fmjf.stagingservers.net\/wp-content\/uploads\/2020\/09\/soundtrap-1NAYqSlnXo8-unsplash-1-768x1152.jpg 768w, https:\/\/fmjf.stagingservers.net\/wp-content\/uploads\/2020\/09\/soundtrap-1NAYqSlnXo8-unsplash-1-1024x1536.jpg 1024w, https:\/\/fmjf.stagingservers.net\/wp-content\/uploads\/2020\/09\/soundtrap-1NAYqSlnXo8-unsplash-1-1365x2048.jpg 1365w, https:\/\/fmjf.stagingservers.net\/wp-content\/uploads\/2020\/09\/soundtrap-1NAYqSlnXo8-unsplash-1-scaled.jpg 1707w\" sizes=\"auto, (max-width: 683px) 100vw, 683px\" \/><\/figure><div class=\"wp-block-media-text__content\">\n<h3 class=\"wp-block-heading\"><strong>Notre mission<\/strong><\/h3>\n\n\n\n<h1 class=\"is-style-long-line-yellow wp-block-heading\">Amplifier les voix des jeunes<\/h1>\n\n\n\n<p>Notre mission est d&rsquo;\u00eatre un catalyseur du changement social en cr\u00e9ant des programmes qui donnent aux jeunes une plateforme pour amplifier leur voix.<\/p>\n\n\n\n<p><strong>Nous encourageons<\/strong> le dialogue entre les jeunes marginalis\u00e9s et leurs communaut\u00e9s par le biais d&rsquo;initiatives artistiques qui favorisent des liens cr\u00e9atifs et constructifs. Nous encourageons les opportunit\u00e9s de mentorat, de collaboration, d&rsquo;entrepreneuriat, d&rsquo;innovation, de dialogue et de paix sociale.<\/p>\n\n\n\n<p><strong>Nous aidons <\/strong>les jeunes \u00e0 engager leurs communaut\u00e9s et \u00e0 \u00eatre des acteurs de changement. Nous soutenons leur cr\u00e9ativit\u00e9, leur sentiment d\u2019appartenance, le sens de l\u2019objectif \u00e0 atteindre ainsi que&nbsp; leur leadership transformateur.<\/p>\n\n\n\n<p><strong>Nous agissons<\/strong> en partenariat avec des jeunes en difficult\u00e9 qui ont besoin de savoir qu&rsquo;ils ne sont pas seuls et pour leur montrer qu\u2019ils&nbsp; font partie int\u00e9grante de la solution. Nous agissons pour promouvoir un \u00e9cosyst\u00e8me solidaire, dynamique, inclusif et accessible pour tous.<\/p>\n<\/div><\/div>\n\n\n\n<p><\/p>\n<\/div><\/div>\n","protected":false},"excerpt":{"rendered":"<p>Notre vision Des jeunes debout Notre vision est un Canada o\u00f9&nbsp;les jeunes&nbsp;font entendre leurs voix,&nbsp;sont engag\u00e9s socialement&nbsp;et&nbsp;inclus dans leurs communaut\u00e9s. Nous reconnaissons le pouvoir de l&rsquo;art pour sensibiliser,&nbsp;rassembler, propulser le&nbsp;changement,&nbsp;aider&nbsp;\u00e0&nbsp;fa\u00e7onner&nbsp;et&nbsp;\u00e0&nbsp;mettre en&nbsp;\u0153uvre des solutions&nbsp;\u00e0&nbsp;des&nbsp;probl\u00e8mes sociaux&nbsp;tr\u00e8s affligeants. Nous soutenons des programmes et des initiatives qui&nbsp;offrent&nbsp;\u00e0&nbsp;des jeunes&nbsp;courageux une plate-forme pour amplifier leurs voix et pour agir. Nous croyons [&hellip;]<\/p>\n","protected":false},"author":1,"featured_media":0,"parent":1406,"menu_order":0,"comment_status":"closed","ping_status":"closed","template":"","meta":{"_acf_changed":false,"footnotes":""},"class_list":["post-1481","page","type-page","status-publish","hentry"],"acf":[],"yoast_head":"<!-- This site is optimized with the Yoast SEO plugin v27.5 - https:\/\/yoast.com\/product\/yoast-seo-wordpress\/ -->\n<title>Notre philosophie - Fondation Micha\u00eblle Jean Foundation<\/title>\n<meta name=\"robots\" content=\"noindex, follow, max-snippet:-1, max-image-preview:large, max-video-preview:-1\" \/>\n<meta property=\"og:locale\" content=\"fr_FR\" \/>\n<meta property=\"og:type\" content=\"article\" \/>\n<meta property=\"og:title\" content=\"Notre philosophie - Fondation Micha\u00eblle Jean Foundation\" \/>\n<meta property=\"og:description\" content=\"Notre vision Des jeunes debout Notre vision est un Canada o\u00f9&nbsp;les jeunes&nbsp;font entendre leurs voix,&nbsp;sont engag\u00e9s socialement&nbsp;et&nbsp;inclus dans leurs communaut\u00e9s. Nous reconnaissons le pouvoir de l&rsquo;art pour sensibiliser,&nbsp;rassembler, propulser le&nbsp;changement,&nbsp;aider&nbsp;\u00e0&nbsp;fa\u00e7onner&nbsp;et&nbsp;\u00e0&nbsp;mettre en&nbsp;\u0153uvre des solutions&nbsp;\u00e0&nbsp;des&nbsp;probl\u00e8mes sociaux&nbsp;tr\u00e8s affligeants. Nous soutenons des programmes et des initiatives qui&nbsp;offrent&nbsp;\u00e0&nbsp;des jeunes&nbsp;courageux une plate-forme pour amplifier leurs voix et pour agir. Nous croyons [&hellip;]\" \/>\n<meta property=\"og:url\" content=\"https:\/\/fmjf.stagingservers.net\/fr\/a-propos-de-nous\/notre-ame\/\" \/>\n<meta property=\"og:site_name\" content=\"Fondation Micha\u00eblle Jean Foundation\" \/>\n<meta property=\"article:modified_time\" content=\"2020-09-22T20:03:13+00:00\" \/>\n<meta property=\"og:image\" content=\"https:\/\/fmjf.stagingservers.net\/wp-content\/uploads\/2020\/09\/priscilla-du-preez-8aj1Pl2LddM-unsplash-683x1024.jpg\" \/>\n<meta name=\"twitter:card\" content=\"summary_large_image\" \/>\n<meta name=\"twitter:label1\" content=\"Dur\u00e9e de lecture estim\u00e9e\" \/>\n\t<meta name=\"twitter:data1\" content=\"2 minutes\" \/>\n<script type=\"application\/ld+json\" class=\"yoast-schema-graph\">{\"@context\":\"https:\\\/\\\/schema.org\",\"@graph\":[{\"@type\":\"WebPage\",\"@id\":\"https:\\\/\\\/fmjf.stagingservers.net\\\/fr\\\/a-propos-de-nous\\\/notre-ame\\\/\",\"url\":\"https:\\\/\\\/fmjf.stagingservers.net\\\/fr\\\/a-propos-de-nous\\\/notre-ame\\\/\",\"name\":\"Notre philosophie - Fondation Micha\u00eblle Jean Foundation\",\"isPartOf\":{\"@id\":\"https:\\\/\\\/fmjf.stagingservers.net\\\/fr\\\/#website\"},\"primaryImageOfPage\":{\"@id\":\"https:\\\/\\\/fmjf.stagingservers.net\\\/fr\\\/a-propos-de-nous\\\/notre-ame\\\/#primaryimage\"},\"image\":{\"@id\":\"https:\\\/\\\/fmjf.stagingservers.net\\\/fr\\\/a-propos-de-nous\\\/notre-ame\\\/#primaryimage\"},\"thumbnailUrl\":\"https:\\\/\\\/fmjf.stagingservers.net\\\/wp-content\\\/uploads\\\/2020\\\/09\\\/priscilla-du-preez-8aj1Pl2LddM-unsplash-683x1024.jpg\",\"datePublished\":\"2020-08-30T13:50:40+00:00\",\"dateModified\":\"2020-09-22T20:03:13+00:00\",\"breadcrumb\":{\"@id\":\"https:\\\/\\\/fmjf.stagingservers.net\\\/fr\\\/a-propos-de-nous\\\/notre-ame\\\/#breadcrumb\"},\"inLanguage\":\"fr-FR\",\"potentialAction\":[{\"@type\":\"ReadAction\",\"target\":[\"https:\\\/\\\/fmjf.stagingservers.net\\\/fr\\\/a-propos-de-nous\\\/notre-ame\\\/\"]}]},{\"@type\":\"ImageObject\",\"inLanguage\":\"fr-FR\",\"@id\":\"https:\\\/\\\/fmjf.stagingservers.net\\\/fr\\\/a-propos-de-nous\\\/notre-ame\\\/#primaryimage\",\"url\":\"https:\\\/\\\/fmjf.stagingservers.net\\\/wp-content\\\/uploads\\\/2020\\\/09\\\/priscilla-du-preez-8aj1Pl2LddM-unsplash-683x1024.jpg\",\"contentUrl\":\"https:\\\/\\\/fmjf.stagingservers.net\\\/wp-content\\\/uploads\\\/2020\\\/09\\\/priscilla-du-preez-8aj1Pl2LddM-unsplash-683x1024.jpg\"},{\"@type\":\"BreadcrumbList\",\"@id\":\"https:\\\/\\\/fmjf.stagingservers.net\\\/fr\\\/a-propos-de-nous\\\/notre-ame\\\/#breadcrumb\",\"itemListElement\":[{\"@type\":\"ListItem\",\"position\":1,\"name\":\"Home\",\"item\":\"https:\\\/\\\/fmjf.stagingservers.net\\\/fr\\\/\"},{\"@type\":\"ListItem\",\"position\":2,\"name\":\"\u00c0 propos de nous\",\"item\":\"https:\\\/\\\/fmjf.stagingservers.net\\\/fr\\\/a-propos-de-nous\\\/\"},{\"@type\":\"ListItem\",\"position\":3,\"name\":\"Notre philosophie\"}]},{\"@type\":\"WebSite\",\"@id\":\"https:\\\/\\\/fmjf.stagingservers.net\\\/fr\\\/#website\",\"url\":\"https:\\\/\\\/fmjf.stagingservers.net\\\/fr\\\/\",\"name\":\"Fondation Micha\u00eblle Jean Foundation\",\"description\":\"Les jeunes sont l\u2019une des ressources les plus pr\u00e9cieuses du Canada, affirment les confondateurs et copr\u00e9sidents. Lorsqu\u2019on leur en donne l\u2019occasion, ils r\u00e9ussissent \u00e0 exprimer leurs id\u00e9es, leur cr\u00e9ativit\u00e9 et leur capacit\u00e9 \u00e0 innover, qui toutes ont le pouvoir de transformer notre soci\u00e9t\u00e9.\",\"publisher\":{\"@id\":\"https:\\\/\\\/fmjf.stagingservers.net\\\/fr\\\/#organization\"},\"potentialAction\":[{\"@type\":\"SearchAction\",\"target\":{\"@type\":\"EntryPoint\",\"urlTemplate\":\"https:\\\/\\\/fmjf.stagingservers.net\\\/fr\\\/?s={search_term_string}\"},\"query-input\":{\"@type\":\"PropertyValueSpecification\",\"valueRequired\":true,\"valueName\":\"search_term_string\"}}],\"inLanguage\":\"fr-FR\"},{\"@type\":\"Organization\",\"@id\":\"https:\\\/\\\/fmjf.stagingservers.net\\\/fr\\\/#organization\",\"name\":\"Fondation Micha\u00eblle Jean Foundation\",\"url\":\"https:\\\/\\\/fmjf.stagingservers.net\\\/fr\\\/\",\"logo\":{\"@type\":\"ImageObject\",\"inLanguage\":\"fr-FR\",\"@id\":\"https:\\\/\\\/fmjf.stagingservers.net\\\/fr\\\/#\\\/schema\\\/logo\\\/image\\\/\",\"url\":\"https:\\\/\\\/fmjf.stagingservers.net\\\/wp-content\\\/uploads\\\/2020\\\/05\\\/Logo.png\",\"contentUrl\":\"https:\\\/\\\/fmjf.stagingservers.net\\\/wp-content\\\/uploads\\\/2020\\\/05\\\/Logo.png\",\"width\":310,\"height\":96,\"caption\":\"Fondation Micha\u00eblle Jean Foundation\"},\"image\":{\"@id\":\"https:\\\/\\\/fmjf.stagingservers.net\\\/fr\\\/#\\\/schema\\\/logo\\\/image\\\/\"}}]}<\/script>\n<!-- \/ Yoast SEO plugin. -->","yoast_head_json":{"title":"Notre philosophie - Fondation Micha\u00eblle Jean Foundation","robots":{"index":"noindex","follow":"follow","max-snippet":"max-snippet:-1","max-image-preview":"max-image-preview:large","max-video-preview":"max-video-preview:-1"},"og_locale":"fr_FR","og_type":"article","og_title":"Notre philosophie - Fondation Micha\u00eblle Jean Foundation","og_description":"Notre vision Des jeunes debout Notre vision est un Canada o\u00f9&nbsp;les jeunes&nbsp;font entendre leurs voix,&nbsp;sont engag\u00e9s socialement&nbsp;et&nbsp;inclus dans leurs communaut\u00e9s. Nous reconnaissons le pouvoir de l&rsquo;art pour sensibiliser,&nbsp;rassembler, propulser le&nbsp;changement,&nbsp;aider&nbsp;\u00e0&nbsp;fa\u00e7onner&nbsp;et&nbsp;\u00e0&nbsp;mettre en&nbsp;\u0153uvre des solutions&nbsp;\u00e0&nbsp;des&nbsp;probl\u00e8mes sociaux&nbsp;tr\u00e8s affligeants. Nous soutenons des programmes et des initiatives qui&nbsp;offrent&nbsp;\u00e0&nbsp;des jeunes&nbsp;courageux une plate-forme pour amplifier leurs voix et pour agir. Nous croyons [&hellip;]","og_url":"https:\/\/fmjf.stagingservers.net\/fr\/a-propos-de-nous\/notre-ame\/","og_site_name":"Fondation Micha\u00eblle Jean Foundation","article_modified_time":"2020-09-22T20:03:13+00:00","og_image":[{"url":"https:\/\/fmjf.stagingservers.net\/wp-content\/uploads\/2020\/09\/priscilla-du-preez-8aj1Pl2LddM-unsplash-683x1024.jpg","type":"","width":"","height":""}],"twitter_card":"summary_large_image","twitter_misc":{"Dur\u00e9e de lecture estim\u00e9e":"2 minutes"},"schema":{"@context":"https:\/\/schema.org","@graph":[{"@type":"WebPage","@id":"https:\/\/fmjf.stagingservers.net\/fr\/a-propos-de-nous\/notre-ame\/","url":"https:\/\/fmjf.stagingservers.net\/fr\/a-propos-de-nous\/notre-ame\/","name":"Notre philosophie - Fondation Micha\u00eblle Jean Foundation","isPartOf":{"@id":"https:\/\/fmjf.stagingservers.net\/fr\/#website"},"primaryImageOfPage":{"@id":"https:\/\/fmjf.stagingservers.net\/fr\/a-propos-de-nous\/notre-ame\/#primaryimage"},"image":{"@id":"https:\/\/fmjf.stagingservers.net\/fr\/a-propos-de-nous\/notre-ame\/#primaryimage"},"thumbnailUrl":"https:\/\/fmjf.stagingservers.net\/wp-content\/uploads\/2020\/09\/priscilla-du-preez-8aj1Pl2LddM-unsplash-683x1024.jpg","datePublished":"2020-08-30T13:50:40+00:00","dateModified":"2020-09-22T20:03:13+00:00","breadcrumb":{"@id":"https:\/\/fmjf.stagingservers.net\/fr\/a-propos-de-nous\/notre-ame\/#breadcrumb"},"inLanguage":"fr-FR","potentialAction":[{"@type":"ReadAction","target":["https:\/\/fmjf.stagingservers.net\/fr\/a-propos-de-nous\/notre-ame\/"]}]},{"@type":"ImageObject","inLanguage":"fr-FR","@id":"https:\/\/fmjf.stagingservers.net\/fr\/a-propos-de-nous\/notre-ame\/#primaryimage","url":"https:\/\/fmjf.stagingservers.net\/wp-content\/uploads\/2020\/09\/priscilla-du-preez-8aj1Pl2LddM-unsplash-683x1024.jpg","contentUrl":"https:\/\/fmjf.stagingservers.net\/wp-content\/uploads\/2020\/09\/priscilla-du-preez-8aj1Pl2LddM-unsplash-683x1024.jpg"},{"@type":"BreadcrumbList","@id":"https:\/\/fmjf.stagingservers.net\/fr\/a-propos-de-nous\/notre-ame\/#breadcrumb","itemListElement":[{"@type":"ListItem","position":1,"name":"Home","item":"https:\/\/fmjf.stagingservers.net\/fr\/"},{"@type":"ListItem","position":2,"name":"\u00c0 propos de nous","item":"https:\/\/fmjf.stagingservers.net\/fr\/a-propos-de-nous\/"},{"@type":"ListItem","position":3,"name":"Notre philosophie"}]},{"@type":"WebSite","@id":"https:\/\/fmjf.stagingservers.net\/fr\/#website","url":"https:\/\/fmjf.stagingservers.net\/fr\/","name":"Fondation Micha\u00eblle Jean Foundation","description":"Les jeunes sont l\u2019une des ressources les plus pr\u00e9cieuses du Canada, affirment les confondateurs et copr\u00e9sidents. Lorsqu\u2019on leur en donne l\u2019occasion, ils r\u00e9ussissent \u00e0 exprimer leurs id\u00e9es, leur cr\u00e9ativit\u00e9 et leur capacit\u00e9 \u00e0 innover, qui toutes ont le pouvoir de transformer notre soci\u00e9t\u00e9.","publisher":{"@id":"https:\/\/fmjf.stagingservers.net\/fr\/#organization"},"potentialAction":[{"@type":"SearchAction","target":{"@type":"EntryPoint","urlTemplate":"https:\/\/fmjf.stagingservers.net\/fr\/?s={search_term_string}"},"query-input":{"@type":"PropertyValueSpecification","valueRequired":true,"valueName":"search_term_string"}}],"inLanguage":"fr-FR"},{"@type":"Organization","@id":"https:\/\/fmjf.stagingservers.net\/fr\/#organization","name":"Fondation Micha\u00eblle Jean Foundation","url":"https:\/\/fmjf.stagingservers.net\/fr\/","logo":{"@type":"ImageObject","inLanguage":"fr-FR","@id":"https:\/\/fmjf.stagingservers.net\/fr\/#\/schema\/logo\/image\/","url":"https:\/\/fmjf.stagingservers.net\/wp-content\/uploads\/2020\/05\/Logo.png","contentUrl":"https:\/\/fmjf.stagingservers.net\/wp-content\/uploads\/2020\/05\/Logo.png","width":310,"height":96,"caption":"Fondation Micha\u00eblle Jean Foundation"},"image":{"@id":"https:\/\/fmjf.stagingservers.net\/fr\/#\/schema\/logo\/image\/"}}]}},"_links":{"self":[{"href":"https:\/\/fmjf.stagingservers.net\/fr\/wp-json\/wp\/v2\/pages\/1481","targetHints":{"allow":["GET"]}}],"collection":[{"href":"https:\/\/fmjf.stagingservers.net\/fr\/wp-json\/wp\/v2\/pages"}],"about":[{"href":"https:\/\/fmjf.stagingservers.net\/fr\/wp-json\/wp\/v2\/types\/page"}],"author":[{"embeddable":true,"href":"https:\/\/fmjf.stagingservers.net\/fr\/wp-json\/wp\/v2\/users\/1"}],"replies":[{"embeddable":true,"href":"https:\/\/fmjf.stagingservers.net\/fr\/wp-json\/wp\/v2\/comments?post=1481"}],"version-history":[{"count":29,"href":"https:\/\/fmjf.stagingservers.net\/fr\/wp-json\/wp\/v2\/pages\/1481\/revisions"}],"predecessor-version":[{"id":3413,"href":"https:\/\/fmjf.stagingservers.net\/fr\/wp-json\/wp\/v2\/pages\/1481\/revisions\/3413"}],"up":[{"embeddable":true,"href":"https:\/\/fmjf.stagingservers.net\/fr\/wp-json\/wp\/v2\/pages\/1406"}],"wp:attachment":[{"href":"https:\/\/fmjf.stagingservers.net\/fr\/wp-json\/wp\/v2\/media?parent=1481"}],"curies":[{"name":"wp","href":"https:\/\/api.w.org\/{rel}","templated":true}]}}