{"id":1417,"date":"2020-05-18T11:12:54","date_gmt":"2020-05-18T11:12:54","guid":{"rendered":"https:\/\/fmjf.stagingservers.net\/about-us\/our-story\/"},"modified":"2020-09-29T18:27:11","modified_gmt":"2020-09-29T22:27:11","slug":"notre-histoire","status":"publish","type":"page","link":"https:\/\/fmjf.stagingservers.net\/fr\/a-propos-de-nous\/notre-histoire\/","title":{"rendered":"Notre histoire"},"content":{"rendered":"\r\n\r\n\r\n\r\n\r\n<section class=\"fmjf_theme_image_caption   hasImgBg alignfull \" style=\"background-image: url(https:\/\/fmjf.stagingservers.net\/wp-content\/uploads\/2020\/09\/CB4D75E7-8336-4E23-86F5-DA5AE19610C3.jpeg);\">\r\n\r\n  <div class=\"collorBg\" style=\"background-color: rgba(2,2,2,0.1);\">\r\n    <div class=\"wrapper ac_left text_light columns_one\">\r\n\r\n                <h1 class=\"title\">Notre histoire<\/h1>                    \r\n    <\/div>\r\n  <\/div>\r\n\r\n\r\n<\/section>\r\n\r\n\r\n\n\n\n<h2 class=\"has-text-align-left is-style-long-line is-style-long-line-blue wp-block-heading\">Une histoire en partage<\/h2>\n\n\n\n<div class=\"wp-block-group is-style-short-box\"><div class=\"wp-block-group__inner-container is-layout-flow wp-block-group-is-layout-flow\">\n<div class=\"wp-block-media-text is-stacked-on-mobile is-vertically-aligned-top\" style=\"grid-template-columns:29% auto\"><figure class=\"wp-block-media-text__media\"><img loading=\"lazy\" decoding=\"async\" width=\"480\" height=\"628\" src=\"https:\/\/fmjf.stagingservers.net\/wp-content\/uploads\/2020\/08\/our_story_ph1.png\" alt=\"\" class=\"wp-image-950 lazyload\" srcset=\"https:\/\/fmjf.stagingservers.net\/wp-content\/uploads\/2020\/08\/our_story_ph1.png 480w, https:\/\/fmjf.stagingservers.net\/wp-content\/uploads\/2020\/08\/our_story_ph1-459x600.png 459w\" sizes=\"auto, (max-width: 480px) 100vw, 480px\" \/><\/figure><div class=\"wp-block-media-text__content\">\n<p class=\"is-style-extra-short-box\">Par une froide nuit de f\u00e9vrier 1968, une petite Ha\u00eftienne d\u00e9couvre la neige pour la premi\u00e8re fois. Avec sa famille elle a r\u00e9ussi \u00e0 \u00e9chapper au r\u00e9gime dictatorial et extr\u00eamement brutal de Fran\u00e7ois Duvalier, la voici arriv\u00e9e au Canada avec le statut de r\u00e9fugi\u00e9e. Elle n\u2019a que 10 ans, et d\u00e9j\u00e0 commence pour cette enfant un v\u00e9ritable combat, elle doit se reconstruire en cette terre de glace et de neige qui lui est totalement \u00e9trang\u00e8re, mais o\u00f9 elle est appel\u00e9e \u00e0 plonger ses racines. Cette petite fille se nomme Micha\u00eblle Jean et elle sera, des ann\u00e9es plus tard, nomm\u00e9e \u00e0 l\u2019une des plus hautes fonctions politiques du pays, Gouverneure g\u00e9n\u00e9rale du Canada.   <\/p>\n\n\n\n<p class=\"is-style-extra-short-box\"><br>Micha\u00eblle Jean a appris d\u00e8s l\u2019enfance par l\u2019\u00e9ducation qu\u2019elle a re\u00e7ue que l\u2019indiff\u00e9rence ne pouvait d\u2019aucune fa\u00e7on \u00eatre une option dans la vie, que l\u2019on est responsable et capable de changer pour le mieux le cours des choses. Elle s\u2019engagera tout au long de son parcours sur ce principe. Que ce soit pour contribuer \u00e0 la cr\u00e9ation d\u2019un vaste r\u00e9seau de refuges d\u2019urgence pour les femmes victimes de violence \u00e0 travers le Qu\u00e9bec puis le reste du Canada, ou pour briser un plafond de verre en devenant la premi\u00e8re femme noire journaliste \u00e0 l\u2019information t\u00e9l\u00e9visuelle au Qu\u00e9bec, ou encore la Gouverneure g\u00e9n\u00e9rale qui fera entendre les voix des jeunes marginalis\u00e9s, son legs sera toujours d\u2019avoir port\u00e9 la cause des exclus et des plus d\u00e9munis.  <\/p>\n<\/div><\/div>\n\n\n\n<div style=\"height:100px\" aria-hidden=\"true\" class=\"wp-block-spacer\"><\/div>\n\n\n\n<div class=\"wp-block-media-text is-stacked-on-mobile is-vertically-aligned-top\" style=\"grid-template-columns:29% auto\"><figure class=\"wp-block-media-text__media\"><img loading=\"lazy\" decoding=\"async\" width=\"480\" height=\"628\" src=\"https:\/\/fmjf.stagingservers.net\/wp-content\/uploads\/2020\/08\/our_story_ph2.png\" alt=\"\" class=\"wp-image-953 lazyload\" srcset=\"https:\/\/fmjf.stagingservers.net\/wp-content\/uploads\/2020\/08\/our_story_ph2.png 480w, https:\/\/fmjf.stagingservers.net\/wp-content\/uploads\/2020\/08\/our_story_ph2-459x600.png 459w\" sizes=\"auto, (max-width: 480px) 100vw, 480px\" \/><\/figure><div class=\"wp-block-media-text__content\">\n<p>Jean-Daniel Lafond est n\u00e9 en 1944 durant la lib\u00e9ration de Paris de l\u2019occupation nazie. Son p\u00e8re a \u00e9t\u00e9 fait prisonnier par les Allemands, et ses parent ne seront r\u00e9unis qu\u2019en 1946. Toute son enfance a \u00e9t\u00e9 marqu\u00e9e par l\u2019urgence de reconstruire et surtout par la qu\u00eate du sens. Au lieu de laisser les circonstances le d\u00e9finir, il transcendera ces \u00e9preuves en s\u2019adonnant \u00e0 l\u2019une de ses grandes passions, le th\u00e9\u00e2tre, et en s\u2019engageant socialement sur des enjeux plan\u00e9taires. Les arts lui ont sauv\u00e9 la vie. \u00c0 l\u2019\u00e2ge de 23 ans, il enseigne d\u00e9j\u00e0 la philosophie, mais dans son c\u0153ur il fera toujours une tr\u00e8s grande place au th\u00e9\u00e2tre.     <\/p>\n\n\n\n<p><br>En 1979, Jean-Daniel Lafond d\u00e9cide de quitter la France pour s\u2019installer d\u00e9finitivement au Canada. \u00c9crivain et philosophe, il devient cin\u00e9aste documentariste, et cet art lui permet de raconter des histoires comme on ne les entend pas et de livrer un plaidoyer en faveur des libert\u00e9s dans le monde. Les arts, encore et toujours, lui ont sauv\u00e9 la vie. Et il s\u2019engage \u00e0 faire en sorte que de jeunes Canadiennes et Canadiens aient aussi la vie sauve par l\u2019art.   <\/p>\n<\/div><\/div>\n\n\n\n<div style=\"height:100px\" aria-hidden=\"true\" class=\"wp-block-spacer\"><\/div>\n\n\n\n<div class=\"wp-block-group\"><div class=\"wp-block-group__inner-container is-layout-flow wp-block-group-is-layout-flow\">\n<p>Nos fondateurs se reconnaissent dans l\u2019exp\u00e9rience d\u2019extr\u00eame fragilit\u00e9 et d\u2019exclusion des jeunes que notre fondation accompagne. Ils ont eu \u00e0 traverser des situations et des circonstances tr\u00e8s semblables \u00e0 celles que ces jeunes affrontent. Ils consacrent leur vie \u00e0 aider toute une jeunesse \u00e0 surmonter des \u00e9preuves et \u00e0 rena\u00eetre \u00e0 eux-m\u00eames \u00e0 travers les arts et l\u2019action citoyenne. La Fondation Micha\u00eblle Jean Foundation s\u2019inscrit tout simplement dans la continuit\u00e9 des causes que Micha\u00eblle Jean et Jean-Daniel Lafond ont su d\u00e9fendre tout au long de leur vie.   <\/p>\n<\/div><\/div>\n<\/div><\/div>\n\n\n\n<div class=\"wp-block-group is-style-extra-short-box\"><div class=\"wp-block-group__inner-container is-layout-flow wp-block-group-is-layout-flow\">\n<div style=\"height:20px\" aria-hidden=\"true\" class=\"wp-block-spacer\"><\/div>\n\n\n\n<p class=\"has-text-align-center has-large-font-size\">Aidez-nous \u00e0 inciter les jeunes artistes<br>\u00e0 cr\u00e9er un changement durable<\/p>\n\n\n\n<hr class=\"wp-block-separator is-style-curve-blue-center\"\/>\n\n\n\n<div class=\"wp-block-buttons aligncenter is-layout-flex wp-block-buttons-is-layout-flex\">\n<div class=\"wp-block-button is-style-fill\"><a class=\"wp-block-button__link has-blue-background-color has-background no-border-radius\" href=\"https:\/\/www.jedonneenligne.org\/fmjf\/frm_detail.php?FrmUID=1\" target=\"_blank\" rel=\"noreferrer noopener\">Faites un don<\/a><\/div>\n\n\n\n<div class=\"wp-block-button is-style-fill\"><a class=\"wp-block-button__link has-blue-background-color has-background no-border-radius\" href=\"\/fr\/participez\/benevolat\/\">Devenez b\u00e9n\u00e9vole<\/a><\/div>\n<\/div>\n<\/div><\/div>\n\n\n\n<div style=\"height:100px\" aria-hidden=\"true\" class=\"wp-block-spacer\"><\/div>\n\n\n\n<p><\/p>\n","protected":false},"excerpt":{"rendered":"<p>Une histoire en partage Par une froide nuit de f\u00e9vrier 1968, une petite Ha\u00eftienne d\u00e9couvre la neige pour la premi\u00e8re fois. Avec sa famille elle a r\u00e9ussi \u00e0 \u00e9chapper au r\u00e9gime dictatorial et extr\u00eamement brutal de Fran\u00e7ois Duvalier, la voici arriv\u00e9e au Canada avec le statut de r\u00e9fugi\u00e9e. Elle n\u2019a que 10 ans, et d\u00e9j\u00e0 [&hellip;]<\/p>\n","protected":false},"author":1,"featured_media":0,"parent":1406,"menu_order":0,"comment_status":"closed","ping_status":"closed","template":"","meta":{"_acf_changed":false,"footnotes":""},"class_list":["post-1417","page","type-page","status-publish","hentry"],"acf":[],"yoast_head":"<!-- This site is optimized with the Yoast SEO plugin v27.5 - https:\/\/yoast.com\/product\/yoast-seo-wordpress\/ -->\n<title>Notre histoire - Fondation Micha\u00eblle Jean Foundation<\/title>\n<meta name=\"robots\" content=\"noindex, follow, max-snippet:-1, max-image-preview:large, max-video-preview:-1\" \/>\n<meta property=\"og:locale\" content=\"fr_FR\" \/>\n<meta property=\"og:type\" content=\"article\" \/>\n<meta property=\"og:title\" content=\"Notre histoire - Fondation Micha\u00eblle Jean Foundation\" \/>\n<meta property=\"og:description\" content=\"Une histoire en partage Par une froide nuit de f\u00e9vrier 1968, une petite Ha\u00eftienne d\u00e9couvre la neige pour la premi\u00e8re fois. Avec sa famille elle a r\u00e9ussi \u00e0 \u00e9chapper au r\u00e9gime dictatorial et extr\u00eamement brutal de Fran\u00e7ois Duvalier, la voici arriv\u00e9e au Canada avec le statut de r\u00e9fugi\u00e9e. Elle n\u2019a que 10 ans, et d\u00e9j\u00e0 [&hellip;]\" \/>\n<meta property=\"og:url\" content=\"https:\/\/fmjf.stagingservers.net\/fr\/a-propos-de-nous\/notre-histoire\/\" \/>\n<meta property=\"og:site_name\" content=\"Fondation Micha\u00eblle Jean Foundation\" \/>\n<meta property=\"article:modified_time\" content=\"2020-09-29T22:27:11+00:00\" \/>\n<meta property=\"og:image\" content=\"https:\/\/fmjf.stagingservers.net\/wp-content\/uploads\/2020\/08\/our_story_ph1.png\" \/>\n<meta name=\"twitter:card\" content=\"summary_large_image\" \/>\n<meta name=\"twitter:label1\" content=\"Dur\u00e9e de lecture estim\u00e9e\" \/>\n\t<meta name=\"twitter:data1\" content=\"3 minutes\" \/>\n<script type=\"application\/ld+json\" class=\"yoast-schema-graph\">{\"@context\":\"https:\\\/\\\/schema.org\",\"@graph\":[{\"@type\":\"WebPage\",\"@id\":\"https:\\\/\\\/fmjf.stagingservers.net\\\/fr\\\/a-propos-de-nous\\\/notre-histoire\\\/\",\"url\":\"https:\\\/\\\/fmjf.stagingservers.net\\\/fr\\\/a-propos-de-nous\\\/notre-histoire\\\/\",\"name\":\"Notre histoire - Fondation Micha\u00eblle Jean Foundation\",\"isPartOf\":{\"@id\":\"https:\\\/\\\/fmjf.stagingservers.net\\\/fr\\\/#website\"},\"primaryImageOfPage\":{\"@id\":\"https:\\\/\\\/fmjf.stagingservers.net\\\/fr\\\/a-propos-de-nous\\\/notre-histoire\\\/#primaryimage\"},\"image\":{\"@id\":\"https:\\\/\\\/fmjf.stagingservers.net\\\/fr\\\/a-propos-de-nous\\\/notre-histoire\\\/#primaryimage\"},\"thumbnailUrl\":\"https:\\\/\\\/fmjf.stagingservers.net\\\/wp-content\\\/uploads\\\/2020\\\/08\\\/our_story_ph1.png\",\"datePublished\":\"2020-05-18T11:12:54+00:00\",\"dateModified\":\"2020-09-29T22:27:11+00:00\",\"breadcrumb\":{\"@id\":\"https:\\\/\\\/fmjf.stagingservers.net\\\/fr\\\/a-propos-de-nous\\\/notre-histoire\\\/#breadcrumb\"},\"inLanguage\":\"fr-FR\",\"potentialAction\":[{\"@type\":\"ReadAction\",\"target\":[\"https:\\\/\\\/fmjf.stagingservers.net\\\/fr\\\/a-propos-de-nous\\\/notre-histoire\\\/\"]}]},{\"@type\":\"ImageObject\",\"inLanguage\":\"fr-FR\",\"@id\":\"https:\\\/\\\/fmjf.stagingservers.net\\\/fr\\\/a-propos-de-nous\\\/notre-histoire\\\/#primaryimage\",\"url\":\"https:\\\/\\\/fmjf.stagingservers.net\\\/wp-content\\\/uploads\\\/2020\\\/08\\\/our_story_ph1.png\",\"contentUrl\":\"https:\\\/\\\/fmjf.stagingservers.net\\\/wp-content\\\/uploads\\\/2020\\\/08\\\/our_story_ph1.png\"},{\"@type\":\"BreadcrumbList\",\"@id\":\"https:\\\/\\\/fmjf.stagingservers.net\\\/fr\\\/a-propos-de-nous\\\/notre-histoire\\\/#breadcrumb\",\"itemListElement\":[{\"@type\":\"ListItem\",\"position\":1,\"name\":\"Home\",\"item\":\"https:\\\/\\\/fmjf.stagingservers.net\\\/fr\\\/\"},{\"@type\":\"ListItem\",\"position\":2,\"name\":\"\u00c0 propos de nous\",\"item\":\"https:\\\/\\\/fmjf.stagingservers.net\\\/fr\\\/a-propos-de-nous\\\/\"},{\"@type\":\"ListItem\",\"position\":3,\"name\":\"Notre histoire\"}]},{\"@type\":\"WebSite\",\"@id\":\"https:\\\/\\\/fmjf.stagingservers.net\\\/fr\\\/#website\",\"url\":\"https:\\\/\\\/fmjf.stagingservers.net\\\/fr\\\/\",\"name\":\"Fondation Micha\u00eblle Jean Foundation\",\"description\":\"Les jeunes sont l\u2019une des ressources les plus pr\u00e9cieuses du Canada, affirment les confondateurs et copr\u00e9sidents. Lorsqu\u2019on leur en donne l\u2019occasion, ils r\u00e9ussissent \u00e0 exprimer leurs id\u00e9es, leur cr\u00e9ativit\u00e9 et leur capacit\u00e9 \u00e0 innover, qui toutes ont le pouvoir de transformer notre soci\u00e9t\u00e9.\",\"publisher\":{\"@id\":\"https:\\\/\\\/fmjf.stagingservers.net\\\/fr\\\/#organization\"},\"potentialAction\":[{\"@type\":\"SearchAction\",\"target\":{\"@type\":\"EntryPoint\",\"urlTemplate\":\"https:\\\/\\\/fmjf.stagingservers.net\\\/fr\\\/?s={search_term_string}\"},\"query-input\":{\"@type\":\"PropertyValueSpecification\",\"valueRequired\":true,\"valueName\":\"search_term_string\"}}],\"inLanguage\":\"fr-FR\"},{\"@type\":\"Organization\",\"@id\":\"https:\\\/\\\/fmjf.stagingservers.net\\\/fr\\\/#organization\",\"name\":\"Fondation Micha\u00eblle Jean Foundation\",\"url\":\"https:\\\/\\\/fmjf.stagingservers.net\\\/fr\\\/\",\"logo\":{\"@type\":\"ImageObject\",\"inLanguage\":\"fr-FR\",\"@id\":\"https:\\\/\\\/fmjf.stagingservers.net\\\/fr\\\/#\\\/schema\\\/logo\\\/image\\\/\",\"url\":\"https:\\\/\\\/fmjf.stagingservers.net\\\/wp-content\\\/uploads\\\/2020\\\/05\\\/Logo.png\",\"contentUrl\":\"https:\\\/\\\/fmjf.stagingservers.net\\\/wp-content\\\/uploads\\\/2020\\\/05\\\/Logo.png\",\"width\":310,\"height\":96,\"caption\":\"Fondation Micha\u00eblle Jean Foundation\"},\"image\":{\"@id\":\"https:\\\/\\\/fmjf.stagingservers.net\\\/fr\\\/#\\\/schema\\\/logo\\\/image\\\/\"}}]}<\/script>\n<!-- \/ Yoast SEO plugin. -->","yoast_head_json":{"title":"Notre histoire - Fondation Micha\u00eblle Jean Foundation","robots":{"index":"noindex","follow":"follow","max-snippet":"max-snippet:-1","max-image-preview":"max-image-preview:large","max-video-preview":"max-video-preview:-1"},"og_locale":"fr_FR","og_type":"article","og_title":"Notre histoire - Fondation Micha\u00eblle Jean Foundation","og_description":"Une histoire en partage Par une froide nuit de f\u00e9vrier 1968, une petite Ha\u00eftienne d\u00e9couvre la neige pour la premi\u00e8re fois. Avec sa famille elle a r\u00e9ussi \u00e0 \u00e9chapper au r\u00e9gime dictatorial et extr\u00eamement brutal de Fran\u00e7ois Duvalier, la voici arriv\u00e9e au Canada avec le statut de r\u00e9fugi\u00e9e. Elle n\u2019a que 10 ans, et d\u00e9j\u00e0 [&hellip;]","og_url":"https:\/\/fmjf.stagingservers.net\/fr\/a-propos-de-nous\/notre-histoire\/","og_site_name":"Fondation Micha\u00eblle Jean Foundation","article_modified_time":"2020-09-29T22:27:11+00:00","og_image":[{"url":"https:\/\/fmjf.stagingservers.net\/wp-content\/uploads\/2020\/08\/our_story_ph1.png","type":"","width":"","height":""}],"twitter_card":"summary_large_image","twitter_misc":{"Dur\u00e9e de lecture estim\u00e9e":"3 minutes"},"schema":{"@context":"https:\/\/schema.org","@graph":[{"@type":"WebPage","@id":"https:\/\/fmjf.stagingservers.net\/fr\/a-propos-de-nous\/notre-histoire\/","url":"https:\/\/fmjf.stagingservers.net\/fr\/a-propos-de-nous\/notre-histoire\/","name":"Notre histoire - Fondation Micha\u00eblle Jean Foundation","isPartOf":{"@id":"https:\/\/fmjf.stagingservers.net\/fr\/#website"},"primaryImageOfPage":{"@id":"https:\/\/fmjf.stagingservers.net\/fr\/a-propos-de-nous\/notre-histoire\/#primaryimage"},"image":{"@id":"https:\/\/fmjf.stagingservers.net\/fr\/a-propos-de-nous\/notre-histoire\/#primaryimage"},"thumbnailUrl":"https:\/\/fmjf.stagingservers.net\/wp-content\/uploads\/2020\/08\/our_story_ph1.png","datePublished":"2020-05-18T11:12:54+00:00","dateModified":"2020-09-29T22:27:11+00:00","breadcrumb":{"@id":"https:\/\/fmjf.stagingservers.net\/fr\/a-propos-de-nous\/notre-histoire\/#breadcrumb"},"inLanguage":"fr-FR","potentialAction":[{"@type":"ReadAction","target":["https:\/\/fmjf.stagingservers.net\/fr\/a-propos-de-nous\/notre-histoire\/"]}]},{"@type":"ImageObject","inLanguage":"fr-FR","@id":"https:\/\/fmjf.stagingservers.net\/fr\/a-propos-de-nous\/notre-histoire\/#primaryimage","url":"https:\/\/fmjf.stagingservers.net\/wp-content\/uploads\/2020\/08\/our_story_ph1.png","contentUrl":"https:\/\/fmjf.stagingservers.net\/wp-content\/uploads\/2020\/08\/our_story_ph1.png"},{"@type":"BreadcrumbList","@id":"https:\/\/fmjf.stagingservers.net\/fr\/a-propos-de-nous\/notre-histoire\/#breadcrumb","itemListElement":[{"@type":"ListItem","position":1,"name":"Home","item":"https:\/\/fmjf.stagingservers.net\/fr\/"},{"@type":"ListItem","position":2,"name":"\u00c0 propos de nous","item":"https:\/\/fmjf.stagingservers.net\/fr\/a-propos-de-nous\/"},{"@type":"ListItem","position":3,"name":"Notre histoire"}]},{"@type":"WebSite","@id":"https:\/\/fmjf.stagingservers.net\/fr\/#website","url":"https:\/\/fmjf.stagingservers.net\/fr\/","name":"Fondation Micha\u00eblle Jean Foundation","description":"Les jeunes sont l\u2019une des ressources les plus pr\u00e9cieuses du Canada, affirment les confondateurs et copr\u00e9sidents. Lorsqu\u2019on leur en donne l\u2019occasion, ils r\u00e9ussissent \u00e0 exprimer leurs id\u00e9es, leur cr\u00e9ativit\u00e9 et leur capacit\u00e9 \u00e0 innover, qui toutes ont le pouvoir de transformer notre soci\u00e9t\u00e9.","publisher":{"@id":"https:\/\/fmjf.stagingservers.net\/fr\/#organization"},"potentialAction":[{"@type":"SearchAction","target":{"@type":"EntryPoint","urlTemplate":"https:\/\/fmjf.stagingservers.net\/fr\/?s={search_term_string}"},"query-input":{"@type":"PropertyValueSpecification","valueRequired":true,"valueName":"search_term_string"}}],"inLanguage":"fr-FR"},{"@type":"Organization","@id":"https:\/\/fmjf.stagingservers.net\/fr\/#organization","name":"Fondation Micha\u00eblle Jean Foundation","url":"https:\/\/fmjf.stagingservers.net\/fr\/","logo":{"@type":"ImageObject","inLanguage":"fr-FR","@id":"https:\/\/fmjf.stagingservers.net\/fr\/#\/schema\/logo\/image\/","url":"https:\/\/fmjf.stagingservers.net\/wp-content\/uploads\/2020\/05\/Logo.png","contentUrl":"https:\/\/fmjf.stagingservers.net\/wp-content\/uploads\/2020\/05\/Logo.png","width":310,"height":96,"caption":"Fondation Micha\u00eblle Jean Foundation"},"image":{"@id":"https:\/\/fmjf.stagingservers.net\/fr\/#\/schema\/logo\/image\/"}}]}},"_links":{"self":[{"href":"https:\/\/fmjf.stagingservers.net\/fr\/wp-json\/wp\/v2\/pages\/1417","targetHints":{"allow":["GET"]}}],"collection":[{"href":"https:\/\/fmjf.stagingservers.net\/fr\/wp-json\/wp\/v2\/pages"}],"about":[{"href":"https:\/\/fmjf.stagingservers.net\/fr\/wp-json\/wp\/v2\/types\/page"}],"author":[{"embeddable":true,"href":"https:\/\/fmjf.stagingservers.net\/fr\/wp-json\/wp\/v2\/users\/1"}],"replies":[{"embeddable":true,"href":"https:\/\/fmjf.stagingservers.net\/fr\/wp-json\/wp\/v2\/comments?post=1417"}],"version-history":[{"count":32,"href":"https:\/\/fmjf.stagingservers.net\/fr\/wp-json\/wp\/v2\/pages\/1417\/revisions"}],"predecessor-version":[{"id":4147,"href":"https:\/\/fmjf.stagingservers.net\/fr\/wp-json\/wp\/v2\/pages\/1417\/revisions\/4147"}],"up":[{"embeddable":true,"href":"https:\/\/fmjf.stagingservers.net\/fr\/wp-json\/wp\/v2\/pages\/1406"}],"wp:attachment":[{"href":"https:\/\/fmjf.stagingservers.net\/fr\/wp-json\/wp\/v2\/media?parent=1417"}],"curies":[{"name":"wp","href":"https:\/\/api.w.org\/{rel}","templated":true}]}}