{"id":1406,"date":"2020-05-07T16:38:23","date_gmt":"2020-05-07T16:38:23","guid":{"rendered":"https:\/\/fmjf.stagingservers.net\/about-us\/"},"modified":"2020-09-27T16:40:19","modified_gmt":"2020-09-27T20:40:19","slug":"a-propos-de-nous","status":"publish","type":"page","link":"https:\/\/fmjf.stagingservers.net\/fr\/a-propos-de-nous\/","title":{"rendered":"\u00c0 propos de nous"},"content":{"rendered":"\r\n\r\n\r\n\r\n\r\n<section class=\"fmjf_theme_image_caption   hasImgBg alignfull \" style=\"background-image: url(https:\/\/fmjf.stagingservers.net\/wp-content\/uploads\/2020\/09\/MJeanPortrait_HR.jpg);\">\r\n\r\n  <div class=\"collorBg\" style=\"background-color: rgba(2,2,2,0.1);\">\r\n    <div class=\"wrapper ac_left text_light columns_two\">\r\n\r\n     <div class=\"column\">            <h1 class=\"title\">\u00c0 propos de nous<\/h1>    <\/div><div class=\"column\">                 <\/div> \r\n    <\/div>\r\n  <\/div>\r\n\r\n\r\n<\/section>\r\n\r\n\r\n\n\n\n<h2 class=\"has-text-align-left is-style-long-line-yellow wp-block-heading\"><strong>&nbsp;LES ARTS SAUVENT DES VIES<\/strong><\/h2>\n\n\n\n<div class=\"wp-block-group is-style-extra-short-box\"><div class=\"wp-block-group__inner-container is-layout-flow wp-block-group-is-layout-flow\">\n<p>La Fondation Micha\u00eblle Jean Foundation est\u00a0le legs\u00a0de la\u00a027e\u00a0Gouverneure\u00a0g\u00e9n\u00e9rale\u00a0du Canada, la tr\u00e8s honorable Micha\u00eblle Jean. Au cours de son mandat de cinq ans, elle a fait\u00a0de l\u2019appui\u00a0\u00e0\u00a0la\u00a0jeunesse canadienne\u00a0l&rsquo;une de ses priorit\u00e9s. Alors qu\u2019elle\u00a0parcourait de long en large,\u00a0d&rsquo;un oc\u00e9an\u00a0\u00e0\u00a0l&rsquo;autre,\u00a0le pays,\u00a0accompagn\u00e9e de\u00a0son mari Jean-Daniel Lafond, ils ont\u00a0\u00e9t\u00e9\u00a0partout frapp\u00e9s par les d\u00e9boires d\u2019un tr\u00e8s grand nombre de jeunes\u00a0vivant de profondes difficult\u00e9s,\u00a0priv\u00e9s de leurs droits\u00a0et frapp\u00e9s d\u2019exclusion. Leur souci a\u00a0\u00e9t\u00e9\u00a0non seulement de les\u00a0\u00e9couter, les rassembler, mais aussi de\u00a0mettre\u00a0en lumi\u00e8re leurs r\u00e9alit\u00e9s et leurs pr\u00e9occupations,\u00a0en\u00a0s&rsquo;assurant que leurs voix soient entendues et\u00a0en\u00a0les encourageant\u00a0\u00e0\u00a0s&rsquo;engager socialement dans leurs communaut\u00e9s\u00a0et\u00a0\u00e0\u00a0mettre\u00a0\u00e0\u00a0profit\u00a0la force de leur cr\u00e9ativit\u00e9. Ils ont\u00a0su ainsi\u00a0d\u00e9velopper\u00a0avec cette jeunesse\u00a0un\u00a0lien de confiance\u00a0unique\u00a0et pr\u00e9cieux. En 2010,\u00a0\u00e0\u00a0la fin de son mandat, Micha\u00eblle\u00a0Jean savait que son\u00a0legs\u00a0serait de servir, toujours avec le concours de Jean-Daniel Lafond,\u00a0les jeunes et les arts\u00a0pour le\u00a0changement social au Canada.<br><br>\u00ab Tous ces jeunes\u00a0en grande difficult\u00e9\u00a0et en situation d\u2019exclusion\u00a0sont loin d&rsquo;\u00eatre inactifs.\u00a0Leurs efforts sont louables. En fait, ils nous ont montr\u00e9\u00a0de\u00a0leurs initiatives tr\u00e8s inspirantes et cr\u00e9atives, l&rsquo;importance et l&rsquo;impact du pouvoir des arts\u00a0pour s\u2019exprimer,\u00a0aborder des questions et des r\u00e9alit\u00e9s sensibles,\u00a0retrouver l\u2019estime d\u2019eux-m\u00eames, regagnerconfiance, briser l&rsquo;isolement\u00a0voire\u00a0rester en vie. Avec l&rsquo;aide de jeunes de partout au Canada, nous avons cr\u00e9\u00e9\u00a0un programme d&rsquo;arts urbains, la s\u00e9rie Dialogues jeunesse, la plateforme Web\u00a0\u00c0\u00a0l\u2019\u00e9coute des citoyennes et des citoyens ainsi que\u00a0les forums\u00a0Le Point des Arts. Ces occasions\u00a0tr\u00e8s rassembleuses ont permis de mobiliser\u00a0des milliers de Canadiens. \u00bb<br><br>\u2014 La tr\u00e8s honorable Micha\u00eblle Jean<\/p>\n<\/div><\/div>\n\n\n\n<p><\/p>\n","protected":false},"excerpt":{"rendered":"<p>&nbsp;LES ARTS SAUVENT DES VIES La Fondation Micha\u00eblle Jean Foundation est\u00a0le legs\u00a0de la\u00a027e\u00a0Gouverneure\u00a0g\u00e9n\u00e9rale\u00a0du Canada, la tr\u00e8s honorable Micha\u00eblle Jean. Au cours de son mandat de cinq ans, elle a fait\u00a0de l\u2019appui\u00a0\u00e0\u00a0la\u00a0jeunesse canadienne\u00a0l&rsquo;une de ses priorit\u00e9s. Alors qu\u2019elle\u00a0parcourait de long en large,\u00a0d&rsquo;un oc\u00e9an\u00a0\u00e0\u00a0l&rsquo;autre,\u00a0le pays,\u00a0accompagn\u00e9e de\u00a0son mari Jean-Daniel Lafond, ils ont\u00a0\u00e9t\u00e9\u00a0partout frapp\u00e9s par les d\u00e9boires d\u2019un tr\u00e8s [&hellip;]<\/p>\n","protected":false},"author":1,"featured_media":0,"parent":0,"menu_order":0,"comment_status":"closed","ping_status":"closed","template":"","meta":{"_acf_changed":false,"footnotes":""},"class_list":["post-1406","page","type-page","status-publish","hentry"],"acf":[],"yoast_head":"<!-- This site is optimized with the Yoast SEO plugin v27.5 - https:\/\/yoast.com\/product\/yoast-seo-wordpress\/ -->\n<title>\u00c0 propos de nous - Fondation Micha\u00eblle Jean Foundation<\/title>\n<meta name=\"description\" content=\"The Fondation Micha\u00eblle Jean Foundation empowers young Canadians from underserved backgrounds to use art as a catalyst to transform and revitalize their communities. Our unique model is founded on leveraging the power of art to spark social movements that ignite sustainable solutions and create real change.\" \/>\n<meta name=\"robots\" content=\"noindex, follow, max-snippet:-1, max-image-preview:large, max-video-preview:-1\" \/>\n<meta property=\"og:locale\" content=\"fr_FR\" \/>\n<meta property=\"og:type\" content=\"article\" \/>\n<meta property=\"og:title\" content=\"\u00c0 propos de nous - Fondation Micha\u00eblle Jean Foundation\" \/>\n<meta property=\"og:description\" content=\"The Fondation Micha\u00eblle Jean Foundation empowers young Canadians from underserved backgrounds to use art as a catalyst to transform and revitalize their communities. Our unique model is founded on leveraging the power of art to spark social movements that ignite sustainable solutions and create real change.\" \/>\n<meta property=\"og:url\" content=\"https:\/\/fmjf.stagingservers.net\/fr\/a-propos-de-nous\/\" \/>\n<meta property=\"og:site_name\" content=\"Fondation Micha\u00eblle Jean Foundation\" \/>\n<meta property=\"article:modified_time\" content=\"2020-09-27T20:40:19+00:00\" \/>\n<meta name=\"twitter:card\" content=\"summary_large_image\" \/>\n<meta name=\"twitter:label1\" content=\"Dur\u00e9e de lecture estim\u00e9e\" \/>\n\t<meta name=\"twitter:data1\" content=\"2 minutes\" \/>\n<script type=\"application\/ld+json\" class=\"yoast-schema-graph\">{\"@context\":\"https:\\\/\\\/schema.org\",\"@graph\":[{\"@type\":\"WebPage\",\"@id\":\"https:\\\/\\\/fmjf.stagingservers.net\\\/fr\\\/a-propos-de-nous\\\/\",\"url\":\"https:\\\/\\\/fmjf.stagingservers.net\\\/fr\\\/a-propos-de-nous\\\/\",\"name\":\"\u00c0 propos de nous - Fondation Micha\u00eblle Jean Foundation\",\"isPartOf\":{\"@id\":\"https:\\\/\\\/fmjf.stagingservers.net\\\/fr\\\/#website\"},\"datePublished\":\"2020-05-07T16:38:23+00:00\",\"dateModified\":\"2020-09-27T20:40:19+00:00\",\"description\":\"The Fondation Micha\u00eblle Jean Foundation empowers young Canadians from underserved backgrounds to use art as a catalyst to transform and revitalize their communities. Our unique model is founded on leveraging the power of art to spark social movements that ignite sustainable solutions and create real change.\",\"breadcrumb\":{\"@id\":\"https:\\\/\\\/fmjf.stagingservers.net\\\/fr\\\/a-propos-de-nous\\\/#breadcrumb\"},\"inLanguage\":\"fr-FR\",\"potentialAction\":[{\"@type\":\"ReadAction\",\"target\":[\"https:\\\/\\\/fmjf.stagingservers.net\\\/fr\\\/a-propos-de-nous\\\/\"]}]},{\"@type\":\"BreadcrumbList\",\"@id\":\"https:\\\/\\\/fmjf.stagingservers.net\\\/fr\\\/a-propos-de-nous\\\/#breadcrumb\",\"itemListElement\":[{\"@type\":\"ListItem\",\"position\":1,\"name\":\"Home\",\"item\":\"https:\\\/\\\/fmjf.stagingservers.net\\\/fr\\\/\"},{\"@type\":\"ListItem\",\"position\":2,\"name\":\"\u00c0 propos de nous\"}]},{\"@type\":\"WebSite\",\"@id\":\"https:\\\/\\\/fmjf.stagingservers.net\\\/fr\\\/#website\",\"url\":\"https:\\\/\\\/fmjf.stagingservers.net\\\/fr\\\/\",\"name\":\"Fondation Micha\u00eblle Jean Foundation\",\"description\":\"Les jeunes sont l\u2019une des ressources les plus pr\u00e9cieuses du Canada, affirment les confondateurs et copr\u00e9sidents. Lorsqu\u2019on leur en donne l\u2019occasion, ils r\u00e9ussissent \u00e0 exprimer leurs id\u00e9es, leur cr\u00e9ativit\u00e9 et leur capacit\u00e9 \u00e0 innover, qui toutes ont le pouvoir de transformer notre soci\u00e9t\u00e9.\",\"publisher\":{\"@id\":\"https:\\\/\\\/fmjf.stagingservers.net\\\/fr\\\/#organization\"},\"potentialAction\":[{\"@type\":\"SearchAction\",\"target\":{\"@type\":\"EntryPoint\",\"urlTemplate\":\"https:\\\/\\\/fmjf.stagingservers.net\\\/fr\\\/?s={search_term_string}\"},\"query-input\":{\"@type\":\"PropertyValueSpecification\",\"valueRequired\":true,\"valueName\":\"search_term_string\"}}],\"inLanguage\":\"fr-FR\"},{\"@type\":\"Organization\",\"@id\":\"https:\\\/\\\/fmjf.stagingservers.net\\\/fr\\\/#organization\",\"name\":\"Fondation Micha\u00eblle Jean Foundation\",\"url\":\"https:\\\/\\\/fmjf.stagingservers.net\\\/fr\\\/\",\"logo\":{\"@type\":\"ImageObject\",\"inLanguage\":\"fr-FR\",\"@id\":\"https:\\\/\\\/fmjf.stagingservers.net\\\/fr\\\/#\\\/schema\\\/logo\\\/image\\\/\",\"url\":\"https:\\\/\\\/fmjf.stagingservers.net\\\/wp-content\\\/uploads\\\/2020\\\/05\\\/Logo.png\",\"contentUrl\":\"https:\\\/\\\/fmjf.stagingservers.net\\\/wp-content\\\/uploads\\\/2020\\\/05\\\/Logo.png\",\"width\":310,\"height\":96,\"caption\":\"Fondation Micha\u00eblle Jean Foundation\"},\"image\":{\"@id\":\"https:\\\/\\\/fmjf.stagingservers.net\\\/fr\\\/#\\\/schema\\\/logo\\\/image\\\/\"}}]}<\/script>\n<!-- \/ Yoast SEO plugin. -->","yoast_head_json":{"title":"\u00c0 propos de nous - Fondation Micha\u00eblle Jean Foundation","description":"The Fondation Micha\u00eblle Jean Foundation empowers young Canadians from underserved backgrounds to use art as a catalyst to transform and revitalize their communities. Our unique model is founded on leveraging the power of art to spark social movements that ignite sustainable solutions and create real change.","robots":{"index":"noindex","follow":"follow","max-snippet":"max-snippet:-1","max-image-preview":"max-image-preview:large","max-video-preview":"max-video-preview:-1"},"og_locale":"fr_FR","og_type":"article","og_title":"\u00c0 propos de nous - Fondation Micha\u00eblle Jean Foundation","og_description":"The Fondation Micha\u00eblle Jean Foundation empowers young Canadians from underserved backgrounds to use art as a catalyst to transform and revitalize their communities. Our unique model is founded on leveraging the power of art to spark social movements that ignite sustainable solutions and create real change.","og_url":"https:\/\/fmjf.stagingservers.net\/fr\/a-propos-de-nous\/","og_site_name":"Fondation Micha\u00eblle Jean Foundation","article_modified_time":"2020-09-27T20:40:19+00:00","twitter_card":"summary_large_image","twitter_misc":{"Dur\u00e9e de lecture estim\u00e9e":"2 minutes"},"schema":{"@context":"https:\/\/schema.org","@graph":[{"@type":"WebPage","@id":"https:\/\/fmjf.stagingservers.net\/fr\/a-propos-de-nous\/","url":"https:\/\/fmjf.stagingservers.net\/fr\/a-propos-de-nous\/","name":"\u00c0 propos de nous - Fondation Micha\u00eblle Jean Foundation","isPartOf":{"@id":"https:\/\/fmjf.stagingservers.net\/fr\/#website"},"datePublished":"2020-05-07T16:38:23+00:00","dateModified":"2020-09-27T20:40:19+00:00","description":"The Fondation Micha\u00eblle Jean Foundation empowers young Canadians from underserved backgrounds to use art as a catalyst to transform and revitalize their communities. Our unique model is founded on leveraging the power of art to spark social movements that ignite sustainable solutions and create real change.","breadcrumb":{"@id":"https:\/\/fmjf.stagingservers.net\/fr\/a-propos-de-nous\/#breadcrumb"},"inLanguage":"fr-FR","potentialAction":[{"@type":"ReadAction","target":["https:\/\/fmjf.stagingservers.net\/fr\/a-propos-de-nous\/"]}]},{"@type":"BreadcrumbList","@id":"https:\/\/fmjf.stagingservers.net\/fr\/a-propos-de-nous\/#breadcrumb","itemListElement":[{"@type":"ListItem","position":1,"name":"Home","item":"https:\/\/fmjf.stagingservers.net\/fr\/"},{"@type":"ListItem","position":2,"name":"\u00c0 propos de nous"}]},{"@type":"WebSite","@id":"https:\/\/fmjf.stagingservers.net\/fr\/#website","url":"https:\/\/fmjf.stagingservers.net\/fr\/","name":"Fondation Micha\u00eblle Jean Foundation","description":"Les jeunes sont l\u2019une des ressources les plus pr\u00e9cieuses du Canada, affirment les confondateurs et copr\u00e9sidents. Lorsqu\u2019on leur en donne l\u2019occasion, ils r\u00e9ussissent \u00e0 exprimer leurs id\u00e9es, leur cr\u00e9ativit\u00e9 et leur capacit\u00e9 \u00e0 innover, qui toutes ont le pouvoir de transformer notre soci\u00e9t\u00e9.","publisher":{"@id":"https:\/\/fmjf.stagingservers.net\/fr\/#organization"},"potentialAction":[{"@type":"SearchAction","target":{"@type":"EntryPoint","urlTemplate":"https:\/\/fmjf.stagingservers.net\/fr\/?s={search_term_string}"},"query-input":{"@type":"PropertyValueSpecification","valueRequired":true,"valueName":"search_term_string"}}],"inLanguage":"fr-FR"},{"@type":"Organization","@id":"https:\/\/fmjf.stagingservers.net\/fr\/#organization","name":"Fondation Micha\u00eblle Jean Foundation","url":"https:\/\/fmjf.stagingservers.net\/fr\/","logo":{"@type":"ImageObject","inLanguage":"fr-FR","@id":"https:\/\/fmjf.stagingservers.net\/fr\/#\/schema\/logo\/image\/","url":"https:\/\/fmjf.stagingservers.net\/wp-content\/uploads\/2020\/05\/Logo.png","contentUrl":"https:\/\/fmjf.stagingservers.net\/wp-content\/uploads\/2020\/05\/Logo.png","width":310,"height":96,"caption":"Fondation Micha\u00eblle Jean Foundation"},"image":{"@id":"https:\/\/fmjf.stagingservers.net\/fr\/#\/schema\/logo\/image\/"}}]}},"_links":{"self":[{"href":"https:\/\/fmjf.stagingservers.net\/fr\/wp-json\/wp\/v2\/pages\/1406","targetHints":{"allow":["GET"]}}],"collection":[{"href":"https:\/\/fmjf.stagingservers.net\/fr\/wp-json\/wp\/v2\/pages"}],"about":[{"href":"https:\/\/fmjf.stagingservers.net\/fr\/wp-json\/wp\/v2\/types\/page"}],"author":[{"embeddable":true,"href":"https:\/\/fmjf.stagingservers.net\/fr\/wp-json\/wp\/v2\/users\/1"}],"replies":[{"embeddable":true,"href":"https:\/\/fmjf.stagingservers.net\/fr\/wp-json\/wp\/v2\/comments?post=1406"}],"version-history":[{"count":19,"href":"https:\/\/fmjf.stagingservers.net\/fr\/wp-json\/wp\/v2\/pages\/1406\/revisions"}],"predecessor-version":[{"id":4191,"href":"https:\/\/fmjf.stagingservers.net\/fr\/wp-json\/wp\/v2\/pages\/1406\/revisions\/4191"}],"wp:attachment":[{"href":"https:\/\/fmjf.stagingservers.net\/fr\/wp-json\/wp\/v2\/media?parent=1406"}],"curies":[{"name":"wp","href":"https:\/\/api.w.org\/{rel}","templated":true}]}}